{"id":38813,"date":"2025-02-19T13:04:10","date_gmt":"2025-02-19T11:04:10","guid":{"rendered":"https:\/\/brilune.eu\/?post_type=product&#038;p=38813"},"modified":"2025-02-19T13:30:30","modified_gmt":"2025-02-19T11:30:30","slug":"kafijas-galdins-viesistabai","status":"publish","type":"product","link":"https:\/\/brilune.eu\/lv\/product\/kafijas-galdins-viesistabai\/","title":{"rendered":"Kafijas galdi\u0146\u0161 viesistabai"},"content":{"rendered":"<p>\u0160is elegantais skandin\u0101vu minim\u0101lisma kafijas galdi\u0146\u0161 kr\u0113mbalt\u0101 kr\u0101s\u0101 ir jebkuras viesistabas centr\u0101lais elements. Galds ir apr\u012bkots ar \u010detr\u0101m atvilktn\u0113m, kas \u013cauj \u0113rti uzglab\u0101t da\u017e\u0101dus s\u012bkumus, nep\u0101rslogojot telpu. Atvilktnes ir apr\u012bkotas ar gludu aizv\u0113r\u0161anas meh\u0101nismu, kas komfortam un funkcionalit\u0101tei pie\u0161\u0137ir papildu izsmalcin\u0101t\u012bbu. Pla\u0161aj\u0101 galda virsm\u0101 ir pietiekami daudz vietas gr\u0101mat\u0101m, aksesu\u0101riem vai galda piederumiem, harmoniski sapl\u016bstot ar vienk\u0101r\u0161u un izsmalcin\u0101tu galda formu.<\/p>\n<p>Izm\u0113rs: 120\u00d760\u00d741 cm. Materi\u0101ls: koks.<\/p>\n","protected":false},"excerpt":{"rendered":"<p>\u0160is elegantais skandin\u0101vu minim\u0101lisma kafijas galdi\u0146\u0161 kr\u0113mbalt\u0101 kr\u0101s\u0101 ir jebkuras viesistabas centr\u0101lais elements. Galds ir apr\u012bkots ar \u010detr\u0101m atvilktn\u0113m, kas \u013cauj&#8230;<\/p>\n","protected":false},"featured_media":10768,"comment_status":"open","ping_status":"closed","template":"","meta":[],"product_brand":[],"product_cat":[5640,2963],"product_tag":[],"class_list":{"0":"post-38813","1":"product","2":"type-product","3":"status-publish","4":"has-post-thumbnail","6":"product_cat-tv-stativi-un-izklaides-centri-kratuve-2-5","7":"product_cat-tv-stativi-un-izklaides-centri-kratuve-2","9":"first","10":"instock","11":"shipping-taxable","12":"purchasable","13":"product-type-simple"},"yoast_head":"<!-- This site is optimized with the Yoast SEO plugin v26.0 - https:\/\/yoast.com\/wordpress\/plugins\/seo\/ -->\n<title>Kafijas galdi\u0146\u0161 viesistabai<\/title>\n<meta name=\"description\" content=\"\u0160is elegantais skandin\u0101vu minim\u0101lisma kafijas galdi\u0146\u0161 kr\u0113mbalt\u0101 kr\u0101s\u0101 ir jebkuras viesistabas centr\u0101lais elements. Galds ir apr\u012bkots ar \u010detr\u0101m atvilktn\u0113m, kas \u013cauj...\" \/>\n<meta name=\"robots\" content=\"index, follow, max-snippet:-1, max-image-preview:large, max-video-preview:-1\" \/>\n<link rel=\"canonical\" href=\"https:\/\/brilune.eu\/lv\/product\/kafijas-galdins-viesistabai\/\" \/>\n<meta property=\"og:locale\" content=\"lv_LV\" \/>\n<meta property=\"og:type\" content=\"article\" \/>\n<meta property=\"og:title\" content=\"Kafijas galdi\u0146\u0161 viesistabai\" \/>\n<meta property=\"og:description\" content=\"\u0160is elegantais skandin\u0101vu minim\u0101lisma kafijas galdi\u0146\u0161 kr\u0113mbalt\u0101 kr\u0101s\u0101 ir jebkuras viesistabas centr\u0101lais elements. Galds ir apr\u012bkots ar \u010detr\u0101m atvilktn\u0113m, kas \u013cauj...\" \/>\n<meta property=\"og:url\" content=\"https:\/\/brilune.eu\/lv\/product\/kafijas-galdins-viesistabai\/\" \/>\n<meta property=\"og:site_name\" content=\"Brilune\" \/>\n<meta property=\"article:modified_time\" content=\"2025-02-19T11:30:30+00:00\" \/>\n<meta property=\"og:image\" content=\"https:\/\/brilune.eu\/wp-content\/uploads\/2025\/01\/14532632.png\" \/>\n\t<meta property=\"og:image:width\" content=\"1000\" \/>\n\t<meta property=\"og:image:height\" content=\"1000\" \/>\n\t<meta property=\"og:image:type\" content=\"image\/png\" \/>\n<meta name=\"twitter:card\" content=\"summary_large_image\" \/>\n<script type=\"application\/ld+json\" class=\"yoast-schema-graph\">{\"@context\":\"https:\/\/schema.org\",\"@graph\":[{\"@type\":\"WebPage\",\"@id\":\"https:\/\/brilune.eu\/lv\/product\/kafijas-galdins-viesistabai\/\",\"url\":\"https:\/\/brilune.eu\/lv\/product\/kafijas-galdins-viesistabai\/\",\"name\":\"Kafijas galdi\u0146\u0161 viesistabai\",\"isPartOf\":{\"@id\":\"https:\/\/brilune.eu\/lv\/#website\"},\"primaryImageOfPage\":{\"@id\":\"https:\/\/brilune.eu\/lv\/product\/kafijas-galdins-viesistabai\/#primaryimage\"},\"image\":{\"@id\":\"https:\/\/brilune.eu\/lv\/product\/kafijas-galdins-viesistabai\/#primaryimage\"},\"thumbnailUrl\":\"https:\/\/brilune.eu\/wp-content\/uploads\/2025\/01\/14532632.png\",\"datePublished\":\"2025-02-19T11:04:10+00:00\",\"dateModified\":\"2025-02-19T11:30:30+00:00\",\"description\":\"\u0160is elegantais skandin\u0101vu minim\u0101lisma kafijas galdi\u0146\u0161 kr\u0113mbalt\u0101 kr\u0101s\u0101 ir jebkuras viesistabas centr\u0101lais elements. Galds ir apr\u012bkots ar \u010detr\u0101m atvilktn\u0113m, kas \u013cauj...\",\"breadcrumb\":{\"@id\":\"https:\/\/brilune.eu\/lv\/product\/kafijas-galdins-viesistabai\/#breadcrumb\"},\"inLanguage\":\"lv-LV\",\"potentialAction\":[{\"@type\":\"ReadAction\",\"target\":[\"https:\/\/brilune.eu\/lv\/product\/kafijas-galdins-viesistabai\/\"]}]},{\"@type\":\"ImageObject\",\"inLanguage\":\"lv-LV\",\"@id\":\"https:\/\/brilune.eu\/lv\/product\/kafijas-galdins-viesistabai\/#primaryimage\",\"url\":\"https:\/\/brilune.eu\/wp-content\/uploads\/2025\/01\/14532632.png\",\"contentUrl\":\"https:\/\/brilune.eu\/wp-content\/uploads\/2025\/01\/14532632.png\",\"width\":1000,\"height\":1000},{\"@type\":\"BreadcrumbList\",\"@id\":\"https:\/\/brilune.eu\/lv\/product\/kafijas-galdins-viesistabai\/#breadcrumb\",\"itemListElement\":[{\"@type\":\"ListItem\",\"position\":1,\"name\":\"S\u0101kums\",\"item\":\"https:\/\/brilune.eu\/lv\/brilune-mebeles\/\"},{\"@type\":\"ListItem\",\"position\":2,\"name\":\"Visi produkti\",\"item\":\"https:\/\/brilune.eu\/lv\/shop\/\"},{\"@type\":\"ListItem\",\"position\":3,\"name\":\"Kafijas galdi\u0146\u0161 viesistabai\"}]},{\"@type\":\"WebSite\",\"@id\":\"https:\/\/brilune.eu\/lv\/#website\",\"url\":\"https:\/\/brilune.eu\/lv\/\",\"name\":\"Brilune\",\"description\":\"M\u0113s pied\u0101v\u0101jam unik\u0101lus un nebiju\u0161us dizainus, kas apvieno eleganci, funkcionalit\u0101ti un rado\u0161umu.\",\"potentialAction\":[{\"@type\":\"SearchAction\",\"target\":{\"@type\":\"EntryPoint\",\"urlTemplate\":\"https:\/\/brilune.eu\/lv\/?s={search_term_string}\"},\"query-input\":{\"@type\":\"PropertyValueSpecification\",\"valueRequired\":true,\"valueName\":\"search_term_string\"}}],\"inLanguage\":\"lv-LV\"}]}<\/script>\n<!-- \/ Yoast SEO plugin. -->","yoast_head_json":{"title":"Kafijas galdi\u0146\u0161 viesistabai","description":"\u0160is elegantais skandin\u0101vu minim\u0101lisma kafijas galdi\u0146\u0161 kr\u0113mbalt\u0101 kr\u0101s\u0101 ir jebkuras viesistabas centr\u0101lais elements. Galds ir apr\u012bkots ar \u010detr\u0101m atvilktn\u0113m, kas \u013cauj...","robots":{"index":"index","follow":"follow","max-snippet":"max-snippet:-1","max-image-preview":"max-image-preview:large","max-video-preview":"max-video-preview:-1"},"canonical":"https:\/\/brilune.eu\/lv\/product\/kafijas-galdins-viesistabai\/","og_locale":"lv_LV","og_type":"article","og_title":"Kafijas galdi\u0146\u0161 viesistabai","og_description":"\u0160is elegantais skandin\u0101vu minim\u0101lisma kafijas galdi\u0146\u0161 kr\u0113mbalt\u0101 kr\u0101s\u0101 ir jebkuras viesistabas centr\u0101lais elements. Galds ir apr\u012bkots ar \u010detr\u0101m atvilktn\u0113m, kas \u013cauj...","og_url":"https:\/\/brilune.eu\/lv\/product\/kafijas-galdins-viesistabai\/","og_site_name":"Brilune","article_modified_time":"2025-02-19T11:30:30+00:00","og_image":[{"width":1000,"height":1000,"url":"https:\/\/brilune.eu\/wp-content\/uploads\/2025\/01\/14532632.png","type":"image\/png"}],"twitter_card":"summary_large_image","schema":{"@context":"https:\/\/schema.org","@graph":[{"@type":"WebPage","@id":"https:\/\/brilune.eu\/lv\/product\/kafijas-galdins-viesistabai\/","url":"https:\/\/brilune.eu\/lv\/product\/kafijas-galdins-viesistabai\/","name":"Kafijas galdi\u0146\u0161 viesistabai","isPartOf":{"@id":"https:\/\/brilune.eu\/lv\/#website"},"primaryImageOfPage":{"@id":"https:\/\/brilune.eu\/lv\/product\/kafijas-galdins-viesistabai\/#primaryimage"},"image":{"@id":"https:\/\/brilune.eu\/lv\/product\/kafijas-galdins-viesistabai\/#primaryimage"},"thumbnailUrl":"https:\/\/brilune.eu\/wp-content\/uploads\/2025\/01\/14532632.png","datePublished":"2025-02-19T11:04:10+00:00","dateModified":"2025-02-19T11:30:30+00:00","description":"\u0160is elegantais skandin\u0101vu minim\u0101lisma kafijas galdi\u0146\u0161 kr\u0113mbalt\u0101 kr\u0101s\u0101 ir jebkuras viesistabas centr\u0101lais elements. Galds ir apr\u012bkots ar \u010detr\u0101m atvilktn\u0113m, kas \u013cauj...","breadcrumb":{"@id":"https:\/\/brilune.eu\/lv\/product\/kafijas-galdins-viesistabai\/#breadcrumb"},"inLanguage":"lv-LV","potentialAction":[{"@type":"ReadAction","target":["https:\/\/brilune.eu\/lv\/product\/kafijas-galdins-viesistabai\/"]}]},{"@type":"ImageObject","inLanguage":"lv-LV","@id":"https:\/\/brilune.eu\/lv\/product\/kafijas-galdins-viesistabai\/#primaryimage","url":"https:\/\/brilune.eu\/wp-content\/uploads\/2025\/01\/14532632.png","contentUrl":"https:\/\/brilune.eu\/wp-content\/uploads\/2025\/01\/14532632.png","width":1000,"height":1000},{"@type":"BreadcrumbList","@id":"https:\/\/brilune.eu\/lv\/product\/kafijas-galdins-viesistabai\/#breadcrumb","itemListElement":[{"@type":"ListItem","position":1,"name":"S\u0101kums","item":"https:\/\/brilune.eu\/lv\/brilune-mebeles\/"},{"@type":"ListItem","position":2,"name":"Visi produkti","item":"https:\/\/brilune.eu\/lv\/shop\/"},{"@type":"ListItem","position":3,"name":"Kafijas galdi\u0146\u0161 viesistabai"}]},{"@type":"WebSite","@id":"https:\/\/brilune.eu\/lv\/#website","url":"https:\/\/brilune.eu\/lv\/","name":"Brilune","description":"M\u0113s pied\u0101v\u0101jam unik\u0101lus un nebiju\u0161us dizainus, kas apvieno eleganci, funkcionalit\u0101ti un rado\u0161umu.","potentialAction":[{"@type":"SearchAction","target":{"@type":"EntryPoint","urlTemplate":"https:\/\/brilune.eu\/lv\/?s={search_term_string}"},"query-input":{"@type":"PropertyValueSpecification","valueRequired":true,"valueName":"search_term_string"}}],"inLanguage":"lv-LV"}]}},"jetpack_sharing_enabled":true,"_links":{"self":[{"href":"https:\/\/brilune.eu\/lv\/wp-json\/wp\/v2\/product\/38813","targetHints":{"allow":["GET"]}}],"collection":[{"href":"https:\/\/brilune.eu\/lv\/wp-json\/wp\/v2\/product"}],"about":[{"href":"https:\/\/brilune.eu\/lv\/wp-json\/wp\/v2\/types\/product"}],"replies":[{"embeddable":true,"href":"https:\/\/brilune.eu\/lv\/wp-json\/wp\/v2\/comments?post=38813"}],"version-history":[{"count":1,"href":"https:\/\/brilune.eu\/lv\/wp-json\/wp\/v2\/product\/38813\/revisions"}],"predecessor-version":[{"id":38866,"href":"https:\/\/brilune.eu\/lv\/wp-json\/wp\/v2\/product\/38813\/revisions\/38866"}],"wp:featuredmedia":[{"embeddable":true,"href":"https:\/\/brilune.eu\/lv\/wp-json\/wp\/v2\/media\/10768"}],"wp:attachment":[{"href":"https:\/\/brilune.eu\/lv\/wp-json\/wp\/v2\/media?parent=38813"}],"wp:term":[{"taxonomy":"product_brand","embeddable":true,"href":"https:\/\/brilune.eu\/lv\/wp-json\/wp\/v2\/product_brand?post=38813"},{"taxonomy":"product_cat","embeddable":true,"href":"https:\/\/brilune.eu\/lv\/wp-json\/wp\/v2\/product_cat?post=38813"},{"taxonomy":"product_tag","embeddable":true,"href":"https:\/\/brilune.eu\/lv\/wp-json\/wp\/v2\/product_tag?post=38813"}],"curies":[{"name":"wp","href":"https:\/\/api.w.org\/{rel}","templated":true}]}}