{"id":38810,"date":"2025-02-19T13:04:09","date_gmt":"2025-02-19T11:04:09","guid":{"rendered":"https:\/\/brilune.eu\/?post_type=product&#038;p=38810"},"modified":"2025-02-19T13:30:28","modified_gmt":"2025-02-19T11:30:28","slug":"tv-stativs-7","status":"publish","type":"product","link":"https:\/\/brilune.eu\/lv\/product\/tv-stativs-7\/","title":{"rendered":"TV stat\u012bvs"},"content":{"rendered":"<p>\u0160is izsmalcin\u0101tais TV stat\u012bvs kr\u0113mbalt\u0101 kr\u0101s\u0101 harmoniski iek\u013causies modern\u0101 interjer\u0101, radot viegluma un svaiguma saj\u016btu. T\u0101s dizains ietver divas pace\u013camas un divas izvelkamas atvilktnes, nodro\u0161inot daudzas uzglab\u0101\u0161anas iesp\u0113jas. Noliecam\u0101s atvilktnes nodro\u0161ina \u0101tru piek\u013cuvi b\u016btiskiem priek\u0161metiem, un atvilktnes ir apr\u012bkotas ar gludu meh\u0101nismu, kas garant\u0113 m\u012bkstu aizv\u0113r\u0161anu. \u0160is skapis lieliski organiz\u0113 telpu, to nep\u0101rbl\u012bv\u0113jot, un pie\u0161\u0137ir elegantu akcentu jebkurai telpai, vai t\u0101 b\u016btu viesistaba vai gu\u013camistaba.<\/p>\n<p>Izm\u0113rs: 200\u00d735\u00d743 cm. Materi\u0101ls: koks.<\/p>\n","protected":false},"excerpt":{"rendered":"<p>\u0160is izsmalcin\u0101tais TV stat\u012bvs kr\u0113mbalt\u0101 kr\u0101s\u0101 harmoniski iek\u013causies modern\u0101 interjer\u0101, radot viegluma un svaiguma saj\u016btu. T\u0101s dizains ietver t&#8230;<\/p>\n","protected":false},"featured_media":10768,"comment_status":"open","ping_status":"closed","template":"","meta":[],"product_brand":[],"product_cat":[5640,2963],"product_tag":[],"class_list":{"0":"post-38810","1":"product","2":"type-product","3":"status-publish","4":"has-post-thumbnail","6":"product_cat-tv-stativi-un-izklaides-centri-kratuve-2-5","7":"product_cat-tv-stativi-un-izklaides-centri-kratuve-2","9":"first","10":"instock","11":"shipping-taxable","12":"purchasable","13":"product-type-simple"},"yoast_head":"<!-- This site is optimized with the Yoast SEO plugin v26.0 - https:\/\/yoast.com\/wordpress\/plugins\/seo\/ -->\n<title>TV stat\u012bvs<\/title>\n<meta name=\"description\" content=\"\u0160is izsmalcin\u0101tais TV stat\u012bvs kr\u0113mbalt\u0101 kr\u0101s\u0101 harmoniski iek\u013causies modern\u0101 interjer\u0101, radot viegluma un svaiguma saj\u016btu. T\u0101s dizains ietver t...\" \/>\n<meta name=\"robots\" content=\"index, follow, max-snippet:-1, max-image-preview:large, max-video-preview:-1\" \/>\n<link rel=\"canonical\" href=\"https:\/\/brilune.eu\/lv\/product\/tv-stativs-7\/\" \/>\n<meta property=\"og:locale\" content=\"lv_LV\" \/>\n<meta property=\"og:type\" content=\"article\" \/>\n<meta property=\"og:title\" content=\"TV stat\u012bvs\" \/>\n<meta property=\"og:description\" content=\"\u0160is izsmalcin\u0101tais TV stat\u012bvs kr\u0113mbalt\u0101 kr\u0101s\u0101 harmoniski iek\u013causies modern\u0101 interjer\u0101, radot viegluma un svaiguma saj\u016btu. T\u0101s dizains ietver t...\" \/>\n<meta property=\"og:url\" content=\"https:\/\/brilune.eu\/lv\/product\/tv-stativs-7\/\" \/>\n<meta property=\"og:site_name\" content=\"Brilune\" \/>\n<meta property=\"article:modified_time\" content=\"2025-02-19T11:30:28+00:00\" \/>\n<meta property=\"og:image\" content=\"https:\/\/brilune.eu\/wp-content\/uploads\/2025\/01\/14532632.png\" \/>\n\t<meta property=\"og:image:width\" content=\"1000\" \/>\n\t<meta property=\"og:image:height\" content=\"1000\" \/>\n\t<meta property=\"og:image:type\" content=\"image\/png\" \/>\n<meta name=\"twitter:card\" content=\"summary_large_image\" \/>\n<script type=\"application\/ld+json\" class=\"yoast-schema-graph\">{\"@context\":\"https:\/\/schema.org\",\"@graph\":[{\"@type\":\"WebPage\",\"@id\":\"https:\/\/brilune.eu\/lv\/product\/tv-stativs-7\/\",\"url\":\"https:\/\/brilune.eu\/lv\/product\/tv-stativs-7\/\",\"name\":\"TV stat\u012bvs\",\"isPartOf\":{\"@id\":\"https:\/\/brilune.eu\/lv\/#website\"},\"primaryImageOfPage\":{\"@id\":\"https:\/\/brilune.eu\/lv\/product\/tv-stativs-7\/#primaryimage\"},\"image\":{\"@id\":\"https:\/\/brilune.eu\/lv\/product\/tv-stativs-7\/#primaryimage\"},\"thumbnailUrl\":\"https:\/\/brilune.eu\/wp-content\/uploads\/2025\/01\/14532632.png\",\"datePublished\":\"2025-02-19T11:04:09+00:00\",\"dateModified\":\"2025-02-19T11:30:28+00:00\",\"description\":\"\u0160is izsmalcin\u0101tais TV stat\u012bvs kr\u0113mbalt\u0101 kr\u0101s\u0101 harmoniski iek\u013causies modern\u0101 interjer\u0101, radot viegluma un svaiguma saj\u016btu. T\u0101s dizains ietver t...\",\"breadcrumb\":{\"@id\":\"https:\/\/brilune.eu\/lv\/product\/tv-stativs-7\/#breadcrumb\"},\"inLanguage\":\"lv-LV\",\"potentialAction\":[{\"@type\":\"ReadAction\",\"target\":[\"https:\/\/brilune.eu\/lv\/product\/tv-stativs-7\/\"]}]},{\"@type\":\"ImageObject\",\"inLanguage\":\"lv-LV\",\"@id\":\"https:\/\/brilune.eu\/lv\/product\/tv-stativs-7\/#primaryimage\",\"url\":\"https:\/\/brilune.eu\/wp-content\/uploads\/2025\/01\/14532632.png\",\"contentUrl\":\"https:\/\/brilune.eu\/wp-content\/uploads\/2025\/01\/14532632.png\",\"width\":1000,\"height\":1000},{\"@type\":\"BreadcrumbList\",\"@id\":\"https:\/\/brilune.eu\/lv\/product\/tv-stativs-7\/#breadcrumb\",\"itemListElement\":[{\"@type\":\"ListItem\",\"position\":1,\"name\":\"S\u0101kums\",\"item\":\"https:\/\/brilune.eu\/lv\/brilune-mebeles\/\"},{\"@type\":\"ListItem\",\"position\":2,\"name\":\"Visi produkti\",\"item\":\"https:\/\/brilune.eu\/lv\/shop\/\"},{\"@type\":\"ListItem\",\"position\":3,\"name\":\"TV stat\u012bvs\"}]},{\"@type\":\"WebSite\",\"@id\":\"https:\/\/brilune.eu\/lv\/#website\",\"url\":\"https:\/\/brilune.eu\/lv\/\",\"name\":\"Brilune\",\"description\":\"M\u0113s pied\u0101v\u0101jam unik\u0101lus un nebiju\u0161us dizainus, kas apvieno eleganci, funkcionalit\u0101ti un rado\u0161umu.\",\"potentialAction\":[{\"@type\":\"SearchAction\",\"target\":{\"@type\":\"EntryPoint\",\"urlTemplate\":\"https:\/\/brilune.eu\/lv\/?s={search_term_string}\"},\"query-input\":{\"@type\":\"PropertyValueSpecification\",\"valueRequired\":true,\"valueName\":\"search_term_string\"}}],\"inLanguage\":\"lv-LV\"}]}<\/script>\n<!-- \/ Yoast SEO plugin. -->","yoast_head_json":{"title":"TV stat\u012bvs","description":"\u0160is izsmalcin\u0101tais TV stat\u012bvs kr\u0113mbalt\u0101 kr\u0101s\u0101 harmoniski iek\u013causies modern\u0101 interjer\u0101, radot viegluma un svaiguma saj\u016btu. T\u0101s dizains ietver t...","robots":{"index":"index","follow":"follow","max-snippet":"max-snippet:-1","max-image-preview":"max-image-preview:large","max-video-preview":"max-video-preview:-1"},"canonical":"https:\/\/brilune.eu\/lv\/product\/tv-stativs-7\/","og_locale":"lv_LV","og_type":"article","og_title":"TV stat\u012bvs","og_description":"\u0160is izsmalcin\u0101tais TV stat\u012bvs kr\u0113mbalt\u0101 kr\u0101s\u0101 harmoniski iek\u013causies modern\u0101 interjer\u0101, radot viegluma un svaiguma saj\u016btu. T\u0101s dizains ietver t...","og_url":"https:\/\/brilune.eu\/lv\/product\/tv-stativs-7\/","og_site_name":"Brilune","article_modified_time":"2025-02-19T11:30:28+00:00","og_image":[{"width":1000,"height":1000,"url":"https:\/\/brilune.eu\/wp-content\/uploads\/2025\/01\/14532632.png","type":"image\/png"}],"twitter_card":"summary_large_image","schema":{"@context":"https:\/\/schema.org","@graph":[{"@type":"WebPage","@id":"https:\/\/brilune.eu\/lv\/product\/tv-stativs-7\/","url":"https:\/\/brilune.eu\/lv\/product\/tv-stativs-7\/","name":"TV stat\u012bvs","isPartOf":{"@id":"https:\/\/brilune.eu\/lv\/#website"},"primaryImageOfPage":{"@id":"https:\/\/brilune.eu\/lv\/product\/tv-stativs-7\/#primaryimage"},"image":{"@id":"https:\/\/brilune.eu\/lv\/product\/tv-stativs-7\/#primaryimage"},"thumbnailUrl":"https:\/\/brilune.eu\/wp-content\/uploads\/2025\/01\/14532632.png","datePublished":"2025-02-19T11:04:09+00:00","dateModified":"2025-02-19T11:30:28+00:00","description":"\u0160is izsmalcin\u0101tais TV stat\u012bvs kr\u0113mbalt\u0101 kr\u0101s\u0101 harmoniski iek\u013causies modern\u0101 interjer\u0101, radot viegluma un svaiguma saj\u016btu. T\u0101s dizains ietver t...","breadcrumb":{"@id":"https:\/\/brilune.eu\/lv\/product\/tv-stativs-7\/#breadcrumb"},"inLanguage":"lv-LV","potentialAction":[{"@type":"ReadAction","target":["https:\/\/brilune.eu\/lv\/product\/tv-stativs-7\/"]}]},{"@type":"ImageObject","inLanguage":"lv-LV","@id":"https:\/\/brilune.eu\/lv\/product\/tv-stativs-7\/#primaryimage","url":"https:\/\/brilune.eu\/wp-content\/uploads\/2025\/01\/14532632.png","contentUrl":"https:\/\/brilune.eu\/wp-content\/uploads\/2025\/01\/14532632.png","width":1000,"height":1000},{"@type":"BreadcrumbList","@id":"https:\/\/brilune.eu\/lv\/product\/tv-stativs-7\/#breadcrumb","itemListElement":[{"@type":"ListItem","position":1,"name":"S\u0101kums","item":"https:\/\/brilune.eu\/lv\/brilune-mebeles\/"},{"@type":"ListItem","position":2,"name":"Visi produkti","item":"https:\/\/brilune.eu\/lv\/shop\/"},{"@type":"ListItem","position":3,"name":"TV stat\u012bvs"}]},{"@type":"WebSite","@id":"https:\/\/brilune.eu\/lv\/#website","url":"https:\/\/brilune.eu\/lv\/","name":"Brilune","description":"M\u0113s pied\u0101v\u0101jam unik\u0101lus un nebiju\u0161us dizainus, kas apvieno eleganci, funkcionalit\u0101ti un rado\u0161umu.","potentialAction":[{"@type":"SearchAction","target":{"@type":"EntryPoint","urlTemplate":"https:\/\/brilune.eu\/lv\/?s={search_term_string}"},"query-input":{"@type":"PropertyValueSpecification","valueRequired":true,"valueName":"search_term_string"}}],"inLanguage":"lv-LV"}]}},"jetpack_sharing_enabled":true,"_links":{"self":[{"href":"https:\/\/brilune.eu\/lv\/wp-json\/wp\/v2\/product\/38810","targetHints":{"allow":["GET"]}}],"collection":[{"href":"https:\/\/brilune.eu\/lv\/wp-json\/wp\/v2\/product"}],"about":[{"href":"https:\/\/brilune.eu\/lv\/wp-json\/wp\/v2\/types\/product"}],"replies":[{"embeddable":true,"href":"https:\/\/brilune.eu\/lv\/wp-json\/wp\/v2\/comments?post=38810"}],"version-history":[{"count":1,"href":"https:\/\/brilune.eu\/lv\/wp-json\/wp\/v2\/product\/38810\/revisions"}],"predecessor-version":[{"id":38863,"href":"https:\/\/brilune.eu\/lv\/wp-json\/wp\/v2\/product\/38810\/revisions\/38863"}],"wp:featuredmedia":[{"embeddable":true,"href":"https:\/\/brilune.eu\/lv\/wp-json\/wp\/v2\/media\/10768"}],"wp:attachment":[{"href":"https:\/\/brilune.eu\/lv\/wp-json\/wp\/v2\/media?parent=38810"}],"wp:term":[{"taxonomy":"product_brand","embeddable":true,"href":"https:\/\/brilune.eu\/lv\/wp-json\/wp\/v2\/product_brand?post=38810"},{"taxonomy":"product_cat","embeddable":true,"href":"https:\/\/brilune.eu\/lv\/wp-json\/wp\/v2\/product_cat?post=38810"},{"taxonomy":"product_tag","embeddable":true,"href":"https:\/\/brilune.eu\/lv\/wp-json\/wp\/v2\/product_tag?post=38810"}],"curies":[{"name":"wp","href":"https:\/\/api.w.org\/{rel}","templated":true}]}}