{"id":38804,"date":"2025-02-19T13:03:45","date_gmt":"2025-02-19T11:03:45","guid":{"rendered":"https:\/\/brilune.eu\/?post_type=product&#038;p=38804"},"modified":"2025-02-19T13:30:24","modified_gmt":"2025-02-19T11:30:24","slug":"tv-stativs-5","status":"publish","type":"product","link":"https:\/\/brilune.eu\/lv\/product\/tv-stativs-5\/","title":{"rendered":"TV stat\u012bvs"},"content":{"rendered":"<p>\u0160is elegantais televizora stat\u012bvs pie\u0161\u0137irs j\u016bsu interjeram izsmalcin\u0101tu piesk\u0101rienu ar kr\u0113m\u012bgi baltu nokr\u0101su un gludu skandin\u0101vu dizainu. \u0160is modelis ir paredz\u0113ts \u0113rtai uzglab\u0101\u0161anai: divas salok\u0101mas atvilktnes ir ide\u0101li piem\u0113rotas aksesu\u0101ru glab\u0101\u0161anai, un divas ietilp\u012bgas atvilktnes uztur\u0113s telpu k\u0101rt\u012bgu. Glud\u0101s fas\u0101des un minim\u0101listiskas l\u012bnijas uzsver stil\u012bgo izskatu, un uzticamais dizains un augstas kvalit\u0101tes koksne garant\u0113 izstr\u0101d\u0101juma iztur\u012bbu.<\/p>\n<p>Izm\u0113rs: 160\u00d735\u00d743 cm. Materi\u0101ls: koks.<\/p>\n","protected":false},"excerpt":{"rendered":"<p>\u0160is elegantais televizora stat\u012bvs pie\u0161\u0137irs j\u016bsu interjeram izsmalcin\u0101tu piesk\u0101rienu ar kr\u0113m\u012bgi baltu nokr\u0101su un gludu skandin\u0101vu dizainu. \u0160is modelis ir paredz\u0113ts \u0113rtai&#8230;<\/p>\n","protected":false},"featured_media":10768,"comment_status":"open","ping_status":"closed","template":"","meta":[],"product_brand":[],"product_cat":[2963,5640],"product_tag":[],"class_list":{"0":"post-38804","1":"product","2":"type-product","3":"status-publish","4":"has-post-thumbnail","6":"product_cat-tv-stativi-un-izklaides-centri-kratuve-2","7":"product_cat-tv-stativi-un-izklaides-centri-kratuve-2-5","9":"first","10":"instock","11":"shipping-taxable","12":"purchasable","13":"product-type-simple"},"yoast_head":"<!-- This site is optimized with the Yoast SEO plugin v26.0 - https:\/\/yoast.com\/wordpress\/plugins\/seo\/ -->\n<title>TV stat\u012bvs<\/title>\n<meta name=\"description\" content=\"\u0160is elegantais televizora stat\u012bvs pie\u0161\u0137irs j\u016bsu interjeram izsmalcin\u0101tu piesk\u0101rienu ar kr\u0113m\u012bgi baltu nokr\u0101su un gludu skandin\u0101vu dizainu. \u0160is modelis ir paredz\u0113ts \u0113rtai...\" \/>\n<meta name=\"robots\" content=\"index, follow, max-snippet:-1, max-image-preview:large, max-video-preview:-1\" \/>\n<link rel=\"canonical\" href=\"https:\/\/brilune.eu\/lv\/product\/tv-stativs-5\/\" \/>\n<meta property=\"og:locale\" content=\"lv_LV\" \/>\n<meta property=\"og:type\" content=\"article\" \/>\n<meta property=\"og:title\" content=\"TV stat\u012bvs\" \/>\n<meta property=\"og:description\" content=\"\u0160is elegantais televizora stat\u012bvs pie\u0161\u0137irs j\u016bsu interjeram izsmalcin\u0101tu piesk\u0101rienu ar kr\u0113m\u012bgi baltu nokr\u0101su un gludu skandin\u0101vu dizainu. \u0160is modelis ir paredz\u0113ts \u0113rtai...\" \/>\n<meta property=\"og:url\" content=\"https:\/\/brilune.eu\/lv\/product\/tv-stativs-5\/\" \/>\n<meta property=\"og:site_name\" content=\"Brilune\" \/>\n<meta property=\"article:modified_time\" content=\"2025-02-19T11:30:24+00:00\" \/>\n<meta property=\"og:image\" content=\"https:\/\/brilune.eu\/wp-content\/uploads\/2025\/01\/14532632.png\" \/>\n\t<meta property=\"og:image:width\" content=\"1000\" \/>\n\t<meta property=\"og:image:height\" content=\"1000\" \/>\n\t<meta property=\"og:image:type\" content=\"image\/png\" \/>\n<meta name=\"twitter:card\" content=\"summary_large_image\" \/>\n<script type=\"application\/ld+json\" class=\"yoast-schema-graph\">{\"@context\":\"https:\/\/schema.org\",\"@graph\":[{\"@type\":\"WebPage\",\"@id\":\"https:\/\/brilune.eu\/lv\/product\/tv-stativs-5\/\",\"url\":\"https:\/\/brilune.eu\/lv\/product\/tv-stativs-5\/\",\"name\":\"TV stat\u012bvs\",\"isPartOf\":{\"@id\":\"https:\/\/brilune.eu\/lv\/#website\"},\"primaryImageOfPage\":{\"@id\":\"https:\/\/brilune.eu\/lv\/product\/tv-stativs-5\/#primaryimage\"},\"image\":{\"@id\":\"https:\/\/brilune.eu\/lv\/product\/tv-stativs-5\/#primaryimage\"},\"thumbnailUrl\":\"https:\/\/brilune.eu\/wp-content\/uploads\/2025\/01\/14532632.png\",\"datePublished\":\"2025-02-19T11:03:45+00:00\",\"dateModified\":\"2025-02-19T11:30:24+00:00\",\"description\":\"\u0160is elegantais televizora stat\u012bvs pie\u0161\u0137irs j\u016bsu interjeram izsmalcin\u0101tu piesk\u0101rienu ar kr\u0113m\u012bgi baltu nokr\u0101su un gludu skandin\u0101vu dizainu. \u0160is modelis ir paredz\u0113ts \u0113rtai...\",\"breadcrumb\":{\"@id\":\"https:\/\/brilune.eu\/lv\/product\/tv-stativs-5\/#breadcrumb\"},\"inLanguage\":\"lv-LV\",\"potentialAction\":[{\"@type\":\"ReadAction\",\"target\":[\"https:\/\/brilune.eu\/lv\/product\/tv-stativs-5\/\"]}]},{\"@type\":\"ImageObject\",\"inLanguage\":\"lv-LV\",\"@id\":\"https:\/\/brilune.eu\/lv\/product\/tv-stativs-5\/#primaryimage\",\"url\":\"https:\/\/brilune.eu\/wp-content\/uploads\/2025\/01\/14532632.png\",\"contentUrl\":\"https:\/\/brilune.eu\/wp-content\/uploads\/2025\/01\/14532632.png\",\"width\":1000,\"height\":1000},{\"@type\":\"BreadcrumbList\",\"@id\":\"https:\/\/brilune.eu\/lv\/product\/tv-stativs-5\/#breadcrumb\",\"itemListElement\":[{\"@type\":\"ListItem\",\"position\":1,\"name\":\"S\u0101kums\",\"item\":\"https:\/\/brilune.eu\/lv\/brilune-mebeles\/\"},{\"@type\":\"ListItem\",\"position\":2,\"name\":\"Visi produkti\",\"item\":\"https:\/\/brilune.eu\/lv\/shop\/\"},{\"@type\":\"ListItem\",\"position\":3,\"name\":\"TV stat\u012bvs\"}]},{\"@type\":\"WebSite\",\"@id\":\"https:\/\/brilune.eu\/lv\/#website\",\"url\":\"https:\/\/brilune.eu\/lv\/\",\"name\":\"Brilune\",\"description\":\"M\u0113s pied\u0101v\u0101jam unik\u0101lus un nebiju\u0161us dizainus, kas apvieno eleganci, funkcionalit\u0101ti un rado\u0161umu.\",\"potentialAction\":[{\"@type\":\"SearchAction\",\"target\":{\"@type\":\"EntryPoint\",\"urlTemplate\":\"https:\/\/brilune.eu\/lv\/?s={search_term_string}\"},\"query-input\":{\"@type\":\"PropertyValueSpecification\",\"valueRequired\":true,\"valueName\":\"search_term_string\"}}],\"inLanguage\":\"lv-LV\"}]}<\/script>\n<!-- \/ Yoast SEO plugin. -->","yoast_head_json":{"title":"TV stat\u012bvs","description":"\u0160is elegantais televizora stat\u012bvs pie\u0161\u0137irs j\u016bsu interjeram izsmalcin\u0101tu piesk\u0101rienu ar kr\u0113m\u012bgi baltu nokr\u0101su un gludu skandin\u0101vu dizainu. \u0160is modelis ir paredz\u0113ts \u0113rtai...","robots":{"index":"index","follow":"follow","max-snippet":"max-snippet:-1","max-image-preview":"max-image-preview:large","max-video-preview":"max-video-preview:-1"},"canonical":"https:\/\/brilune.eu\/lv\/product\/tv-stativs-5\/","og_locale":"lv_LV","og_type":"article","og_title":"TV stat\u012bvs","og_description":"\u0160is elegantais televizora stat\u012bvs pie\u0161\u0137irs j\u016bsu interjeram izsmalcin\u0101tu piesk\u0101rienu ar kr\u0113m\u012bgi baltu nokr\u0101su un gludu skandin\u0101vu dizainu. \u0160is modelis ir paredz\u0113ts \u0113rtai...","og_url":"https:\/\/brilune.eu\/lv\/product\/tv-stativs-5\/","og_site_name":"Brilune","article_modified_time":"2025-02-19T11:30:24+00:00","og_image":[{"width":1000,"height":1000,"url":"https:\/\/brilune.eu\/wp-content\/uploads\/2025\/01\/14532632.png","type":"image\/png"}],"twitter_card":"summary_large_image","schema":{"@context":"https:\/\/schema.org","@graph":[{"@type":"WebPage","@id":"https:\/\/brilune.eu\/lv\/product\/tv-stativs-5\/","url":"https:\/\/brilune.eu\/lv\/product\/tv-stativs-5\/","name":"TV stat\u012bvs","isPartOf":{"@id":"https:\/\/brilune.eu\/lv\/#website"},"primaryImageOfPage":{"@id":"https:\/\/brilune.eu\/lv\/product\/tv-stativs-5\/#primaryimage"},"image":{"@id":"https:\/\/brilune.eu\/lv\/product\/tv-stativs-5\/#primaryimage"},"thumbnailUrl":"https:\/\/brilune.eu\/wp-content\/uploads\/2025\/01\/14532632.png","datePublished":"2025-02-19T11:03:45+00:00","dateModified":"2025-02-19T11:30:24+00:00","description":"\u0160is elegantais televizora stat\u012bvs pie\u0161\u0137irs j\u016bsu interjeram izsmalcin\u0101tu piesk\u0101rienu ar kr\u0113m\u012bgi baltu nokr\u0101su un gludu skandin\u0101vu dizainu. \u0160is modelis ir paredz\u0113ts \u0113rtai...","breadcrumb":{"@id":"https:\/\/brilune.eu\/lv\/product\/tv-stativs-5\/#breadcrumb"},"inLanguage":"lv-LV","potentialAction":[{"@type":"ReadAction","target":["https:\/\/brilune.eu\/lv\/product\/tv-stativs-5\/"]}]},{"@type":"ImageObject","inLanguage":"lv-LV","@id":"https:\/\/brilune.eu\/lv\/product\/tv-stativs-5\/#primaryimage","url":"https:\/\/brilune.eu\/wp-content\/uploads\/2025\/01\/14532632.png","contentUrl":"https:\/\/brilune.eu\/wp-content\/uploads\/2025\/01\/14532632.png","width":1000,"height":1000},{"@type":"BreadcrumbList","@id":"https:\/\/brilune.eu\/lv\/product\/tv-stativs-5\/#breadcrumb","itemListElement":[{"@type":"ListItem","position":1,"name":"S\u0101kums","item":"https:\/\/brilune.eu\/lv\/brilune-mebeles\/"},{"@type":"ListItem","position":2,"name":"Visi produkti","item":"https:\/\/brilune.eu\/lv\/shop\/"},{"@type":"ListItem","position":3,"name":"TV stat\u012bvs"}]},{"@type":"WebSite","@id":"https:\/\/brilune.eu\/lv\/#website","url":"https:\/\/brilune.eu\/lv\/","name":"Brilune","description":"M\u0113s pied\u0101v\u0101jam unik\u0101lus un nebiju\u0161us dizainus, kas apvieno eleganci, funkcionalit\u0101ti un rado\u0161umu.","potentialAction":[{"@type":"SearchAction","target":{"@type":"EntryPoint","urlTemplate":"https:\/\/brilune.eu\/lv\/?s={search_term_string}"},"query-input":{"@type":"PropertyValueSpecification","valueRequired":true,"valueName":"search_term_string"}}],"inLanguage":"lv-LV"}]}},"jetpack_sharing_enabled":true,"_links":{"self":[{"href":"https:\/\/brilune.eu\/lv\/wp-json\/wp\/v2\/product\/38804","targetHints":{"allow":["GET"]}}],"collection":[{"href":"https:\/\/brilune.eu\/lv\/wp-json\/wp\/v2\/product"}],"about":[{"href":"https:\/\/brilune.eu\/lv\/wp-json\/wp\/v2\/types\/product"}],"replies":[{"embeddable":true,"href":"https:\/\/brilune.eu\/lv\/wp-json\/wp\/v2\/comments?post=38804"}],"version-history":[{"count":1,"href":"https:\/\/brilune.eu\/lv\/wp-json\/wp\/v2\/product\/38804\/revisions"}],"predecessor-version":[{"id":38845,"href":"https:\/\/brilune.eu\/lv\/wp-json\/wp\/v2\/product\/38804\/revisions\/38845"}],"wp:featuredmedia":[{"embeddable":true,"href":"https:\/\/brilune.eu\/lv\/wp-json\/wp\/v2\/media\/10768"}],"wp:attachment":[{"href":"https:\/\/brilune.eu\/lv\/wp-json\/wp\/v2\/media?parent=38804"}],"wp:term":[{"taxonomy":"product_brand","embeddable":true,"href":"https:\/\/brilune.eu\/lv\/wp-json\/wp\/v2\/product_brand?post=38804"},{"taxonomy":"product_cat","embeddable":true,"href":"https:\/\/brilune.eu\/lv\/wp-json\/wp\/v2\/product_cat?post=38804"},{"taxonomy":"product_tag","embeddable":true,"href":"https:\/\/brilune.eu\/lv\/wp-json\/wp\/v2\/product_tag?post=38804"}],"curies":[{"name":"wp","href":"https:\/\/api.w.org\/{rel}","templated":true}]}}