{"id":38791,"date":"2025-02-19T13:03:45","date_gmt":"2025-02-19T11:03:45","guid":{"rendered":"https:\/\/brilune.eu\/?post_type=product&#038;p=38791"},"modified":"2025-02-19T13:30:22","modified_gmt":"2025-02-19T11:30:22","slug":"tv-stativa-un-sienas-skapja-komplekts-2","status":"publish","type":"product","link":"https:\/\/brilune.eu\/lv\/product\/tv-stativa-un-sienas-skapja-komplekts-2\/","title":{"rendered":"TV stat\u012bva un sienas skapja komplekts"},"content":{"rendered":"<p>Televizora stat\u012bva un sienas skapja komplekts b\u016bs lielisks risin\u0101jums J\u016bsu interjeram. Skapim, kas izgatavots no iztur\u012bga koka, ir divas viegli aizveramas atvilktnes un divi uzglab\u0101\u0161anas skapji, kas padara to \u013coti funkcion\u0101lu. Sienas skapis pied\u0101v\u0101 da\u017e\u0101das uzglab\u0101\u0161anas iesp\u0113jas, tostarp atv\u0113rtus plauktus un sl\u0113gtus nodal\u012bjumus, kas \u013cauj \u0113rti sak\u0101rtot telpu un pie\u0161\u0137irt dekoram stilu. \u0160is komplekts apvieno eleganci un praktiskumu, padarot to par perfektu izv\u0113li jebkurai viesistabai.<\/p>\n<p>Skapja izm\u0113rs: 200\u00d740\u00d745 cm. Materi\u0101ls: koks. Sienas skapja izm\u0113rs: 200\u00d750\u00d730 cm. Materi\u0101ls: koks.<\/p>\n","protected":false},"excerpt":{"rendered":"<p>Televizora stat\u012bva un sienas skapja komplekts b\u016bs lielisks risin\u0101jums J\u016bsu interjeram. Skapim, kas izgatavots no iztur\u012bga koka, ir divas viegli aizveramas atvilktnes un divas uzglab\u0101\u0161anas&#8230;<\/p>\n","protected":false},"featured_media":10743,"comment_status":"open","ping_status":"closed","template":"","meta":[],"product_brand":[],"product_cat":[5640,2963],"product_tag":[],"class_list":{"0":"post-38791","1":"product","2":"type-product","3":"status-publish","4":"has-post-thumbnail","6":"product_cat-tv-stativi-un-izklaides-centri-kratuve-2-5","7":"product_cat-tv-stativi-un-izklaides-centri-kratuve-2","9":"first","10":"instock","11":"shipping-taxable","12":"purchasable","13":"product-type-simple"},"yoast_head":"<!-- This site is optimized with the Yoast SEO plugin v26.0 - https:\/\/yoast.com\/wordpress\/plugins\/seo\/ -->\n<title>TV stat\u012bva un sienas skapja komplekts<\/title>\n<meta name=\"description\" content=\"Televizora stat\u012bva un sienas skapja komplekts b\u016bs lielisks risin\u0101jums J\u016bsu interjeram. Skapim, kas izgatavots no iztur\u012bga koka, ir divas viegli aizveramas atvilktnes un divas uzglab\u0101\u0161anas...\" \/>\n<meta name=\"robots\" content=\"index, follow, max-snippet:-1, max-image-preview:large, max-video-preview:-1\" \/>\n<link rel=\"canonical\" href=\"https:\/\/brilune.eu\/lv\/product\/tv-stativa-un-sienas-skapja-komplekts-2\/\" \/>\n<meta property=\"og:locale\" content=\"lv_LV\" \/>\n<meta property=\"og:type\" content=\"article\" \/>\n<meta property=\"og:title\" content=\"TV stat\u012bva un sienas skapja komplekts\" \/>\n<meta property=\"og:description\" content=\"Televizora stat\u012bva un sienas skapja komplekts b\u016bs lielisks risin\u0101jums J\u016bsu interjeram. Skapim, kas izgatavots no iztur\u012bga koka, ir divas viegli aizveramas atvilktnes un divas uzglab\u0101\u0161anas...\" \/>\n<meta property=\"og:url\" content=\"https:\/\/brilune.eu\/lv\/product\/tv-stativa-un-sienas-skapja-komplekts-2\/\" \/>\n<meta property=\"og:site_name\" content=\"Brilune\" \/>\n<meta property=\"article:modified_time\" content=\"2025-02-19T11:30:22+00:00\" \/>\n<meta property=\"og:image\" content=\"https:\/\/brilune.eu\/wp-content\/uploads\/2025\/01\/14533815.png\" \/>\n\t<meta property=\"og:image:width\" content=\"800\" \/>\n\t<meta property=\"og:image:height\" content=\"800\" \/>\n\t<meta property=\"og:image:type\" content=\"image\/png\" \/>\n<meta name=\"twitter:card\" content=\"summary_large_image\" \/>\n<script type=\"application\/ld+json\" class=\"yoast-schema-graph\">{\"@context\":\"https:\/\/schema.org\",\"@graph\":[{\"@type\":\"WebPage\",\"@id\":\"https:\/\/brilune.eu\/lv\/product\/tv-stativa-un-sienas-skapja-komplekts-2\/\",\"url\":\"https:\/\/brilune.eu\/lv\/product\/tv-stativa-un-sienas-skapja-komplekts-2\/\",\"name\":\"TV stat\u012bva un sienas skapja komplekts\",\"isPartOf\":{\"@id\":\"https:\/\/brilune.eu\/lv\/#website\"},\"primaryImageOfPage\":{\"@id\":\"https:\/\/brilune.eu\/lv\/product\/tv-stativa-un-sienas-skapja-komplekts-2\/#primaryimage\"},\"image\":{\"@id\":\"https:\/\/brilune.eu\/lv\/product\/tv-stativa-un-sienas-skapja-komplekts-2\/#primaryimage\"},\"thumbnailUrl\":\"https:\/\/brilune.eu\/wp-content\/uploads\/2025\/01\/14533815.png\",\"datePublished\":\"2025-02-19T11:03:45+00:00\",\"dateModified\":\"2025-02-19T11:30:22+00:00\",\"description\":\"Televizora stat\u012bva un sienas skapja komplekts b\u016bs lielisks risin\u0101jums J\u016bsu interjeram. Skapim, kas izgatavots no iztur\u012bga koka, ir divas viegli aizveramas atvilktnes un divas uzglab\u0101\u0161anas...\",\"breadcrumb\":{\"@id\":\"https:\/\/brilune.eu\/lv\/product\/tv-stativa-un-sienas-skapja-komplekts-2\/#breadcrumb\"},\"inLanguage\":\"lv-LV\",\"potentialAction\":[{\"@type\":\"ReadAction\",\"target\":[\"https:\/\/brilune.eu\/lv\/product\/tv-stativa-un-sienas-skapja-komplekts-2\/\"]}]},{\"@type\":\"ImageObject\",\"inLanguage\":\"lv-LV\",\"@id\":\"https:\/\/brilune.eu\/lv\/product\/tv-stativa-un-sienas-skapja-komplekts-2\/#primaryimage\",\"url\":\"https:\/\/brilune.eu\/wp-content\/uploads\/2025\/01\/14533815.png\",\"contentUrl\":\"https:\/\/brilune.eu\/wp-content\/uploads\/2025\/01\/14533815.png\",\"width\":800,\"height\":800},{\"@type\":\"BreadcrumbList\",\"@id\":\"https:\/\/brilune.eu\/lv\/product\/tv-stativa-un-sienas-skapja-komplekts-2\/#breadcrumb\",\"itemListElement\":[{\"@type\":\"ListItem\",\"position\":1,\"name\":\"S\u0101kums\",\"item\":\"https:\/\/brilune.eu\/lv\/brilune-mebeles\/\"},{\"@type\":\"ListItem\",\"position\":2,\"name\":\"Visi produkti\",\"item\":\"https:\/\/brilune.eu\/lv\/shop\/\"},{\"@type\":\"ListItem\",\"position\":3,\"name\":\"TV stat\u012bva un sienas skapja komplekts\"}]},{\"@type\":\"WebSite\",\"@id\":\"https:\/\/brilune.eu\/lv\/#website\",\"url\":\"https:\/\/brilune.eu\/lv\/\",\"name\":\"Brilune\",\"description\":\"M\u0113s pied\u0101v\u0101jam unik\u0101lus un nebiju\u0161us dizainus, kas apvieno eleganci, funkcionalit\u0101ti un rado\u0161umu.\",\"potentialAction\":[{\"@type\":\"SearchAction\",\"target\":{\"@type\":\"EntryPoint\",\"urlTemplate\":\"https:\/\/brilune.eu\/lv\/?s={search_term_string}\"},\"query-input\":{\"@type\":\"PropertyValueSpecification\",\"valueRequired\":true,\"valueName\":\"search_term_string\"}}],\"inLanguage\":\"lv-LV\"}]}<\/script>\n<!-- \/ Yoast SEO plugin. -->","yoast_head_json":{"title":"TV stat\u012bva un sienas skapja komplekts","description":"Televizora stat\u012bva un sienas skapja komplekts b\u016bs lielisks risin\u0101jums J\u016bsu interjeram. Skapim, kas izgatavots no iztur\u012bga koka, ir divas viegli aizveramas atvilktnes un divas uzglab\u0101\u0161anas...","robots":{"index":"index","follow":"follow","max-snippet":"max-snippet:-1","max-image-preview":"max-image-preview:large","max-video-preview":"max-video-preview:-1"},"canonical":"https:\/\/brilune.eu\/lv\/product\/tv-stativa-un-sienas-skapja-komplekts-2\/","og_locale":"lv_LV","og_type":"article","og_title":"TV stat\u012bva un sienas skapja komplekts","og_description":"Televizora stat\u012bva un sienas skapja komplekts b\u016bs lielisks risin\u0101jums J\u016bsu interjeram. Skapim, kas izgatavots no iztur\u012bga koka, ir divas viegli aizveramas atvilktnes un divas uzglab\u0101\u0161anas...","og_url":"https:\/\/brilune.eu\/lv\/product\/tv-stativa-un-sienas-skapja-komplekts-2\/","og_site_name":"Brilune","article_modified_time":"2025-02-19T11:30:22+00:00","og_image":[{"width":800,"height":800,"url":"https:\/\/brilune.eu\/wp-content\/uploads\/2025\/01\/14533815.png","type":"image\/png"}],"twitter_card":"summary_large_image","schema":{"@context":"https:\/\/schema.org","@graph":[{"@type":"WebPage","@id":"https:\/\/brilune.eu\/lv\/product\/tv-stativa-un-sienas-skapja-komplekts-2\/","url":"https:\/\/brilune.eu\/lv\/product\/tv-stativa-un-sienas-skapja-komplekts-2\/","name":"TV stat\u012bva un sienas skapja komplekts","isPartOf":{"@id":"https:\/\/brilune.eu\/lv\/#website"},"primaryImageOfPage":{"@id":"https:\/\/brilune.eu\/lv\/product\/tv-stativa-un-sienas-skapja-komplekts-2\/#primaryimage"},"image":{"@id":"https:\/\/brilune.eu\/lv\/product\/tv-stativa-un-sienas-skapja-komplekts-2\/#primaryimage"},"thumbnailUrl":"https:\/\/brilune.eu\/wp-content\/uploads\/2025\/01\/14533815.png","datePublished":"2025-02-19T11:03:45+00:00","dateModified":"2025-02-19T11:30:22+00:00","description":"Televizora stat\u012bva un sienas skapja komplekts b\u016bs lielisks risin\u0101jums J\u016bsu interjeram. Skapim, kas izgatavots no iztur\u012bga koka, ir divas viegli aizveramas atvilktnes un divas uzglab\u0101\u0161anas...","breadcrumb":{"@id":"https:\/\/brilune.eu\/lv\/product\/tv-stativa-un-sienas-skapja-komplekts-2\/#breadcrumb"},"inLanguage":"lv-LV","potentialAction":[{"@type":"ReadAction","target":["https:\/\/brilune.eu\/lv\/product\/tv-stativa-un-sienas-skapja-komplekts-2\/"]}]},{"@type":"ImageObject","inLanguage":"lv-LV","@id":"https:\/\/brilune.eu\/lv\/product\/tv-stativa-un-sienas-skapja-komplekts-2\/#primaryimage","url":"https:\/\/brilune.eu\/wp-content\/uploads\/2025\/01\/14533815.png","contentUrl":"https:\/\/brilune.eu\/wp-content\/uploads\/2025\/01\/14533815.png","width":800,"height":800},{"@type":"BreadcrumbList","@id":"https:\/\/brilune.eu\/lv\/product\/tv-stativa-un-sienas-skapja-komplekts-2\/#breadcrumb","itemListElement":[{"@type":"ListItem","position":1,"name":"S\u0101kums","item":"https:\/\/brilune.eu\/lv\/brilune-mebeles\/"},{"@type":"ListItem","position":2,"name":"Visi produkti","item":"https:\/\/brilune.eu\/lv\/shop\/"},{"@type":"ListItem","position":3,"name":"TV stat\u012bva un sienas skapja komplekts"}]},{"@type":"WebSite","@id":"https:\/\/brilune.eu\/lv\/#website","url":"https:\/\/brilune.eu\/lv\/","name":"Brilune","description":"M\u0113s pied\u0101v\u0101jam unik\u0101lus un nebiju\u0161us dizainus, kas apvieno eleganci, funkcionalit\u0101ti un rado\u0161umu.","potentialAction":[{"@type":"SearchAction","target":{"@type":"EntryPoint","urlTemplate":"https:\/\/brilune.eu\/lv\/?s={search_term_string}"},"query-input":{"@type":"PropertyValueSpecification","valueRequired":true,"valueName":"search_term_string"}}],"inLanguage":"lv-LV"}]}},"jetpack_sharing_enabled":true,"_links":{"self":[{"href":"https:\/\/brilune.eu\/lv\/wp-json\/wp\/v2\/product\/38791","targetHints":{"allow":["GET"]}}],"collection":[{"href":"https:\/\/brilune.eu\/lv\/wp-json\/wp\/v2\/product"}],"about":[{"href":"https:\/\/brilune.eu\/lv\/wp-json\/wp\/v2\/types\/product"}],"replies":[{"embeddable":true,"href":"https:\/\/brilune.eu\/lv\/wp-json\/wp\/v2\/comments?post=38791"}],"version-history":[{"count":1,"href":"https:\/\/brilune.eu\/lv\/wp-json\/wp\/v2\/product\/38791\/revisions"}],"predecessor-version":[{"id":38842,"href":"https:\/\/brilune.eu\/lv\/wp-json\/wp\/v2\/product\/38791\/revisions\/38842"}],"wp:featuredmedia":[{"embeddable":true,"href":"https:\/\/brilune.eu\/lv\/wp-json\/wp\/v2\/media\/10743"}],"wp:attachment":[{"href":"https:\/\/brilune.eu\/lv\/wp-json\/wp\/v2\/media?parent=38791"}],"wp:term":[{"taxonomy":"product_brand","embeddable":true,"href":"https:\/\/brilune.eu\/lv\/wp-json\/wp\/v2\/product_brand?post=38791"},{"taxonomy":"product_cat","embeddable":true,"href":"https:\/\/brilune.eu\/lv\/wp-json\/wp\/v2\/product_cat?post=38791"},{"taxonomy":"product_tag","embeddable":true,"href":"https:\/\/brilune.eu\/lv\/wp-json\/wp\/v2\/product_tag?post=38791"}],"curies":[{"name":"wp","href":"https:\/\/api.w.org\/{rel}","templated":true}]}}