{"id":38788,"date":"2025-02-19T13:03:44","date_gmt":"2025-02-19T11:03:44","guid":{"rendered":"https:\/\/brilune.eu\/?post_type=product&#038;p=38788"},"modified":"2025-02-19T13:30:20","modified_gmt":"2025-02-19T11:30:20","slug":"tv-stativa-un-sienas-skapja-komplekts","status":"publish","type":"product","link":"https:\/\/brilune.eu\/lv\/product\/tv-stativa-un-sienas-skapja-komplekts\/","title":{"rendered":"TV stat\u012bva un sienas skapja komplekts"},"content":{"rendered":"<p>\u0160is elegantais komplekts, kas sast\u0101v no TV stat\u012bva un sienas skapja, k\u013c\u016bs par stil\u012bgu akcentu j\u016bsu interjer\u0101. Skapis ir izgatavots no kvalitat\u012bva koka un ir apr\u012bkots ar div\u0101m viegli aizveram\u0101m atvilktn\u0113m un diviem skapjiem, nodro\u0161inot \u0113rtu multimediju apr\u012bkojuma glab\u0101\u0161anu. Sienas skapis pied\u0101v\u0101 gan atv\u0113rtus glab\u0101\u0161anas plauktus, gan sl\u0113gtus nodal\u012bjumus, kas \u013cauj sak\u0101rtot telpu ar maksim\u0101lu efektivit\u0101ti. \u0160is komplekts lieliski apvieno funkcionalit\u0101ti un stilu, pie\u0161\u0137irot j\u016bsu viesistabai m\u0101j\u012bgumu.<\/p>\n<p>Skapja izm\u0113rs: 160\u00d740\u00d745 cm. Materi\u0101ls: koks. Sienas skapja izm\u0113rs: 160\u00d750\u00d730 cm. Materi\u0101ls: koks.<\/p>\n","protected":false},"excerpt":{"rendered":"<p>\u0160is elegantais komplekts, kas sast\u0101v no TV stat\u012bva un sienas skapja, k\u013c\u016bs par stil\u012bgu akcentu j\u016bsu interjer\u0101. Skapis ir izgatavots no kvalitat\u012bva koka un ir apr\u012bkots ar&#8230;<\/p>\n","protected":false},"featured_media":10743,"comment_status":"open","ping_status":"closed","template":"","meta":[],"product_brand":[],"product_cat":[2963,5640],"product_tag":[],"class_list":{"0":"post-38788","1":"product","2":"type-product","3":"status-publish","4":"has-post-thumbnail","6":"product_cat-tv-stativi-un-izklaides-centri-kratuve-2","7":"product_cat-tv-stativi-un-izklaides-centri-kratuve-2-5","9":"first","10":"instock","11":"shipping-taxable","12":"purchasable","13":"product-type-simple"},"yoast_head":"<!-- This site is optimized with the Yoast SEO plugin v26.0 - https:\/\/yoast.com\/wordpress\/plugins\/seo\/ -->\n<title>TV stat\u012bva un sienas skapja komplekts<\/title>\n<meta name=\"description\" content=\"\u0160is elegantais komplekts, kas sast\u0101v no TV stat\u012bva un sienas skapja, k\u013c\u016bs par stil\u012bgu akcentu j\u016bsu interjer\u0101. Skapis ir izgatavots no kvalitat\u012bva koka un ir apr\u012bkots ar...\" \/>\n<meta name=\"robots\" content=\"index, follow, max-snippet:-1, max-image-preview:large, max-video-preview:-1\" \/>\n<link rel=\"canonical\" href=\"https:\/\/brilune.eu\/lv\/product\/tv-stativa-un-sienas-skapja-komplekts\/\" \/>\n<meta property=\"og:locale\" content=\"lv_LV\" \/>\n<meta property=\"og:type\" content=\"article\" \/>\n<meta property=\"og:title\" content=\"TV stat\u012bva un sienas skapja komplekts\" \/>\n<meta property=\"og:description\" content=\"\u0160is elegantais komplekts, kas sast\u0101v no TV stat\u012bva un sienas skapja, k\u013c\u016bs par stil\u012bgu akcentu j\u016bsu interjer\u0101. Skapis ir izgatavots no kvalitat\u012bva koka un ir apr\u012bkots ar...\" \/>\n<meta property=\"og:url\" content=\"https:\/\/brilune.eu\/lv\/product\/tv-stativa-un-sienas-skapja-komplekts\/\" \/>\n<meta property=\"og:site_name\" content=\"Brilune\" \/>\n<meta property=\"article:modified_time\" content=\"2025-02-19T11:30:20+00:00\" \/>\n<meta property=\"og:image\" content=\"https:\/\/brilune.eu\/wp-content\/uploads\/2025\/01\/14533815.png\" \/>\n\t<meta property=\"og:image:width\" content=\"800\" \/>\n\t<meta property=\"og:image:height\" content=\"800\" \/>\n\t<meta property=\"og:image:type\" content=\"image\/png\" \/>\n<meta name=\"twitter:card\" content=\"summary_large_image\" \/>\n<meta name=\"twitter:label1\" content=\"Est. reading time\" \/>\n\t<meta name=\"twitter:data1\" content=\"1 minute\" \/>\n<script type=\"application\/ld+json\" class=\"yoast-schema-graph\">{\"@context\":\"https:\/\/schema.org\",\"@graph\":[{\"@type\":\"WebPage\",\"@id\":\"https:\/\/brilune.eu\/lv\/product\/tv-stativa-un-sienas-skapja-komplekts\/\",\"url\":\"https:\/\/brilune.eu\/lv\/product\/tv-stativa-un-sienas-skapja-komplekts\/\",\"name\":\"TV stat\u012bva un sienas skapja komplekts\",\"isPartOf\":{\"@id\":\"https:\/\/brilune.eu\/lv\/#website\"},\"primaryImageOfPage\":{\"@id\":\"https:\/\/brilune.eu\/lv\/product\/tv-stativa-un-sienas-skapja-komplekts\/#primaryimage\"},\"image\":{\"@id\":\"https:\/\/brilune.eu\/lv\/product\/tv-stativa-un-sienas-skapja-komplekts\/#primaryimage\"},\"thumbnailUrl\":\"https:\/\/brilune.eu\/wp-content\/uploads\/2025\/01\/14533815.png\",\"datePublished\":\"2025-02-19T11:03:44+00:00\",\"dateModified\":\"2025-02-19T11:30:20+00:00\",\"description\":\"\u0160is elegantais komplekts, kas sast\u0101v no TV stat\u012bva un sienas skapja, k\u013c\u016bs par stil\u012bgu akcentu j\u016bsu interjer\u0101. Skapis ir izgatavots no kvalitat\u012bva koka un ir apr\u012bkots ar...\",\"breadcrumb\":{\"@id\":\"https:\/\/brilune.eu\/lv\/product\/tv-stativa-un-sienas-skapja-komplekts\/#breadcrumb\"},\"inLanguage\":\"lv-LV\",\"potentialAction\":[{\"@type\":\"ReadAction\",\"target\":[\"https:\/\/brilune.eu\/lv\/product\/tv-stativa-un-sienas-skapja-komplekts\/\"]}]},{\"@type\":\"ImageObject\",\"inLanguage\":\"lv-LV\",\"@id\":\"https:\/\/brilune.eu\/lv\/product\/tv-stativa-un-sienas-skapja-komplekts\/#primaryimage\",\"url\":\"https:\/\/brilune.eu\/wp-content\/uploads\/2025\/01\/14533815.png\",\"contentUrl\":\"https:\/\/brilune.eu\/wp-content\/uploads\/2025\/01\/14533815.png\",\"width\":800,\"height\":800},{\"@type\":\"BreadcrumbList\",\"@id\":\"https:\/\/brilune.eu\/lv\/product\/tv-stativa-un-sienas-skapja-komplekts\/#breadcrumb\",\"itemListElement\":[{\"@type\":\"ListItem\",\"position\":1,\"name\":\"S\u0101kums\",\"item\":\"https:\/\/brilune.eu\/lv\/brilune-mebeles\/\"},{\"@type\":\"ListItem\",\"position\":2,\"name\":\"Visi produkti\",\"item\":\"https:\/\/brilune.eu\/lv\/shop\/\"},{\"@type\":\"ListItem\",\"position\":3,\"name\":\"TV stat\u012bva un sienas skapja komplekts\"}]},{\"@type\":\"WebSite\",\"@id\":\"https:\/\/brilune.eu\/lv\/#website\",\"url\":\"https:\/\/brilune.eu\/lv\/\",\"name\":\"Brilune\",\"description\":\"M\u0113s pied\u0101v\u0101jam unik\u0101lus un nebiju\u0161us dizainus, kas apvieno eleganci, funkcionalit\u0101ti un rado\u0161umu.\",\"potentialAction\":[{\"@type\":\"SearchAction\",\"target\":{\"@type\":\"EntryPoint\",\"urlTemplate\":\"https:\/\/brilune.eu\/lv\/?s={search_term_string}\"},\"query-input\":{\"@type\":\"PropertyValueSpecification\",\"valueRequired\":true,\"valueName\":\"search_term_string\"}}],\"inLanguage\":\"lv-LV\"}]}<\/script>\n<!-- \/ Yoast SEO plugin. -->","yoast_head_json":{"title":"TV stat\u012bva un sienas skapja komplekts","description":"\u0160is elegantais komplekts, kas sast\u0101v no TV stat\u012bva un sienas skapja, k\u013c\u016bs par stil\u012bgu akcentu j\u016bsu interjer\u0101. Skapis ir izgatavots no kvalitat\u012bva koka un ir apr\u012bkots ar...","robots":{"index":"index","follow":"follow","max-snippet":"max-snippet:-1","max-image-preview":"max-image-preview:large","max-video-preview":"max-video-preview:-1"},"canonical":"https:\/\/brilune.eu\/lv\/product\/tv-stativa-un-sienas-skapja-komplekts\/","og_locale":"lv_LV","og_type":"article","og_title":"TV stat\u012bva un sienas skapja komplekts","og_description":"\u0160is elegantais komplekts, kas sast\u0101v no TV stat\u012bva un sienas skapja, k\u013c\u016bs par stil\u012bgu akcentu j\u016bsu interjer\u0101. Skapis ir izgatavots no kvalitat\u012bva koka un ir apr\u012bkots ar...","og_url":"https:\/\/brilune.eu\/lv\/product\/tv-stativa-un-sienas-skapja-komplekts\/","og_site_name":"Brilune","article_modified_time":"2025-02-19T11:30:20+00:00","og_image":[{"width":800,"height":800,"url":"https:\/\/brilune.eu\/wp-content\/uploads\/2025\/01\/14533815.png","type":"image\/png"}],"twitter_card":"summary_large_image","twitter_misc":{"Est. reading time":"1 minute"},"schema":{"@context":"https:\/\/schema.org","@graph":[{"@type":"WebPage","@id":"https:\/\/brilune.eu\/lv\/product\/tv-stativa-un-sienas-skapja-komplekts\/","url":"https:\/\/brilune.eu\/lv\/product\/tv-stativa-un-sienas-skapja-komplekts\/","name":"TV stat\u012bva un sienas skapja komplekts","isPartOf":{"@id":"https:\/\/brilune.eu\/lv\/#website"},"primaryImageOfPage":{"@id":"https:\/\/brilune.eu\/lv\/product\/tv-stativa-un-sienas-skapja-komplekts\/#primaryimage"},"image":{"@id":"https:\/\/brilune.eu\/lv\/product\/tv-stativa-un-sienas-skapja-komplekts\/#primaryimage"},"thumbnailUrl":"https:\/\/brilune.eu\/wp-content\/uploads\/2025\/01\/14533815.png","datePublished":"2025-02-19T11:03:44+00:00","dateModified":"2025-02-19T11:30:20+00:00","description":"\u0160is elegantais komplekts, kas sast\u0101v no TV stat\u012bva un sienas skapja, k\u013c\u016bs par stil\u012bgu akcentu j\u016bsu interjer\u0101. Skapis ir izgatavots no kvalitat\u012bva koka un ir apr\u012bkots ar...","breadcrumb":{"@id":"https:\/\/brilune.eu\/lv\/product\/tv-stativa-un-sienas-skapja-komplekts\/#breadcrumb"},"inLanguage":"lv-LV","potentialAction":[{"@type":"ReadAction","target":["https:\/\/brilune.eu\/lv\/product\/tv-stativa-un-sienas-skapja-komplekts\/"]}]},{"@type":"ImageObject","inLanguage":"lv-LV","@id":"https:\/\/brilune.eu\/lv\/product\/tv-stativa-un-sienas-skapja-komplekts\/#primaryimage","url":"https:\/\/brilune.eu\/wp-content\/uploads\/2025\/01\/14533815.png","contentUrl":"https:\/\/brilune.eu\/wp-content\/uploads\/2025\/01\/14533815.png","width":800,"height":800},{"@type":"BreadcrumbList","@id":"https:\/\/brilune.eu\/lv\/product\/tv-stativa-un-sienas-skapja-komplekts\/#breadcrumb","itemListElement":[{"@type":"ListItem","position":1,"name":"S\u0101kums","item":"https:\/\/brilune.eu\/lv\/brilune-mebeles\/"},{"@type":"ListItem","position":2,"name":"Visi produkti","item":"https:\/\/brilune.eu\/lv\/shop\/"},{"@type":"ListItem","position":3,"name":"TV stat\u012bva un sienas skapja komplekts"}]},{"@type":"WebSite","@id":"https:\/\/brilune.eu\/lv\/#website","url":"https:\/\/brilune.eu\/lv\/","name":"Brilune","description":"M\u0113s pied\u0101v\u0101jam unik\u0101lus un nebiju\u0161us dizainus, kas apvieno eleganci, funkcionalit\u0101ti un rado\u0161umu.","potentialAction":[{"@type":"SearchAction","target":{"@type":"EntryPoint","urlTemplate":"https:\/\/brilune.eu\/lv\/?s={search_term_string}"},"query-input":{"@type":"PropertyValueSpecification","valueRequired":true,"valueName":"search_term_string"}}],"inLanguage":"lv-LV"}]}},"jetpack_sharing_enabled":true,"_links":{"self":[{"href":"https:\/\/brilune.eu\/lv\/wp-json\/wp\/v2\/product\/38788","targetHints":{"allow":["GET"]}}],"collection":[{"href":"https:\/\/brilune.eu\/lv\/wp-json\/wp\/v2\/product"}],"about":[{"href":"https:\/\/brilune.eu\/lv\/wp-json\/wp\/v2\/types\/product"}],"replies":[{"embeddable":true,"href":"https:\/\/brilune.eu\/lv\/wp-json\/wp\/v2\/comments?post=38788"}],"version-history":[{"count":1,"href":"https:\/\/brilune.eu\/lv\/wp-json\/wp\/v2\/product\/38788\/revisions"}],"predecessor-version":[{"id":38839,"href":"https:\/\/brilune.eu\/lv\/wp-json\/wp\/v2\/product\/38788\/revisions\/38839"}],"wp:featuredmedia":[{"embeddable":true,"href":"https:\/\/brilune.eu\/lv\/wp-json\/wp\/v2\/media\/10743"}],"wp:attachment":[{"href":"https:\/\/brilune.eu\/lv\/wp-json\/wp\/v2\/media?parent=38788"}],"wp:term":[{"taxonomy":"product_brand","embeddable":true,"href":"https:\/\/brilune.eu\/lv\/wp-json\/wp\/v2\/product_brand?post=38788"},{"taxonomy":"product_cat","embeddable":true,"href":"https:\/\/brilune.eu\/lv\/wp-json\/wp\/v2\/product_cat?post=38788"},{"taxonomy":"product_tag","embeddable":true,"href":"https:\/\/brilune.eu\/lv\/wp-json\/wp\/v2\/product_tag?post=38788"}],"curies":[{"name":"wp","href":"https:\/\/api.w.org\/{rel}","templated":true}]}}