{"id":38761,"date":"2025-02-19T13:03:16","date_gmt":"2025-02-19T11:03:16","guid":{"rendered":"https:\/\/brilune.eu\/?post_type=product&#038;p=38761"},"modified":"2025-02-19T13:30:09","modified_gmt":"2025-02-19T11:30:09","slug":"kafijas-galdins-8","status":"publish","type":"product","link":"https:\/\/brilune.eu\/lv\/product\/kafijas-galdins-8\/","title":{"rendered":"Kafijas galdi\u0146\u0161"},"content":{"rendered":"<p>\u0160is m\u016bsdien\u012bgais kafijas galdi\u0146\u0161 apvieno stilu un funkcionalit\u0101ti, lieliski iek\u013caujoties jebkur\u0101 interjer\u0101. Galda virsma ir izgatavota no augstas kvalit\u0101tes materi\u0101la, un met\u0101la k\u0101jas pie\u0161\u0137ir tai stabilit\u0101ti un izsmalcin\u0101tu izskatu. Zem galda virsmas ir divas ietilp\u012bgas uzglab\u0101\u0161anas atvilktnes, kas pal\u012bdz\u0113s sak\u0101rtot telpu un glab\u0101t pie rokas s\u012bkus priek\u0161metus. Galds pied\u0101v\u0101 \u0113rtu vietu dz\u0113rienu, gr\u0101matu un dekorat\u012bvu priek\u0161metu novieto\u0161anai, radot komforta un stila atmosf\u0113ru j\u016bsu m\u0101j\u0101s.<\/p>\n<p>Izm\u0113rs: 120\u00d760\u00d740 cm. Materi\u0101ls: koks, met\u0101ls.<\/p>\n","protected":false},"excerpt":{"rendered":"<p>\u0160is m\u016bsdien\u012bgais kafijas galdi\u0146\u0161 apvieno stilu un funkcionalit\u0101ti, lieliski iek\u013caujoties jebkur\u0101 interjer\u0101. Galda virsma ir izgatavota no augstas kvalit\u0101tes materi\u0101la, un met\u0101la k\u0101jas&#8230;<\/p>\n","protected":false},"featured_media":10711,"comment_status":"open","ping_status":"closed","template":"","meta":[],"product_brand":[],"product_cat":[2963,5640],"product_tag":[],"class_list":{"0":"post-38761","1":"product","2":"type-product","3":"status-publish","4":"has-post-thumbnail","6":"product_cat-tv-stativi-un-izklaides-centri-kratuve-2","7":"product_cat-tv-stativi-un-izklaides-centri-kratuve-2-5","9":"first","10":"instock","11":"shipping-taxable","12":"purchasable","13":"product-type-simple"},"yoast_head":"<!-- This site is optimized with the Yoast SEO plugin v26.0 - https:\/\/yoast.com\/wordpress\/plugins\/seo\/ -->\n<title>Kafijas galdi\u0146\u0161<\/title>\n<meta name=\"description\" content=\"\u0160is m\u016bsdien\u012bgais kafijas galdi\u0146\u0161 apvieno stilu un funkcionalit\u0101ti, lieliski iek\u013caujoties jebkur\u0101 interjer\u0101. Galda virsma ir izgatavota no augstas kvalit\u0101tes materi\u0101la, un met\u0101la k\u0101jas...\" \/>\n<meta name=\"robots\" content=\"index, follow, max-snippet:-1, max-image-preview:large, max-video-preview:-1\" \/>\n<link rel=\"canonical\" href=\"https:\/\/brilune.eu\/lv\/product\/kafijas-galdins-8\/\" \/>\n<meta property=\"og:locale\" content=\"lv_LV\" \/>\n<meta property=\"og:type\" content=\"article\" \/>\n<meta property=\"og:title\" content=\"Kafijas galdi\u0146\u0161\" \/>\n<meta property=\"og:description\" content=\"\u0160is m\u016bsdien\u012bgais kafijas galdi\u0146\u0161 apvieno stilu un funkcionalit\u0101ti, lieliski iek\u013caujoties jebkur\u0101 interjer\u0101. Galda virsma ir izgatavota no augstas kvalit\u0101tes materi\u0101la, un met\u0101la k\u0101jas...\" \/>\n<meta property=\"og:url\" content=\"https:\/\/brilune.eu\/lv\/product\/kafijas-galdins-8\/\" \/>\n<meta property=\"og:site_name\" content=\"Brilune\" \/>\n<meta property=\"article:modified_time\" content=\"2025-02-19T11:30:09+00:00\" \/>\n<meta property=\"og:image\" content=\"https:\/\/brilune.eu\/wp-content\/uploads\/2025\/01\/14534660.png\" \/>\n\t<meta property=\"og:image:width\" content=\"800\" \/>\n\t<meta property=\"og:image:height\" content=\"800\" \/>\n\t<meta property=\"og:image:type\" content=\"image\/png\" \/>\n<meta name=\"twitter:card\" content=\"summary_large_image\" \/>\n<meta name=\"twitter:label1\" content=\"Est. reading time\" \/>\n\t<meta name=\"twitter:data1\" content=\"1 minute\" \/>\n<script type=\"application\/ld+json\" class=\"yoast-schema-graph\">{\"@context\":\"https:\/\/schema.org\",\"@graph\":[{\"@type\":\"WebPage\",\"@id\":\"https:\/\/brilune.eu\/lv\/product\/kafijas-galdins-8\/\",\"url\":\"https:\/\/brilune.eu\/lv\/product\/kafijas-galdins-8\/\",\"name\":\"Kafijas galdi\u0146\u0161\",\"isPartOf\":{\"@id\":\"https:\/\/brilune.eu\/lv\/#website\"},\"primaryImageOfPage\":{\"@id\":\"https:\/\/brilune.eu\/lv\/product\/kafijas-galdins-8\/#primaryimage\"},\"image\":{\"@id\":\"https:\/\/brilune.eu\/lv\/product\/kafijas-galdins-8\/#primaryimage\"},\"thumbnailUrl\":\"https:\/\/brilune.eu\/wp-content\/uploads\/2025\/01\/14534660.png\",\"datePublished\":\"2025-02-19T11:03:16+00:00\",\"dateModified\":\"2025-02-19T11:30:09+00:00\",\"description\":\"\u0160is m\u016bsdien\u012bgais kafijas galdi\u0146\u0161 apvieno stilu un funkcionalit\u0101ti, lieliski iek\u013caujoties jebkur\u0101 interjer\u0101. Galda virsma ir izgatavota no augstas kvalit\u0101tes materi\u0101la, un met\u0101la k\u0101jas...\",\"breadcrumb\":{\"@id\":\"https:\/\/brilune.eu\/lv\/product\/kafijas-galdins-8\/#breadcrumb\"},\"inLanguage\":\"lv-LV\",\"potentialAction\":[{\"@type\":\"ReadAction\",\"target\":[\"https:\/\/brilune.eu\/lv\/product\/kafijas-galdins-8\/\"]}]},{\"@type\":\"ImageObject\",\"inLanguage\":\"lv-LV\",\"@id\":\"https:\/\/brilune.eu\/lv\/product\/kafijas-galdins-8\/#primaryimage\",\"url\":\"https:\/\/brilune.eu\/wp-content\/uploads\/2025\/01\/14534660.png\",\"contentUrl\":\"https:\/\/brilune.eu\/wp-content\/uploads\/2025\/01\/14534660.png\",\"width\":800,\"height\":800},{\"@type\":\"BreadcrumbList\",\"@id\":\"https:\/\/brilune.eu\/lv\/product\/kafijas-galdins-8\/#breadcrumb\",\"itemListElement\":[{\"@type\":\"ListItem\",\"position\":1,\"name\":\"S\u0101kums\",\"item\":\"https:\/\/brilune.eu\/lv\/brilune-mebeles\/\"},{\"@type\":\"ListItem\",\"position\":2,\"name\":\"Visi produkti\",\"item\":\"https:\/\/brilune.eu\/lv\/shop\/\"},{\"@type\":\"ListItem\",\"position\":3,\"name\":\"Kafijas galdi\u0146\u0161\"}]},{\"@type\":\"WebSite\",\"@id\":\"https:\/\/brilune.eu\/lv\/#website\",\"url\":\"https:\/\/brilune.eu\/lv\/\",\"name\":\"Brilune\",\"description\":\"M\u0113s pied\u0101v\u0101jam unik\u0101lus un nebiju\u0161us dizainus, kas apvieno eleganci, funkcionalit\u0101ti un rado\u0161umu.\",\"potentialAction\":[{\"@type\":\"SearchAction\",\"target\":{\"@type\":\"EntryPoint\",\"urlTemplate\":\"https:\/\/brilune.eu\/lv\/?s={search_term_string}\"},\"query-input\":{\"@type\":\"PropertyValueSpecification\",\"valueRequired\":true,\"valueName\":\"search_term_string\"}}],\"inLanguage\":\"lv-LV\"}]}<\/script>\n<!-- \/ Yoast SEO plugin. -->","yoast_head_json":{"title":"Kafijas galdi\u0146\u0161","description":"\u0160is m\u016bsdien\u012bgais kafijas galdi\u0146\u0161 apvieno stilu un funkcionalit\u0101ti, lieliski iek\u013caujoties jebkur\u0101 interjer\u0101. Galda virsma ir izgatavota no augstas kvalit\u0101tes materi\u0101la, un met\u0101la k\u0101jas...","robots":{"index":"index","follow":"follow","max-snippet":"max-snippet:-1","max-image-preview":"max-image-preview:large","max-video-preview":"max-video-preview:-1"},"canonical":"https:\/\/brilune.eu\/lv\/product\/kafijas-galdins-8\/","og_locale":"lv_LV","og_type":"article","og_title":"Kafijas galdi\u0146\u0161","og_description":"\u0160is m\u016bsdien\u012bgais kafijas galdi\u0146\u0161 apvieno stilu un funkcionalit\u0101ti, lieliski iek\u013caujoties jebkur\u0101 interjer\u0101. Galda virsma ir izgatavota no augstas kvalit\u0101tes materi\u0101la, un met\u0101la k\u0101jas...","og_url":"https:\/\/brilune.eu\/lv\/product\/kafijas-galdins-8\/","og_site_name":"Brilune","article_modified_time":"2025-02-19T11:30:09+00:00","og_image":[{"width":800,"height":800,"url":"https:\/\/brilune.eu\/wp-content\/uploads\/2025\/01\/14534660.png","type":"image\/png"}],"twitter_card":"summary_large_image","twitter_misc":{"Est. reading time":"1 minute"},"schema":{"@context":"https:\/\/schema.org","@graph":[{"@type":"WebPage","@id":"https:\/\/brilune.eu\/lv\/product\/kafijas-galdins-8\/","url":"https:\/\/brilune.eu\/lv\/product\/kafijas-galdins-8\/","name":"Kafijas galdi\u0146\u0161","isPartOf":{"@id":"https:\/\/brilune.eu\/lv\/#website"},"primaryImageOfPage":{"@id":"https:\/\/brilune.eu\/lv\/product\/kafijas-galdins-8\/#primaryimage"},"image":{"@id":"https:\/\/brilune.eu\/lv\/product\/kafijas-galdins-8\/#primaryimage"},"thumbnailUrl":"https:\/\/brilune.eu\/wp-content\/uploads\/2025\/01\/14534660.png","datePublished":"2025-02-19T11:03:16+00:00","dateModified":"2025-02-19T11:30:09+00:00","description":"\u0160is m\u016bsdien\u012bgais kafijas galdi\u0146\u0161 apvieno stilu un funkcionalit\u0101ti, lieliski iek\u013caujoties jebkur\u0101 interjer\u0101. Galda virsma ir izgatavota no augstas kvalit\u0101tes materi\u0101la, un met\u0101la k\u0101jas...","breadcrumb":{"@id":"https:\/\/brilune.eu\/lv\/product\/kafijas-galdins-8\/#breadcrumb"},"inLanguage":"lv-LV","potentialAction":[{"@type":"ReadAction","target":["https:\/\/brilune.eu\/lv\/product\/kafijas-galdins-8\/"]}]},{"@type":"ImageObject","inLanguage":"lv-LV","@id":"https:\/\/brilune.eu\/lv\/product\/kafijas-galdins-8\/#primaryimage","url":"https:\/\/brilune.eu\/wp-content\/uploads\/2025\/01\/14534660.png","contentUrl":"https:\/\/brilune.eu\/wp-content\/uploads\/2025\/01\/14534660.png","width":800,"height":800},{"@type":"BreadcrumbList","@id":"https:\/\/brilune.eu\/lv\/product\/kafijas-galdins-8\/#breadcrumb","itemListElement":[{"@type":"ListItem","position":1,"name":"S\u0101kums","item":"https:\/\/brilune.eu\/lv\/brilune-mebeles\/"},{"@type":"ListItem","position":2,"name":"Visi produkti","item":"https:\/\/brilune.eu\/lv\/shop\/"},{"@type":"ListItem","position":3,"name":"Kafijas galdi\u0146\u0161"}]},{"@type":"WebSite","@id":"https:\/\/brilune.eu\/lv\/#website","url":"https:\/\/brilune.eu\/lv\/","name":"Brilune","description":"M\u0113s pied\u0101v\u0101jam unik\u0101lus un nebiju\u0161us dizainus, kas apvieno eleganci, funkcionalit\u0101ti un rado\u0161umu.","potentialAction":[{"@type":"SearchAction","target":{"@type":"EntryPoint","urlTemplate":"https:\/\/brilune.eu\/lv\/?s={search_term_string}"},"query-input":{"@type":"PropertyValueSpecification","valueRequired":true,"valueName":"search_term_string"}}],"inLanguage":"lv-LV"}]}},"jetpack_sharing_enabled":true,"_links":{"self":[{"href":"https:\/\/brilune.eu\/lv\/wp-json\/wp\/v2\/product\/38761","targetHints":{"allow":["GET"]}}],"collection":[{"href":"https:\/\/brilune.eu\/lv\/wp-json\/wp\/v2\/product"}],"about":[{"href":"https:\/\/brilune.eu\/lv\/wp-json\/wp\/v2\/types\/product"}],"replies":[{"embeddable":true,"href":"https:\/\/brilune.eu\/lv\/wp-json\/wp\/v2\/comments?post=38761"}],"version-history":[{"count":1,"href":"https:\/\/brilune.eu\/lv\/wp-json\/wp\/v2\/product\/38761\/revisions"}],"predecessor-version":[{"id":38803,"href":"https:\/\/brilune.eu\/lv\/wp-json\/wp\/v2\/product\/38761\/revisions\/38803"}],"wp:featuredmedia":[{"embeddable":true,"href":"https:\/\/brilune.eu\/lv\/wp-json\/wp\/v2\/media\/10711"}],"wp:attachment":[{"href":"https:\/\/brilune.eu\/lv\/wp-json\/wp\/v2\/media?parent=38761"}],"wp:term":[{"taxonomy":"product_brand","embeddable":true,"href":"https:\/\/brilune.eu\/lv\/wp-json\/wp\/v2\/product_brand?post=38761"},{"taxonomy":"product_cat","embeddable":true,"href":"https:\/\/brilune.eu\/lv\/wp-json\/wp\/v2\/product_cat?post=38761"},{"taxonomy":"product_tag","embeddable":true,"href":"https:\/\/brilune.eu\/lv\/wp-json\/wp\/v2\/product_tag?post=38761"}],"curies":[{"name":"wp","href":"https:\/\/api.w.org\/{rel}","templated":true}]}}