{"id":38747,"date":"2025-02-19T13:02:52","date_gmt":"2025-02-19T11:02:52","guid":{"rendered":"https:\/\/brilune.eu\/?post_type=product&#038;p=38747"},"modified":"2025-02-19T13:30:08","modified_gmt":"2025-02-19T11:30:08","slug":"tv-stativs-2","status":"publish","type":"product","link":"https:\/\/brilune.eu\/lv\/product\/tv-stativs-2\/","title":{"rendered":"TV stat\u012bvs"},"content":{"rendered":"<p>\u0160is elegantais gadsimta vidus modernais TV stat\u012bvs ir ide\u0101ls j\u016bsu interjera papildin\u0101jums. Izgatavots no koka ar skaistu \u0137ir\u0161u apdari, tas apvieno stilu un funkcionalit\u0101ti. Skapis pied\u0101v\u0101 divus \u0113rtus uzglab\u0101\u0161anas skapjus, k\u0101 ar\u012b atv\u0113rtus plauktus, kas ir ide\u0101li piem\u0113roti multimediju apr\u012bkojuma un piederumu ekspon\u0113\u0161anai. Kabe\u013cu vad\u012bba nodro\u0161ina gl\u012btu izskatu, savuk\u0101rt m\u016bsdien\u012bgais dizains pie\u0161\u0137ir j\u016bsu telpai izsmalcin\u0101t\u012bbu. \u0160\u012b m\u0113bele ne tikai izdai\u013cos j\u016bsu istabu, bet ar\u012b b\u016bs praktisks uzglab\u0101\u0161anas risin\u0101jums.<\/p>\n<p>Izm\u0113rs: 200\u00d740\u00d758 cm. Materi\u0101ls: koks.<\/p>\n","protected":false},"excerpt":{"rendered":"<p>\u0160is elegantais gadsimta vidus modernais TV stat\u012bvs ir ide\u0101ls j\u016bsu interjera papildin\u0101jums. Izgatavots no koka ar skaistu \u0137ir\u0161u apdari, tas apvieno stilu un funkcionalit\u0101ti&#8230;<\/p>\n","protected":false},"featured_media":10711,"comment_status":"open","ping_status":"closed","template":"","meta":[],"product_brand":[],"product_cat":[2963,5640],"product_tag":[],"class_list":{"0":"post-38747","1":"product","2":"type-product","3":"status-publish","4":"has-post-thumbnail","6":"product_cat-tv-stativi-un-izklaides-centri-kratuve-2","7":"product_cat-tv-stativi-un-izklaides-centri-kratuve-2-5","9":"first","10":"instock","11":"shipping-taxable","12":"purchasable","13":"product-type-simple"},"yoast_head":"<!-- This site is optimized with the Yoast SEO plugin v26.0 - https:\/\/yoast.com\/wordpress\/plugins\/seo\/ -->\n<title>TV stat\u012bvs<\/title>\n<meta name=\"description\" content=\"\u0160is elegantais gadsimta vidus modernais TV stat\u012bvs ir ide\u0101ls j\u016bsu interjera papildin\u0101jums. Izgatavots no koka ar skaistu \u0137ir\u0161u apdari, tas apvieno stilu un funkcionalit\u0101ti...\" \/>\n<meta name=\"robots\" content=\"index, follow, max-snippet:-1, max-image-preview:large, max-video-preview:-1\" \/>\n<link rel=\"canonical\" href=\"https:\/\/brilune.eu\/lv\/product\/tv-stativs-2\/\" \/>\n<meta property=\"og:locale\" content=\"lv_LV\" \/>\n<meta property=\"og:type\" content=\"article\" \/>\n<meta property=\"og:title\" content=\"TV stat\u012bvs\" \/>\n<meta property=\"og:description\" content=\"\u0160is elegantais gadsimta vidus modernais TV stat\u012bvs ir ide\u0101ls j\u016bsu interjera papildin\u0101jums. Izgatavots no koka ar skaistu \u0137ir\u0161u apdari, tas apvieno stilu un funkcionalit\u0101ti...\" \/>\n<meta property=\"og:url\" content=\"https:\/\/brilune.eu\/lv\/product\/tv-stativs-2\/\" \/>\n<meta property=\"og:site_name\" content=\"Brilune\" \/>\n<meta property=\"article:modified_time\" content=\"2025-02-19T11:30:08+00:00\" \/>\n<meta property=\"og:image\" content=\"https:\/\/brilune.eu\/wp-content\/uploads\/2025\/01\/14534660.png\" \/>\n\t<meta property=\"og:image:width\" content=\"800\" \/>\n\t<meta property=\"og:image:height\" content=\"800\" \/>\n\t<meta property=\"og:image:type\" content=\"image\/png\" \/>\n<meta name=\"twitter:card\" content=\"summary_large_image\" \/>\n<meta name=\"twitter:label1\" content=\"Est. reading time\" \/>\n\t<meta name=\"twitter:data1\" content=\"1 minute\" \/>\n<script type=\"application\/ld+json\" class=\"yoast-schema-graph\">{\"@context\":\"https:\/\/schema.org\",\"@graph\":[{\"@type\":\"WebPage\",\"@id\":\"https:\/\/brilune.eu\/lv\/product\/tv-stativs-2\/\",\"url\":\"https:\/\/brilune.eu\/lv\/product\/tv-stativs-2\/\",\"name\":\"TV stat\u012bvs\",\"isPartOf\":{\"@id\":\"https:\/\/brilune.eu\/lv\/#website\"},\"primaryImageOfPage\":{\"@id\":\"https:\/\/brilune.eu\/lv\/product\/tv-stativs-2\/#primaryimage\"},\"image\":{\"@id\":\"https:\/\/brilune.eu\/lv\/product\/tv-stativs-2\/#primaryimage\"},\"thumbnailUrl\":\"https:\/\/brilune.eu\/wp-content\/uploads\/2025\/01\/14534660.png\",\"datePublished\":\"2025-02-19T11:02:52+00:00\",\"dateModified\":\"2025-02-19T11:30:08+00:00\",\"description\":\"\u0160is elegantais gadsimta vidus modernais TV stat\u012bvs ir ide\u0101ls j\u016bsu interjera papildin\u0101jums. Izgatavots no koka ar skaistu \u0137ir\u0161u apdari, tas apvieno stilu un funkcionalit\u0101ti...\",\"breadcrumb\":{\"@id\":\"https:\/\/brilune.eu\/lv\/product\/tv-stativs-2\/#breadcrumb\"},\"inLanguage\":\"lv-LV\",\"potentialAction\":[{\"@type\":\"ReadAction\",\"target\":[\"https:\/\/brilune.eu\/lv\/product\/tv-stativs-2\/\"]}]},{\"@type\":\"ImageObject\",\"inLanguage\":\"lv-LV\",\"@id\":\"https:\/\/brilune.eu\/lv\/product\/tv-stativs-2\/#primaryimage\",\"url\":\"https:\/\/brilune.eu\/wp-content\/uploads\/2025\/01\/14534660.png\",\"contentUrl\":\"https:\/\/brilune.eu\/wp-content\/uploads\/2025\/01\/14534660.png\",\"width\":800,\"height\":800},{\"@type\":\"BreadcrumbList\",\"@id\":\"https:\/\/brilune.eu\/lv\/product\/tv-stativs-2\/#breadcrumb\",\"itemListElement\":[{\"@type\":\"ListItem\",\"position\":1,\"name\":\"S\u0101kums\",\"item\":\"https:\/\/brilune.eu\/lv\/brilune-mebeles\/\"},{\"@type\":\"ListItem\",\"position\":2,\"name\":\"Visi produkti\",\"item\":\"https:\/\/brilune.eu\/lv\/shop\/\"},{\"@type\":\"ListItem\",\"position\":3,\"name\":\"TV stat\u012bvs\"}]},{\"@type\":\"WebSite\",\"@id\":\"https:\/\/brilune.eu\/lv\/#website\",\"url\":\"https:\/\/brilune.eu\/lv\/\",\"name\":\"Brilune\",\"description\":\"M\u0113s pied\u0101v\u0101jam unik\u0101lus un nebiju\u0161us dizainus, kas apvieno eleganci, funkcionalit\u0101ti un rado\u0161umu.\",\"potentialAction\":[{\"@type\":\"SearchAction\",\"target\":{\"@type\":\"EntryPoint\",\"urlTemplate\":\"https:\/\/brilune.eu\/lv\/?s={search_term_string}\"},\"query-input\":{\"@type\":\"PropertyValueSpecification\",\"valueRequired\":true,\"valueName\":\"search_term_string\"}}],\"inLanguage\":\"lv-LV\"}]}<\/script>\n<!-- \/ Yoast SEO plugin. -->","yoast_head_json":{"title":"TV stat\u012bvs","description":"\u0160is elegantais gadsimta vidus modernais TV stat\u012bvs ir ide\u0101ls j\u016bsu interjera papildin\u0101jums. Izgatavots no koka ar skaistu \u0137ir\u0161u apdari, tas apvieno stilu un funkcionalit\u0101ti...","robots":{"index":"index","follow":"follow","max-snippet":"max-snippet:-1","max-image-preview":"max-image-preview:large","max-video-preview":"max-video-preview:-1"},"canonical":"https:\/\/brilune.eu\/lv\/product\/tv-stativs-2\/","og_locale":"lv_LV","og_type":"article","og_title":"TV stat\u012bvs","og_description":"\u0160is elegantais gadsimta vidus modernais TV stat\u012bvs ir ide\u0101ls j\u016bsu interjera papildin\u0101jums. Izgatavots no koka ar skaistu \u0137ir\u0161u apdari, tas apvieno stilu un funkcionalit\u0101ti...","og_url":"https:\/\/brilune.eu\/lv\/product\/tv-stativs-2\/","og_site_name":"Brilune","article_modified_time":"2025-02-19T11:30:08+00:00","og_image":[{"width":800,"height":800,"url":"https:\/\/brilune.eu\/wp-content\/uploads\/2025\/01\/14534660.png","type":"image\/png"}],"twitter_card":"summary_large_image","twitter_misc":{"Est. reading time":"1 minute"},"schema":{"@context":"https:\/\/schema.org","@graph":[{"@type":"WebPage","@id":"https:\/\/brilune.eu\/lv\/product\/tv-stativs-2\/","url":"https:\/\/brilune.eu\/lv\/product\/tv-stativs-2\/","name":"TV stat\u012bvs","isPartOf":{"@id":"https:\/\/brilune.eu\/lv\/#website"},"primaryImageOfPage":{"@id":"https:\/\/brilune.eu\/lv\/product\/tv-stativs-2\/#primaryimage"},"image":{"@id":"https:\/\/brilune.eu\/lv\/product\/tv-stativs-2\/#primaryimage"},"thumbnailUrl":"https:\/\/brilune.eu\/wp-content\/uploads\/2025\/01\/14534660.png","datePublished":"2025-02-19T11:02:52+00:00","dateModified":"2025-02-19T11:30:08+00:00","description":"\u0160is elegantais gadsimta vidus modernais TV stat\u012bvs ir ide\u0101ls j\u016bsu interjera papildin\u0101jums. Izgatavots no koka ar skaistu \u0137ir\u0161u apdari, tas apvieno stilu un funkcionalit\u0101ti...","breadcrumb":{"@id":"https:\/\/brilune.eu\/lv\/product\/tv-stativs-2\/#breadcrumb"},"inLanguage":"lv-LV","potentialAction":[{"@type":"ReadAction","target":["https:\/\/brilune.eu\/lv\/product\/tv-stativs-2\/"]}]},{"@type":"ImageObject","inLanguage":"lv-LV","@id":"https:\/\/brilune.eu\/lv\/product\/tv-stativs-2\/#primaryimage","url":"https:\/\/brilune.eu\/wp-content\/uploads\/2025\/01\/14534660.png","contentUrl":"https:\/\/brilune.eu\/wp-content\/uploads\/2025\/01\/14534660.png","width":800,"height":800},{"@type":"BreadcrumbList","@id":"https:\/\/brilune.eu\/lv\/product\/tv-stativs-2\/#breadcrumb","itemListElement":[{"@type":"ListItem","position":1,"name":"S\u0101kums","item":"https:\/\/brilune.eu\/lv\/brilune-mebeles\/"},{"@type":"ListItem","position":2,"name":"Visi produkti","item":"https:\/\/brilune.eu\/lv\/shop\/"},{"@type":"ListItem","position":3,"name":"TV stat\u012bvs"}]},{"@type":"WebSite","@id":"https:\/\/brilune.eu\/lv\/#website","url":"https:\/\/brilune.eu\/lv\/","name":"Brilune","description":"M\u0113s pied\u0101v\u0101jam unik\u0101lus un nebiju\u0161us dizainus, kas apvieno eleganci, funkcionalit\u0101ti un rado\u0161umu.","potentialAction":[{"@type":"SearchAction","target":{"@type":"EntryPoint","urlTemplate":"https:\/\/brilune.eu\/lv\/?s={search_term_string}"},"query-input":{"@type":"PropertyValueSpecification","valueRequired":true,"valueName":"search_term_string"}}],"inLanguage":"lv-LV"}]}},"jetpack_sharing_enabled":true,"_links":{"self":[{"href":"https:\/\/brilune.eu\/lv\/wp-json\/wp\/v2\/product\/38747","targetHints":{"allow":["GET"]}}],"collection":[{"href":"https:\/\/brilune.eu\/lv\/wp-json\/wp\/v2\/product"}],"about":[{"href":"https:\/\/brilune.eu\/lv\/wp-json\/wp\/v2\/types\/product"}],"replies":[{"embeddable":true,"href":"https:\/\/brilune.eu\/lv\/wp-json\/wp\/v2\/comments?post=38747"}],"version-history":[{"count":1,"href":"https:\/\/brilune.eu\/lv\/wp-json\/wp\/v2\/product\/38747\/revisions"}],"predecessor-version":[{"id":38800,"href":"https:\/\/brilune.eu\/lv\/wp-json\/wp\/v2\/product\/38747\/revisions\/38800"}],"wp:featuredmedia":[{"embeddable":true,"href":"https:\/\/brilune.eu\/lv\/wp-json\/wp\/v2\/media\/10711"}],"wp:attachment":[{"href":"https:\/\/brilune.eu\/lv\/wp-json\/wp\/v2\/media?parent=38747"}],"wp:term":[{"taxonomy":"product_brand","embeddable":true,"href":"https:\/\/brilune.eu\/lv\/wp-json\/wp\/v2\/product_brand?post=38747"},{"taxonomy":"product_cat","embeddable":true,"href":"https:\/\/brilune.eu\/lv\/wp-json\/wp\/v2\/product_cat?post=38747"},{"taxonomy":"product_tag","embeddable":true,"href":"https:\/\/brilune.eu\/lv\/wp-json\/wp\/v2\/product_tag?post=38747"}],"curies":[{"name":"wp","href":"https:\/\/api.w.org\/{rel}","templated":true}]}}