{"id":38744,"date":"2025-02-19T13:02:51","date_gmt":"2025-02-19T11:02:51","guid":{"rendered":"https:\/\/brilune.eu\/?post_type=product&#038;p=38744"},"modified":"2025-02-19T13:30:07","modified_gmt":"2025-02-19T11:30:07","slug":"tv-stativs","status":"publish","type":"product","link":"https:\/\/brilune.eu\/lv\/product\/tv-stativs\/","title":{"rendered":"TV stat\u012bvs"},"content":{"rendered":"<p>\u0160aj\u0101 m\u016bsdien\u012bgaj\u0101 naktsgaldi\u0146\u0101 ir apvienots stils un funkcionalit\u0101te, nodro\u0161inot daudz vietas glab\u0101\u0161anai, neb\u016bdams p\u0101r\u0101k dekorat\u012bvs. Izgatavots no kvalitat\u012bva koka, tas ir apr\u012bkots ar \u010detriem pla\u0161iem skapjiem, kas pal\u012bdz sak\u0101rtot lietas, vienlaikus saglab\u0101jot gl\u012btu izskatu dz\u012bvojam\u0101 istab\u0101. Plaukti iek\u0161pus\u0113 ir regul\u0113jami augstum\u0101, kas \u013cauj \u0113rti piel\u0101got telpu da\u017e\u0101d\u0101m vajadz\u012bb\u0101m. Balt\u0101 skapja vienk\u0101r\u0161ais un lakoniskais dizains lieliski iederas modernos interjeros, pie\u0161\u0137irot tiem elegantu vieglumu. Izm\u0113ri: 200\u00d740\u00d756 cm. Materi\u0101ls: koks.<\/p>\n","protected":false},"excerpt":{"rendered":"<p>\u0160aj\u0101 m\u016bsdien\u012bgaj\u0101 naktsgaldi\u0146\u0101 ir apvienots stils un funkcionalit\u0101te, nodro\u0161inot daudz vietas glab\u0101\u0161anai, neb\u016bdams p\u0101r\u0101k dekorat\u012bvs. Izgatavots no kvalitat\u012bva koka, tas ir l\u012bdzv\u0113rt\u012bgs&#8230;<\/p>\n","protected":false},"featured_media":10686,"comment_status":"open","ping_status":"closed","template":"","meta":[],"product_brand":[],"product_cat":[2963,5640],"product_tag":[],"class_list":{"0":"post-38744","1":"product","2":"type-product","3":"status-publish","4":"has-post-thumbnail","6":"product_cat-tv-stativi-un-izklaides-centri-kratuve-2","7":"product_cat-tv-stativi-un-izklaides-centri-kratuve-2-5","9":"first","10":"instock","11":"shipping-taxable","12":"purchasable","13":"product-type-simple"},"yoast_head":"<!-- This site is optimized with the Yoast SEO plugin v26.0 - https:\/\/yoast.com\/wordpress\/plugins\/seo\/ -->\n<title>TV stat\u012bvs<\/title>\n<meta name=\"description\" content=\"\u0160aj\u0101 m\u016bsdien\u012bgaj\u0101 naktsgaldi\u0146\u0101 ir apvienots stils un funkcionalit\u0101te, nodro\u0161inot daudz vietas glab\u0101\u0161anai, neb\u016bdams p\u0101r\u0101k dekorat\u012bvs. Izgatavots no kvalitat\u012bva koka, tas ir l\u012bdzv\u0113rt\u012bgs...\" \/>\n<meta name=\"robots\" content=\"index, follow, max-snippet:-1, max-image-preview:large, max-video-preview:-1\" \/>\n<link rel=\"canonical\" href=\"https:\/\/brilune.eu\/lv\/product\/tv-stativs\/\" \/>\n<meta property=\"og:locale\" content=\"lv_LV\" \/>\n<meta property=\"og:type\" content=\"article\" \/>\n<meta property=\"og:title\" content=\"TV stat\u012bvs\" \/>\n<meta property=\"og:description\" content=\"\u0160aj\u0101 m\u016bsdien\u012bgaj\u0101 naktsgaldi\u0146\u0101 ir apvienots stils un funkcionalit\u0101te, nodro\u0161inot daudz vietas glab\u0101\u0161anai, neb\u016bdams p\u0101r\u0101k dekorat\u012bvs. Izgatavots no kvalitat\u012bva koka, tas ir l\u012bdzv\u0113rt\u012bgs...\" \/>\n<meta property=\"og:url\" content=\"https:\/\/brilune.eu\/lv\/product\/tv-stativs\/\" \/>\n<meta property=\"og:site_name\" content=\"Brilune\" \/>\n<meta property=\"article:modified_time\" content=\"2025-02-19T11:30:07+00:00\" \/>\n<meta property=\"og:image\" content=\"https:\/\/brilune.eu\/wp-content\/uploads\/2025\/01\/14545766.png\" \/>\n\t<meta property=\"og:image:width\" content=\"800\" \/>\n\t<meta property=\"og:image:height\" content=\"800\" \/>\n\t<meta property=\"og:image:type\" content=\"image\/png\" \/>\n<meta name=\"twitter:card\" content=\"summary_large_image\" \/>\n<script type=\"application\/ld+json\" class=\"yoast-schema-graph\">{\"@context\":\"https:\/\/schema.org\",\"@graph\":[{\"@type\":\"WebPage\",\"@id\":\"https:\/\/brilune.eu\/lv\/product\/tv-stativs\/\",\"url\":\"https:\/\/brilune.eu\/lv\/product\/tv-stativs\/\",\"name\":\"TV stat\u012bvs\",\"isPartOf\":{\"@id\":\"https:\/\/brilune.eu\/lv\/#website\"},\"primaryImageOfPage\":{\"@id\":\"https:\/\/brilune.eu\/lv\/product\/tv-stativs\/#primaryimage\"},\"image\":{\"@id\":\"https:\/\/brilune.eu\/lv\/product\/tv-stativs\/#primaryimage\"},\"thumbnailUrl\":\"https:\/\/brilune.eu\/wp-content\/uploads\/2025\/01\/14545766.png\",\"datePublished\":\"2025-02-19T11:02:51+00:00\",\"dateModified\":\"2025-02-19T11:30:07+00:00\",\"description\":\"\u0160aj\u0101 m\u016bsdien\u012bgaj\u0101 naktsgaldi\u0146\u0101 ir apvienots stils un funkcionalit\u0101te, nodro\u0161inot daudz vietas glab\u0101\u0161anai, neb\u016bdams p\u0101r\u0101k dekorat\u012bvs. Izgatavots no kvalitat\u012bva koka, tas ir l\u012bdzv\u0113rt\u012bgs...\",\"breadcrumb\":{\"@id\":\"https:\/\/brilune.eu\/lv\/product\/tv-stativs\/#breadcrumb\"},\"inLanguage\":\"lv-LV\",\"potentialAction\":[{\"@type\":\"ReadAction\",\"target\":[\"https:\/\/brilune.eu\/lv\/product\/tv-stativs\/\"]}]},{\"@type\":\"ImageObject\",\"inLanguage\":\"lv-LV\",\"@id\":\"https:\/\/brilune.eu\/lv\/product\/tv-stativs\/#primaryimage\",\"url\":\"https:\/\/brilune.eu\/wp-content\/uploads\/2025\/01\/14545766.png\",\"contentUrl\":\"https:\/\/brilune.eu\/wp-content\/uploads\/2025\/01\/14545766.png\",\"width\":800,\"height\":800},{\"@type\":\"BreadcrumbList\",\"@id\":\"https:\/\/brilune.eu\/lv\/product\/tv-stativs\/#breadcrumb\",\"itemListElement\":[{\"@type\":\"ListItem\",\"position\":1,\"name\":\"S\u0101kums\",\"item\":\"https:\/\/brilune.eu\/lv\/brilune-mebeles\/\"},{\"@type\":\"ListItem\",\"position\":2,\"name\":\"Visi produkti\",\"item\":\"https:\/\/brilune.eu\/lv\/shop\/\"},{\"@type\":\"ListItem\",\"position\":3,\"name\":\"TV stat\u012bvs\"}]},{\"@type\":\"WebSite\",\"@id\":\"https:\/\/brilune.eu\/lv\/#website\",\"url\":\"https:\/\/brilune.eu\/lv\/\",\"name\":\"Brilune\",\"description\":\"M\u0113s pied\u0101v\u0101jam unik\u0101lus un nebiju\u0161us dizainus, kas apvieno eleganci, funkcionalit\u0101ti un rado\u0161umu.\",\"potentialAction\":[{\"@type\":\"SearchAction\",\"target\":{\"@type\":\"EntryPoint\",\"urlTemplate\":\"https:\/\/brilune.eu\/lv\/?s={search_term_string}\"},\"query-input\":{\"@type\":\"PropertyValueSpecification\",\"valueRequired\":true,\"valueName\":\"search_term_string\"}}],\"inLanguage\":\"lv-LV\"}]}<\/script>\n<!-- \/ Yoast SEO plugin. -->","yoast_head_json":{"title":"TV stat\u012bvs","description":"\u0160aj\u0101 m\u016bsdien\u012bgaj\u0101 naktsgaldi\u0146\u0101 ir apvienots stils un funkcionalit\u0101te, nodro\u0161inot daudz vietas glab\u0101\u0161anai, neb\u016bdams p\u0101r\u0101k dekorat\u012bvs. Izgatavots no kvalitat\u012bva koka, tas ir l\u012bdzv\u0113rt\u012bgs...","robots":{"index":"index","follow":"follow","max-snippet":"max-snippet:-1","max-image-preview":"max-image-preview:large","max-video-preview":"max-video-preview:-1"},"canonical":"https:\/\/brilune.eu\/lv\/product\/tv-stativs\/","og_locale":"lv_LV","og_type":"article","og_title":"TV stat\u012bvs","og_description":"\u0160aj\u0101 m\u016bsdien\u012bgaj\u0101 naktsgaldi\u0146\u0101 ir apvienots stils un funkcionalit\u0101te, nodro\u0161inot daudz vietas glab\u0101\u0161anai, neb\u016bdams p\u0101r\u0101k dekorat\u012bvs. Izgatavots no kvalitat\u012bva koka, tas ir l\u012bdzv\u0113rt\u012bgs...","og_url":"https:\/\/brilune.eu\/lv\/product\/tv-stativs\/","og_site_name":"Brilune","article_modified_time":"2025-02-19T11:30:07+00:00","og_image":[{"width":800,"height":800,"url":"https:\/\/brilune.eu\/wp-content\/uploads\/2025\/01\/14545766.png","type":"image\/png"}],"twitter_card":"summary_large_image","schema":{"@context":"https:\/\/schema.org","@graph":[{"@type":"WebPage","@id":"https:\/\/brilune.eu\/lv\/product\/tv-stativs\/","url":"https:\/\/brilune.eu\/lv\/product\/tv-stativs\/","name":"TV stat\u012bvs","isPartOf":{"@id":"https:\/\/brilune.eu\/lv\/#website"},"primaryImageOfPage":{"@id":"https:\/\/brilune.eu\/lv\/product\/tv-stativs\/#primaryimage"},"image":{"@id":"https:\/\/brilune.eu\/lv\/product\/tv-stativs\/#primaryimage"},"thumbnailUrl":"https:\/\/brilune.eu\/wp-content\/uploads\/2025\/01\/14545766.png","datePublished":"2025-02-19T11:02:51+00:00","dateModified":"2025-02-19T11:30:07+00:00","description":"\u0160aj\u0101 m\u016bsdien\u012bgaj\u0101 naktsgaldi\u0146\u0101 ir apvienots stils un funkcionalit\u0101te, nodro\u0161inot daudz vietas glab\u0101\u0161anai, neb\u016bdams p\u0101r\u0101k dekorat\u012bvs. Izgatavots no kvalitat\u012bva koka, tas ir l\u012bdzv\u0113rt\u012bgs...","breadcrumb":{"@id":"https:\/\/brilune.eu\/lv\/product\/tv-stativs\/#breadcrumb"},"inLanguage":"lv-LV","potentialAction":[{"@type":"ReadAction","target":["https:\/\/brilune.eu\/lv\/product\/tv-stativs\/"]}]},{"@type":"ImageObject","inLanguage":"lv-LV","@id":"https:\/\/brilune.eu\/lv\/product\/tv-stativs\/#primaryimage","url":"https:\/\/brilune.eu\/wp-content\/uploads\/2025\/01\/14545766.png","contentUrl":"https:\/\/brilune.eu\/wp-content\/uploads\/2025\/01\/14545766.png","width":800,"height":800},{"@type":"BreadcrumbList","@id":"https:\/\/brilune.eu\/lv\/product\/tv-stativs\/#breadcrumb","itemListElement":[{"@type":"ListItem","position":1,"name":"S\u0101kums","item":"https:\/\/brilune.eu\/lv\/brilune-mebeles\/"},{"@type":"ListItem","position":2,"name":"Visi produkti","item":"https:\/\/brilune.eu\/lv\/shop\/"},{"@type":"ListItem","position":3,"name":"TV stat\u012bvs"}]},{"@type":"WebSite","@id":"https:\/\/brilune.eu\/lv\/#website","url":"https:\/\/brilune.eu\/lv\/","name":"Brilune","description":"M\u0113s pied\u0101v\u0101jam unik\u0101lus un nebiju\u0161us dizainus, kas apvieno eleganci, funkcionalit\u0101ti un rado\u0161umu.","potentialAction":[{"@type":"SearchAction","target":{"@type":"EntryPoint","urlTemplate":"https:\/\/brilune.eu\/lv\/?s={search_term_string}"},"query-input":{"@type":"PropertyValueSpecification","valueRequired":true,"valueName":"search_term_string"}}],"inLanguage":"lv-LV"}]}},"jetpack_sharing_enabled":true,"_links":{"self":[{"href":"https:\/\/brilune.eu\/lv\/wp-json\/wp\/v2\/product\/38744","targetHints":{"allow":["GET"]}}],"collection":[{"href":"https:\/\/brilune.eu\/lv\/wp-json\/wp\/v2\/product"}],"about":[{"href":"https:\/\/brilune.eu\/lv\/wp-json\/wp\/v2\/types\/product"}],"replies":[{"embeddable":true,"href":"https:\/\/brilune.eu\/lv\/wp-json\/wp\/v2\/comments?post=38744"}],"version-history":[{"count":1,"href":"https:\/\/brilune.eu\/lv\/wp-json\/wp\/v2\/product\/38744\/revisions"}],"predecessor-version":[{"id":38797,"href":"https:\/\/brilune.eu\/lv\/wp-json\/wp\/v2\/product\/38744\/revisions\/38797"}],"wp:featuredmedia":[{"embeddable":true,"href":"https:\/\/brilune.eu\/lv\/wp-json\/wp\/v2\/media\/10686"}],"wp:attachment":[{"href":"https:\/\/brilune.eu\/lv\/wp-json\/wp\/v2\/media?parent=38744"}],"wp:term":[{"taxonomy":"product_brand","embeddable":true,"href":"https:\/\/brilune.eu\/lv\/wp-json\/wp\/v2\/product_brand?post=38744"},{"taxonomy":"product_cat","embeddable":true,"href":"https:\/\/brilune.eu\/lv\/wp-json\/wp\/v2\/product_cat?post=38744"},{"taxonomy":"product_tag","embeddable":true,"href":"https:\/\/brilune.eu\/lv\/wp-json\/wp\/v2\/product_tag?post=38744"}],"curies":[{"name":"wp","href":"https:\/\/api.w.org\/{rel}","templated":true}]}}