{"id":38724,"date":"2025-02-19T13:02:28","date_gmt":"2025-02-19T11:02:28","guid":{"rendered":"https:\/\/brilune.eu\/?post_type=product&#038;p=38724"},"modified":"2025-02-19T13:29:59","modified_gmt":"2025-02-19T11:29:59","slug":"dzivojamas-istabas-divans-3","status":"publish","type":"product","link":"https:\/\/brilune.eu\/lv\/product\/dzivojamas-istabas-divans-3\/","title":{"rendered":"Dz\u012bvojam\u0101s istabas d\u012bv\u0101ns"},"content":{"rendered":"<p>\u0160is izvelkamais d\u012bv\u0101ns ienes\u012bs j\u016bsu viesistab\u0101 stilu un eleganci, radot m\u0101j\u012bgu vietu atp\u016btai. Polster\u0113ts ar iztur\u012bgu \u017eakarda audumu gai\u0161\u0101s kr\u0101s\u0101s, tam ir m\u012bksti muguras spilveni, kas nodro\u0161ina \u0113rtu atbalstu. Sul\u012bgi roku balsti, kas pild\u012bti ar put\u0101m, pie\u0161\u0137ir komfortu, un melnas koka k\u0101jas pie\u0161\u0137ir d\u012bv\u0101nam modernu un gludu izskatu. Pateicoties sl\u0113ptajam atbalstam, konstrukcija izskat\u0101s viegla, ta\u010du ir iztur\u012bga un stabila. \u0160is d\u012bv\u0101ns ir lieliski piem\u0113rots gan liel\u0101m, gan maz\u0101m telp\u0101m, pie\u0161\u0137irot tam nedaudz izsmalcin\u0101t\u012bbas.<br \/>\nIzm\u0113rs: 200\u00d790\u00d785 cm. Materi\u0101li: \u017eakarda audums, koks.<\/p>\n","protected":false},"excerpt":{"rendered":"<p>\u0160is izvelkamais d\u012bv\u0101ns ienes\u012bs j\u016bsu viesistab\u0101 stilu un eleganci, radot m\u0101j\u012bgu vietu atp\u016btai. Polster\u0113ts ar iztur\u012bgu \u017eakarda audumu gai\u0161\u0101s kr\u0101s\u0101s,&#8230;<\/p>\n","protected":false},"featured_media":10655,"comment_status":"open","ping_status":"closed","template":"","meta":[],"product_brand":[],"product_cat":[1482,5638],"product_tag":[],"class_list":{"0":"post-38724","1":"product","2":"type-product","3":"status-publish","4":"has-post-thumbnail","6":"product_cat-divans","7":"product_cat-divans-divani-7-6","9":"first","10":"instock","11":"shipping-taxable","12":"purchasable","13":"product-type-simple"},"yoast_head":"<!-- This site is optimized with the Yoast SEO plugin v26.0 - https:\/\/yoast.com\/wordpress\/plugins\/seo\/ -->\n<title>Dz\u012bvojam\u0101s istabas d\u012bv\u0101ns<\/title>\n<meta name=\"description\" content=\"\u0160is izvelkamais d\u012bv\u0101ns ienes\u012bs j\u016bsu viesistab\u0101 stilu un eleganci, radot m\u0101j\u012bgu vietu atp\u016btai. Polster\u0113ts ar iztur\u012bgu \u017eakarda audumu gai\u0161\u0101s kr\u0101s\u0101s,...\" \/>\n<meta name=\"robots\" content=\"index, follow, max-snippet:-1, max-image-preview:large, max-video-preview:-1\" \/>\n<link rel=\"canonical\" href=\"https:\/\/brilune.eu\/lv\/product\/dzivojamas-istabas-divans-3\/\" \/>\n<meta property=\"og:locale\" content=\"lv_LV\" \/>\n<meta property=\"og:type\" content=\"article\" \/>\n<meta property=\"og:title\" content=\"Dz\u012bvojam\u0101s istabas d\u012bv\u0101ns\" \/>\n<meta property=\"og:description\" content=\"\u0160is izvelkamais d\u012bv\u0101ns ienes\u012bs j\u016bsu viesistab\u0101 stilu un eleganci, radot m\u0101j\u012bgu vietu atp\u016btai. Polster\u0113ts ar iztur\u012bgu \u017eakarda audumu gai\u0161\u0101s kr\u0101s\u0101s,...\" \/>\n<meta property=\"og:url\" content=\"https:\/\/brilune.eu\/lv\/product\/dzivojamas-istabas-divans-3\/\" \/>\n<meta property=\"og:site_name\" content=\"Brilune\" \/>\n<meta property=\"article:modified_time\" content=\"2025-02-19T11:29:59+00:00\" \/>\n<meta property=\"og:image\" content=\"https:\/\/brilune.eu\/wp-content\/uploads\/2025\/01\/13605206.jpg\" \/>\n\t<meta property=\"og:image:width\" content=\"800\" \/>\n\t<meta property=\"og:image:height\" content=\"800\" \/>\n\t<meta property=\"og:image:type\" content=\"image\/jpeg\" \/>\n<meta name=\"twitter:card\" content=\"summary_large_image\" \/>\n<meta name=\"twitter:label1\" content=\"Est. reading time\" \/>\n\t<meta name=\"twitter:data1\" content=\"1 minute\" \/>\n<script type=\"application\/ld+json\" class=\"yoast-schema-graph\">{\"@context\":\"https:\/\/schema.org\",\"@graph\":[{\"@type\":\"WebPage\",\"@id\":\"https:\/\/brilune.eu\/lv\/product\/dzivojamas-istabas-divans-3\/\",\"url\":\"https:\/\/brilune.eu\/lv\/product\/dzivojamas-istabas-divans-3\/\",\"name\":\"Dz\u012bvojam\u0101s istabas d\u012bv\u0101ns\",\"isPartOf\":{\"@id\":\"https:\/\/brilune.eu\/lv\/#website\"},\"primaryImageOfPage\":{\"@id\":\"https:\/\/brilune.eu\/lv\/product\/dzivojamas-istabas-divans-3\/#primaryimage\"},\"image\":{\"@id\":\"https:\/\/brilune.eu\/lv\/product\/dzivojamas-istabas-divans-3\/#primaryimage\"},\"thumbnailUrl\":\"https:\/\/brilune.eu\/wp-content\/uploads\/2025\/01\/13605206.jpg\",\"datePublished\":\"2025-02-19T11:02:28+00:00\",\"dateModified\":\"2025-02-19T11:29:59+00:00\",\"description\":\"\u0160is izvelkamais d\u012bv\u0101ns ienes\u012bs j\u016bsu viesistab\u0101 stilu un eleganci, radot m\u0101j\u012bgu vietu atp\u016btai. Polster\u0113ts ar iztur\u012bgu \u017eakarda audumu gai\u0161\u0101s kr\u0101s\u0101s,...\",\"breadcrumb\":{\"@id\":\"https:\/\/brilune.eu\/lv\/product\/dzivojamas-istabas-divans-3\/#breadcrumb\"},\"inLanguage\":\"lv-LV\",\"potentialAction\":[{\"@type\":\"ReadAction\",\"target\":[\"https:\/\/brilune.eu\/lv\/product\/dzivojamas-istabas-divans-3\/\"]}]},{\"@type\":\"ImageObject\",\"inLanguage\":\"lv-LV\",\"@id\":\"https:\/\/brilune.eu\/lv\/product\/dzivojamas-istabas-divans-3\/#primaryimage\",\"url\":\"https:\/\/brilune.eu\/wp-content\/uploads\/2025\/01\/13605206.jpg\",\"contentUrl\":\"https:\/\/brilune.eu\/wp-content\/uploads\/2025\/01\/13605206.jpg\",\"width\":800,\"height\":800},{\"@type\":\"BreadcrumbList\",\"@id\":\"https:\/\/brilune.eu\/lv\/product\/dzivojamas-istabas-divans-3\/#breadcrumb\",\"itemListElement\":[{\"@type\":\"ListItem\",\"position\":1,\"name\":\"S\u0101kums\",\"item\":\"https:\/\/brilune.eu\/lv\/brilune-mebeles\/\"},{\"@type\":\"ListItem\",\"position\":2,\"name\":\"Visi produkti\",\"item\":\"https:\/\/brilune.eu\/lv\/shop\/\"},{\"@type\":\"ListItem\",\"position\":3,\"name\":\"Dz\u012bvojam\u0101s istabas d\u012bv\u0101ns\"}]},{\"@type\":\"WebSite\",\"@id\":\"https:\/\/brilune.eu\/lv\/#website\",\"url\":\"https:\/\/brilune.eu\/lv\/\",\"name\":\"Brilune\",\"description\":\"M\u0113s pied\u0101v\u0101jam unik\u0101lus un nebiju\u0161us dizainus, kas apvieno eleganci, funkcionalit\u0101ti un rado\u0161umu.\",\"potentialAction\":[{\"@type\":\"SearchAction\",\"target\":{\"@type\":\"EntryPoint\",\"urlTemplate\":\"https:\/\/brilune.eu\/lv\/?s={search_term_string}\"},\"query-input\":{\"@type\":\"PropertyValueSpecification\",\"valueRequired\":true,\"valueName\":\"search_term_string\"}}],\"inLanguage\":\"lv-LV\"}]}<\/script>\n<!-- \/ Yoast SEO plugin. -->","yoast_head_json":{"title":"Dz\u012bvojam\u0101s istabas d\u012bv\u0101ns","description":"\u0160is izvelkamais d\u012bv\u0101ns ienes\u012bs j\u016bsu viesistab\u0101 stilu un eleganci, radot m\u0101j\u012bgu vietu atp\u016btai. Polster\u0113ts ar iztur\u012bgu \u017eakarda audumu gai\u0161\u0101s kr\u0101s\u0101s,...","robots":{"index":"index","follow":"follow","max-snippet":"max-snippet:-1","max-image-preview":"max-image-preview:large","max-video-preview":"max-video-preview:-1"},"canonical":"https:\/\/brilune.eu\/lv\/product\/dzivojamas-istabas-divans-3\/","og_locale":"lv_LV","og_type":"article","og_title":"Dz\u012bvojam\u0101s istabas d\u012bv\u0101ns","og_description":"\u0160is izvelkamais d\u012bv\u0101ns ienes\u012bs j\u016bsu viesistab\u0101 stilu un eleganci, radot m\u0101j\u012bgu vietu atp\u016btai. Polster\u0113ts ar iztur\u012bgu \u017eakarda audumu gai\u0161\u0101s kr\u0101s\u0101s,...","og_url":"https:\/\/brilune.eu\/lv\/product\/dzivojamas-istabas-divans-3\/","og_site_name":"Brilune","article_modified_time":"2025-02-19T11:29:59+00:00","og_image":[{"width":800,"height":800,"url":"https:\/\/brilune.eu\/wp-content\/uploads\/2025\/01\/13605206.jpg","type":"image\/jpeg"}],"twitter_card":"summary_large_image","twitter_misc":{"Est. reading time":"1 minute"},"schema":{"@context":"https:\/\/schema.org","@graph":[{"@type":"WebPage","@id":"https:\/\/brilune.eu\/lv\/product\/dzivojamas-istabas-divans-3\/","url":"https:\/\/brilune.eu\/lv\/product\/dzivojamas-istabas-divans-3\/","name":"Dz\u012bvojam\u0101s istabas d\u012bv\u0101ns","isPartOf":{"@id":"https:\/\/brilune.eu\/lv\/#website"},"primaryImageOfPage":{"@id":"https:\/\/brilune.eu\/lv\/product\/dzivojamas-istabas-divans-3\/#primaryimage"},"image":{"@id":"https:\/\/brilune.eu\/lv\/product\/dzivojamas-istabas-divans-3\/#primaryimage"},"thumbnailUrl":"https:\/\/brilune.eu\/wp-content\/uploads\/2025\/01\/13605206.jpg","datePublished":"2025-02-19T11:02:28+00:00","dateModified":"2025-02-19T11:29:59+00:00","description":"\u0160is izvelkamais d\u012bv\u0101ns ienes\u012bs j\u016bsu viesistab\u0101 stilu un eleganci, radot m\u0101j\u012bgu vietu atp\u016btai. Polster\u0113ts ar iztur\u012bgu \u017eakarda audumu gai\u0161\u0101s kr\u0101s\u0101s,...","breadcrumb":{"@id":"https:\/\/brilune.eu\/lv\/product\/dzivojamas-istabas-divans-3\/#breadcrumb"},"inLanguage":"lv-LV","potentialAction":[{"@type":"ReadAction","target":["https:\/\/brilune.eu\/lv\/product\/dzivojamas-istabas-divans-3\/"]}]},{"@type":"ImageObject","inLanguage":"lv-LV","@id":"https:\/\/brilune.eu\/lv\/product\/dzivojamas-istabas-divans-3\/#primaryimage","url":"https:\/\/brilune.eu\/wp-content\/uploads\/2025\/01\/13605206.jpg","contentUrl":"https:\/\/brilune.eu\/wp-content\/uploads\/2025\/01\/13605206.jpg","width":800,"height":800},{"@type":"BreadcrumbList","@id":"https:\/\/brilune.eu\/lv\/product\/dzivojamas-istabas-divans-3\/#breadcrumb","itemListElement":[{"@type":"ListItem","position":1,"name":"S\u0101kums","item":"https:\/\/brilune.eu\/lv\/brilune-mebeles\/"},{"@type":"ListItem","position":2,"name":"Visi produkti","item":"https:\/\/brilune.eu\/lv\/shop\/"},{"@type":"ListItem","position":3,"name":"Dz\u012bvojam\u0101s istabas d\u012bv\u0101ns"}]},{"@type":"WebSite","@id":"https:\/\/brilune.eu\/lv\/#website","url":"https:\/\/brilune.eu\/lv\/","name":"Brilune","description":"M\u0113s pied\u0101v\u0101jam unik\u0101lus un nebiju\u0161us dizainus, kas apvieno eleganci, funkcionalit\u0101ti un rado\u0161umu.","potentialAction":[{"@type":"SearchAction","target":{"@type":"EntryPoint","urlTemplate":"https:\/\/brilune.eu\/lv\/?s={search_term_string}"},"query-input":{"@type":"PropertyValueSpecification","valueRequired":true,"valueName":"search_term_string"}}],"inLanguage":"lv-LV"}]}},"jetpack_sharing_enabled":true,"_links":{"self":[{"href":"https:\/\/brilune.eu\/lv\/wp-json\/wp\/v2\/product\/38724","targetHints":{"allow":["GET"]}}],"collection":[{"href":"https:\/\/brilune.eu\/lv\/wp-json\/wp\/v2\/product"}],"about":[{"href":"https:\/\/brilune.eu\/lv\/wp-json\/wp\/v2\/types\/product"}],"replies":[{"embeddable":true,"href":"https:\/\/brilune.eu\/lv\/wp-json\/wp\/v2\/comments?post=38724"}],"version-history":[{"count":1,"href":"https:\/\/brilune.eu\/lv\/wp-json\/wp\/v2\/product\/38724\/revisions"}],"predecessor-version":[{"id":38776,"href":"https:\/\/brilune.eu\/lv\/wp-json\/wp\/v2\/product\/38724\/revisions\/38776"}],"wp:featuredmedia":[{"embeddable":true,"href":"https:\/\/brilune.eu\/lv\/wp-json\/wp\/v2\/media\/10655"}],"wp:attachment":[{"href":"https:\/\/brilune.eu\/lv\/wp-json\/wp\/v2\/media?parent=38724"}],"wp:term":[{"taxonomy":"product_brand","embeddable":true,"href":"https:\/\/brilune.eu\/lv\/wp-json\/wp\/v2\/product_brand?post=38724"},{"taxonomy":"product_cat","embeddable":true,"href":"https:\/\/brilune.eu\/lv\/wp-json\/wp\/v2\/product_cat?post=38724"},{"taxonomy":"product_tag","embeddable":true,"href":"https:\/\/brilune.eu\/lv\/wp-json\/wp\/v2\/product_tag?post=38724"}],"curies":[{"name":"wp","href":"https:\/\/api.w.org\/{rel}","templated":true}]}}