{"id":38721,"date":"2025-02-19T13:02:27","date_gmt":"2025-02-19T11:02:27","guid":{"rendered":"https:\/\/brilune.eu\/?post_type=product&#038;p=38721"},"modified":"2025-02-19T13:29:58","modified_gmt":"2025-02-19T11:29:58","slug":"dzivojamas-istabas-divans-2","status":"publish","type":"product","link":"https:\/\/brilune.eu\/lv\/product\/dzivojamas-istabas-divans-2\/","title":{"rendered":"Dz\u012bvojam\u0101s istabas d\u012bv\u0101ns"},"content":{"rendered":"<p>Stil\u012bgs d\u012bv\u0101ns ar k\u0101j\u0101m harmoniski papildin\u0101s m\u016bsdien\u012bgu telpu. Vand\u0101liztur\u012bgais samta polster\u0113jums ir iztur\u012bgs pret boj\u0101jumiem, un iztur\u012bgais koka r\u0101mis nodro\u0161ina stabilit\u0101ti un iztur\u012bbu. Bl\u012bv\u0101 atzveltne saglab\u0101 \u0113rtu s\u0113dvietu, padarot \u0161o d\u012bv\u0101nu ide\u0101li piem\u0113rotu atp\u016btai ar \u0123imeni vai draugiem.<br \/>\nIzm\u0113rs: 281\u00d7100\u00d775 cm. Materi\u0101li: samts, koks.<\/p>\n","protected":false},"excerpt":{"rendered":"<p>Stil\u012bgs d\u012bv\u0101ns ar k\u0101j\u0101m harmoniski papildin\u0101s m\u016bsdien\u012bgu telpu. Vand\u0101\u013cu dro\u0161s samta polster\u0113jums ir iztur\u012bgs pret boj\u0101jumiem, un iztur\u012bgais koka r\u0101mis en&#8230;<\/p>\n","protected":false},"featured_media":10629,"comment_status":"open","ping_status":"closed","template":"","meta":[],"product_brand":[],"product_cat":[1482,5638],"product_tag":[],"class_list":{"0":"post-38721","1":"product","2":"type-product","3":"status-publish","4":"has-post-thumbnail","6":"product_cat-divans","7":"product_cat-divans-divani-7-6","9":"first","10":"instock","11":"shipping-taxable","12":"purchasable","13":"product-type-simple"},"yoast_head":"<!-- This site is optimized with the Yoast SEO plugin v26.0 - https:\/\/yoast.com\/wordpress\/plugins\/seo\/ -->\n<title>Dz\u012bvojam\u0101s istabas d\u012bv\u0101ns<\/title>\n<meta name=\"description\" content=\"Stil\u012bgs d\u012bv\u0101ns ar k\u0101j\u0101m harmoniski papildin\u0101s m\u016bsdien\u012bgu telpu. Vand\u0101\u013cu dro\u0161s samta polster\u0113jums ir iztur\u012bgs pret boj\u0101jumiem, un iztur\u012bgais koka r\u0101mis en...\" \/>\n<meta name=\"robots\" content=\"index, follow, max-snippet:-1, max-image-preview:large, max-video-preview:-1\" \/>\n<link rel=\"canonical\" href=\"https:\/\/brilune.eu\/lv\/product\/dzivojamas-istabas-divans-2\/\" \/>\n<meta property=\"og:locale\" content=\"lv_LV\" \/>\n<meta property=\"og:type\" content=\"article\" \/>\n<meta property=\"og:title\" content=\"Dz\u012bvojam\u0101s istabas d\u012bv\u0101ns\" \/>\n<meta property=\"og:description\" content=\"Stil\u012bgs d\u012bv\u0101ns ar k\u0101j\u0101m harmoniski papildin\u0101s m\u016bsdien\u012bgu telpu. Vand\u0101\u013cu dro\u0161s samta polster\u0113jums ir iztur\u012bgs pret boj\u0101jumiem, un iztur\u012bgais koka r\u0101mis en...\" \/>\n<meta property=\"og:url\" content=\"https:\/\/brilune.eu\/lv\/product\/dzivojamas-istabas-divans-2\/\" \/>\n<meta property=\"og:site_name\" content=\"Brilune\" \/>\n<meta property=\"article:modified_time\" content=\"2025-02-19T11:29:58+00:00\" \/>\n<meta property=\"og:image\" content=\"https:\/\/brilune.eu\/wp-content\/uploads\/2025\/01\/13694762.jpg\" \/>\n\t<meta property=\"og:image:width\" content=\"800\" \/>\n\t<meta property=\"og:image:height\" content=\"800\" \/>\n\t<meta property=\"og:image:type\" content=\"image\/jpeg\" \/>\n<meta name=\"twitter:card\" content=\"summary_large_image\" \/>\n<script type=\"application\/ld+json\" class=\"yoast-schema-graph\">{\"@context\":\"https:\/\/schema.org\",\"@graph\":[{\"@type\":\"WebPage\",\"@id\":\"https:\/\/brilune.eu\/lv\/product\/dzivojamas-istabas-divans-2\/\",\"url\":\"https:\/\/brilune.eu\/lv\/product\/dzivojamas-istabas-divans-2\/\",\"name\":\"Dz\u012bvojam\u0101s istabas d\u012bv\u0101ns\",\"isPartOf\":{\"@id\":\"https:\/\/brilune.eu\/lv\/#website\"},\"primaryImageOfPage\":{\"@id\":\"https:\/\/brilune.eu\/lv\/product\/dzivojamas-istabas-divans-2\/#primaryimage\"},\"image\":{\"@id\":\"https:\/\/brilune.eu\/lv\/product\/dzivojamas-istabas-divans-2\/#primaryimage\"},\"thumbnailUrl\":\"https:\/\/brilune.eu\/wp-content\/uploads\/2025\/01\/13694762.jpg\",\"datePublished\":\"2025-02-19T11:02:27+00:00\",\"dateModified\":\"2025-02-19T11:29:58+00:00\",\"description\":\"Stil\u012bgs d\u012bv\u0101ns ar k\u0101j\u0101m harmoniski papildin\u0101s m\u016bsdien\u012bgu telpu. Vand\u0101\u013cu dro\u0161s samta polster\u0113jums ir iztur\u012bgs pret boj\u0101jumiem, un iztur\u012bgais koka r\u0101mis en...\",\"breadcrumb\":{\"@id\":\"https:\/\/brilune.eu\/lv\/product\/dzivojamas-istabas-divans-2\/#breadcrumb\"},\"inLanguage\":\"lv-LV\",\"potentialAction\":[{\"@type\":\"ReadAction\",\"target\":[\"https:\/\/brilune.eu\/lv\/product\/dzivojamas-istabas-divans-2\/\"]}]},{\"@type\":\"ImageObject\",\"inLanguage\":\"lv-LV\",\"@id\":\"https:\/\/brilune.eu\/lv\/product\/dzivojamas-istabas-divans-2\/#primaryimage\",\"url\":\"https:\/\/brilune.eu\/wp-content\/uploads\/2025\/01\/13694762.jpg\",\"contentUrl\":\"https:\/\/brilune.eu\/wp-content\/uploads\/2025\/01\/13694762.jpg\",\"width\":800,\"height\":800},{\"@type\":\"BreadcrumbList\",\"@id\":\"https:\/\/brilune.eu\/lv\/product\/dzivojamas-istabas-divans-2\/#breadcrumb\",\"itemListElement\":[{\"@type\":\"ListItem\",\"position\":1,\"name\":\"S\u0101kums\",\"item\":\"https:\/\/brilune.eu\/lv\/brilune-mebeles\/\"},{\"@type\":\"ListItem\",\"position\":2,\"name\":\"Visi produkti\",\"item\":\"https:\/\/brilune.eu\/lv\/shop\/\"},{\"@type\":\"ListItem\",\"position\":3,\"name\":\"Dz\u012bvojam\u0101s istabas d\u012bv\u0101ns\"}]},{\"@type\":\"WebSite\",\"@id\":\"https:\/\/brilune.eu\/lv\/#website\",\"url\":\"https:\/\/brilune.eu\/lv\/\",\"name\":\"Brilune\",\"description\":\"M\u0113s pied\u0101v\u0101jam unik\u0101lus un nebiju\u0161us dizainus, kas apvieno eleganci, funkcionalit\u0101ti un rado\u0161umu.\",\"potentialAction\":[{\"@type\":\"SearchAction\",\"target\":{\"@type\":\"EntryPoint\",\"urlTemplate\":\"https:\/\/brilune.eu\/lv\/?s={search_term_string}\"},\"query-input\":{\"@type\":\"PropertyValueSpecification\",\"valueRequired\":true,\"valueName\":\"search_term_string\"}}],\"inLanguage\":\"lv-LV\"}]}<\/script>\n<!-- \/ Yoast SEO plugin. -->","yoast_head_json":{"title":"Dz\u012bvojam\u0101s istabas d\u012bv\u0101ns","description":"Stil\u012bgs d\u012bv\u0101ns ar k\u0101j\u0101m harmoniski papildin\u0101s m\u016bsdien\u012bgu telpu. Vand\u0101\u013cu dro\u0161s samta polster\u0113jums ir iztur\u012bgs pret boj\u0101jumiem, un iztur\u012bgais koka r\u0101mis en...","robots":{"index":"index","follow":"follow","max-snippet":"max-snippet:-1","max-image-preview":"max-image-preview:large","max-video-preview":"max-video-preview:-1"},"canonical":"https:\/\/brilune.eu\/lv\/product\/dzivojamas-istabas-divans-2\/","og_locale":"lv_LV","og_type":"article","og_title":"Dz\u012bvojam\u0101s istabas d\u012bv\u0101ns","og_description":"Stil\u012bgs d\u012bv\u0101ns ar k\u0101j\u0101m harmoniski papildin\u0101s m\u016bsdien\u012bgu telpu. Vand\u0101\u013cu dro\u0161s samta polster\u0113jums ir iztur\u012bgs pret boj\u0101jumiem, un iztur\u012bgais koka r\u0101mis en...","og_url":"https:\/\/brilune.eu\/lv\/product\/dzivojamas-istabas-divans-2\/","og_site_name":"Brilune","article_modified_time":"2025-02-19T11:29:58+00:00","og_image":[{"width":800,"height":800,"url":"https:\/\/brilune.eu\/wp-content\/uploads\/2025\/01\/13694762.jpg","type":"image\/jpeg"}],"twitter_card":"summary_large_image","schema":{"@context":"https:\/\/schema.org","@graph":[{"@type":"WebPage","@id":"https:\/\/brilune.eu\/lv\/product\/dzivojamas-istabas-divans-2\/","url":"https:\/\/brilune.eu\/lv\/product\/dzivojamas-istabas-divans-2\/","name":"Dz\u012bvojam\u0101s istabas d\u012bv\u0101ns","isPartOf":{"@id":"https:\/\/brilune.eu\/lv\/#website"},"primaryImageOfPage":{"@id":"https:\/\/brilune.eu\/lv\/product\/dzivojamas-istabas-divans-2\/#primaryimage"},"image":{"@id":"https:\/\/brilune.eu\/lv\/product\/dzivojamas-istabas-divans-2\/#primaryimage"},"thumbnailUrl":"https:\/\/brilune.eu\/wp-content\/uploads\/2025\/01\/13694762.jpg","datePublished":"2025-02-19T11:02:27+00:00","dateModified":"2025-02-19T11:29:58+00:00","description":"Stil\u012bgs d\u012bv\u0101ns ar k\u0101j\u0101m harmoniski papildin\u0101s m\u016bsdien\u012bgu telpu. Vand\u0101\u013cu dro\u0161s samta polster\u0113jums ir iztur\u012bgs pret boj\u0101jumiem, un iztur\u012bgais koka r\u0101mis en...","breadcrumb":{"@id":"https:\/\/brilune.eu\/lv\/product\/dzivojamas-istabas-divans-2\/#breadcrumb"},"inLanguage":"lv-LV","potentialAction":[{"@type":"ReadAction","target":["https:\/\/brilune.eu\/lv\/product\/dzivojamas-istabas-divans-2\/"]}]},{"@type":"ImageObject","inLanguage":"lv-LV","@id":"https:\/\/brilune.eu\/lv\/product\/dzivojamas-istabas-divans-2\/#primaryimage","url":"https:\/\/brilune.eu\/wp-content\/uploads\/2025\/01\/13694762.jpg","contentUrl":"https:\/\/brilune.eu\/wp-content\/uploads\/2025\/01\/13694762.jpg","width":800,"height":800},{"@type":"BreadcrumbList","@id":"https:\/\/brilune.eu\/lv\/product\/dzivojamas-istabas-divans-2\/#breadcrumb","itemListElement":[{"@type":"ListItem","position":1,"name":"S\u0101kums","item":"https:\/\/brilune.eu\/lv\/brilune-mebeles\/"},{"@type":"ListItem","position":2,"name":"Visi produkti","item":"https:\/\/brilune.eu\/lv\/shop\/"},{"@type":"ListItem","position":3,"name":"Dz\u012bvojam\u0101s istabas d\u012bv\u0101ns"}]},{"@type":"WebSite","@id":"https:\/\/brilune.eu\/lv\/#website","url":"https:\/\/brilune.eu\/lv\/","name":"Brilune","description":"M\u0113s pied\u0101v\u0101jam unik\u0101lus un nebiju\u0161us dizainus, kas apvieno eleganci, funkcionalit\u0101ti un rado\u0161umu.","potentialAction":[{"@type":"SearchAction","target":{"@type":"EntryPoint","urlTemplate":"https:\/\/brilune.eu\/lv\/?s={search_term_string}"},"query-input":{"@type":"PropertyValueSpecification","valueRequired":true,"valueName":"search_term_string"}}],"inLanguage":"lv-LV"}]}},"jetpack_sharing_enabled":true,"_links":{"self":[{"href":"https:\/\/brilune.eu\/lv\/wp-json\/wp\/v2\/product\/38721","targetHints":{"allow":["GET"]}}],"collection":[{"href":"https:\/\/brilune.eu\/lv\/wp-json\/wp\/v2\/product"}],"about":[{"href":"https:\/\/brilune.eu\/lv\/wp-json\/wp\/v2\/types\/product"}],"replies":[{"embeddable":true,"href":"https:\/\/brilune.eu\/lv\/wp-json\/wp\/v2\/comments?post=38721"}],"version-history":[{"count":1,"href":"https:\/\/brilune.eu\/lv\/wp-json\/wp\/v2\/product\/38721\/revisions"}],"predecessor-version":[{"id":38773,"href":"https:\/\/brilune.eu\/lv\/wp-json\/wp\/v2\/product\/38721\/revisions\/38773"}],"wp:featuredmedia":[{"embeddable":true,"href":"https:\/\/brilune.eu\/lv\/wp-json\/wp\/v2\/media\/10629"}],"wp:attachment":[{"href":"https:\/\/brilune.eu\/lv\/wp-json\/wp\/v2\/media?parent=38721"}],"wp:term":[{"taxonomy":"product_brand","embeddable":true,"href":"https:\/\/brilune.eu\/lv\/wp-json\/wp\/v2\/product_brand?post=38721"},{"taxonomy":"product_cat","embeddable":true,"href":"https:\/\/brilune.eu\/lv\/wp-json\/wp\/v2\/product_cat?post=38721"},{"taxonomy":"product_tag","embeddable":true,"href":"https:\/\/brilune.eu\/lv\/wp-json\/wp\/v2\/product_tag?post=38721"}],"curies":[{"name":"wp","href":"https:\/\/api.w.org\/{rel}","templated":true}]}}