{"id":38677,"date":"2025-02-19T13:01:35","date_gmt":"2025-02-19T11:01:35","guid":{"rendered":"https:\/\/brilune.eu\/?post_type=product&#038;p=38677"},"modified":"2025-02-19T13:29:45","modified_gmt":"2025-02-19T11:29:45","slug":"divans-gulta-2","status":"publish","type":"product","link":"https:\/\/brilune.eu\/lv\/product\/divans-gulta-2\/","title":{"rendered":"D\u012bv\u0101ns gulta"},"content":{"rendered":"<p>\u0160is gu\u013camd\u012bv\u0101ns b\u016bs stil\u012bgs j\u016bsu telpas papildin\u0101jums, pateicoties t\u0101 modernajam dizainam un kvalitat\u012bviem materi\u0101liem. 3D auduma apdare un eleganti noapa\u013coti roku balsti padara to pievilc\u012bgu un \u0113rtu atp\u016btai. D\u012bv\u0101ns ir apr\u012bkots ar diviem muguras spilveniem, kas pie\u0161\u0137ir papildu komfortu. Viegli p\u0101rveidojams par gultu, padarot to par ide\u0101lu izv\u0113li maz\u0101m telp\u0101m vai izklaidei. No\u0146emami un mazg\u0101jami spilveni saglab\u0101 j\u016bsu telpu t\u012bru un svaigu.<\/p>\n<p>Materi\u0101li: 3D audums, putuplasta gumija.<br \/>\nIzm\u0113rs: 180\u00d762\u00d778 cm.<\/p>\n","protected":false},"excerpt":{"rendered":"<p>\u0160is gu\u013camd\u012bv\u0101ns b\u016bs stil\u012bgs j\u016bsu telpas papildin\u0101jums, pateicoties t\u0101 modernajam dizainam un kvalitat\u012bviem materi\u0101liem. 3D auduma apdare un eleganti noapa\u013coti&#8230;<\/p>\n","protected":false},"featured_media":10541,"comment_status":"open","ping_status":"closed","template":"","meta":[],"product_brand":[],"product_cat":[1721,5633],"product_tag":[],"class_list":{"0":"post-38677","1":"product","2":"type-product","3":"status-publish","4":"has-post-thumbnail","6":"product_cat-futons-gultas","7":"product_cat-futons-gultas-10","9":"first","10":"instock","11":"shipping-taxable","12":"purchasable","13":"product-type-simple"},"yoast_head":"<!-- This site is optimized with the Yoast SEO plugin v26.0 - https:\/\/yoast.com\/wordpress\/plugins\/seo\/ -->\n<title>D\u012bv\u0101ns gulta<\/title>\n<meta name=\"description\" content=\"\u0160is gu\u013camd\u012bv\u0101ns b\u016bs stil\u012bgs j\u016bsu telpas papildin\u0101jums, pateicoties t\u0101 modernajam dizainam un kvalitat\u012bviem materi\u0101liem. 3D auduma apdare un eleganti noapa\u013coti...\" \/>\n<meta name=\"robots\" content=\"index, follow, max-snippet:-1, max-image-preview:large, max-video-preview:-1\" \/>\n<link rel=\"canonical\" href=\"https:\/\/brilune.eu\/lv\/product\/divans-gulta-2\/\" \/>\n<meta property=\"og:locale\" content=\"lv_LV\" \/>\n<meta property=\"og:type\" content=\"article\" \/>\n<meta property=\"og:title\" content=\"D\u012bv\u0101ns gulta\" \/>\n<meta property=\"og:description\" content=\"\u0160is gu\u013camd\u012bv\u0101ns b\u016bs stil\u012bgs j\u016bsu telpas papildin\u0101jums, pateicoties t\u0101 modernajam dizainam un kvalitat\u012bviem materi\u0101liem. 3D auduma apdare un eleganti noapa\u013coti...\" \/>\n<meta property=\"og:url\" content=\"https:\/\/brilune.eu\/lv\/product\/divans-gulta-2\/\" \/>\n<meta property=\"og:site_name\" content=\"Brilune\" \/>\n<meta property=\"article:modified_time\" content=\"2025-02-19T11:29:45+00:00\" \/>\n<meta property=\"og:image\" content=\"https:\/\/brilune.eu\/wp-content\/uploads\/2025\/01\/12906102.png\" \/>\n\t<meta property=\"og:image:width\" content=\"800\" \/>\n\t<meta property=\"og:image:height\" content=\"800\" \/>\n\t<meta property=\"og:image:type\" content=\"image\/png\" \/>\n<meta name=\"twitter:card\" content=\"summary_large_image\" \/>\n<script type=\"application\/ld+json\" class=\"yoast-schema-graph\">{\"@context\":\"https:\/\/schema.org\",\"@graph\":[{\"@type\":\"WebPage\",\"@id\":\"https:\/\/brilune.eu\/lv\/product\/divans-gulta-2\/\",\"url\":\"https:\/\/brilune.eu\/lv\/product\/divans-gulta-2\/\",\"name\":\"D\u012bv\u0101ns gulta\",\"isPartOf\":{\"@id\":\"https:\/\/brilune.eu\/lv\/#website\"},\"primaryImageOfPage\":{\"@id\":\"https:\/\/brilune.eu\/lv\/product\/divans-gulta-2\/#primaryimage\"},\"image\":{\"@id\":\"https:\/\/brilune.eu\/lv\/product\/divans-gulta-2\/#primaryimage\"},\"thumbnailUrl\":\"https:\/\/brilune.eu\/wp-content\/uploads\/2025\/01\/12906102.png\",\"datePublished\":\"2025-02-19T11:01:35+00:00\",\"dateModified\":\"2025-02-19T11:29:45+00:00\",\"description\":\"\u0160is gu\u013camd\u012bv\u0101ns b\u016bs stil\u012bgs j\u016bsu telpas papildin\u0101jums, pateicoties t\u0101 modernajam dizainam un kvalitat\u012bviem materi\u0101liem. 3D auduma apdare un eleganti noapa\u013coti...\",\"breadcrumb\":{\"@id\":\"https:\/\/brilune.eu\/lv\/product\/divans-gulta-2\/#breadcrumb\"},\"inLanguage\":\"lv-LV\",\"potentialAction\":[{\"@type\":\"ReadAction\",\"target\":[\"https:\/\/brilune.eu\/lv\/product\/divans-gulta-2\/\"]}]},{\"@type\":\"ImageObject\",\"inLanguage\":\"lv-LV\",\"@id\":\"https:\/\/brilune.eu\/lv\/product\/divans-gulta-2\/#primaryimage\",\"url\":\"https:\/\/brilune.eu\/wp-content\/uploads\/2025\/01\/12906102.png\",\"contentUrl\":\"https:\/\/brilune.eu\/wp-content\/uploads\/2025\/01\/12906102.png\",\"width\":800,\"height\":800},{\"@type\":\"BreadcrumbList\",\"@id\":\"https:\/\/brilune.eu\/lv\/product\/divans-gulta-2\/#breadcrumb\",\"itemListElement\":[{\"@type\":\"ListItem\",\"position\":1,\"name\":\"S\u0101kums\",\"item\":\"https:\/\/brilune.eu\/lv\/brilune-mebeles\/\"},{\"@type\":\"ListItem\",\"position\":2,\"name\":\"Visi produkti\",\"item\":\"https:\/\/brilune.eu\/lv\/shop\/\"},{\"@type\":\"ListItem\",\"position\":3,\"name\":\"D\u012bv\u0101ns gulta\"}]},{\"@type\":\"WebSite\",\"@id\":\"https:\/\/brilune.eu\/lv\/#website\",\"url\":\"https:\/\/brilune.eu\/lv\/\",\"name\":\"Brilune\",\"description\":\"M\u0113s pied\u0101v\u0101jam unik\u0101lus un nebiju\u0161us dizainus, kas apvieno eleganci, funkcionalit\u0101ti un rado\u0161umu.\",\"potentialAction\":[{\"@type\":\"SearchAction\",\"target\":{\"@type\":\"EntryPoint\",\"urlTemplate\":\"https:\/\/brilune.eu\/lv\/?s={search_term_string}\"},\"query-input\":{\"@type\":\"PropertyValueSpecification\",\"valueRequired\":true,\"valueName\":\"search_term_string\"}}],\"inLanguage\":\"lv-LV\"}]}<\/script>\n<!-- \/ Yoast SEO plugin. -->","yoast_head_json":{"title":"D\u012bv\u0101ns gulta","description":"\u0160is gu\u013camd\u012bv\u0101ns b\u016bs stil\u012bgs j\u016bsu telpas papildin\u0101jums, pateicoties t\u0101 modernajam dizainam un kvalitat\u012bviem materi\u0101liem. 3D auduma apdare un eleganti noapa\u013coti...","robots":{"index":"index","follow":"follow","max-snippet":"max-snippet:-1","max-image-preview":"max-image-preview:large","max-video-preview":"max-video-preview:-1"},"canonical":"https:\/\/brilune.eu\/lv\/product\/divans-gulta-2\/","og_locale":"lv_LV","og_type":"article","og_title":"D\u012bv\u0101ns gulta","og_description":"\u0160is gu\u013camd\u012bv\u0101ns b\u016bs stil\u012bgs j\u016bsu telpas papildin\u0101jums, pateicoties t\u0101 modernajam dizainam un kvalitat\u012bviem materi\u0101liem. 3D auduma apdare un eleganti noapa\u013coti...","og_url":"https:\/\/brilune.eu\/lv\/product\/divans-gulta-2\/","og_site_name":"Brilune","article_modified_time":"2025-02-19T11:29:45+00:00","og_image":[{"width":800,"height":800,"url":"https:\/\/brilune.eu\/wp-content\/uploads\/2025\/01\/12906102.png","type":"image\/png"}],"twitter_card":"summary_large_image","schema":{"@context":"https:\/\/schema.org","@graph":[{"@type":"WebPage","@id":"https:\/\/brilune.eu\/lv\/product\/divans-gulta-2\/","url":"https:\/\/brilune.eu\/lv\/product\/divans-gulta-2\/","name":"D\u012bv\u0101ns gulta","isPartOf":{"@id":"https:\/\/brilune.eu\/lv\/#website"},"primaryImageOfPage":{"@id":"https:\/\/brilune.eu\/lv\/product\/divans-gulta-2\/#primaryimage"},"image":{"@id":"https:\/\/brilune.eu\/lv\/product\/divans-gulta-2\/#primaryimage"},"thumbnailUrl":"https:\/\/brilune.eu\/wp-content\/uploads\/2025\/01\/12906102.png","datePublished":"2025-02-19T11:01:35+00:00","dateModified":"2025-02-19T11:29:45+00:00","description":"\u0160is gu\u013camd\u012bv\u0101ns b\u016bs stil\u012bgs j\u016bsu telpas papildin\u0101jums, pateicoties t\u0101 modernajam dizainam un kvalitat\u012bviem materi\u0101liem. 3D auduma apdare un eleganti noapa\u013coti...","breadcrumb":{"@id":"https:\/\/brilune.eu\/lv\/product\/divans-gulta-2\/#breadcrumb"},"inLanguage":"lv-LV","potentialAction":[{"@type":"ReadAction","target":["https:\/\/brilune.eu\/lv\/product\/divans-gulta-2\/"]}]},{"@type":"ImageObject","inLanguage":"lv-LV","@id":"https:\/\/brilune.eu\/lv\/product\/divans-gulta-2\/#primaryimage","url":"https:\/\/brilune.eu\/wp-content\/uploads\/2025\/01\/12906102.png","contentUrl":"https:\/\/brilune.eu\/wp-content\/uploads\/2025\/01\/12906102.png","width":800,"height":800},{"@type":"BreadcrumbList","@id":"https:\/\/brilune.eu\/lv\/product\/divans-gulta-2\/#breadcrumb","itemListElement":[{"@type":"ListItem","position":1,"name":"S\u0101kums","item":"https:\/\/brilune.eu\/lv\/brilune-mebeles\/"},{"@type":"ListItem","position":2,"name":"Visi produkti","item":"https:\/\/brilune.eu\/lv\/shop\/"},{"@type":"ListItem","position":3,"name":"D\u012bv\u0101ns gulta"}]},{"@type":"WebSite","@id":"https:\/\/brilune.eu\/lv\/#website","url":"https:\/\/brilune.eu\/lv\/","name":"Brilune","description":"M\u0113s pied\u0101v\u0101jam unik\u0101lus un nebiju\u0161us dizainus, kas apvieno eleganci, funkcionalit\u0101ti un rado\u0161umu.","potentialAction":[{"@type":"SearchAction","target":{"@type":"EntryPoint","urlTemplate":"https:\/\/brilune.eu\/lv\/?s={search_term_string}"},"query-input":{"@type":"PropertyValueSpecification","valueRequired":true,"valueName":"search_term_string"}}],"inLanguage":"lv-LV"}]}},"jetpack_sharing_enabled":true,"_links":{"self":[{"href":"https:\/\/brilune.eu\/lv\/wp-json\/wp\/v2\/product\/38677","targetHints":{"allow":["GET"]}}],"collection":[{"href":"https:\/\/brilune.eu\/lv\/wp-json\/wp\/v2\/product"}],"about":[{"href":"https:\/\/brilune.eu\/lv\/wp-json\/wp\/v2\/types\/product"}],"replies":[{"embeddable":true,"href":"https:\/\/brilune.eu\/lv\/wp-json\/wp\/v2\/comments?post=38677"}],"version-history":[{"count":1,"href":"https:\/\/brilune.eu\/lv\/wp-json\/wp\/v2\/product\/38677\/revisions"}],"predecessor-version":[{"id":38730,"href":"https:\/\/brilune.eu\/lv\/wp-json\/wp\/v2\/product\/38677\/revisions\/38730"}],"wp:featuredmedia":[{"embeddable":true,"href":"https:\/\/brilune.eu\/lv\/wp-json\/wp\/v2\/media\/10541"}],"wp:attachment":[{"href":"https:\/\/brilune.eu\/lv\/wp-json\/wp\/v2\/media?parent=38677"}],"wp:term":[{"taxonomy":"product_brand","embeddable":true,"href":"https:\/\/brilune.eu\/lv\/wp-json\/wp\/v2\/product_brand?post=38677"},{"taxonomy":"product_cat","embeddable":true,"href":"https:\/\/brilune.eu\/lv\/wp-json\/wp\/v2\/product_cat?post=38677"},{"taxonomy":"product_tag","embeddable":true,"href":"https:\/\/brilune.eu\/lv\/wp-json\/wp\/v2\/product_tag?post=38677"}],"curies":[{"name":"wp","href":"https:\/\/api.w.org\/{rel}","templated":true}]}}