{"id":38647,"date":"2025-02-19T13:01:07","date_gmt":"2025-02-19T11:01:07","guid":{"rendered":"https:\/\/brilune.eu\/?post_type=product&#038;p=38647"},"modified":"2025-02-19T13:29:34","modified_gmt":"2025-02-19T11:29:34","slug":"divkarss-saliekams-kresls","status":"publish","type":"product","link":"https:\/\/brilune.eu\/lv\/product\/divkarss-saliekams-kresls\/","title":{"rendered":"Divk\u0101r\u0161s saliekams kr\u0113sls"},"content":{"rendered":"<p>Elegants divviet\u012bgs saliekamais kr\u0113sls, kas ide\u0101li piem\u0113rots neliel\u0101m telp\u0101m. Velveta un kokvilnas mais\u012bjuma polster\u0113jums ir ne tikai pievilc\u012bgs, bet ar\u012b iztur\u012bgs pret boj\u0101jumiem. To var viegli p\u0101rveidot par gu\u013camvietu diviem, un m\u012bkst\u0101 mugura un divu spilvenu kl\u0101tb\u016btne padara to \u012bpa\u0161i \u0113rtu. Zelta k\u0101jas pie\u0161\u0137ir kr\u0113slam izsmalcin\u0101tu izskatu un stabilit\u0101ti.<\/p>\n<p>Materi\u0101li: velveta, kokvilnas mais\u012bjums.<br \/>\nIzm\u0113ri: 93\u00d762\u00d782 cm.<\/p>\n","protected":false},"excerpt":{"rendered":"<p>Elegants divviet\u012bgs saliekamais kr\u0113sls, kas ide\u0101li piem\u0113rots neliel\u0101m telp\u0101m. Velveta un kokvilnas mais\u012bjuma polster\u0113jums ir ne tikai pievilc\u012bgs, bet ar\u012b iztur\u012bgs pret boj\u0101jumiem. Tas&#8230;<\/p>\n","protected":false},"featured_media":10459,"comment_status":"open","ping_status":"closed","template":"","meta":[],"product_brand":[],"product_cat":[1721,5633],"product_tag":[],"class_list":{"0":"post-38647","1":"product","2":"type-product","3":"status-publish","4":"has-post-thumbnail","6":"product_cat-futons-gultas","7":"product_cat-futons-gultas-10","9":"first","10":"instock","11":"shipping-taxable","12":"purchasable","13":"product-type-simple"},"yoast_head":"<!-- This site is optimized with the Yoast SEO plugin v26.0 - https:\/\/yoast.com\/wordpress\/plugins\/seo\/ -->\n<title>Divk\u0101r\u0161s saliekams kr\u0113sls<\/title>\n<meta name=\"description\" content=\"Elegants divviet\u012bgs saliekamais kr\u0113sls, kas ide\u0101li piem\u0113rots neliel\u0101m telp\u0101m. Velveta un kokvilnas mais\u012bjuma polster\u0113jums ir ne tikai pievilc\u012bgs, bet ar\u012b iztur\u012bgs pret boj\u0101jumiem. Tas...\" \/>\n<meta name=\"robots\" content=\"index, follow, max-snippet:-1, max-image-preview:large, max-video-preview:-1\" \/>\n<link rel=\"canonical\" href=\"https:\/\/brilune.eu\/lv\/product\/divkarss-saliekams-kresls\/\" \/>\n<meta property=\"og:locale\" content=\"lv_LV\" \/>\n<meta property=\"og:type\" content=\"article\" \/>\n<meta property=\"og:title\" content=\"Divk\u0101r\u0161s saliekams kr\u0113sls\" \/>\n<meta property=\"og:description\" content=\"Elegants divviet\u012bgs saliekamais kr\u0113sls, kas ide\u0101li piem\u0113rots neliel\u0101m telp\u0101m. Velveta un kokvilnas mais\u012bjuma polster\u0113jums ir ne tikai pievilc\u012bgs, bet ar\u012b iztur\u012bgs pret boj\u0101jumiem. Tas...\" \/>\n<meta property=\"og:url\" content=\"https:\/\/brilune.eu\/lv\/product\/divkarss-saliekams-kresls\/\" \/>\n<meta property=\"og:site_name\" content=\"Brilune\" \/>\n<meta property=\"article:modified_time\" content=\"2025-02-19T11:29:34+00:00\" \/>\n<meta property=\"og:image\" content=\"https:\/\/brilune.eu\/wp-content\/uploads\/2025\/01\/13865773.png\" \/>\n\t<meta property=\"og:image:width\" content=\"800\" \/>\n\t<meta property=\"og:image:height\" content=\"800\" \/>\n\t<meta property=\"og:image:type\" content=\"image\/png\" \/>\n<meta name=\"twitter:card\" content=\"summary_large_image\" \/>\n<script type=\"application\/ld+json\" class=\"yoast-schema-graph\">{\"@context\":\"https:\/\/schema.org\",\"@graph\":[{\"@type\":\"WebPage\",\"@id\":\"https:\/\/brilune.eu\/lv\/product\/divkarss-saliekams-kresls\/\",\"url\":\"https:\/\/brilune.eu\/lv\/product\/divkarss-saliekams-kresls\/\",\"name\":\"Divk\u0101r\u0161s saliekams kr\u0113sls\",\"isPartOf\":{\"@id\":\"https:\/\/brilune.eu\/lv\/#website\"},\"primaryImageOfPage\":{\"@id\":\"https:\/\/brilune.eu\/lv\/product\/divkarss-saliekams-kresls\/#primaryimage\"},\"image\":{\"@id\":\"https:\/\/brilune.eu\/lv\/product\/divkarss-saliekams-kresls\/#primaryimage\"},\"thumbnailUrl\":\"https:\/\/brilune.eu\/wp-content\/uploads\/2025\/01\/13865773.png\",\"datePublished\":\"2025-02-19T11:01:07+00:00\",\"dateModified\":\"2025-02-19T11:29:34+00:00\",\"description\":\"Elegants divviet\u012bgs saliekamais kr\u0113sls, kas ide\u0101li piem\u0113rots neliel\u0101m telp\u0101m. Velveta un kokvilnas mais\u012bjuma polster\u0113jums ir ne tikai pievilc\u012bgs, bet ar\u012b iztur\u012bgs pret boj\u0101jumiem. Tas...\",\"breadcrumb\":{\"@id\":\"https:\/\/brilune.eu\/lv\/product\/divkarss-saliekams-kresls\/#breadcrumb\"},\"inLanguage\":\"lv-LV\",\"potentialAction\":[{\"@type\":\"ReadAction\",\"target\":[\"https:\/\/brilune.eu\/lv\/product\/divkarss-saliekams-kresls\/\"]}]},{\"@type\":\"ImageObject\",\"inLanguage\":\"lv-LV\",\"@id\":\"https:\/\/brilune.eu\/lv\/product\/divkarss-saliekams-kresls\/#primaryimage\",\"url\":\"https:\/\/brilune.eu\/wp-content\/uploads\/2025\/01\/13865773.png\",\"contentUrl\":\"https:\/\/brilune.eu\/wp-content\/uploads\/2025\/01\/13865773.png\",\"width\":800,\"height\":800},{\"@type\":\"BreadcrumbList\",\"@id\":\"https:\/\/brilune.eu\/lv\/product\/divkarss-saliekams-kresls\/#breadcrumb\",\"itemListElement\":[{\"@type\":\"ListItem\",\"position\":1,\"name\":\"S\u0101kums\",\"item\":\"https:\/\/brilune.eu\/lv\/brilune-mebeles\/\"},{\"@type\":\"ListItem\",\"position\":2,\"name\":\"Visi produkti\",\"item\":\"https:\/\/brilune.eu\/lv\/shop\/\"},{\"@type\":\"ListItem\",\"position\":3,\"name\":\"Divk\u0101r\u0161s saliekams kr\u0113sls\"}]},{\"@type\":\"WebSite\",\"@id\":\"https:\/\/brilune.eu\/lv\/#website\",\"url\":\"https:\/\/brilune.eu\/lv\/\",\"name\":\"Brilune\",\"description\":\"M\u0113s pied\u0101v\u0101jam unik\u0101lus un nebiju\u0161us dizainus, kas apvieno eleganci, funkcionalit\u0101ti un rado\u0161umu.\",\"potentialAction\":[{\"@type\":\"SearchAction\",\"target\":{\"@type\":\"EntryPoint\",\"urlTemplate\":\"https:\/\/brilune.eu\/lv\/?s={search_term_string}\"},\"query-input\":{\"@type\":\"PropertyValueSpecification\",\"valueRequired\":true,\"valueName\":\"search_term_string\"}}],\"inLanguage\":\"lv-LV\"}]}<\/script>\n<!-- \/ Yoast SEO plugin. -->","yoast_head_json":{"title":"Divk\u0101r\u0161s saliekams kr\u0113sls","description":"Elegants divviet\u012bgs saliekamais kr\u0113sls, kas ide\u0101li piem\u0113rots neliel\u0101m telp\u0101m. Velveta un kokvilnas mais\u012bjuma polster\u0113jums ir ne tikai pievilc\u012bgs, bet ar\u012b iztur\u012bgs pret boj\u0101jumiem. Tas...","robots":{"index":"index","follow":"follow","max-snippet":"max-snippet:-1","max-image-preview":"max-image-preview:large","max-video-preview":"max-video-preview:-1"},"canonical":"https:\/\/brilune.eu\/lv\/product\/divkarss-saliekams-kresls\/","og_locale":"lv_LV","og_type":"article","og_title":"Divk\u0101r\u0161s saliekams kr\u0113sls","og_description":"Elegants divviet\u012bgs saliekamais kr\u0113sls, kas ide\u0101li piem\u0113rots neliel\u0101m telp\u0101m. Velveta un kokvilnas mais\u012bjuma polster\u0113jums ir ne tikai pievilc\u012bgs, bet ar\u012b iztur\u012bgs pret boj\u0101jumiem. Tas...","og_url":"https:\/\/brilune.eu\/lv\/product\/divkarss-saliekams-kresls\/","og_site_name":"Brilune","article_modified_time":"2025-02-19T11:29:34+00:00","og_image":[{"width":800,"height":800,"url":"https:\/\/brilune.eu\/wp-content\/uploads\/2025\/01\/13865773.png","type":"image\/png"}],"twitter_card":"summary_large_image","schema":{"@context":"https:\/\/schema.org","@graph":[{"@type":"WebPage","@id":"https:\/\/brilune.eu\/lv\/product\/divkarss-saliekams-kresls\/","url":"https:\/\/brilune.eu\/lv\/product\/divkarss-saliekams-kresls\/","name":"Divk\u0101r\u0161s saliekams kr\u0113sls","isPartOf":{"@id":"https:\/\/brilune.eu\/lv\/#website"},"primaryImageOfPage":{"@id":"https:\/\/brilune.eu\/lv\/product\/divkarss-saliekams-kresls\/#primaryimage"},"image":{"@id":"https:\/\/brilune.eu\/lv\/product\/divkarss-saliekams-kresls\/#primaryimage"},"thumbnailUrl":"https:\/\/brilune.eu\/wp-content\/uploads\/2025\/01\/13865773.png","datePublished":"2025-02-19T11:01:07+00:00","dateModified":"2025-02-19T11:29:34+00:00","description":"Elegants divviet\u012bgs saliekamais kr\u0113sls, kas ide\u0101li piem\u0113rots neliel\u0101m telp\u0101m. Velveta un kokvilnas mais\u012bjuma polster\u0113jums ir ne tikai pievilc\u012bgs, bet ar\u012b iztur\u012bgs pret boj\u0101jumiem. Tas...","breadcrumb":{"@id":"https:\/\/brilune.eu\/lv\/product\/divkarss-saliekams-kresls\/#breadcrumb"},"inLanguage":"lv-LV","potentialAction":[{"@type":"ReadAction","target":["https:\/\/brilune.eu\/lv\/product\/divkarss-saliekams-kresls\/"]}]},{"@type":"ImageObject","inLanguage":"lv-LV","@id":"https:\/\/brilune.eu\/lv\/product\/divkarss-saliekams-kresls\/#primaryimage","url":"https:\/\/brilune.eu\/wp-content\/uploads\/2025\/01\/13865773.png","contentUrl":"https:\/\/brilune.eu\/wp-content\/uploads\/2025\/01\/13865773.png","width":800,"height":800},{"@type":"BreadcrumbList","@id":"https:\/\/brilune.eu\/lv\/product\/divkarss-saliekams-kresls\/#breadcrumb","itemListElement":[{"@type":"ListItem","position":1,"name":"S\u0101kums","item":"https:\/\/brilune.eu\/lv\/brilune-mebeles\/"},{"@type":"ListItem","position":2,"name":"Visi produkti","item":"https:\/\/brilune.eu\/lv\/shop\/"},{"@type":"ListItem","position":3,"name":"Divk\u0101r\u0161s saliekams kr\u0113sls"}]},{"@type":"WebSite","@id":"https:\/\/brilune.eu\/lv\/#website","url":"https:\/\/brilune.eu\/lv\/","name":"Brilune","description":"M\u0113s pied\u0101v\u0101jam unik\u0101lus un nebiju\u0161us dizainus, kas apvieno eleganci, funkcionalit\u0101ti un rado\u0161umu.","potentialAction":[{"@type":"SearchAction","target":{"@type":"EntryPoint","urlTemplate":"https:\/\/brilune.eu\/lv\/?s={search_term_string}"},"query-input":{"@type":"PropertyValueSpecification","valueRequired":true,"valueName":"search_term_string"}}],"inLanguage":"lv-LV"}]}},"jetpack_sharing_enabled":true,"_links":{"self":[{"href":"https:\/\/brilune.eu\/lv\/wp-json\/wp\/v2\/product\/38647","targetHints":{"allow":["GET"]}}],"collection":[{"href":"https:\/\/brilune.eu\/lv\/wp-json\/wp\/v2\/product"}],"about":[{"href":"https:\/\/brilune.eu\/lv\/wp-json\/wp\/v2\/types\/product"}],"replies":[{"embeddable":true,"href":"https:\/\/brilune.eu\/lv\/wp-json\/wp\/v2\/comments?post=38647"}],"version-history":[{"count":1,"href":"https:\/\/brilune.eu\/lv\/wp-json\/wp\/v2\/product\/38647\/revisions"}],"predecessor-version":[{"id":38689,"href":"https:\/\/brilune.eu\/lv\/wp-json\/wp\/v2\/product\/38647\/revisions\/38689"}],"wp:featuredmedia":[{"embeddable":true,"href":"https:\/\/brilune.eu\/lv\/wp-json\/wp\/v2\/media\/10459"}],"wp:attachment":[{"href":"https:\/\/brilune.eu\/lv\/wp-json\/wp\/v2\/media?parent=38647"}],"wp:term":[{"taxonomy":"product_brand","embeddable":true,"href":"https:\/\/brilune.eu\/lv\/wp-json\/wp\/v2\/product_brand?post=38647"},{"taxonomy":"product_cat","embeddable":true,"href":"https:\/\/brilune.eu\/lv\/wp-json\/wp\/v2\/product_cat?post=38647"},{"taxonomy":"product_tag","embeddable":true,"href":"https:\/\/brilune.eu\/lv\/wp-json\/wp\/v2\/product_tag?post=38647"}],"curies":[{"name":"wp","href":"https:\/\/api.w.org\/{rel}","templated":true}]}}