{"id":38627,"date":"2025-02-19T13:00:43","date_gmt":"2025-02-19T11:00:43","guid":{"rendered":"https:\/\/brilune.eu\/?post_type=product&#038;p=38627"},"modified":"2025-02-19T13:29:28","modified_gmt":"2025-02-19T11:29:28","slug":"izvelkamais-koka-divans","status":"publish","type":"product","link":"https:\/\/brilune.eu\/lv\/product\/izvelkamais-koka-divans\/","title":{"rendered":"Izvelkamais koka d\u012bv\u0101ns"},"content":{"rendered":"<p>M\u016bsdien\u012bgs izvelkamais d\u012bv\u0101ns, kas ide\u0101li piem\u0113rots kompakt\u0101m telp\u0101m un stil\u012bgam interjeram. M\u012bkstie muguras spilveni un iztur\u012bga dab\u012bg\u0101 koka pamatne nodro\u0161ina komfortu un stabilit\u0101ti, savuk\u0101rt gudrais dizains viegli p\u0101rv\u0113r\u0161as par \u0113rtu gul\u0113\u0161anas vietu. Eleganti kvadr\u0101tveida roku balsti un dab\u012bg\u0101 koka k\u0101jas pie\u0161\u0137ir est\u0113tiku un iztur\u012bbu. \u0160is d\u012bv\u0101ns ir apvilkts ar m\u012bkstu kokvilnas mais\u012bjumu, un tas rada komforta un stila atmosf\u0113ru, sapl\u016bstot ar jebkuru m\u016bsdien\u012bgu vidi.<\/p>\n<p>Materi\u0101li: kokvilnas mais\u012bjums, putuplasta gumija, o\u0161a koka r\u0101mis, koka k\u0101jas.<br \/>\nIzm\u0113rs: 180\u00d788\u00d768,5 cm.<\/p>\n","protected":false},"excerpt":{"rendered":"<p>M\u016bsdien\u012bgs izvelkamais d\u012bv\u0101ns, kas ide\u0101li piem\u0113rots kompakt\u0101m telp\u0101m un stil\u012bgam interjeram. M\u012bkstie muguras spilveni un iztur\u012bga dab\u012bg\u0101 koka pamatne nodro\u0161ina komfortu un stabilit\u0101ti, savuk\u0101rt t&#8230;<\/p>\n","protected":false},"featured_media":10431,"comment_status":"open","ping_status":"closed","template":"","meta":[],"product_brand":[],"product_cat":[5633,1721],"product_tag":[],"class_list":{"0":"post-38627","1":"product","2":"type-product","3":"status-publish","4":"has-post-thumbnail","6":"product_cat-futons-gultas-10","7":"product_cat-futons-gultas","9":"first","10":"instock","11":"shipping-taxable","12":"purchasable","13":"product-type-simple"},"yoast_head":"<!-- This site is optimized with the Yoast SEO plugin v26.0 - https:\/\/yoast.com\/wordpress\/plugins\/seo\/ -->\n<title>Izvelkamais koka d\u012bv\u0101ns<\/title>\n<meta name=\"description\" content=\"M\u016bsdien\u012bgs izvelkamais d\u012bv\u0101ns, kas ide\u0101li piem\u0113rots kompakt\u0101m telp\u0101m un stil\u012bgam interjeram. M\u012bkstie muguras spilveni un iztur\u012bga dab\u012bg\u0101 koka pamatne nodro\u0161ina komfortu un stabilit\u0101ti, savuk\u0101rt t...\" \/>\n<meta name=\"robots\" content=\"index, follow, max-snippet:-1, max-image-preview:large, max-video-preview:-1\" \/>\n<link rel=\"canonical\" href=\"https:\/\/brilune.eu\/lv\/product\/izvelkamais-koka-divans\/\" \/>\n<meta property=\"og:locale\" content=\"lv_LV\" \/>\n<meta property=\"og:type\" content=\"article\" \/>\n<meta property=\"og:title\" content=\"Izvelkamais koka d\u012bv\u0101ns\" \/>\n<meta property=\"og:description\" content=\"M\u016bsdien\u012bgs izvelkamais d\u012bv\u0101ns, kas ide\u0101li piem\u0113rots kompakt\u0101m telp\u0101m un stil\u012bgam interjeram. M\u012bkstie muguras spilveni un iztur\u012bga dab\u012bg\u0101 koka pamatne nodro\u0161ina komfortu un stabilit\u0101ti, savuk\u0101rt t...\" \/>\n<meta property=\"og:url\" content=\"https:\/\/brilune.eu\/lv\/product\/izvelkamais-koka-divans\/\" \/>\n<meta property=\"og:site_name\" content=\"Brilune\" \/>\n<meta property=\"article:modified_time\" content=\"2025-02-19T11:29:28+00:00\" \/>\n<meta property=\"og:image\" content=\"https:\/\/brilune.eu\/wp-content\/uploads\/2025\/01\/14028553.png\" \/>\n\t<meta property=\"og:image:width\" content=\"800\" \/>\n\t<meta property=\"og:image:height\" content=\"800\" \/>\n\t<meta property=\"og:image:type\" content=\"image\/png\" \/>\n<meta name=\"twitter:card\" content=\"summary_large_image\" \/>\n<meta name=\"twitter:label1\" content=\"Est. reading time\" \/>\n\t<meta name=\"twitter:data1\" content=\"1 minute\" \/>\n<script type=\"application\/ld+json\" class=\"yoast-schema-graph\">{\"@context\":\"https:\/\/schema.org\",\"@graph\":[{\"@type\":\"WebPage\",\"@id\":\"https:\/\/brilune.eu\/lv\/product\/izvelkamais-koka-divans\/\",\"url\":\"https:\/\/brilune.eu\/lv\/product\/izvelkamais-koka-divans\/\",\"name\":\"Izvelkamais koka d\u012bv\u0101ns\",\"isPartOf\":{\"@id\":\"https:\/\/brilune.eu\/lv\/#website\"},\"primaryImageOfPage\":{\"@id\":\"https:\/\/brilune.eu\/lv\/product\/izvelkamais-koka-divans\/#primaryimage\"},\"image\":{\"@id\":\"https:\/\/brilune.eu\/lv\/product\/izvelkamais-koka-divans\/#primaryimage\"},\"thumbnailUrl\":\"https:\/\/brilune.eu\/wp-content\/uploads\/2025\/01\/14028553.png\",\"datePublished\":\"2025-02-19T11:00:43+00:00\",\"dateModified\":\"2025-02-19T11:29:28+00:00\",\"description\":\"M\u016bsdien\u012bgs izvelkamais d\u012bv\u0101ns, kas ide\u0101li piem\u0113rots kompakt\u0101m telp\u0101m un stil\u012bgam interjeram. M\u012bkstie muguras spilveni un iztur\u012bga dab\u012bg\u0101 koka pamatne nodro\u0161ina komfortu un stabilit\u0101ti, savuk\u0101rt t...\",\"breadcrumb\":{\"@id\":\"https:\/\/brilune.eu\/lv\/product\/izvelkamais-koka-divans\/#breadcrumb\"},\"inLanguage\":\"lv-LV\",\"potentialAction\":[{\"@type\":\"ReadAction\",\"target\":[\"https:\/\/brilune.eu\/lv\/product\/izvelkamais-koka-divans\/\"]}]},{\"@type\":\"ImageObject\",\"inLanguage\":\"lv-LV\",\"@id\":\"https:\/\/brilune.eu\/lv\/product\/izvelkamais-koka-divans\/#primaryimage\",\"url\":\"https:\/\/brilune.eu\/wp-content\/uploads\/2025\/01\/14028553.png\",\"contentUrl\":\"https:\/\/brilune.eu\/wp-content\/uploads\/2025\/01\/14028553.png\",\"width\":800,\"height\":800},{\"@type\":\"BreadcrumbList\",\"@id\":\"https:\/\/brilune.eu\/lv\/product\/izvelkamais-koka-divans\/#breadcrumb\",\"itemListElement\":[{\"@type\":\"ListItem\",\"position\":1,\"name\":\"S\u0101kums\",\"item\":\"https:\/\/brilune.eu\/lv\/brilune-mebeles\/\"},{\"@type\":\"ListItem\",\"position\":2,\"name\":\"Visi produkti\",\"item\":\"https:\/\/brilune.eu\/lv\/shop\/\"},{\"@type\":\"ListItem\",\"position\":3,\"name\":\"Izvelkamais koka d\u012bv\u0101ns\"}]},{\"@type\":\"WebSite\",\"@id\":\"https:\/\/brilune.eu\/lv\/#website\",\"url\":\"https:\/\/brilune.eu\/lv\/\",\"name\":\"Brilune\",\"description\":\"M\u0113s pied\u0101v\u0101jam unik\u0101lus un nebiju\u0161us dizainus, kas apvieno eleganci, funkcionalit\u0101ti un rado\u0161umu.\",\"potentialAction\":[{\"@type\":\"SearchAction\",\"target\":{\"@type\":\"EntryPoint\",\"urlTemplate\":\"https:\/\/brilune.eu\/lv\/?s={search_term_string}\"},\"query-input\":{\"@type\":\"PropertyValueSpecification\",\"valueRequired\":true,\"valueName\":\"search_term_string\"}}],\"inLanguage\":\"lv-LV\"}]}<\/script>\n<!-- \/ Yoast SEO plugin. -->","yoast_head_json":{"title":"Izvelkamais koka d\u012bv\u0101ns","description":"M\u016bsdien\u012bgs izvelkamais d\u012bv\u0101ns, kas ide\u0101li piem\u0113rots kompakt\u0101m telp\u0101m un stil\u012bgam interjeram. M\u012bkstie muguras spilveni un iztur\u012bga dab\u012bg\u0101 koka pamatne nodro\u0161ina komfortu un stabilit\u0101ti, savuk\u0101rt t...","robots":{"index":"index","follow":"follow","max-snippet":"max-snippet:-1","max-image-preview":"max-image-preview:large","max-video-preview":"max-video-preview:-1"},"canonical":"https:\/\/brilune.eu\/lv\/product\/izvelkamais-koka-divans\/","og_locale":"lv_LV","og_type":"article","og_title":"Izvelkamais koka d\u012bv\u0101ns","og_description":"M\u016bsdien\u012bgs izvelkamais d\u012bv\u0101ns, kas ide\u0101li piem\u0113rots kompakt\u0101m telp\u0101m un stil\u012bgam interjeram. M\u012bkstie muguras spilveni un iztur\u012bga dab\u012bg\u0101 koka pamatne nodro\u0161ina komfortu un stabilit\u0101ti, savuk\u0101rt t...","og_url":"https:\/\/brilune.eu\/lv\/product\/izvelkamais-koka-divans\/","og_site_name":"Brilune","article_modified_time":"2025-02-19T11:29:28+00:00","og_image":[{"width":800,"height":800,"url":"https:\/\/brilune.eu\/wp-content\/uploads\/2025\/01\/14028553.png","type":"image\/png"}],"twitter_card":"summary_large_image","twitter_misc":{"Est. reading time":"1 minute"},"schema":{"@context":"https:\/\/schema.org","@graph":[{"@type":"WebPage","@id":"https:\/\/brilune.eu\/lv\/product\/izvelkamais-koka-divans\/","url":"https:\/\/brilune.eu\/lv\/product\/izvelkamais-koka-divans\/","name":"Izvelkamais koka d\u012bv\u0101ns","isPartOf":{"@id":"https:\/\/brilune.eu\/lv\/#website"},"primaryImageOfPage":{"@id":"https:\/\/brilune.eu\/lv\/product\/izvelkamais-koka-divans\/#primaryimage"},"image":{"@id":"https:\/\/brilune.eu\/lv\/product\/izvelkamais-koka-divans\/#primaryimage"},"thumbnailUrl":"https:\/\/brilune.eu\/wp-content\/uploads\/2025\/01\/14028553.png","datePublished":"2025-02-19T11:00:43+00:00","dateModified":"2025-02-19T11:29:28+00:00","description":"M\u016bsdien\u012bgs izvelkamais d\u012bv\u0101ns, kas ide\u0101li piem\u0113rots kompakt\u0101m telp\u0101m un stil\u012bgam interjeram. M\u012bkstie muguras spilveni un iztur\u012bga dab\u012bg\u0101 koka pamatne nodro\u0161ina komfortu un stabilit\u0101ti, savuk\u0101rt t...","breadcrumb":{"@id":"https:\/\/brilune.eu\/lv\/product\/izvelkamais-koka-divans\/#breadcrumb"},"inLanguage":"lv-LV","potentialAction":[{"@type":"ReadAction","target":["https:\/\/brilune.eu\/lv\/product\/izvelkamais-koka-divans\/"]}]},{"@type":"ImageObject","inLanguage":"lv-LV","@id":"https:\/\/brilune.eu\/lv\/product\/izvelkamais-koka-divans\/#primaryimage","url":"https:\/\/brilune.eu\/wp-content\/uploads\/2025\/01\/14028553.png","contentUrl":"https:\/\/brilune.eu\/wp-content\/uploads\/2025\/01\/14028553.png","width":800,"height":800},{"@type":"BreadcrumbList","@id":"https:\/\/brilune.eu\/lv\/product\/izvelkamais-koka-divans\/#breadcrumb","itemListElement":[{"@type":"ListItem","position":1,"name":"S\u0101kums","item":"https:\/\/brilune.eu\/lv\/brilune-mebeles\/"},{"@type":"ListItem","position":2,"name":"Visi produkti","item":"https:\/\/brilune.eu\/lv\/shop\/"},{"@type":"ListItem","position":3,"name":"Izvelkamais koka d\u012bv\u0101ns"}]},{"@type":"WebSite","@id":"https:\/\/brilune.eu\/lv\/#website","url":"https:\/\/brilune.eu\/lv\/","name":"Brilune","description":"M\u0113s pied\u0101v\u0101jam unik\u0101lus un nebiju\u0161us dizainus, kas apvieno eleganci, funkcionalit\u0101ti un rado\u0161umu.","potentialAction":[{"@type":"SearchAction","target":{"@type":"EntryPoint","urlTemplate":"https:\/\/brilune.eu\/lv\/?s={search_term_string}"},"query-input":{"@type":"PropertyValueSpecification","valueRequired":true,"valueName":"search_term_string"}}],"inLanguage":"lv-LV"}]}},"jetpack_sharing_enabled":true,"_links":{"self":[{"href":"https:\/\/brilune.eu\/lv\/wp-json\/wp\/v2\/product\/38627","targetHints":{"allow":["GET"]}}],"collection":[{"href":"https:\/\/brilune.eu\/lv\/wp-json\/wp\/v2\/product"}],"about":[{"href":"https:\/\/brilune.eu\/lv\/wp-json\/wp\/v2\/types\/product"}],"replies":[{"embeddable":true,"href":"https:\/\/brilune.eu\/lv\/wp-json\/wp\/v2\/comments?post=38627"}],"version-history":[{"count":1,"href":"https:\/\/brilune.eu\/lv\/wp-json\/wp\/v2\/product\/38627\/revisions"}],"predecessor-version":[{"id":38680,"href":"https:\/\/brilune.eu\/lv\/wp-json\/wp\/v2\/product\/38627\/revisions\/38680"}],"wp:featuredmedia":[{"embeddable":true,"href":"https:\/\/brilune.eu\/lv\/wp-json\/wp\/v2\/media\/10431"}],"wp:attachment":[{"href":"https:\/\/brilune.eu\/lv\/wp-json\/wp\/v2\/media?parent=38627"}],"wp:term":[{"taxonomy":"product_brand","embeddable":true,"href":"https:\/\/brilune.eu\/lv\/wp-json\/wp\/v2\/product_brand?post=38627"},{"taxonomy":"product_cat","embeddable":true,"href":"https:\/\/brilune.eu\/lv\/wp-json\/wp\/v2\/product_cat?post=38627"},{"taxonomy":"product_tag","embeddable":true,"href":"https:\/\/brilune.eu\/lv\/wp-json\/wp\/v2\/product_tag?post=38627"}],"curies":[{"name":"wp","href":"https:\/\/api.w.org\/{rel}","templated":true}]}}