{"id":38607,"date":"2025-02-19T13:00:17","date_gmt":"2025-02-19T11:00:17","guid":{"rendered":"https:\/\/brilune.eu\/?post_type=product&#038;p=38607"},"modified":"2025-02-19T13:29:23","modified_gmt":"2025-02-19T11:29:23","slug":"adas-saliekama-pufa-2","status":"publish","type":"product","link":"https:\/\/brilune.eu\/lv\/product\/adas-saliekama-pufa-2\/","title":{"rendered":"\u0100das saliekam\u0101 pufa"},"content":{"rendered":"<p>Pievilc\u012bgs un daudzfunkcion\u0101ls salok\u0101ms pufs rad\u012bs komforta un elegances atmosf\u0113ru. Pla\u0161ais s\u0113deklis ar atbalsto\u0161u biskv\u012bta atzveltni ir p\u0101rkl\u0101ts ar m\u0101ksl\u012bgo \u0101du, iztur\u012bgs pret ikdienas stresu un boj\u0101jumiem. \u0160o \u0113rto pufu var izloc\u012bt gu\u013camviet\u0101, un t\u0101 ir lieliska izv\u0113le modernam interjeram, pievienojot komfortu un stilu jebkurai telpai.<br \/>\nMateri\u0101li: m\u0101ksl\u012bg\u0101 \u0101da.<br \/>\nIzm\u0113ri: 180\u00d770\u00d776 cm.<\/p>\n","protected":false},"excerpt":{"rendered":"<p>Pievilc\u012bgs un daudzfunkcion\u0101ls salok\u0101ms pufs rad\u012bs komforta un elegances atmosf\u0113ru. Pla\u0161ais s\u0113deklis ar atbalsto\u0161u biskv\u012bta atzveltni ir cov&#8230;<\/p>\n","protected":false},"featured_media":10376,"comment_status":"open","ping_status":"closed","template":"","meta":[],"product_brand":[],"product_cat":[1721,5633],"product_tag":[],"class_list":{"0":"post-38607","1":"product","2":"type-product","3":"status-publish","4":"has-post-thumbnail","6":"product_cat-futons-gultas","7":"product_cat-futons-gultas-10","9":"first","10":"instock","11":"shipping-taxable","12":"purchasable","13":"product-type-simple"},"yoast_head":"<!-- This site is optimized with the Yoast SEO plugin v26.0 - https:\/\/yoast.com\/wordpress\/plugins\/seo\/ -->\n<title>\u0100das saliekam\u0101 pufa<\/title>\n<meta name=\"description\" content=\"Pievilc\u012bgs un daudzfunkcion\u0101ls salok\u0101ms pufs rad\u012bs komforta un elegances atmosf\u0113ru. Pla\u0161ais s\u0113deklis ar atbalsto\u0161u biskv\u012bta atzveltni ir cov...\" \/>\n<meta name=\"robots\" content=\"index, follow, max-snippet:-1, max-image-preview:large, max-video-preview:-1\" \/>\n<link rel=\"canonical\" href=\"https:\/\/brilune.eu\/lv\/product\/adas-saliekama-pufa-2\/\" \/>\n<meta property=\"og:locale\" content=\"lv_LV\" \/>\n<meta property=\"og:type\" content=\"article\" \/>\n<meta property=\"og:title\" content=\"\u0100das saliekam\u0101 pufa\" \/>\n<meta property=\"og:description\" content=\"Pievilc\u012bgs un daudzfunkcion\u0101ls salok\u0101ms pufs rad\u012bs komforta un elegances atmosf\u0113ru. Pla\u0161ais s\u0113deklis ar atbalsto\u0161u biskv\u012bta atzveltni ir cov...\" \/>\n<meta property=\"og:url\" content=\"https:\/\/brilune.eu\/lv\/product\/adas-saliekama-pufa-2\/\" \/>\n<meta property=\"og:site_name\" content=\"Brilune\" \/>\n<meta property=\"article:modified_time\" content=\"2025-02-19T11:29:23+00:00\" \/>\n<meta property=\"og:image\" content=\"https:\/\/brilune.eu\/wp-content\/uploads\/2025\/01\/14132250.png\" \/>\n\t<meta property=\"og:image:width\" content=\"800\" \/>\n\t<meta property=\"og:image:height\" content=\"800\" \/>\n\t<meta property=\"og:image:type\" content=\"image\/png\" \/>\n<meta name=\"twitter:card\" content=\"summary_large_image\" \/>\n<script type=\"application\/ld+json\" class=\"yoast-schema-graph\">{\"@context\":\"https:\/\/schema.org\",\"@graph\":[{\"@type\":\"WebPage\",\"@id\":\"https:\/\/brilune.eu\/lv\/product\/adas-saliekama-pufa-2\/\",\"url\":\"https:\/\/brilune.eu\/lv\/product\/adas-saliekama-pufa-2\/\",\"name\":\"\u0100das saliekam\u0101 pufa\",\"isPartOf\":{\"@id\":\"https:\/\/brilune.eu\/lv\/#website\"},\"primaryImageOfPage\":{\"@id\":\"https:\/\/brilune.eu\/lv\/product\/adas-saliekama-pufa-2\/#primaryimage\"},\"image\":{\"@id\":\"https:\/\/brilune.eu\/lv\/product\/adas-saliekama-pufa-2\/#primaryimage\"},\"thumbnailUrl\":\"https:\/\/brilune.eu\/wp-content\/uploads\/2025\/01\/14132250.png\",\"datePublished\":\"2025-02-19T11:00:17+00:00\",\"dateModified\":\"2025-02-19T11:29:23+00:00\",\"description\":\"Pievilc\u012bgs un daudzfunkcion\u0101ls salok\u0101ms pufs rad\u012bs komforta un elegances atmosf\u0113ru. Pla\u0161ais s\u0113deklis ar atbalsto\u0161u biskv\u012bta atzveltni ir cov...\",\"breadcrumb\":{\"@id\":\"https:\/\/brilune.eu\/lv\/product\/adas-saliekama-pufa-2\/#breadcrumb\"},\"inLanguage\":\"lv-LV\",\"potentialAction\":[{\"@type\":\"ReadAction\",\"target\":[\"https:\/\/brilune.eu\/lv\/product\/adas-saliekama-pufa-2\/\"]}]},{\"@type\":\"ImageObject\",\"inLanguage\":\"lv-LV\",\"@id\":\"https:\/\/brilune.eu\/lv\/product\/adas-saliekama-pufa-2\/#primaryimage\",\"url\":\"https:\/\/brilune.eu\/wp-content\/uploads\/2025\/01\/14132250.png\",\"contentUrl\":\"https:\/\/brilune.eu\/wp-content\/uploads\/2025\/01\/14132250.png\",\"width\":800,\"height\":800},{\"@type\":\"BreadcrumbList\",\"@id\":\"https:\/\/brilune.eu\/lv\/product\/adas-saliekama-pufa-2\/#breadcrumb\",\"itemListElement\":[{\"@type\":\"ListItem\",\"position\":1,\"name\":\"S\u0101kums\",\"item\":\"https:\/\/brilune.eu\/lv\/brilune-mebeles\/\"},{\"@type\":\"ListItem\",\"position\":2,\"name\":\"Visi produkti\",\"item\":\"https:\/\/brilune.eu\/lv\/shop\/\"},{\"@type\":\"ListItem\",\"position\":3,\"name\":\"\u0100das saliekam\u0101 pufa\"}]},{\"@type\":\"WebSite\",\"@id\":\"https:\/\/brilune.eu\/lv\/#website\",\"url\":\"https:\/\/brilune.eu\/lv\/\",\"name\":\"Brilune\",\"description\":\"M\u0113s pied\u0101v\u0101jam unik\u0101lus un nebiju\u0161us dizainus, kas apvieno eleganci, funkcionalit\u0101ti un rado\u0161umu.\",\"potentialAction\":[{\"@type\":\"SearchAction\",\"target\":{\"@type\":\"EntryPoint\",\"urlTemplate\":\"https:\/\/brilune.eu\/lv\/?s={search_term_string}\"},\"query-input\":{\"@type\":\"PropertyValueSpecification\",\"valueRequired\":true,\"valueName\":\"search_term_string\"}}],\"inLanguage\":\"lv-LV\"}]}<\/script>\n<!-- \/ Yoast SEO plugin. -->","yoast_head_json":{"title":"\u0100das saliekam\u0101 pufa","description":"Pievilc\u012bgs un daudzfunkcion\u0101ls salok\u0101ms pufs rad\u012bs komforta un elegances atmosf\u0113ru. Pla\u0161ais s\u0113deklis ar atbalsto\u0161u biskv\u012bta atzveltni ir cov...","robots":{"index":"index","follow":"follow","max-snippet":"max-snippet:-1","max-image-preview":"max-image-preview:large","max-video-preview":"max-video-preview:-1"},"canonical":"https:\/\/brilune.eu\/lv\/product\/adas-saliekama-pufa-2\/","og_locale":"lv_LV","og_type":"article","og_title":"\u0100das saliekam\u0101 pufa","og_description":"Pievilc\u012bgs un daudzfunkcion\u0101ls salok\u0101ms pufs rad\u012bs komforta un elegances atmosf\u0113ru. Pla\u0161ais s\u0113deklis ar atbalsto\u0161u biskv\u012bta atzveltni ir cov...","og_url":"https:\/\/brilune.eu\/lv\/product\/adas-saliekama-pufa-2\/","og_site_name":"Brilune","article_modified_time":"2025-02-19T11:29:23+00:00","og_image":[{"width":800,"height":800,"url":"https:\/\/brilune.eu\/wp-content\/uploads\/2025\/01\/14132250.png","type":"image\/png"}],"twitter_card":"summary_large_image","schema":{"@context":"https:\/\/schema.org","@graph":[{"@type":"WebPage","@id":"https:\/\/brilune.eu\/lv\/product\/adas-saliekama-pufa-2\/","url":"https:\/\/brilune.eu\/lv\/product\/adas-saliekama-pufa-2\/","name":"\u0100das saliekam\u0101 pufa","isPartOf":{"@id":"https:\/\/brilune.eu\/lv\/#website"},"primaryImageOfPage":{"@id":"https:\/\/brilune.eu\/lv\/product\/adas-saliekama-pufa-2\/#primaryimage"},"image":{"@id":"https:\/\/brilune.eu\/lv\/product\/adas-saliekama-pufa-2\/#primaryimage"},"thumbnailUrl":"https:\/\/brilune.eu\/wp-content\/uploads\/2025\/01\/14132250.png","datePublished":"2025-02-19T11:00:17+00:00","dateModified":"2025-02-19T11:29:23+00:00","description":"Pievilc\u012bgs un daudzfunkcion\u0101ls salok\u0101ms pufs rad\u012bs komforta un elegances atmosf\u0113ru. Pla\u0161ais s\u0113deklis ar atbalsto\u0161u biskv\u012bta atzveltni ir cov...","breadcrumb":{"@id":"https:\/\/brilune.eu\/lv\/product\/adas-saliekama-pufa-2\/#breadcrumb"},"inLanguage":"lv-LV","potentialAction":[{"@type":"ReadAction","target":["https:\/\/brilune.eu\/lv\/product\/adas-saliekama-pufa-2\/"]}]},{"@type":"ImageObject","inLanguage":"lv-LV","@id":"https:\/\/brilune.eu\/lv\/product\/adas-saliekama-pufa-2\/#primaryimage","url":"https:\/\/brilune.eu\/wp-content\/uploads\/2025\/01\/14132250.png","contentUrl":"https:\/\/brilune.eu\/wp-content\/uploads\/2025\/01\/14132250.png","width":800,"height":800},{"@type":"BreadcrumbList","@id":"https:\/\/brilune.eu\/lv\/product\/adas-saliekama-pufa-2\/#breadcrumb","itemListElement":[{"@type":"ListItem","position":1,"name":"S\u0101kums","item":"https:\/\/brilune.eu\/lv\/brilune-mebeles\/"},{"@type":"ListItem","position":2,"name":"Visi produkti","item":"https:\/\/brilune.eu\/lv\/shop\/"},{"@type":"ListItem","position":3,"name":"\u0100das saliekam\u0101 pufa"}]},{"@type":"WebSite","@id":"https:\/\/brilune.eu\/lv\/#website","url":"https:\/\/brilune.eu\/lv\/","name":"Brilune","description":"M\u0113s pied\u0101v\u0101jam unik\u0101lus un nebiju\u0161us dizainus, kas apvieno eleganci, funkcionalit\u0101ti un rado\u0161umu.","potentialAction":[{"@type":"SearchAction","target":{"@type":"EntryPoint","urlTemplate":"https:\/\/brilune.eu\/lv\/?s={search_term_string}"},"query-input":{"@type":"PropertyValueSpecification","valueRequired":true,"valueName":"search_term_string"}}],"inLanguage":"lv-LV"}]}},"jetpack_sharing_enabled":true,"_links":{"self":[{"href":"https:\/\/brilune.eu\/lv\/wp-json\/wp\/v2\/product\/38607","targetHints":{"allow":["GET"]}}],"collection":[{"href":"https:\/\/brilune.eu\/lv\/wp-json\/wp\/v2\/product"}],"about":[{"href":"https:\/\/brilune.eu\/lv\/wp-json\/wp\/v2\/types\/product"}],"replies":[{"embeddable":true,"href":"https:\/\/brilune.eu\/lv\/wp-json\/wp\/v2\/comments?post=38607"}],"version-history":[{"count":1,"href":"https:\/\/brilune.eu\/lv\/wp-json\/wp\/v2\/product\/38607\/revisions"}],"predecessor-version":[{"id":38659,"href":"https:\/\/brilune.eu\/lv\/wp-json\/wp\/v2\/product\/38607\/revisions\/38659"}],"wp:featuredmedia":[{"embeddable":true,"href":"https:\/\/brilune.eu\/lv\/wp-json\/wp\/v2\/media\/10376"}],"wp:attachment":[{"href":"https:\/\/brilune.eu\/lv\/wp-json\/wp\/v2\/media?parent=38607"}],"wp:term":[{"taxonomy":"product_brand","embeddable":true,"href":"https:\/\/brilune.eu\/lv\/wp-json\/wp\/v2\/product_brand?post=38607"},{"taxonomy":"product_cat","embeddable":true,"href":"https:\/\/brilune.eu\/lv\/wp-json\/wp\/v2\/product_cat?post=38607"},{"taxonomy":"product_tag","embeddable":true,"href":"https:\/\/brilune.eu\/lv\/wp-json\/wp\/v2\/product_tag?post=38607"}],"curies":[{"name":"wp","href":"https:\/\/api.w.org\/{rel}","templated":true}]}}