{"id":38559,"date":"2025-02-19T12:59:27","date_gmt":"2025-02-19T10:59:27","guid":{"rendered":"https:\/\/brilune.eu\/?post_type=product&#038;p=38559"},"modified":"2025-02-19T13:29:06","modified_gmt":"2025-02-19T11:29:06","slug":"ovals-kafijas-galdins","status":"publish","type":"product","link":"https:\/\/brilune.eu\/lv\/product\/ovals-kafijas-galdins\/","title":{"rendered":"Ov\u0101ls kafijas galdi\u0146\u0161"},"content":{"rendered":"<p>\u0160is skandin\u0101vu stila kafijas galdi\u0146\u0161 b\u016bs praktisks un stil\u012bgs papildin\u0101jums j\u016bsu interjeram. Tas ir izgatavots ar ov\u0101lu vai taisnst\u016brveida galda virsmu, kas izgatavota no dab\u012bg\u0101 koka un balta koka pamatnes. Galds ir apr\u012bkots ar div\u0101m atvilktn\u0113m un vienu plauktu, kas nodro\u0161ina \u0113rtu uzglab\u0101\u0161anu. T\u0101 elegantais dizains un dabiskie to\u0146i \u013caus tai viegli iek\u013cauties jebkur\u0101 telp\u0101. Izm\u0113ri: 130\u00d770\u00d740 cm. Materi\u0101li: koks.<\/p>\n","protected":false},"excerpt":{"rendered":"<p>\u0160is skandin\u0101vu stila kafijas galdi\u0146\u0161 b\u016bs praktisks un stil\u012bgs papildin\u0101jums j\u016bsu interjeram. Tas ir izgatavots ar ov\u0101lu vai taisnst\u016brveida galda virsmu, kas izgatavota no dab\u012bgas &#8230;<\/p>\n","protected":false},"featured_media":10242,"comment_status":"open","ping_status":"closed","template":"","meta":[],"product_brand":[],"product_cat":[5627,1627],"product_tag":[],"class_list":{"0":"post-38559","1":"product","2":"type-product","3":"status-publish","4":"has-post-thumbnail","6":"product_cat-kafijas-galdini-galdi-5","7":"product_cat-kafijas-galdini","9":"first","10":"instock","11":"shipping-taxable","12":"purchasable","13":"product-type-simple"},"yoast_head":"<!-- This site is optimized with the Yoast SEO plugin v26.0 - https:\/\/yoast.com\/wordpress\/plugins\/seo\/ -->\n<title>Ov\u0101ls kafijas galdi\u0146\u0161<\/title>\n<meta name=\"description\" content=\"\u0160is skandin\u0101vu stila kafijas galdi\u0146\u0161 b\u016bs praktisks un stil\u012bgs papildin\u0101jums j\u016bsu interjeram. Tas ir izgatavots ar ov\u0101lu vai taisnst\u016brveida galda virsmu, kas izgatavota no dab\u012bgas ...\" \/>\n<meta name=\"robots\" content=\"index, follow, max-snippet:-1, max-image-preview:large, max-video-preview:-1\" \/>\n<link rel=\"canonical\" href=\"https:\/\/brilune.eu\/lv\/product\/ovals-kafijas-galdins\/\" \/>\n<meta property=\"og:locale\" content=\"lv_LV\" \/>\n<meta property=\"og:type\" content=\"article\" \/>\n<meta property=\"og:title\" content=\"Ov\u0101ls kafijas galdi\u0146\u0161\" \/>\n<meta property=\"og:description\" content=\"\u0160is skandin\u0101vu stila kafijas galdi\u0146\u0161 b\u016bs praktisks un stil\u012bgs papildin\u0101jums j\u016bsu interjeram. Tas ir izgatavots ar ov\u0101lu vai taisnst\u016brveida galda virsmu, kas izgatavota no dab\u012bgas ...\" \/>\n<meta property=\"og:url\" content=\"https:\/\/brilune.eu\/lv\/product\/ovals-kafijas-galdins\/\" \/>\n<meta property=\"og:site_name\" content=\"Brilune\" \/>\n<meta property=\"article:modified_time\" content=\"2025-02-19T11:29:06+00:00\" \/>\n<meta property=\"og:image\" content=\"https:\/\/brilune.eu\/wp-content\/uploads\/2025\/01\/13214473.png\" \/>\n\t<meta property=\"og:image:width\" content=\"800\" \/>\n\t<meta property=\"og:image:height\" content=\"800\" \/>\n\t<meta property=\"og:image:type\" content=\"image\/png\" \/>\n<meta name=\"twitter:card\" content=\"summary_large_image\" \/>\n<script type=\"application\/ld+json\" class=\"yoast-schema-graph\">{\"@context\":\"https:\/\/schema.org\",\"@graph\":[{\"@type\":\"WebPage\",\"@id\":\"https:\/\/brilune.eu\/lv\/product\/ovals-kafijas-galdins\/\",\"url\":\"https:\/\/brilune.eu\/lv\/product\/ovals-kafijas-galdins\/\",\"name\":\"Ov\u0101ls kafijas galdi\u0146\u0161\",\"isPartOf\":{\"@id\":\"https:\/\/brilune.eu\/lv\/#website\"},\"primaryImageOfPage\":{\"@id\":\"https:\/\/brilune.eu\/lv\/product\/ovals-kafijas-galdins\/#primaryimage\"},\"image\":{\"@id\":\"https:\/\/brilune.eu\/lv\/product\/ovals-kafijas-galdins\/#primaryimage\"},\"thumbnailUrl\":\"https:\/\/brilune.eu\/wp-content\/uploads\/2025\/01\/13214473.png\",\"datePublished\":\"2025-02-19T10:59:27+00:00\",\"dateModified\":\"2025-02-19T11:29:06+00:00\",\"description\":\"\u0160is skandin\u0101vu stila kafijas galdi\u0146\u0161 b\u016bs praktisks un stil\u012bgs papildin\u0101jums j\u016bsu interjeram. Tas ir izgatavots ar ov\u0101lu vai taisnst\u016brveida galda virsmu, kas izgatavota no dab\u012bgas ...\",\"breadcrumb\":{\"@id\":\"https:\/\/brilune.eu\/lv\/product\/ovals-kafijas-galdins\/#breadcrumb\"},\"inLanguage\":\"lv-LV\",\"potentialAction\":[{\"@type\":\"ReadAction\",\"target\":[\"https:\/\/brilune.eu\/lv\/product\/ovals-kafijas-galdins\/\"]}]},{\"@type\":\"ImageObject\",\"inLanguage\":\"lv-LV\",\"@id\":\"https:\/\/brilune.eu\/lv\/product\/ovals-kafijas-galdins\/#primaryimage\",\"url\":\"https:\/\/brilune.eu\/wp-content\/uploads\/2025\/01\/13214473.png\",\"contentUrl\":\"https:\/\/brilune.eu\/wp-content\/uploads\/2025\/01\/13214473.png\",\"width\":800,\"height\":800},{\"@type\":\"BreadcrumbList\",\"@id\":\"https:\/\/brilune.eu\/lv\/product\/ovals-kafijas-galdins\/#breadcrumb\",\"itemListElement\":[{\"@type\":\"ListItem\",\"position\":1,\"name\":\"S\u0101kums\",\"item\":\"https:\/\/brilune.eu\/lv\/brilune-mebeles\/\"},{\"@type\":\"ListItem\",\"position\":2,\"name\":\"Visi produkti\",\"item\":\"https:\/\/brilune.eu\/lv\/shop\/\"},{\"@type\":\"ListItem\",\"position\":3,\"name\":\"Ov\u0101ls kafijas galdi\u0146\u0161\"}]},{\"@type\":\"WebSite\",\"@id\":\"https:\/\/brilune.eu\/lv\/#website\",\"url\":\"https:\/\/brilune.eu\/lv\/\",\"name\":\"Brilune\",\"description\":\"M\u0113s pied\u0101v\u0101jam unik\u0101lus un nebiju\u0161us dizainus, kas apvieno eleganci, funkcionalit\u0101ti un rado\u0161umu.\",\"potentialAction\":[{\"@type\":\"SearchAction\",\"target\":{\"@type\":\"EntryPoint\",\"urlTemplate\":\"https:\/\/brilune.eu\/lv\/?s={search_term_string}\"},\"query-input\":{\"@type\":\"PropertyValueSpecification\",\"valueRequired\":true,\"valueName\":\"search_term_string\"}}],\"inLanguage\":\"lv-LV\"}]}<\/script>\n<!-- \/ Yoast SEO plugin. -->","yoast_head_json":{"title":"Ov\u0101ls kafijas galdi\u0146\u0161","description":"\u0160is skandin\u0101vu stila kafijas galdi\u0146\u0161 b\u016bs praktisks un stil\u012bgs papildin\u0101jums j\u016bsu interjeram. Tas ir izgatavots ar ov\u0101lu vai taisnst\u016brveida galda virsmu, kas izgatavota no dab\u012bgas ...","robots":{"index":"index","follow":"follow","max-snippet":"max-snippet:-1","max-image-preview":"max-image-preview:large","max-video-preview":"max-video-preview:-1"},"canonical":"https:\/\/brilune.eu\/lv\/product\/ovals-kafijas-galdins\/","og_locale":"lv_LV","og_type":"article","og_title":"Ov\u0101ls kafijas galdi\u0146\u0161","og_description":"\u0160is skandin\u0101vu stila kafijas galdi\u0146\u0161 b\u016bs praktisks un stil\u012bgs papildin\u0101jums j\u016bsu interjeram. Tas ir izgatavots ar ov\u0101lu vai taisnst\u016brveida galda virsmu, kas izgatavota no dab\u012bgas ...","og_url":"https:\/\/brilune.eu\/lv\/product\/ovals-kafijas-galdins\/","og_site_name":"Brilune","article_modified_time":"2025-02-19T11:29:06+00:00","og_image":[{"width":800,"height":800,"url":"https:\/\/brilune.eu\/wp-content\/uploads\/2025\/01\/13214473.png","type":"image\/png"}],"twitter_card":"summary_large_image","schema":{"@context":"https:\/\/schema.org","@graph":[{"@type":"WebPage","@id":"https:\/\/brilune.eu\/lv\/product\/ovals-kafijas-galdins\/","url":"https:\/\/brilune.eu\/lv\/product\/ovals-kafijas-galdins\/","name":"Ov\u0101ls kafijas galdi\u0146\u0161","isPartOf":{"@id":"https:\/\/brilune.eu\/lv\/#website"},"primaryImageOfPage":{"@id":"https:\/\/brilune.eu\/lv\/product\/ovals-kafijas-galdins\/#primaryimage"},"image":{"@id":"https:\/\/brilune.eu\/lv\/product\/ovals-kafijas-galdins\/#primaryimage"},"thumbnailUrl":"https:\/\/brilune.eu\/wp-content\/uploads\/2025\/01\/13214473.png","datePublished":"2025-02-19T10:59:27+00:00","dateModified":"2025-02-19T11:29:06+00:00","description":"\u0160is skandin\u0101vu stila kafijas galdi\u0146\u0161 b\u016bs praktisks un stil\u012bgs papildin\u0101jums j\u016bsu interjeram. Tas ir izgatavots ar ov\u0101lu vai taisnst\u016brveida galda virsmu, kas izgatavota no dab\u012bgas ...","breadcrumb":{"@id":"https:\/\/brilune.eu\/lv\/product\/ovals-kafijas-galdins\/#breadcrumb"},"inLanguage":"lv-LV","potentialAction":[{"@type":"ReadAction","target":["https:\/\/brilune.eu\/lv\/product\/ovals-kafijas-galdins\/"]}]},{"@type":"ImageObject","inLanguage":"lv-LV","@id":"https:\/\/brilune.eu\/lv\/product\/ovals-kafijas-galdins\/#primaryimage","url":"https:\/\/brilune.eu\/wp-content\/uploads\/2025\/01\/13214473.png","contentUrl":"https:\/\/brilune.eu\/wp-content\/uploads\/2025\/01\/13214473.png","width":800,"height":800},{"@type":"BreadcrumbList","@id":"https:\/\/brilune.eu\/lv\/product\/ovals-kafijas-galdins\/#breadcrumb","itemListElement":[{"@type":"ListItem","position":1,"name":"S\u0101kums","item":"https:\/\/brilune.eu\/lv\/brilune-mebeles\/"},{"@type":"ListItem","position":2,"name":"Visi produkti","item":"https:\/\/brilune.eu\/lv\/shop\/"},{"@type":"ListItem","position":3,"name":"Ov\u0101ls kafijas galdi\u0146\u0161"}]},{"@type":"WebSite","@id":"https:\/\/brilune.eu\/lv\/#website","url":"https:\/\/brilune.eu\/lv\/","name":"Brilune","description":"M\u0113s pied\u0101v\u0101jam unik\u0101lus un nebiju\u0161us dizainus, kas apvieno eleganci, funkcionalit\u0101ti un rado\u0161umu.","potentialAction":[{"@type":"SearchAction","target":{"@type":"EntryPoint","urlTemplate":"https:\/\/brilune.eu\/lv\/?s={search_term_string}"},"query-input":{"@type":"PropertyValueSpecification","valueRequired":true,"valueName":"search_term_string"}}],"inLanguage":"lv-LV"}]}},"jetpack_sharing_enabled":true,"_links":{"self":[{"href":"https:\/\/brilune.eu\/lv\/wp-json\/wp\/v2\/product\/38559","targetHints":{"allow":["GET"]}}],"collection":[{"href":"https:\/\/brilune.eu\/lv\/wp-json\/wp\/v2\/product"}],"about":[{"href":"https:\/\/brilune.eu\/lv\/wp-json\/wp\/v2\/types\/product"}],"replies":[{"embeddable":true,"href":"https:\/\/brilune.eu\/lv\/wp-json\/wp\/v2\/comments?post=38559"}],"version-history":[{"count":1,"href":"https:\/\/brilune.eu\/lv\/wp-json\/wp\/v2\/product\/38559\/revisions"}],"predecessor-version":[{"id":38600,"href":"https:\/\/brilune.eu\/lv\/wp-json\/wp\/v2\/product\/38559\/revisions\/38600"}],"wp:featuredmedia":[{"embeddable":true,"href":"https:\/\/brilune.eu\/lv\/wp-json\/wp\/v2\/media\/10242"}],"wp:attachment":[{"href":"https:\/\/brilune.eu\/lv\/wp-json\/wp\/v2\/media?parent=38559"}],"wp:term":[{"taxonomy":"product_brand","embeddable":true,"href":"https:\/\/brilune.eu\/lv\/wp-json\/wp\/v2\/product_brand?post=38559"},{"taxonomy":"product_cat","embeddable":true,"href":"https:\/\/brilune.eu\/lv\/wp-json\/wp\/v2\/product_cat?post=38559"},{"taxonomy":"product_tag","embeddable":true,"href":"https:\/\/brilune.eu\/lv\/wp-json\/wp\/v2\/product_tag?post=38559"}],"curies":[{"name":"wp","href":"https:\/\/api.w.org\/{rel}","templated":true}]}}