{"id":38544,"date":"2025-02-19T12:59:01","date_gmt":"2025-02-19T10:59:01","guid":{"rendered":"https:\/\/brilune.eu\/?post_type=product&#038;p=38544"},"modified":"2025-02-19T13:29:04","modified_gmt":"2025-02-19T11:29:04","slug":"kafijas-galdins-zieda-forma","status":"publish","type":"product","link":"https:\/\/brilune.eu\/lv\/product\/kafijas-galdins-zieda-forma\/","title":{"rendered":"Kafijas galdi\u0146\u0161 zieda form\u0101"},"content":{"rendered":"<p>\u0160is kafijas galdi\u0146\u0161 ir izgatavots m\u016bsdien\u012bg\u0101 stil\u0101 un k\u013c\u016bs par stil\u012bgu akcentu j\u016bsu interjer\u0101. Ar ov\u0101lu akmens virsmu un balto dzelzs pamatni tas apvieno eleganci un funkcionalit\u0101ti. Galds nav salok\u0101ms un ir apr\u012bkots ar div\u0101m atvilktn\u0113m \u0113rtai s\u012bklietu uzglab\u0101\u0161anai. T\u0101 minim\u0101listiskais dizains un univers\u0101l\u0101 balt\u0101 kr\u0101sa \u013cauj to viegli iek\u013caut jebkur\u0101 interjer\u0101. Izm\u0113ri: 80\u00d780\u00d734 cm. Materi\u0101li: akmens, met\u0101ls.<\/p>\n","protected":false},"excerpt":{"rendered":"<p>\u0160is kafijas galdi\u0146\u0161 ir izgatavots m\u016bsdien\u012bg\u0101 stil\u0101 un k\u013c\u016bs par stil\u012bgu akcentu j\u016bsu interjer\u0101. Ar ov\u0101lu akmens virsmu un balto dzelzs pamatni tas apvieno eleganci &#8230;<\/p>\n","protected":false},"featured_media":10217,"comment_status":"open","ping_status":"closed","template":"","meta":[],"product_brand":[],"product_cat":[1627,5627],"product_tag":[],"class_list":{"0":"post-38544","1":"product","2":"type-product","3":"status-publish","4":"has-post-thumbnail","6":"product_cat-kafijas-galdini","7":"product_cat-kafijas-galdini-galdi-5","9":"first","10":"instock","11":"shipping-taxable","12":"purchasable","13":"product-type-simple"},"yoast_head":"<!-- This site is optimized with the Yoast SEO plugin v26.0 - https:\/\/yoast.com\/wordpress\/plugins\/seo\/ -->\n<title>Kafijas galdi\u0146\u0161 zieda form\u0101<\/title>\n<meta name=\"description\" content=\"\u0160is kafijas galdi\u0146\u0161 ir izgatavots m\u016bsdien\u012bg\u0101 stil\u0101 un k\u013c\u016bs par stil\u012bgu akcentu j\u016bsu interjer\u0101. Ar ov\u0101lu akmens virsmu un balto dzelzs pamatni tas apvieno eleganci ...\" \/>\n<meta name=\"robots\" content=\"index, follow, max-snippet:-1, max-image-preview:large, max-video-preview:-1\" \/>\n<link rel=\"canonical\" href=\"https:\/\/brilune.eu\/lv\/product\/kafijas-galdins-zieda-forma\/\" \/>\n<meta property=\"og:locale\" content=\"lv_LV\" \/>\n<meta property=\"og:type\" content=\"article\" \/>\n<meta property=\"og:title\" content=\"Kafijas galdi\u0146\u0161 zieda form\u0101\" \/>\n<meta property=\"og:description\" content=\"\u0160is kafijas galdi\u0146\u0161 ir izgatavots m\u016bsdien\u012bg\u0101 stil\u0101 un k\u013c\u016bs par stil\u012bgu akcentu j\u016bsu interjer\u0101. Ar ov\u0101lu akmens virsmu un balto dzelzs pamatni tas apvieno eleganci ...\" \/>\n<meta property=\"og:url\" content=\"https:\/\/brilune.eu\/lv\/product\/kafijas-galdins-zieda-forma\/\" \/>\n<meta property=\"og:site_name\" content=\"Brilune\" \/>\n<meta property=\"article:modified_time\" content=\"2025-02-19T11:29:04+00:00\" \/>\n<meta property=\"og:image\" content=\"https:\/\/brilune.eu\/wp-content\/uploads\/2025\/01\/13428464.png\" \/>\n\t<meta property=\"og:image:width\" content=\"800\" \/>\n\t<meta property=\"og:image:height\" content=\"800\" \/>\n\t<meta property=\"og:image:type\" content=\"image\/png\" \/>\n<meta name=\"twitter:card\" content=\"summary_large_image\" \/>\n<script type=\"application\/ld+json\" class=\"yoast-schema-graph\">{\"@context\":\"https:\/\/schema.org\",\"@graph\":[{\"@type\":\"WebPage\",\"@id\":\"https:\/\/brilune.eu\/lv\/product\/kafijas-galdins-zieda-forma\/\",\"url\":\"https:\/\/brilune.eu\/lv\/product\/kafijas-galdins-zieda-forma\/\",\"name\":\"Kafijas galdi\u0146\u0161 zieda form\u0101\",\"isPartOf\":{\"@id\":\"https:\/\/brilune.eu\/lv\/#website\"},\"primaryImageOfPage\":{\"@id\":\"https:\/\/brilune.eu\/lv\/product\/kafijas-galdins-zieda-forma\/#primaryimage\"},\"image\":{\"@id\":\"https:\/\/brilune.eu\/lv\/product\/kafijas-galdins-zieda-forma\/#primaryimage\"},\"thumbnailUrl\":\"https:\/\/brilune.eu\/wp-content\/uploads\/2025\/01\/13428464.png\",\"datePublished\":\"2025-02-19T10:59:01+00:00\",\"dateModified\":\"2025-02-19T11:29:04+00:00\",\"description\":\"\u0160is kafijas galdi\u0146\u0161 ir izgatavots m\u016bsdien\u012bg\u0101 stil\u0101 un k\u013c\u016bs par stil\u012bgu akcentu j\u016bsu interjer\u0101. Ar ov\u0101lu akmens virsmu un balto dzelzs pamatni tas apvieno eleganci ...\",\"breadcrumb\":{\"@id\":\"https:\/\/brilune.eu\/lv\/product\/kafijas-galdins-zieda-forma\/#breadcrumb\"},\"inLanguage\":\"lv-LV\",\"potentialAction\":[{\"@type\":\"ReadAction\",\"target\":[\"https:\/\/brilune.eu\/lv\/product\/kafijas-galdins-zieda-forma\/\"]}]},{\"@type\":\"ImageObject\",\"inLanguage\":\"lv-LV\",\"@id\":\"https:\/\/brilune.eu\/lv\/product\/kafijas-galdins-zieda-forma\/#primaryimage\",\"url\":\"https:\/\/brilune.eu\/wp-content\/uploads\/2025\/01\/13428464.png\",\"contentUrl\":\"https:\/\/brilune.eu\/wp-content\/uploads\/2025\/01\/13428464.png\",\"width\":800,\"height\":800},{\"@type\":\"BreadcrumbList\",\"@id\":\"https:\/\/brilune.eu\/lv\/product\/kafijas-galdins-zieda-forma\/#breadcrumb\",\"itemListElement\":[{\"@type\":\"ListItem\",\"position\":1,\"name\":\"S\u0101kums\",\"item\":\"https:\/\/brilune.eu\/lv\/brilune-mebeles\/\"},{\"@type\":\"ListItem\",\"position\":2,\"name\":\"Visi produkti\",\"item\":\"https:\/\/brilune.eu\/lv\/shop\/\"},{\"@type\":\"ListItem\",\"position\":3,\"name\":\"Kafijas galdi\u0146\u0161 zieda form\u0101\"}]},{\"@type\":\"WebSite\",\"@id\":\"https:\/\/brilune.eu\/lv\/#website\",\"url\":\"https:\/\/brilune.eu\/lv\/\",\"name\":\"Brilune\",\"description\":\"M\u0113s pied\u0101v\u0101jam unik\u0101lus un nebiju\u0161us dizainus, kas apvieno eleganci, funkcionalit\u0101ti un rado\u0161umu.\",\"potentialAction\":[{\"@type\":\"SearchAction\",\"target\":{\"@type\":\"EntryPoint\",\"urlTemplate\":\"https:\/\/brilune.eu\/lv\/?s={search_term_string}\"},\"query-input\":{\"@type\":\"PropertyValueSpecification\",\"valueRequired\":true,\"valueName\":\"search_term_string\"}}],\"inLanguage\":\"lv-LV\"}]}<\/script>\n<!-- \/ Yoast SEO plugin. -->","yoast_head_json":{"title":"Kafijas galdi\u0146\u0161 zieda form\u0101","description":"\u0160is kafijas galdi\u0146\u0161 ir izgatavots m\u016bsdien\u012bg\u0101 stil\u0101 un k\u013c\u016bs par stil\u012bgu akcentu j\u016bsu interjer\u0101. Ar ov\u0101lu akmens virsmu un balto dzelzs pamatni tas apvieno eleganci ...","robots":{"index":"index","follow":"follow","max-snippet":"max-snippet:-1","max-image-preview":"max-image-preview:large","max-video-preview":"max-video-preview:-1"},"canonical":"https:\/\/brilune.eu\/lv\/product\/kafijas-galdins-zieda-forma\/","og_locale":"lv_LV","og_type":"article","og_title":"Kafijas galdi\u0146\u0161 zieda form\u0101","og_description":"\u0160is kafijas galdi\u0146\u0161 ir izgatavots m\u016bsdien\u012bg\u0101 stil\u0101 un k\u013c\u016bs par stil\u012bgu akcentu j\u016bsu interjer\u0101. Ar ov\u0101lu akmens virsmu un balto dzelzs pamatni tas apvieno eleganci ...","og_url":"https:\/\/brilune.eu\/lv\/product\/kafijas-galdins-zieda-forma\/","og_site_name":"Brilune","article_modified_time":"2025-02-19T11:29:04+00:00","og_image":[{"width":800,"height":800,"url":"https:\/\/brilune.eu\/wp-content\/uploads\/2025\/01\/13428464.png","type":"image\/png"}],"twitter_card":"summary_large_image","schema":{"@context":"https:\/\/schema.org","@graph":[{"@type":"WebPage","@id":"https:\/\/brilune.eu\/lv\/product\/kafijas-galdins-zieda-forma\/","url":"https:\/\/brilune.eu\/lv\/product\/kafijas-galdins-zieda-forma\/","name":"Kafijas galdi\u0146\u0161 zieda form\u0101","isPartOf":{"@id":"https:\/\/brilune.eu\/lv\/#website"},"primaryImageOfPage":{"@id":"https:\/\/brilune.eu\/lv\/product\/kafijas-galdins-zieda-forma\/#primaryimage"},"image":{"@id":"https:\/\/brilune.eu\/lv\/product\/kafijas-galdins-zieda-forma\/#primaryimage"},"thumbnailUrl":"https:\/\/brilune.eu\/wp-content\/uploads\/2025\/01\/13428464.png","datePublished":"2025-02-19T10:59:01+00:00","dateModified":"2025-02-19T11:29:04+00:00","description":"\u0160is kafijas galdi\u0146\u0161 ir izgatavots m\u016bsdien\u012bg\u0101 stil\u0101 un k\u013c\u016bs par stil\u012bgu akcentu j\u016bsu interjer\u0101. Ar ov\u0101lu akmens virsmu un balto dzelzs pamatni tas apvieno eleganci ...","breadcrumb":{"@id":"https:\/\/brilune.eu\/lv\/product\/kafijas-galdins-zieda-forma\/#breadcrumb"},"inLanguage":"lv-LV","potentialAction":[{"@type":"ReadAction","target":["https:\/\/brilune.eu\/lv\/product\/kafijas-galdins-zieda-forma\/"]}]},{"@type":"ImageObject","inLanguage":"lv-LV","@id":"https:\/\/brilune.eu\/lv\/product\/kafijas-galdins-zieda-forma\/#primaryimage","url":"https:\/\/brilune.eu\/wp-content\/uploads\/2025\/01\/13428464.png","contentUrl":"https:\/\/brilune.eu\/wp-content\/uploads\/2025\/01\/13428464.png","width":800,"height":800},{"@type":"BreadcrumbList","@id":"https:\/\/brilune.eu\/lv\/product\/kafijas-galdins-zieda-forma\/#breadcrumb","itemListElement":[{"@type":"ListItem","position":1,"name":"S\u0101kums","item":"https:\/\/brilune.eu\/lv\/brilune-mebeles\/"},{"@type":"ListItem","position":2,"name":"Visi produkti","item":"https:\/\/brilune.eu\/lv\/shop\/"},{"@type":"ListItem","position":3,"name":"Kafijas galdi\u0146\u0161 zieda form\u0101"}]},{"@type":"WebSite","@id":"https:\/\/brilune.eu\/lv\/#website","url":"https:\/\/brilune.eu\/lv\/","name":"Brilune","description":"M\u0113s pied\u0101v\u0101jam unik\u0101lus un nebiju\u0161us dizainus, kas apvieno eleganci, funkcionalit\u0101ti un rado\u0161umu.","potentialAction":[{"@type":"SearchAction","target":{"@type":"EntryPoint","urlTemplate":"https:\/\/brilune.eu\/lv\/?s={search_term_string}"},"query-input":{"@type":"PropertyValueSpecification","valueRequired":true,"valueName":"search_term_string"}}],"inLanguage":"lv-LV"}]}},"jetpack_sharing_enabled":true,"_links":{"self":[{"href":"https:\/\/brilune.eu\/lv\/wp-json\/wp\/v2\/product\/38544","targetHints":{"allow":["GET"]}}],"collection":[{"href":"https:\/\/brilune.eu\/lv\/wp-json\/wp\/v2\/product"}],"about":[{"href":"https:\/\/brilune.eu\/lv\/wp-json\/wp\/v2\/types\/product"}],"replies":[{"embeddable":true,"href":"https:\/\/brilune.eu\/lv\/wp-json\/wp\/v2\/comments?post=38544"}],"version-history":[{"count":1,"href":"https:\/\/brilune.eu\/lv\/wp-json\/wp\/v2\/product\/38544\/revisions"}],"predecessor-version":[{"id":38597,"href":"https:\/\/brilune.eu\/lv\/wp-json\/wp\/v2\/product\/38544\/revisions\/38597"}],"wp:featuredmedia":[{"embeddable":true,"href":"https:\/\/brilune.eu\/lv\/wp-json\/wp\/v2\/media\/10217"}],"wp:attachment":[{"href":"https:\/\/brilune.eu\/lv\/wp-json\/wp\/v2\/media?parent=38544"}],"wp:term":[{"taxonomy":"product_brand","embeddable":true,"href":"https:\/\/brilune.eu\/lv\/wp-json\/wp\/v2\/product_brand?post=38544"},{"taxonomy":"product_cat","embeddable":true,"href":"https:\/\/brilune.eu\/lv\/wp-json\/wp\/v2\/product_cat?post=38544"},{"taxonomy":"product_tag","embeddable":true,"href":"https:\/\/brilune.eu\/lv\/wp-json\/wp\/v2\/product_tag?post=38544"}],"curies":[{"name":"wp","href":"https:\/\/api.w.org\/{rel}","templated":true}]}}