{"id":38535,"date":"2025-02-19T12:58:59","date_gmt":"2025-02-19T10:58:59","guid":{"rendered":"https:\/\/brilune.eu\/?post_type=product&#038;p=38535"},"modified":"2025-02-19T13:28:59","modified_gmt":"2025-02-19T11:28:59","slug":"saliekams-skapis-uz-riteniem","status":"publish","type":"product","link":"https:\/\/brilune.eu\/lv\/product\/saliekams-skapis-uz-riteniem\/","title":{"rendered":"Saliekams skapis uz rite\u0146iem"},"content":{"rendered":"<p>\u0160is funkcion\u0101lais un stil\u012bgais naktsgaldi\u0146\u0161 lieliski papildin\u0101s j\u016bsu interjeru. Ar ov\u0101lu koka virsmu ar kr\u0113m\u012bgu un dabisku apdari tas ienes siltumu un m\u0101j\u012bgumu jebkur\u0101 telp\u0101. Meln\u0101 met\u0101la pamatne pie\u0161\u0137ir iztur\u012bbu un modernu izskatu, savuk\u0101rt viens plaukts un atvilktne nodro\u0161ina \u0113rtu svar\u012bg\u0101ko lietu glab\u0101\u0161anu. Pateicoties rite\u0146iem, j\u016bs varat viegli p\u0101rvietot naktsskap\u012bti pa istabu. Ide\u0101la izv\u0113le tiem, kas sav\u0101s m\u0101j\u0101s nov\u0113rt\u0113 komfortu un stilu.<br \/>\nIzm\u0113rs: 60\u00d760\u00d744 cm<br \/>\nMateri\u0101ls: koks<\/p>\n","protected":false},"excerpt":{"rendered":"<p>\u0160is funkcion\u0101lais un stil\u012bgais naktsgaldi\u0146\u0161 lieliski papildin\u0101s j\u016bsu interjeru. Ar savu ov\u0101lo koka aug\u0161da\u013cu ar kr\u0113m\u012bgu un dabisku apdari, tas sniedz &#8230;<\/p>\n","protected":false},"featured_media":10136,"comment_status":"open","ping_status":"closed","template":"","meta":[],"product_brand":[],"product_cat":[1627,5627],"product_tag":[],"class_list":{"0":"post-38535","1":"product","2":"type-product","3":"status-publish","4":"has-post-thumbnail","6":"product_cat-kafijas-galdini","7":"product_cat-kafijas-galdini-galdi-5","9":"first","10":"instock","11":"shipping-taxable","12":"purchasable","13":"product-type-simple"},"yoast_head":"<!-- This site is optimized with the Yoast SEO plugin v26.0 - https:\/\/yoast.com\/wordpress\/plugins\/seo\/ -->\n<title>Saliekams skapis uz rite\u0146iem<\/title>\n<meta name=\"description\" content=\"\u0160is funkcion\u0101lais un stil\u012bgais naktsgaldi\u0146\u0161 lieliski papildin\u0101s j\u016bsu interjeru. Ar savu ov\u0101lo koka aug\u0161da\u013cu ar kr\u0113m\u012bgu un dabisku apdari, tas sniedz ...\" \/>\n<meta name=\"robots\" content=\"index, follow, max-snippet:-1, max-image-preview:large, max-video-preview:-1\" \/>\n<link rel=\"canonical\" href=\"https:\/\/brilune.eu\/lv\/product\/saliekams-skapis-uz-riteniem\/\" \/>\n<meta property=\"og:locale\" content=\"lv_LV\" \/>\n<meta property=\"og:type\" content=\"article\" \/>\n<meta property=\"og:title\" content=\"Saliekams skapis uz rite\u0146iem\" \/>\n<meta property=\"og:description\" content=\"\u0160is funkcion\u0101lais un stil\u012bgais naktsgaldi\u0146\u0161 lieliski papildin\u0101s j\u016bsu interjeru. Ar savu ov\u0101lo koka aug\u0161da\u013cu ar kr\u0113m\u012bgu un dabisku apdari, tas sniedz ...\" \/>\n<meta property=\"og:url\" content=\"https:\/\/brilune.eu\/lv\/product\/saliekams-skapis-uz-riteniem\/\" \/>\n<meta property=\"og:site_name\" content=\"Brilune\" \/>\n<meta property=\"article:modified_time\" content=\"2025-02-19T11:28:59+00:00\" \/>\n<meta property=\"og:image\" content=\"https:\/\/brilune.eu\/wp-content\/uploads\/2025\/01\/14332791.png\" \/>\n\t<meta property=\"og:image:width\" content=\"800\" \/>\n\t<meta property=\"og:image:height\" content=\"800\" \/>\n\t<meta property=\"og:image:type\" content=\"image\/png\" \/>\n<meta name=\"twitter:card\" content=\"summary_large_image\" \/>\n<script type=\"application\/ld+json\" class=\"yoast-schema-graph\">{\"@context\":\"https:\/\/schema.org\",\"@graph\":[{\"@type\":\"WebPage\",\"@id\":\"https:\/\/brilune.eu\/lv\/product\/saliekams-skapis-uz-riteniem\/\",\"url\":\"https:\/\/brilune.eu\/lv\/product\/saliekams-skapis-uz-riteniem\/\",\"name\":\"Saliekams skapis uz rite\u0146iem\",\"isPartOf\":{\"@id\":\"https:\/\/brilune.eu\/lv\/#website\"},\"primaryImageOfPage\":{\"@id\":\"https:\/\/brilune.eu\/lv\/product\/saliekams-skapis-uz-riteniem\/#primaryimage\"},\"image\":{\"@id\":\"https:\/\/brilune.eu\/lv\/product\/saliekams-skapis-uz-riteniem\/#primaryimage\"},\"thumbnailUrl\":\"https:\/\/brilune.eu\/wp-content\/uploads\/2025\/01\/14332791.png\",\"datePublished\":\"2025-02-19T10:58:59+00:00\",\"dateModified\":\"2025-02-19T11:28:59+00:00\",\"description\":\"\u0160is funkcion\u0101lais un stil\u012bgais naktsgaldi\u0146\u0161 lieliski papildin\u0101s j\u016bsu interjeru. Ar savu ov\u0101lo koka aug\u0161da\u013cu ar kr\u0113m\u012bgu un dabisku apdari, tas sniedz ...\",\"breadcrumb\":{\"@id\":\"https:\/\/brilune.eu\/lv\/product\/saliekams-skapis-uz-riteniem\/#breadcrumb\"},\"inLanguage\":\"lv-LV\",\"potentialAction\":[{\"@type\":\"ReadAction\",\"target\":[\"https:\/\/brilune.eu\/lv\/product\/saliekams-skapis-uz-riteniem\/\"]}]},{\"@type\":\"ImageObject\",\"inLanguage\":\"lv-LV\",\"@id\":\"https:\/\/brilune.eu\/lv\/product\/saliekams-skapis-uz-riteniem\/#primaryimage\",\"url\":\"https:\/\/brilune.eu\/wp-content\/uploads\/2025\/01\/14332791.png\",\"contentUrl\":\"https:\/\/brilune.eu\/wp-content\/uploads\/2025\/01\/14332791.png\",\"width\":800,\"height\":800},{\"@type\":\"BreadcrumbList\",\"@id\":\"https:\/\/brilune.eu\/lv\/product\/saliekams-skapis-uz-riteniem\/#breadcrumb\",\"itemListElement\":[{\"@type\":\"ListItem\",\"position\":1,\"name\":\"S\u0101kums\",\"item\":\"https:\/\/brilune.eu\/lv\/brilune-mebeles\/\"},{\"@type\":\"ListItem\",\"position\":2,\"name\":\"Visi produkti\",\"item\":\"https:\/\/brilune.eu\/lv\/shop\/\"},{\"@type\":\"ListItem\",\"position\":3,\"name\":\"Saliekams skapis uz rite\u0146iem\"}]},{\"@type\":\"WebSite\",\"@id\":\"https:\/\/brilune.eu\/lv\/#website\",\"url\":\"https:\/\/brilune.eu\/lv\/\",\"name\":\"Brilune\",\"description\":\"M\u0113s pied\u0101v\u0101jam unik\u0101lus un nebiju\u0161us dizainus, kas apvieno eleganci, funkcionalit\u0101ti un rado\u0161umu.\",\"potentialAction\":[{\"@type\":\"SearchAction\",\"target\":{\"@type\":\"EntryPoint\",\"urlTemplate\":\"https:\/\/brilune.eu\/lv\/?s={search_term_string}\"},\"query-input\":{\"@type\":\"PropertyValueSpecification\",\"valueRequired\":true,\"valueName\":\"search_term_string\"}}],\"inLanguage\":\"lv-LV\"}]}<\/script>\n<!-- \/ Yoast SEO plugin. -->","yoast_head_json":{"title":"Saliekams skapis uz rite\u0146iem","description":"\u0160is funkcion\u0101lais un stil\u012bgais naktsgaldi\u0146\u0161 lieliski papildin\u0101s j\u016bsu interjeru. Ar savu ov\u0101lo koka aug\u0161da\u013cu ar kr\u0113m\u012bgu un dabisku apdari, tas sniedz ...","robots":{"index":"index","follow":"follow","max-snippet":"max-snippet:-1","max-image-preview":"max-image-preview:large","max-video-preview":"max-video-preview:-1"},"canonical":"https:\/\/brilune.eu\/lv\/product\/saliekams-skapis-uz-riteniem\/","og_locale":"lv_LV","og_type":"article","og_title":"Saliekams skapis uz rite\u0146iem","og_description":"\u0160is funkcion\u0101lais un stil\u012bgais naktsgaldi\u0146\u0161 lieliski papildin\u0101s j\u016bsu interjeru. Ar savu ov\u0101lo koka aug\u0161da\u013cu ar kr\u0113m\u012bgu un dabisku apdari, tas sniedz ...","og_url":"https:\/\/brilune.eu\/lv\/product\/saliekams-skapis-uz-riteniem\/","og_site_name":"Brilune","article_modified_time":"2025-02-19T11:28:59+00:00","og_image":[{"width":800,"height":800,"url":"https:\/\/brilune.eu\/wp-content\/uploads\/2025\/01\/14332791.png","type":"image\/png"}],"twitter_card":"summary_large_image","schema":{"@context":"https:\/\/schema.org","@graph":[{"@type":"WebPage","@id":"https:\/\/brilune.eu\/lv\/product\/saliekams-skapis-uz-riteniem\/","url":"https:\/\/brilune.eu\/lv\/product\/saliekams-skapis-uz-riteniem\/","name":"Saliekams skapis uz rite\u0146iem","isPartOf":{"@id":"https:\/\/brilune.eu\/lv\/#website"},"primaryImageOfPage":{"@id":"https:\/\/brilune.eu\/lv\/product\/saliekams-skapis-uz-riteniem\/#primaryimage"},"image":{"@id":"https:\/\/brilune.eu\/lv\/product\/saliekams-skapis-uz-riteniem\/#primaryimage"},"thumbnailUrl":"https:\/\/brilune.eu\/wp-content\/uploads\/2025\/01\/14332791.png","datePublished":"2025-02-19T10:58:59+00:00","dateModified":"2025-02-19T11:28:59+00:00","description":"\u0160is funkcion\u0101lais un stil\u012bgais naktsgaldi\u0146\u0161 lieliski papildin\u0101s j\u016bsu interjeru. Ar savu ov\u0101lo koka aug\u0161da\u013cu ar kr\u0113m\u012bgu un dabisku apdari, tas sniedz ...","breadcrumb":{"@id":"https:\/\/brilune.eu\/lv\/product\/saliekams-skapis-uz-riteniem\/#breadcrumb"},"inLanguage":"lv-LV","potentialAction":[{"@type":"ReadAction","target":["https:\/\/brilune.eu\/lv\/product\/saliekams-skapis-uz-riteniem\/"]}]},{"@type":"ImageObject","inLanguage":"lv-LV","@id":"https:\/\/brilune.eu\/lv\/product\/saliekams-skapis-uz-riteniem\/#primaryimage","url":"https:\/\/brilune.eu\/wp-content\/uploads\/2025\/01\/14332791.png","contentUrl":"https:\/\/brilune.eu\/wp-content\/uploads\/2025\/01\/14332791.png","width":800,"height":800},{"@type":"BreadcrumbList","@id":"https:\/\/brilune.eu\/lv\/product\/saliekams-skapis-uz-riteniem\/#breadcrumb","itemListElement":[{"@type":"ListItem","position":1,"name":"S\u0101kums","item":"https:\/\/brilune.eu\/lv\/brilune-mebeles\/"},{"@type":"ListItem","position":2,"name":"Visi produkti","item":"https:\/\/brilune.eu\/lv\/shop\/"},{"@type":"ListItem","position":3,"name":"Saliekams skapis uz rite\u0146iem"}]},{"@type":"WebSite","@id":"https:\/\/brilune.eu\/lv\/#website","url":"https:\/\/brilune.eu\/lv\/","name":"Brilune","description":"M\u0113s pied\u0101v\u0101jam unik\u0101lus un nebiju\u0161us dizainus, kas apvieno eleganci, funkcionalit\u0101ti un rado\u0161umu.","potentialAction":[{"@type":"SearchAction","target":{"@type":"EntryPoint","urlTemplate":"https:\/\/brilune.eu\/lv\/?s={search_term_string}"},"query-input":{"@type":"PropertyValueSpecification","valueRequired":true,"valueName":"search_term_string"}}],"inLanguage":"lv-LV"}]}},"jetpack_sharing_enabled":true,"_links":{"self":[{"href":"https:\/\/brilune.eu\/lv\/wp-json\/wp\/v2\/product\/38535","targetHints":{"allow":["GET"]}}],"collection":[{"href":"https:\/\/brilune.eu\/lv\/wp-json\/wp\/v2\/product"}],"about":[{"href":"https:\/\/brilune.eu\/lv\/wp-json\/wp\/v2\/types\/product"}],"replies":[{"embeddable":true,"href":"https:\/\/brilune.eu\/lv\/wp-json\/wp\/v2\/comments?post=38535"}],"version-history":[{"count":1,"href":"https:\/\/brilune.eu\/lv\/wp-json\/wp\/v2\/product\/38535\/revisions"}],"predecessor-version":[{"id":38577,"href":"https:\/\/brilune.eu\/lv\/wp-json\/wp\/v2\/product\/38535\/revisions\/38577"}],"wp:featuredmedia":[{"embeddable":true,"href":"https:\/\/brilune.eu\/lv\/wp-json\/wp\/v2\/media\/10136"}],"wp:attachment":[{"href":"https:\/\/brilune.eu\/lv\/wp-json\/wp\/v2\/media?parent=38535"}],"wp:term":[{"taxonomy":"product_brand","embeddable":true,"href":"https:\/\/brilune.eu\/lv\/wp-json\/wp\/v2\/product_brand?post=38535"},{"taxonomy":"product_cat","embeddable":true,"href":"https:\/\/brilune.eu\/lv\/wp-json\/wp\/v2\/product_cat?post=38535"},{"taxonomy":"product_tag","embeddable":true,"href":"https:\/\/brilune.eu\/lv\/wp-json\/wp\/v2\/product_tag?post=38535"}],"curies":[{"name":"wp","href":"https:\/\/api.w.org\/{rel}","templated":true}]}}