{"id":38520,"date":"2025-02-19T12:58:35","date_gmt":"2025-02-19T10:58:35","guid":{"rendered":"https:\/\/brilune.eu\/?post_type=product&#038;p=38520"},"modified":"2025-02-19T13:28:57","modified_gmt":"2025-02-19T11:28:57","slug":"neparastas-formas-naktsgaldins","status":"publish","type":"product","link":"https:\/\/brilune.eu\/lv\/product\/neparastas-formas-naktsgaldins\/","title":{"rendered":"Neparastas formas naktsgaldi\u0146\u0161"},"content":{"rendered":"<p>\u0160is kompaktais naktsgaldi\u0146\u0161 lieliski papildin\u0101s j\u016bsu interjeru, apvienojum\u0101 ar kafijas galdi\u0146u no t\u0101 pa\u0161a komplekta. Tas nodro\u0161ina \u0113rtu vietu j\u016bsu mazo priek\u0161metu glab\u0101\u0161anai, nodro\u0161inot jums sak\u0101rtot\u012bbu un funkcionalit\u0101ti.<br \/>\nNaktsgaldi\u0146\u0161 ir izgatavots no koka ar cietu pamatni, kas padara to stabilu un iztur\u012bgu. Elegantais dizains ar br\u016bno apdari harmoniski ieder\u0113sies jebkur\u0101 modern\u0101 interjer\u0101.<br \/>\nTas viegli atrod vietu blakus j\u016bsu iecien\u012bt\u0101kajam kr\u0113slam vai jebkur\u0101 viet\u0101, kur nepiecie\u0161ama papildu vieta uzglab\u0101\u0161anai. Naktsgaldi\u0146u var izmantot ar\u012b k\u0101 stat\u012bvu lampai vai citiem dekorat\u012bviem priek\u0161metiem, pie\u0161\u0137irot telpai stilu un m\u0101j\u012bgumu.<\/p>\n<p>Materi\u0101li: koks, met\u0101ls<br \/>\nIzm\u0113ri: 45\u00d745\u00d753 cm<\/p>\n","protected":false},"excerpt":{"rendered":"<p>\u0160is kompaktais naktsgaldi\u0146\u0161 lieliski papildin\u0101s j\u016bsu interjeru, apvienojum\u0101 ar kafijas galdi\u0146u no t\u0101 pa\u0161a komplekta. T\u0101 nodro\u0161ina \u0113rtu vietu, kur uzglab\u0101t savu&#8230;<\/p>\n","protected":false},"featured_media":10110,"comment_status":"open","ping_status":"closed","template":"","meta":[],"product_brand":[],"product_cat":[5627,1627],"product_tag":[],"class_list":{"0":"post-38520","1":"product","2":"type-product","3":"status-publish","4":"has-post-thumbnail","6":"product_cat-kafijas-galdini-galdi-5","7":"product_cat-kafijas-galdini","9":"first","10":"instock","11":"shipping-taxable","12":"purchasable","13":"product-type-simple"},"yoast_head":"<!-- This site is optimized with the Yoast SEO plugin v26.0 - https:\/\/yoast.com\/wordpress\/plugins\/seo\/ -->\n<title>Neparastas formas naktsgaldi\u0146\u0161<\/title>\n<meta name=\"description\" content=\"\u0160is kompaktais naktsgaldi\u0146\u0161 lieliski papildin\u0101s j\u016bsu interjeru, apvienojum\u0101 ar kafijas galdi\u0146u no t\u0101 pa\u0161a komplekta. T\u0101 nodro\u0161ina \u0113rtu vietu, kur uzglab\u0101t savu...\" \/>\n<meta name=\"robots\" content=\"index, follow, max-snippet:-1, max-image-preview:large, max-video-preview:-1\" \/>\n<link rel=\"canonical\" href=\"https:\/\/brilune.eu\/lv\/product\/neparastas-formas-naktsgaldins\/\" \/>\n<meta property=\"og:locale\" content=\"lv_LV\" \/>\n<meta property=\"og:type\" content=\"article\" \/>\n<meta property=\"og:title\" content=\"Neparastas formas naktsgaldi\u0146\u0161\" \/>\n<meta property=\"og:description\" content=\"\u0160is kompaktais naktsgaldi\u0146\u0161 lieliski papildin\u0101s j\u016bsu interjeru, apvienojum\u0101 ar kafijas galdi\u0146u no t\u0101 pa\u0161a komplekta. T\u0101 nodro\u0161ina \u0113rtu vietu, kur uzglab\u0101t savu...\" \/>\n<meta property=\"og:url\" content=\"https:\/\/brilune.eu\/lv\/product\/neparastas-formas-naktsgaldins\/\" \/>\n<meta property=\"og:site_name\" content=\"Brilune\" \/>\n<meta property=\"article:modified_time\" content=\"2025-02-19T11:28:57+00:00\" \/>\n<meta property=\"og:image\" content=\"https:\/\/brilune.eu\/wp-content\/uploads\/2025\/01\/14476051.png\" \/>\n\t<meta property=\"og:image:width\" content=\"800\" \/>\n\t<meta property=\"og:image:height\" content=\"800\" \/>\n\t<meta property=\"og:image:type\" content=\"image\/png\" \/>\n<meta name=\"twitter:card\" content=\"summary_large_image\" \/>\n<meta name=\"twitter:label1\" content=\"Est. reading time\" \/>\n\t<meta name=\"twitter:data1\" content=\"1 minute\" \/>\n<script type=\"application\/ld+json\" class=\"yoast-schema-graph\">{\"@context\":\"https:\/\/schema.org\",\"@graph\":[{\"@type\":\"WebPage\",\"@id\":\"https:\/\/brilune.eu\/lv\/product\/neparastas-formas-naktsgaldins\/\",\"url\":\"https:\/\/brilune.eu\/lv\/product\/neparastas-formas-naktsgaldins\/\",\"name\":\"Neparastas formas naktsgaldi\u0146\u0161\",\"isPartOf\":{\"@id\":\"https:\/\/brilune.eu\/lv\/#website\"},\"primaryImageOfPage\":{\"@id\":\"https:\/\/brilune.eu\/lv\/product\/neparastas-formas-naktsgaldins\/#primaryimage\"},\"image\":{\"@id\":\"https:\/\/brilune.eu\/lv\/product\/neparastas-formas-naktsgaldins\/#primaryimage\"},\"thumbnailUrl\":\"https:\/\/brilune.eu\/wp-content\/uploads\/2025\/01\/14476051.png\",\"datePublished\":\"2025-02-19T10:58:35+00:00\",\"dateModified\":\"2025-02-19T11:28:57+00:00\",\"description\":\"\u0160is kompaktais naktsgaldi\u0146\u0161 lieliski papildin\u0101s j\u016bsu interjeru, apvienojum\u0101 ar kafijas galdi\u0146u no t\u0101 pa\u0161a komplekta. T\u0101 nodro\u0161ina \u0113rtu vietu, kur uzglab\u0101t savu...\",\"breadcrumb\":{\"@id\":\"https:\/\/brilune.eu\/lv\/product\/neparastas-formas-naktsgaldins\/#breadcrumb\"},\"inLanguage\":\"lv-LV\",\"potentialAction\":[{\"@type\":\"ReadAction\",\"target\":[\"https:\/\/brilune.eu\/lv\/product\/neparastas-formas-naktsgaldins\/\"]}]},{\"@type\":\"ImageObject\",\"inLanguage\":\"lv-LV\",\"@id\":\"https:\/\/brilune.eu\/lv\/product\/neparastas-formas-naktsgaldins\/#primaryimage\",\"url\":\"https:\/\/brilune.eu\/wp-content\/uploads\/2025\/01\/14476051.png\",\"contentUrl\":\"https:\/\/brilune.eu\/wp-content\/uploads\/2025\/01\/14476051.png\",\"width\":800,\"height\":800},{\"@type\":\"BreadcrumbList\",\"@id\":\"https:\/\/brilune.eu\/lv\/product\/neparastas-formas-naktsgaldins\/#breadcrumb\",\"itemListElement\":[{\"@type\":\"ListItem\",\"position\":1,\"name\":\"S\u0101kums\",\"item\":\"https:\/\/brilune.eu\/lv\/brilune-mebeles\/\"},{\"@type\":\"ListItem\",\"position\":2,\"name\":\"Visi produkti\",\"item\":\"https:\/\/brilune.eu\/lv\/shop\/\"},{\"@type\":\"ListItem\",\"position\":3,\"name\":\"Neparastas formas naktsgaldi\u0146\u0161\"}]},{\"@type\":\"WebSite\",\"@id\":\"https:\/\/brilune.eu\/lv\/#website\",\"url\":\"https:\/\/brilune.eu\/lv\/\",\"name\":\"Brilune\",\"description\":\"M\u0113s pied\u0101v\u0101jam unik\u0101lus un nebiju\u0161us dizainus, kas apvieno eleganci, funkcionalit\u0101ti un rado\u0161umu.\",\"potentialAction\":[{\"@type\":\"SearchAction\",\"target\":{\"@type\":\"EntryPoint\",\"urlTemplate\":\"https:\/\/brilune.eu\/lv\/?s={search_term_string}\"},\"query-input\":{\"@type\":\"PropertyValueSpecification\",\"valueRequired\":true,\"valueName\":\"search_term_string\"}}],\"inLanguage\":\"lv-LV\"}]}<\/script>\n<!-- \/ Yoast SEO plugin. -->","yoast_head_json":{"title":"Neparastas formas naktsgaldi\u0146\u0161","description":"\u0160is kompaktais naktsgaldi\u0146\u0161 lieliski papildin\u0101s j\u016bsu interjeru, apvienojum\u0101 ar kafijas galdi\u0146u no t\u0101 pa\u0161a komplekta. T\u0101 nodro\u0161ina \u0113rtu vietu, kur uzglab\u0101t savu...","robots":{"index":"index","follow":"follow","max-snippet":"max-snippet:-1","max-image-preview":"max-image-preview:large","max-video-preview":"max-video-preview:-1"},"canonical":"https:\/\/brilune.eu\/lv\/product\/neparastas-formas-naktsgaldins\/","og_locale":"lv_LV","og_type":"article","og_title":"Neparastas formas naktsgaldi\u0146\u0161","og_description":"\u0160is kompaktais naktsgaldi\u0146\u0161 lieliski papildin\u0101s j\u016bsu interjeru, apvienojum\u0101 ar kafijas galdi\u0146u no t\u0101 pa\u0161a komplekta. T\u0101 nodro\u0161ina \u0113rtu vietu, kur uzglab\u0101t savu...","og_url":"https:\/\/brilune.eu\/lv\/product\/neparastas-formas-naktsgaldins\/","og_site_name":"Brilune","article_modified_time":"2025-02-19T11:28:57+00:00","og_image":[{"width":800,"height":800,"url":"https:\/\/brilune.eu\/wp-content\/uploads\/2025\/01\/14476051.png","type":"image\/png"}],"twitter_card":"summary_large_image","twitter_misc":{"Est. reading time":"1 minute"},"schema":{"@context":"https:\/\/schema.org","@graph":[{"@type":"WebPage","@id":"https:\/\/brilune.eu\/lv\/product\/neparastas-formas-naktsgaldins\/","url":"https:\/\/brilune.eu\/lv\/product\/neparastas-formas-naktsgaldins\/","name":"Neparastas formas naktsgaldi\u0146\u0161","isPartOf":{"@id":"https:\/\/brilune.eu\/lv\/#website"},"primaryImageOfPage":{"@id":"https:\/\/brilune.eu\/lv\/product\/neparastas-formas-naktsgaldins\/#primaryimage"},"image":{"@id":"https:\/\/brilune.eu\/lv\/product\/neparastas-formas-naktsgaldins\/#primaryimage"},"thumbnailUrl":"https:\/\/brilune.eu\/wp-content\/uploads\/2025\/01\/14476051.png","datePublished":"2025-02-19T10:58:35+00:00","dateModified":"2025-02-19T11:28:57+00:00","description":"\u0160is kompaktais naktsgaldi\u0146\u0161 lieliski papildin\u0101s j\u016bsu interjeru, apvienojum\u0101 ar kafijas galdi\u0146u no t\u0101 pa\u0161a komplekta. T\u0101 nodro\u0161ina \u0113rtu vietu, kur uzglab\u0101t savu...","breadcrumb":{"@id":"https:\/\/brilune.eu\/lv\/product\/neparastas-formas-naktsgaldins\/#breadcrumb"},"inLanguage":"lv-LV","potentialAction":[{"@type":"ReadAction","target":["https:\/\/brilune.eu\/lv\/product\/neparastas-formas-naktsgaldins\/"]}]},{"@type":"ImageObject","inLanguage":"lv-LV","@id":"https:\/\/brilune.eu\/lv\/product\/neparastas-formas-naktsgaldins\/#primaryimage","url":"https:\/\/brilune.eu\/wp-content\/uploads\/2025\/01\/14476051.png","contentUrl":"https:\/\/brilune.eu\/wp-content\/uploads\/2025\/01\/14476051.png","width":800,"height":800},{"@type":"BreadcrumbList","@id":"https:\/\/brilune.eu\/lv\/product\/neparastas-formas-naktsgaldins\/#breadcrumb","itemListElement":[{"@type":"ListItem","position":1,"name":"S\u0101kums","item":"https:\/\/brilune.eu\/lv\/brilune-mebeles\/"},{"@type":"ListItem","position":2,"name":"Visi produkti","item":"https:\/\/brilune.eu\/lv\/shop\/"},{"@type":"ListItem","position":3,"name":"Neparastas formas naktsgaldi\u0146\u0161"}]},{"@type":"WebSite","@id":"https:\/\/brilune.eu\/lv\/#website","url":"https:\/\/brilune.eu\/lv\/","name":"Brilune","description":"M\u0113s pied\u0101v\u0101jam unik\u0101lus un nebiju\u0161us dizainus, kas apvieno eleganci, funkcionalit\u0101ti un rado\u0161umu.","potentialAction":[{"@type":"SearchAction","target":{"@type":"EntryPoint","urlTemplate":"https:\/\/brilune.eu\/lv\/?s={search_term_string}"},"query-input":{"@type":"PropertyValueSpecification","valueRequired":true,"valueName":"search_term_string"}}],"inLanguage":"lv-LV"}]}},"jetpack_sharing_enabled":true,"_links":{"self":[{"href":"https:\/\/brilune.eu\/lv\/wp-json\/wp\/v2\/product\/38520","targetHints":{"allow":["GET"]}}],"collection":[{"href":"https:\/\/brilune.eu\/lv\/wp-json\/wp\/v2\/product"}],"about":[{"href":"https:\/\/brilune.eu\/lv\/wp-json\/wp\/v2\/types\/product"}],"replies":[{"embeddable":true,"href":"https:\/\/brilune.eu\/lv\/wp-json\/wp\/v2\/comments?post=38520"}],"version-history":[{"count":1,"href":"https:\/\/brilune.eu\/lv\/wp-json\/wp\/v2\/product\/38520\/revisions"}],"predecessor-version":[{"id":38574,"href":"https:\/\/brilune.eu\/lv\/wp-json\/wp\/v2\/product\/38520\/revisions\/38574"}],"wp:featuredmedia":[{"embeddable":true,"href":"https:\/\/brilune.eu\/lv\/wp-json\/wp\/v2\/media\/10110"}],"wp:attachment":[{"href":"https:\/\/brilune.eu\/lv\/wp-json\/wp\/v2\/media?parent=38520"}],"wp:term":[{"taxonomy":"product_brand","embeddable":true,"href":"https:\/\/brilune.eu\/lv\/wp-json\/wp\/v2\/product_brand?post=38520"},{"taxonomy":"product_cat","embeddable":true,"href":"https:\/\/brilune.eu\/lv\/wp-json\/wp\/v2\/product_cat?post=38520"},{"taxonomy":"product_tag","embeddable":true,"href":"https:\/\/brilune.eu\/lv\/wp-json\/wp\/v2\/product_tag?post=38520"}],"curies":[{"name":"wp","href":"https:\/\/api.w.org\/{rel}","templated":true}]}}