{"id":38494,"date":"2025-02-19T12:58:11","date_gmt":"2025-02-19T10:58:11","guid":{"rendered":"https:\/\/brilune.eu\/?post_type=product&#038;p=38494"},"modified":"2025-02-19T13:28:47","modified_gmt":"2025-02-19T11:28:47","slug":"supulkresls-ar-manualu-sedesanas-un-gulesanas-mehanismu-2","status":"publish","type":"product","link":"https:\/\/brilune.eu\/lv\/product\/supulkresls-ar-manualu-sedesanas-un-gulesanas-mehanismu-2\/","title":{"rendered":"\u0160\u016bpu\u013ckr\u0113sls ar manu\u0101lu s\u0113d\u0113\u0161anas un gul\u0113\u0161anas meh\u0101nismu"},"content":{"rendered":"<p>Kr\u0113sls ar manu\u0101lu meh\u0101nismu s\u0113d\u0113\u0161anai un gul\u0113\u0161anai &#8211; groz\u0101ms un \u0161\u016bpojo\u0161s.<br \/>\n\u0160is stil\u012bgais kr\u0113sls ir ide\u0101li piem\u0113rots atp\u016btai un relaks\u0101cijai. Manu\u0101lais meh\u0101nisms \u013cauj \u0113rti piel\u0101got sl\u012bpuma le\u0146\u0137i, lai ieg\u016btu \u0113rtu st\u0101vokli las\u012b\u0161anai vai gul\u0113\u0161anai. Groz\u0101mas un \u0161\u016bpo\u0161an\u0101s funkcijas pie\u0161\u0137ir papildu komfortu, radot m\u0101j\u012bgu atmosf\u0113ru j\u016bsu interjer\u0101. Flane\u013ca polster\u0113jums un m\u012bkstais pild\u012bjums nodro\u0161ina pat\u012bkamu taustes saj\u016btu, bet meln\u0101s met\u0101la k\u0101jas pie\u0161\u0137ir kr\u0113slam modernu izskatu. Izm\u0113ri: 88\u00d797\u00d799 cm. Materi\u0101li: flanelis, met\u0101ls. Iztur svaru l\u012bdz 180 kg.<\/p>\n","protected":false},"excerpt":{"rendered":"<p>Kr\u0113sls ar manu\u0101lu meh\u0101nismu s\u0113d\u0113\u0161anai un gul\u0113\u0161anai &#8211; groz\u0101ms un \u0161\u016bpojo\u0161s.<br \/>\n\u0160is stil\u012bgais kr\u0113sls ir ide\u0101li piem\u0113rots atp\u016btai un relaks\u0101cijai. Manu\u0101lais meh\u0101nisms \u013cauj&#8230;<\/p>\n","protected":false},"featured_media":10032,"comment_status":"open","ping_status":"closed","template":"","meta":[],"product_brand":[],"product_cat":[1709,5625],"product_tag":[],"class_list":{"0":"post-38494","1":"product","2":"type-product","3":"status-publish","4":"has-post-thumbnail","6":"product_cat-supulkresli-kresli-2","7":"product_cat-supulkresli-kresli-5","9":"first","10":"instock","11":"shipping-taxable","12":"purchasable","13":"product-type-simple"},"yoast_head":"<!-- This site is optimized with the Yoast SEO plugin v26.0 - https:\/\/yoast.com\/wordpress\/plugins\/seo\/ -->\n<title>\u0160\u016bpu\u013ckr\u0113sls ar manu\u0101lu s\u0113d\u0113\u0161anas un gul\u0113\u0161anas meh\u0101nismu<\/title>\n<meta name=\"description\" content=\"Kr\u0113sls ar manu\u0101lu meh\u0101nismu s\u0113d\u0113\u0161anai un gul\u0113\u0161anai - groz\u0101ms un \u0161\u016bpojo\u0161s. \u0160is stil\u012bgais kr\u0113sls ir ide\u0101li piem\u0113rots atp\u016btai un relaks\u0101cijai. Manu\u0101lais meh\u0101nisms \u013cauj...\" \/>\n<meta name=\"robots\" content=\"index, follow, max-snippet:-1, max-image-preview:large, max-video-preview:-1\" \/>\n<link rel=\"canonical\" href=\"https:\/\/brilune.eu\/lv\/product\/supulkresls-ar-manualu-sedesanas-un-gulesanas-mehanismu-2\/\" \/>\n<meta property=\"og:locale\" content=\"lv_LV\" \/>\n<meta property=\"og:type\" content=\"article\" \/>\n<meta property=\"og:title\" content=\"\u0160\u016bpu\u013ckr\u0113sls ar manu\u0101lu s\u0113d\u0113\u0161anas un gul\u0113\u0161anas meh\u0101nismu\" \/>\n<meta property=\"og:description\" content=\"Kr\u0113sls ar manu\u0101lu meh\u0101nismu s\u0113d\u0113\u0161anai un gul\u0113\u0161anai - groz\u0101ms un \u0161\u016bpojo\u0161s. \u0160is stil\u012bgais kr\u0113sls ir ide\u0101li piem\u0113rots atp\u016btai un relaks\u0101cijai. Manu\u0101lais meh\u0101nisms \u013cauj...\" \/>\n<meta property=\"og:url\" content=\"https:\/\/brilune.eu\/lv\/product\/supulkresls-ar-manualu-sedesanas-un-gulesanas-mehanismu-2\/\" \/>\n<meta property=\"og:site_name\" content=\"Brilune\" \/>\n<meta property=\"article:modified_time\" content=\"2025-02-19T11:28:47+00:00\" \/>\n<meta property=\"og:image\" content=\"https:\/\/brilune.eu\/wp-content\/uploads\/2025\/01\/11326200.jpg\" \/>\n\t<meta property=\"og:image:width\" content=\"800\" \/>\n\t<meta property=\"og:image:height\" content=\"800\" \/>\n\t<meta property=\"og:image:type\" content=\"image\/jpeg\" \/>\n<meta name=\"twitter:card\" content=\"summary_large_image\" \/>\n<meta name=\"twitter:label1\" content=\"Est. reading time\" \/>\n\t<meta name=\"twitter:data1\" content=\"1 minute\" \/>\n<script type=\"application\/ld+json\" class=\"yoast-schema-graph\">{\"@context\":\"https:\/\/schema.org\",\"@graph\":[{\"@type\":\"WebPage\",\"@id\":\"https:\/\/brilune.eu\/lv\/product\/supulkresls-ar-manualu-sedesanas-un-gulesanas-mehanismu-2\/\",\"url\":\"https:\/\/brilune.eu\/lv\/product\/supulkresls-ar-manualu-sedesanas-un-gulesanas-mehanismu-2\/\",\"name\":\"\u0160\u016bpu\u013ckr\u0113sls ar manu\u0101lu s\u0113d\u0113\u0161anas un gul\u0113\u0161anas meh\u0101nismu\",\"isPartOf\":{\"@id\":\"https:\/\/brilune.eu\/lv\/#website\"},\"primaryImageOfPage\":{\"@id\":\"https:\/\/brilune.eu\/lv\/product\/supulkresls-ar-manualu-sedesanas-un-gulesanas-mehanismu-2\/#primaryimage\"},\"image\":{\"@id\":\"https:\/\/brilune.eu\/lv\/product\/supulkresls-ar-manualu-sedesanas-un-gulesanas-mehanismu-2\/#primaryimage\"},\"thumbnailUrl\":\"https:\/\/brilune.eu\/wp-content\/uploads\/2025\/01\/11326200.jpg\",\"datePublished\":\"2025-02-19T10:58:11+00:00\",\"dateModified\":\"2025-02-19T11:28:47+00:00\",\"description\":\"Kr\u0113sls ar manu\u0101lu meh\u0101nismu s\u0113d\u0113\u0161anai un gul\u0113\u0161anai - groz\u0101ms un \u0161\u016bpojo\u0161s. \u0160is stil\u012bgais kr\u0113sls ir ide\u0101li piem\u0113rots atp\u016btai un relaks\u0101cijai. Manu\u0101lais meh\u0101nisms \u013cauj...\",\"breadcrumb\":{\"@id\":\"https:\/\/brilune.eu\/lv\/product\/supulkresls-ar-manualu-sedesanas-un-gulesanas-mehanismu-2\/#breadcrumb\"},\"inLanguage\":\"lv-LV\",\"potentialAction\":[{\"@type\":\"ReadAction\",\"target\":[\"https:\/\/brilune.eu\/lv\/product\/supulkresls-ar-manualu-sedesanas-un-gulesanas-mehanismu-2\/\"]}]},{\"@type\":\"ImageObject\",\"inLanguage\":\"lv-LV\",\"@id\":\"https:\/\/brilune.eu\/lv\/product\/supulkresls-ar-manualu-sedesanas-un-gulesanas-mehanismu-2\/#primaryimage\",\"url\":\"https:\/\/brilune.eu\/wp-content\/uploads\/2025\/01\/11326200.jpg\",\"contentUrl\":\"https:\/\/brilune.eu\/wp-content\/uploads\/2025\/01\/11326200.jpg\",\"width\":800,\"height\":800},{\"@type\":\"BreadcrumbList\",\"@id\":\"https:\/\/brilune.eu\/lv\/product\/supulkresls-ar-manualu-sedesanas-un-gulesanas-mehanismu-2\/#breadcrumb\",\"itemListElement\":[{\"@type\":\"ListItem\",\"position\":1,\"name\":\"S\u0101kums\",\"item\":\"https:\/\/brilune.eu\/lv\/brilune-mebeles\/\"},{\"@type\":\"ListItem\",\"position\":2,\"name\":\"Visi produkti\",\"item\":\"https:\/\/brilune.eu\/lv\/shop\/\"},{\"@type\":\"ListItem\",\"position\":3,\"name\":\"\u0160\u016bpu\u013ckr\u0113sls ar manu\u0101lu s\u0113d\u0113\u0161anas un gul\u0113\u0161anas meh\u0101nismu\"}]},{\"@type\":\"WebSite\",\"@id\":\"https:\/\/brilune.eu\/lv\/#website\",\"url\":\"https:\/\/brilune.eu\/lv\/\",\"name\":\"Brilune\",\"description\":\"M\u0113s pied\u0101v\u0101jam unik\u0101lus un nebiju\u0161us dizainus, kas apvieno eleganci, funkcionalit\u0101ti un rado\u0161umu.\",\"potentialAction\":[{\"@type\":\"SearchAction\",\"target\":{\"@type\":\"EntryPoint\",\"urlTemplate\":\"https:\/\/brilune.eu\/lv\/?s={search_term_string}\"},\"query-input\":{\"@type\":\"PropertyValueSpecification\",\"valueRequired\":true,\"valueName\":\"search_term_string\"}}],\"inLanguage\":\"lv-LV\"}]}<\/script>\n<!-- \/ Yoast SEO plugin. -->","yoast_head_json":{"title":"\u0160\u016bpu\u013ckr\u0113sls ar manu\u0101lu s\u0113d\u0113\u0161anas un gul\u0113\u0161anas meh\u0101nismu","description":"Kr\u0113sls ar manu\u0101lu meh\u0101nismu s\u0113d\u0113\u0161anai un gul\u0113\u0161anai - groz\u0101ms un \u0161\u016bpojo\u0161s. \u0160is stil\u012bgais kr\u0113sls ir ide\u0101li piem\u0113rots atp\u016btai un relaks\u0101cijai. Manu\u0101lais meh\u0101nisms \u013cauj...","robots":{"index":"index","follow":"follow","max-snippet":"max-snippet:-1","max-image-preview":"max-image-preview:large","max-video-preview":"max-video-preview:-1"},"canonical":"https:\/\/brilune.eu\/lv\/product\/supulkresls-ar-manualu-sedesanas-un-gulesanas-mehanismu-2\/","og_locale":"lv_LV","og_type":"article","og_title":"\u0160\u016bpu\u013ckr\u0113sls ar manu\u0101lu s\u0113d\u0113\u0161anas un gul\u0113\u0161anas meh\u0101nismu","og_description":"Kr\u0113sls ar manu\u0101lu meh\u0101nismu s\u0113d\u0113\u0161anai un gul\u0113\u0161anai - groz\u0101ms un \u0161\u016bpojo\u0161s. \u0160is stil\u012bgais kr\u0113sls ir ide\u0101li piem\u0113rots atp\u016btai un relaks\u0101cijai. Manu\u0101lais meh\u0101nisms \u013cauj...","og_url":"https:\/\/brilune.eu\/lv\/product\/supulkresls-ar-manualu-sedesanas-un-gulesanas-mehanismu-2\/","og_site_name":"Brilune","article_modified_time":"2025-02-19T11:28:47+00:00","og_image":[{"width":800,"height":800,"url":"https:\/\/brilune.eu\/wp-content\/uploads\/2025\/01\/11326200.jpg","type":"image\/jpeg"}],"twitter_card":"summary_large_image","twitter_misc":{"Est. reading time":"1 minute"},"schema":{"@context":"https:\/\/schema.org","@graph":[{"@type":"WebPage","@id":"https:\/\/brilune.eu\/lv\/product\/supulkresls-ar-manualu-sedesanas-un-gulesanas-mehanismu-2\/","url":"https:\/\/brilune.eu\/lv\/product\/supulkresls-ar-manualu-sedesanas-un-gulesanas-mehanismu-2\/","name":"\u0160\u016bpu\u013ckr\u0113sls ar manu\u0101lu s\u0113d\u0113\u0161anas un gul\u0113\u0161anas meh\u0101nismu","isPartOf":{"@id":"https:\/\/brilune.eu\/lv\/#website"},"primaryImageOfPage":{"@id":"https:\/\/brilune.eu\/lv\/product\/supulkresls-ar-manualu-sedesanas-un-gulesanas-mehanismu-2\/#primaryimage"},"image":{"@id":"https:\/\/brilune.eu\/lv\/product\/supulkresls-ar-manualu-sedesanas-un-gulesanas-mehanismu-2\/#primaryimage"},"thumbnailUrl":"https:\/\/brilune.eu\/wp-content\/uploads\/2025\/01\/11326200.jpg","datePublished":"2025-02-19T10:58:11+00:00","dateModified":"2025-02-19T11:28:47+00:00","description":"Kr\u0113sls ar manu\u0101lu meh\u0101nismu s\u0113d\u0113\u0161anai un gul\u0113\u0161anai - groz\u0101ms un \u0161\u016bpojo\u0161s. \u0160is stil\u012bgais kr\u0113sls ir ide\u0101li piem\u0113rots atp\u016btai un relaks\u0101cijai. Manu\u0101lais meh\u0101nisms \u013cauj...","breadcrumb":{"@id":"https:\/\/brilune.eu\/lv\/product\/supulkresls-ar-manualu-sedesanas-un-gulesanas-mehanismu-2\/#breadcrumb"},"inLanguage":"lv-LV","potentialAction":[{"@type":"ReadAction","target":["https:\/\/brilune.eu\/lv\/product\/supulkresls-ar-manualu-sedesanas-un-gulesanas-mehanismu-2\/"]}]},{"@type":"ImageObject","inLanguage":"lv-LV","@id":"https:\/\/brilune.eu\/lv\/product\/supulkresls-ar-manualu-sedesanas-un-gulesanas-mehanismu-2\/#primaryimage","url":"https:\/\/brilune.eu\/wp-content\/uploads\/2025\/01\/11326200.jpg","contentUrl":"https:\/\/brilune.eu\/wp-content\/uploads\/2025\/01\/11326200.jpg","width":800,"height":800},{"@type":"BreadcrumbList","@id":"https:\/\/brilune.eu\/lv\/product\/supulkresls-ar-manualu-sedesanas-un-gulesanas-mehanismu-2\/#breadcrumb","itemListElement":[{"@type":"ListItem","position":1,"name":"S\u0101kums","item":"https:\/\/brilune.eu\/lv\/brilune-mebeles\/"},{"@type":"ListItem","position":2,"name":"Visi produkti","item":"https:\/\/brilune.eu\/lv\/shop\/"},{"@type":"ListItem","position":3,"name":"\u0160\u016bpu\u013ckr\u0113sls ar manu\u0101lu s\u0113d\u0113\u0161anas un gul\u0113\u0161anas meh\u0101nismu"}]},{"@type":"WebSite","@id":"https:\/\/brilune.eu\/lv\/#website","url":"https:\/\/brilune.eu\/lv\/","name":"Brilune","description":"M\u0113s pied\u0101v\u0101jam unik\u0101lus un nebiju\u0161us dizainus, kas apvieno eleganci, funkcionalit\u0101ti un rado\u0161umu.","potentialAction":[{"@type":"SearchAction","target":{"@type":"EntryPoint","urlTemplate":"https:\/\/brilune.eu\/lv\/?s={search_term_string}"},"query-input":{"@type":"PropertyValueSpecification","valueRequired":true,"valueName":"search_term_string"}}],"inLanguage":"lv-LV"}]}},"jetpack_sharing_enabled":true,"_links":{"self":[{"href":"https:\/\/brilune.eu\/lv\/wp-json\/wp\/v2\/product\/38494","targetHints":{"allow":["GET"]}}],"collection":[{"href":"https:\/\/brilune.eu\/lv\/wp-json\/wp\/v2\/product"}],"about":[{"href":"https:\/\/brilune.eu\/lv\/wp-json\/wp\/v2\/types\/product"}],"replies":[{"embeddable":true,"href":"https:\/\/brilune.eu\/lv\/wp-json\/wp\/v2\/comments?post=38494"}],"version-history":[{"count":1,"href":"https:\/\/brilune.eu\/lv\/wp-json\/wp\/v2\/product\/38494\/revisions"}],"predecessor-version":[{"id":38547,"href":"https:\/\/brilune.eu\/lv\/wp-json\/wp\/v2\/product\/38494\/revisions\/38547"}],"wp:featuredmedia":[{"embeddable":true,"href":"https:\/\/brilune.eu\/lv\/wp-json\/wp\/v2\/media\/10032"}],"wp:attachment":[{"href":"https:\/\/brilune.eu\/lv\/wp-json\/wp\/v2\/media?parent=38494"}],"wp:term":[{"taxonomy":"product_brand","embeddable":true,"href":"https:\/\/brilune.eu\/lv\/wp-json\/wp\/v2\/product_brand?post=38494"},{"taxonomy":"product_cat","embeddable":true,"href":"https:\/\/brilune.eu\/lv\/wp-json\/wp\/v2\/product_cat?post=38494"},{"taxonomy":"product_tag","embeddable":true,"href":"https:\/\/brilune.eu\/lv\/wp-json\/wp\/v2\/product_tag?post=38494"}],"curies":[{"name":"wp","href":"https:\/\/api.w.org\/{rel}","templated":true}]}}