{"id":38491,"date":"2025-02-19T12:58:10","date_gmt":"2025-02-19T10:58:10","guid":{"rendered":"https:\/\/brilune.eu\/?post_type=product&#038;p=38491"},"modified":"2025-02-19T13:28:46","modified_gmt":"2025-02-19T11:28:46","slug":"supulkresls-ar-elektrisko-mehanismu-sedesanai-un-gulesanai","status":"publish","type":"product","link":"https:\/\/brilune.eu\/lv\/product\/supulkresls-ar-elektrisko-mehanismu-sedesanai-un-gulesanai\/","title":{"rendered":"\u0160\u016bpu\u013ckr\u0113sls ar elektrisko meh\u0101nismu s\u0113d\u0113\u0161anai un gul\u0113\u0161anai"},"content":{"rendered":"<p>\u0160is modernais kr\u0113sls apvieno komfortu un tehnolo\u0123ijas. Elektriskais meh\u0101nisms \u013cauj \u0113rti regul\u0113t s\u0113dus un gu\u013cus poz\u012bcijas, un ieb\u016bv\u0113tais USB ports nodro\u0161ina j\u016bsu ier\u012b\u010du uzl\u0101di. \u0160\u016bpo\u0161anas kust\u012bba un groz\u0101m\u0101 funkcija pie\u0161\u0137ir relaks\u0101cijas elementu. Pretskr\u0101p\u0113jumu \u0101das un flane\u013ca polster\u0113jums un melnas met\u0101la k\u0101jas rada stil\u012bgu un iztur\u012bgu dizainu. Izm\u0113ri: 89\u00d798\u00d797 cm. Materi\u0101li: pretskr\u0101p\u0113jumiem \u0101da, flanelis, met\u0101ls. Iztur svaru l\u012bdz 180 kg.<\/p>\n","protected":false},"excerpt":{"rendered":"<p>\u0160is modernais kr\u0113sls apvieno komfortu un tehnolo\u0123ijas. Elektriskais meh\u0101nisms \u013cauj \u0113rti regul\u0113t s\u0113dus un gu\u013cus poz\u012bcijas, un ieb\u016bv\u0113tais USB ports saglab\u0101 y&#8230;<\/p>\n","protected":false},"featured_media":10006,"comment_status":"open","ping_status":"closed","template":"","meta":[],"product_brand":[],"product_cat":[1709,5625],"product_tag":[],"class_list":{"0":"post-38491","1":"product","2":"type-product","3":"status-publish","4":"has-post-thumbnail","6":"product_cat-supulkresli-kresli-2","7":"product_cat-supulkresli-kresli-5","9":"first","10":"instock","11":"shipping-taxable","12":"purchasable","13":"product-type-simple"},"yoast_head":"<!-- This site is optimized with the Yoast SEO plugin v26.0 - https:\/\/yoast.com\/wordpress\/plugins\/seo\/ -->\n<title>\u0160\u016bpu\u013ckr\u0113sls ar elektrisko meh\u0101nismu s\u0113d\u0113\u0161anai un gul\u0113\u0161anai<\/title>\n<meta name=\"description\" content=\"\u0160is modernais kr\u0113sls apvieno komfortu un tehnolo\u0123ijas. Elektriskais meh\u0101nisms \u013cauj \u0113rti regul\u0113t s\u0113dus un gu\u013cus poz\u012bcijas, un ieb\u016bv\u0113tais USB ports saglab\u0101 y...\" \/>\n<meta name=\"robots\" content=\"index, follow, max-snippet:-1, max-image-preview:large, max-video-preview:-1\" \/>\n<link rel=\"canonical\" href=\"https:\/\/brilune.eu\/lv\/product\/supulkresls-ar-elektrisko-mehanismu-sedesanai-un-gulesanai\/\" \/>\n<meta property=\"og:locale\" content=\"lv_LV\" \/>\n<meta property=\"og:type\" content=\"article\" \/>\n<meta property=\"og:title\" content=\"\u0160\u016bpu\u013ckr\u0113sls ar elektrisko meh\u0101nismu s\u0113d\u0113\u0161anai un gul\u0113\u0161anai\" \/>\n<meta property=\"og:description\" content=\"\u0160is modernais kr\u0113sls apvieno komfortu un tehnolo\u0123ijas. Elektriskais meh\u0101nisms \u013cauj \u0113rti regul\u0113t s\u0113dus un gu\u013cus poz\u012bcijas, un ieb\u016bv\u0113tais USB ports saglab\u0101 y...\" \/>\n<meta property=\"og:url\" content=\"https:\/\/brilune.eu\/lv\/product\/supulkresls-ar-elektrisko-mehanismu-sedesanai-un-gulesanai\/\" \/>\n<meta property=\"og:site_name\" content=\"Brilune\" \/>\n<meta property=\"article:modified_time\" content=\"2025-02-19T11:28:46+00:00\" \/>\n<meta property=\"og:image\" content=\"https:\/\/brilune.eu\/wp-content\/uploads\/2025\/01\/11405173.jpg\" \/>\n\t<meta property=\"og:image:width\" content=\"790\" \/>\n\t<meta property=\"og:image:height\" content=\"790\" \/>\n\t<meta property=\"og:image:type\" content=\"image\/jpeg\" \/>\n<meta name=\"twitter:card\" content=\"summary_large_image\" \/>\n<script type=\"application\/ld+json\" class=\"yoast-schema-graph\">{\"@context\":\"https:\/\/schema.org\",\"@graph\":[{\"@type\":\"WebPage\",\"@id\":\"https:\/\/brilune.eu\/lv\/product\/supulkresls-ar-elektrisko-mehanismu-sedesanai-un-gulesanai\/\",\"url\":\"https:\/\/brilune.eu\/lv\/product\/supulkresls-ar-elektrisko-mehanismu-sedesanai-un-gulesanai\/\",\"name\":\"\u0160\u016bpu\u013ckr\u0113sls ar elektrisko meh\u0101nismu s\u0113d\u0113\u0161anai un gul\u0113\u0161anai\",\"isPartOf\":{\"@id\":\"https:\/\/brilune.eu\/lv\/#website\"},\"primaryImageOfPage\":{\"@id\":\"https:\/\/brilune.eu\/lv\/product\/supulkresls-ar-elektrisko-mehanismu-sedesanai-un-gulesanai\/#primaryimage\"},\"image\":{\"@id\":\"https:\/\/brilune.eu\/lv\/product\/supulkresls-ar-elektrisko-mehanismu-sedesanai-un-gulesanai\/#primaryimage\"},\"thumbnailUrl\":\"https:\/\/brilune.eu\/wp-content\/uploads\/2025\/01\/11405173.jpg\",\"datePublished\":\"2025-02-19T10:58:10+00:00\",\"dateModified\":\"2025-02-19T11:28:46+00:00\",\"description\":\"\u0160is modernais kr\u0113sls apvieno komfortu un tehnolo\u0123ijas. Elektriskais meh\u0101nisms \u013cauj \u0113rti regul\u0113t s\u0113dus un gu\u013cus poz\u012bcijas, un ieb\u016bv\u0113tais USB ports saglab\u0101 y...\",\"breadcrumb\":{\"@id\":\"https:\/\/brilune.eu\/lv\/product\/supulkresls-ar-elektrisko-mehanismu-sedesanai-un-gulesanai\/#breadcrumb\"},\"inLanguage\":\"lv-LV\",\"potentialAction\":[{\"@type\":\"ReadAction\",\"target\":[\"https:\/\/brilune.eu\/lv\/product\/supulkresls-ar-elektrisko-mehanismu-sedesanai-un-gulesanai\/\"]}]},{\"@type\":\"ImageObject\",\"inLanguage\":\"lv-LV\",\"@id\":\"https:\/\/brilune.eu\/lv\/product\/supulkresls-ar-elektrisko-mehanismu-sedesanai-un-gulesanai\/#primaryimage\",\"url\":\"https:\/\/brilune.eu\/wp-content\/uploads\/2025\/01\/11405173.jpg\",\"contentUrl\":\"https:\/\/brilune.eu\/wp-content\/uploads\/2025\/01\/11405173.jpg\",\"width\":790,\"height\":790},{\"@type\":\"BreadcrumbList\",\"@id\":\"https:\/\/brilune.eu\/lv\/product\/supulkresls-ar-elektrisko-mehanismu-sedesanai-un-gulesanai\/#breadcrumb\",\"itemListElement\":[{\"@type\":\"ListItem\",\"position\":1,\"name\":\"S\u0101kums\",\"item\":\"https:\/\/brilune.eu\/lv\/brilune-mebeles\/\"},{\"@type\":\"ListItem\",\"position\":2,\"name\":\"Visi produkti\",\"item\":\"https:\/\/brilune.eu\/lv\/shop\/\"},{\"@type\":\"ListItem\",\"position\":3,\"name\":\"\u0160\u016bpu\u013ckr\u0113sls ar elektrisko meh\u0101nismu s\u0113d\u0113\u0161anai un gul\u0113\u0161anai\"}]},{\"@type\":\"WebSite\",\"@id\":\"https:\/\/brilune.eu\/lv\/#website\",\"url\":\"https:\/\/brilune.eu\/lv\/\",\"name\":\"Brilune\",\"description\":\"M\u0113s pied\u0101v\u0101jam unik\u0101lus un nebiju\u0161us dizainus, kas apvieno eleganci, funkcionalit\u0101ti un rado\u0161umu.\",\"potentialAction\":[{\"@type\":\"SearchAction\",\"target\":{\"@type\":\"EntryPoint\",\"urlTemplate\":\"https:\/\/brilune.eu\/lv\/?s={search_term_string}\"},\"query-input\":{\"@type\":\"PropertyValueSpecification\",\"valueRequired\":true,\"valueName\":\"search_term_string\"}}],\"inLanguage\":\"lv-LV\"}]}<\/script>\n<!-- \/ Yoast SEO plugin. -->","yoast_head_json":{"title":"\u0160\u016bpu\u013ckr\u0113sls ar elektrisko meh\u0101nismu s\u0113d\u0113\u0161anai un gul\u0113\u0161anai","description":"\u0160is modernais kr\u0113sls apvieno komfortu un tehnolo\u0123ijas. Elektriskais meh\u0101nisms \u013cauj \u0113rti regul\u0113t s\u0113dus un gu\u013cus poz\u012bcijas, un ieb\u016bv\u0113tais USB ports saglab\u0101 y...","robots":{"index":"index","follow":"follow","max-snippet":"max-snippet:-1","max-image-preview":"max-image-preview:large","max-video-preview":"max-video-preview:-1"},"canonical":"https:\/\/brilune.eu\/lv\/product\/supulkresls-ar-elektrisko-mehanismu-sedesanai-un-gulesanai\/","og_locale":"lv_LV","og_type":"article","og_title":"\u0160\u016bpu\u013ckr\u0113sls ar elektrisko meh\u0101nismu s\u0113d\u0113\u0161anai un gul\u0113\u0161anai","og_description":"\u0160is modernais kr\u0113sls apvieno komfortu un tehnolo\u0123ijas. Elektriskais meh\u0101nisms \u013cauj \u0113rti regul\u0113t s\u0113dus un gu\u013cus poz\u012bcijas, un ieb\u016bv\u0113tais USB ports saglab\u0101 y...","og_url":"https:\/\/brilune.eu\/lv\/product\/supulkresls-ar-elektrisko-mehanismu-sedesanai-un-gulesanai\/","og_site_name":"Brilune","article_modified_time":"2025-02-19T11:28:46+00:00","og_image":[{"width":790,"height":790,"url":"https:\/\/brilune.eu\/wp-content\/uploads\/2025\/01\/11405173.jpg","type":"image\/jpeg"}],"twitter_card":"summary_large_image","schema":{"@context":"https:\/\/schema.org","@graph":[{"@type":"WebPage","@id":"https:\/\/brilune.eu\/lv\/product\/supulkresls-ar-elektrisko-mehanismu-sedesanai-un-gulesanai\/","url":"https:\/\/brilune.eu\/lv\/product\/supulkresls-ar-elektrisko-mehanismu-sedesanai-un-gulesanai\/","name":"\u0160\u016bpu\u013ckr\u0113sls ar elektrisko meh\u0101nismu s\u0113d\u0113\u0161anai un gul\u0113\u0161anai","isPartOf":{"@id":"https:\/\/brilune.eu\/lv\/#website"},"primaryImageOfPage":{"@id":"https:\/\/brilune.eu\/lv\/product\/supulkresls-ar-elektrisko-mehanismu-sedesanai-un-gulesanai\/#primaryimage"},"image":{"@id":"https:\/\/brilune.eu\/lv\/product\/supulkresls-ar-elektrisko-mehanismu-sedesanai-un-gulesanai\/#primaryimage"},"thumbnailUrl":"https:\/\/brilune.eu\/wp-content\/uploads\/2025\/01\/11405173.jpg","datePublished":"2025-02-19T10:58:10+00:00","dateModified":"2025-02-19T11:28:46+00:00","description":"\u0160is modernais kr\u0113sls apvieno komfortu un tehnolo\u0123ijas. Elektriskais meh\u0101nisms \u013cauj \u0113rti regul\u0113t s\u0113dus un gu\u013cus poz\u012bcijas, un ieb\u016bv\u0113tais USB ports saglab\u0101 y...","breadcrumb":{"@id":"https:\/\/brilune.eu\/lv\/product\/supulkresls-ar-elektrisko-mehanismu-sedesanai-un-gulesanai\/#breadcrumb"},"inLanguage":"lv-LV","potentialAction":[{"@type":"ReadAction","target":["https:\/\/brilune.eu\/lv\/product\/supulkresls-ar-elektrisko-mehanismu-sedesanai-un-gulesanai\/"]}]},{"@type":"ImageObject","inLanguage":"lv-LV","@id":"https:\/\/brilune.eu\/lv\/product\/supulkresls-ar-elektrisko-mehanismu-sedesanai-un-gulesanai\/#primaryimage","url":"https:\/\/brilune.eu\/wp-content\/uploads\/2025\/01\/11405173.jpg","contentUrl":"https:\/\/brilune.eu\/wp-content\/uploads\/2025\/01\/11405173.jpg","width":790,"height":790},{"@type":"BreadcrumbList","@id":"https:\/\/brilune.eu\/lv\/product\/supulkresls-ar-elektrisko-mehanismu-sedesanai-un-gulesanai\/#breadcrumb","itemListElement":[{"@type":"ListItem","position":1,"name":"S\u0101kums","item":"https:\/\/brilune.eu\/lv\/brilune-mebeles\/"},{"@type":"ListItem","position":2,"name":"Visi produkti","item":"https:\/\/brilune.eu\/lv\/shop\/"},{"@type":"ListItem","position":3,"name":"\u0160\u016bpu\u013ckr\u0113sls ar elektrisko meh\u0101nismu s\u0113d\u0113\u0161anai un gul\u0113\u0161anai"}]},{"@type":"WebSite","@id":"https:\/\/brilune.eu\/lv\/#website","url":"https:\/\/brilune.eu\/lv\/","name":"Brilune","description":"M\u0113s pied\u0101v\u0101jam unik\u0101lus un nebiju\u0161us dizainus, kas apvieno eleganci, funkcionalit\u0101ti un rado\u0161umu.","potentialAction":[{"@type":"SearchAction","target":{"@type":"EntryPoint","urlTemplate":"https:\/\/brilune.eu\/lv\/?s={search_term_string}"},"query-input":{"@type":"PropertyValueSpecification","valueRequired":true,"valueName":"search_term_string"}}],"inLanguage":"lv-LV"}]}},"jetpack_sharing_enabled":true,"_links":{"self":[{"href":"https:\/\/brilune.eu\/lv\/wp-json\/wp\/v2\/product\/38491","targetHints":{"allow":["GET"]}}],"collection":[{"href":"https:\/\/brilune.eu\/lv\/wp-json\/wp\/v2\/product"}],"about":[{"href":"https:\/\/brilune.eu\/lv\/wp-json\/wp\/v2\/types\/product"}],"replies":[{"embeddable":true,"href":"https:\/\/brilune.eu\/lv\/wp-json\/wp\/v2\/comments?post=38491"}],"version-history":[{"count":1,"href":"https:\/\/brilune.eu\/lv\/wp-json\/wp\/v2\/product\/38491\/revisions"}],"predecessor-version":[{"id":38532,"href":"https:\/\/brilune.eu\/lv\/wp-json\/wp\/v2\/product\/38491\/revisions\/38532"}],"wp:featuredmedia":[{"embeddable":true,"href":"https:\/\/brilune.eu\/lv\/wp-json\/wp\/v2\/media\/10006"}],"wp:attachment":[{"href":"https:\/\/brilune.eu\/lv\/wp-json\/wp\/v2\/media?parent=38491"}],"wp:term":[{"taxonomy":"product_brand","embeddable":true,"href":"https:\/\/brilune.eu\/lv\/wp-json\/wp\/v2\/product_brand?post=38491"},{"taxonomy":"product_cat","embeddable":true,"href":"https:\/\/brilune.eu\/lv\/wp-json\/wp\/v2\/product_cat?post=38491"},{"taxonomy":"product_tag","embeddable":true,"href":"https:\/\/brilune.eu\/lv\/wp-json\/wp\/v2\/product_tag?post=38491"}],"curies":[{"name":"wp","href":"https:\/\/api.w.org\/{rel}","templated":true}]}}