{"id":38488,"date":"2025-02-19T12:57:45","date_gmt":"2025-02-19T10:57:45","guid":{"rendered":"https:\/\/brilune.eu\/?post_type=product&#038;p=38488"},"modified":"2025-02-19T13:28:45","modified_gmt":"2025-02-19T11:28:45","slug":"supulkresls-ar-manualu-sedesanas-un-gulesanas-mehanismu","status":"publish","type":"product","link":"https:\/\/brilune.eu\/lv\/product\/supulkresls-ar-manualu-sedesanas-un-gulesanas-mehanismu\/","title":{"rendered":"\u0160\u016bpu\u013ckr\u0113sls ar manu\u0101lu s\u0113d\u0113\u0161anas un gul\u0113\u0161anas meh\u0101nismu"},"content":{"rendered":"<p>M\u016bsdien\u012bgs atzveltnes kr\u0113sls, kas ide\u0101li piem\u0113rots j\u016bsu m\u0101jas \u0113rt\u012bb\u0101m. Viegli piel\u0101gojiet s\u0113dek\u013ca st\u0101vokli, lai atrastu \u0113rt\u0101ko s\u0113d\u0113\u0161anas poz\u012bciju. \u0112rta pretskr\u0101p\u0113jumu \u0101das un flane\u013ca apdare pie\u0161\u0137ir stilu un iztur\u012bbu, savuk\u0101rt meln\u0101s met\u0101la k\u0101jas nodro\u0161ina iztur\u012bbu. Atzveltne ar vertik\u0101l\u0101m josl\u0101m pie\u0161\u0137ir vieglumu un vizu\u0101lo interesi. Izm\u0113ri: 89\u00d798\u00d797 cm. Materi\u0101li: pretskr\u0101p\u0113jumiem \u0101da, flanelis, met\u0101ls. Iztur svaru l\u012bdz 180 kg.<\/p>\n","protected":false},"excerpt":{"rendered":"<p>M\u016bsdien\u012bgs atzveltnes kr\u0113sls, kas ide\u0101li piem\u0113rots j\u016bsu m\u0101jas \u0113rt\u012bb\u0101m. Viegli piel\u0101gojiet s\u0113dek\u013ca st\u0101vokli, lai atrastu \u0113rt\u0101ko s\u0113d\u0113\u0161anas poz\u012bciju. \u0112rts pret skr\u0101p\u0113jumiem&#8230;<\/p>\n","protected":false},"featured_media":10006,"comment_status":"open","ping_status":"closed","template":"","meta":[],"product_brand":[],"product_cat":[1709,5625],"product_tag":[],"class_list":{"0":"post-38488","1":"product","2":"type-product","3":"status-publish","4":"has-post-thumbnail","6":"product_cat-supulkresli-kresli-2","7":"product_cat-supulkresli-kresli-5","9":"first","10":"instock","11":"shipping-taxable","12":"purchasable","13":"product-type-simple"},"yoast_head":"<!-- This site is optimized with the Yoast SEO plugin v26.0 - https:\/\/yoast.com\/wordpress\/plugins\/seo\/ -->\n<title>\u0160\u016bpu\u013ckr\u0113sls ar manu\u0101lu s\u0113d\u0113\u0161anas un gul\u0113\u0161anas meh\u0101nismu<\/title>\n<meta name=\"description\" content=\"M\u016bsdien\u012bgs atzveltnes kr\u0113sls, kas ide\u0101li piem\u0113rots j\u016bsu m\u0101jas \u0113rt\u012bb\u0101m. Viegli piel\u0101gojiet s\u0113dek\u013ca st\u0101vokli, lai atrastu \u0113rt\u0101ko s\u0113d\u0113\u0161anas poz\u012bciju. \u0112rts pret skr\u0101p\u0113jumiem...\" \/>\n<meta name=\"robots\" content=\"index, follow, max-snippet:-1, max-image-preview:large, max-video-preview:-1\" \/>\n<link rel=\"canonical\" href=\"https:\/\/brilune.eu\/lv\/product\/supulkresls-ar-manualu-sedesanas-un-gulesanas-mehanismu\/\" \/>\n<meta property=\"og:locale\" content=\"lv_LV\" \/>\n<meta property=\"og:type\" content=\"article\" \/>\n<meta property=\"og:title\" content=\"\u0160\u016bpu\u013ckr\u0113sls ar manu\u0101lu s\u0113d\u0113\u0161anas un gul\u0113\u0161anas meh\u0101nismu\" \/>\n<meta property=\"og:description\" content=\"M\u016bsdien\u012bgs atzveltnes kr\u0113sls, kas ide\u0101li piem\u0113rots j\u016bsu m\u0101jas \u0113rt\u012bb\u0101m. Viegli piel\u0101gojiet s\u0113dek\u013ca st\u0101vokli, lai atrastu \u0113rt\u0101ko s\u0113d\u0113\u0161anas poz\u012bciju. \u0112rts pret skr\u0101p\u0113jumiem...\" \/>\n<meta property=\"og:url\" content=\"https:\/\/brilune.eu\/lv\/product\/supulkresls-ar-manualu-sedesanas-un-gulesanas-mehanismu\/\" \/>\n<meta property=\"og:site_name\" content=\"Brilune\" \/>\n<meta property=\"article:modified_time\" content=\"2025-02-19T11:28:45+00:00\" \/>\n<meta property=\"og:image\" content=\"https:\/\/brilune.eu\/wp-content\/uploads\/2025\/01\/11405173.jpg\" \/>\n\t<meta property=\"og:image:width\" content=\"790\" \/>\n\t<meta property=\"og:image:height\" content=\"790\" \/>\n\t<meta property=\"og:image:type\" content=\"image\/jpeg\" \/>\n<meta name=\"twitter:card\" content=\"summary_large_image\" \/>\n<script type=\"application\/ld+json\" class=\"yoast-schema-graph\">{\"@context\":\"https:\/\/schema.org\",\"@graph\":[{\"@type\":\"WebPage\",\"@id\":\"https:\/\/brilune.eu\/lv\/product\/supulkresls-ar-manualu-sedesanas-un-gulesanas-mehanismu\/\",\"url\":\"https:\/\/brilune.eu\/lv\/product\/supulkresls-ar-manualu-sedesanas-un-gulesanas-mehanismu\/\",\"name\":\"\u0160\u016bpu\u013ckr\u0113sls ar manu\u0101lu s\u0113d\u0113\u0161anas un gul\u0113\u0161anas meh\u0101nismu\",\"isPartOf\":{\"@id\":\"https:\/\/brilune.eu\/lv\/#website\"},\"primaryImageOfPage\":{\"@id\":\"https:\/\/brilune.eu\/lv\/product\/supulkresls-ar-manualu-sedesanas-un-gulesanas-mehanismu\/#primaryimage\"},\"image\":{\"@id\":\"https:\/\/brilune.eu\/lv\/product\/supulkresls-ar-manualu-sedesanas-un-gulesanas-mehanismu\/#primaryimage\"},\"thumbnailUrl\":\"https:\/\/brilune.eu\/wp-content\/uploads\/2025\/01\/11405173.jpg\",\"datePublished\":\"2025-02-19T10:57:45+00:00\",\"dateModified\":\"2025-02-19T11:28:45+00:00\",\"description\":\"M\u016bsdien\u012bgs atzveltnes kr\u0113sls, kas ide\u0101li piem\u0113rots j\u016bsu m\u0101jas \u0113rt\u012bb\u0101m. Viegli piel\u0101gojiet s\u0113dek\u013ca st\u0101vokli, lai atrastu \u0113rt\u0101ko s\u0113d\u0113\u0161anas poz\u012bciju. \u0112rts pret skr\u0101p\u0113jumiem...\",\"breadcrumb\":{\"@id\":\"https:\/\/brilune.eu\/lv\/product\/supulkresls-ar-manualu-sedesanas-un-gulesanas-mehanismu\/#breadcrumb\"},\"inLanguage\":\"lv-LV\",\"potentialAction\":[{\"@type\":\"ReadAction\",\"target\":[\"https:\/\/brilune.eu\/lv\/product\/supulkresls-ar-manualu-sedesanas-un-gulesanas-mehanismu\/\"]}]},{\"@type\":\"ImageObject\",\"inLanguage\":\"lv-LV\",\"@id\":\"https:\/\/brilune.eu\/lv\/product\/supulkresls-ar-manualu-sedesanas-un-gulesanas-mehanismu\/#primaryimage\",\"url\":\"https:\/\/brilune.eu\/wp-content\/uploads\/2025\/01\/11405173.jpg\",\"contentUrl\":\"https:\/\/brilune.eu\/wp-content\/uploads\/2025\/01\/11405173.jpg\",\"width\":790,\"height\":790},{\"@type\":\"BreadcrumbList\",\"@id\":\"https:\/\/brilune.eu\/lv\/product\/supulkresls-ar-manualu-sedesanas-un-gulesanas-mehanismu\/#breadcrumb\",\"itemListElement\":[{\"@type\":\"ListItem\",\"position\":1,\"name\":\"S\u0101kums\",\"item\":\"https:\/\/brilune.eu\/lv\/brilune-mebeles\/\"},{\"@type\":\"ListItem\",\"position\":2,\"name\":\"Visi produkti\",\"item\":\"https:\/\/brilune.eu\/lv\/shop\/\"},{\"@type\":\"ListItem\",\"position\":3,\"name\":\"\u0160\u016bpu\u013ckr\u0113sls ar manu\u0101lu s\u0113d\u0113\u0161anas un gul\u0113\u0161anas meh\u0101nismu\"}]},{\"@type\":\"WebSite\",\"@id\":\"https:\/\/brilune.eu\/lv\/#website\",\"url\":\"https:\/\/brilune.eu\/lv\/\",\"name\":\"Brilune\",\"description\":\"M\u0113s pied\u0101v\u0101jam unik\u0101lus un nebiju\u0161us dizainus, kas apvieno eleganci, funkcionalit\u0101ti un rado\u0161umu.\",\"potentialAction\":[{\"@type\":\"SearchAction\",\"target\":{\"@type\":\"EntryPoint\",\"urlTemplate\":\"https:\/\/brilune.eu\/lv\/?s={search_term_string}\"},\"query-input\":{\"@type\":\"PropertyValueSpecification\",\"valueRequired\":true,\"valueName\":\"search_term_string\"}}],\"inLanguage\":\"lv-LV\"}]}<\/script>\n<!-- \/ Yoast SEO plugin. -->","yoast_head_json":{"title":"\u0160\u016bpu\u013ckr\u0113sls ar manu\u0101lu s\u0113d\u0113\u0161anas un gul\u0113\u0161anas meh\u0101nismu","description":"M\u016bsdien\u012bgs atzveltnes kr\u0113sls, kas ide\u0101li piem\u0113rots j\u016bsu m\u0101jas \u0113rt\u012bb\u0101m. Viegli piel\u0101gojiet s\u0113dek\u013ca st\u0101vokli, lai atrastu \u0113rt\u0101ko s\u0113d\u0113\u0161anas poz\u012bciju. \u0112rts pret skr\u0101p\u0113jumiem...","robots":{"index":"index","follow":"follow","max-snippet":"max-snippet:-1","max-image-preview":"max-image-preview:large","max-video-preview":"max-video-preview:-1"},"canonical":"https:\/\/brilune.eu\/lv\/product\/supulkresls-ar-manualu-sedesanas-un-gulesanas-mehanismu\/","og_locale":"lv_LV","og_type":"article","og_title":"\u0160\u016bpu\u013ckr\u0113sls ar manu\u0101lu s\u0113d\u0113\u0161anas un gul\u0113\u0161anas meh\u0101nismu","og_description":"M\u016bsdien\u012bgs atzveltnes kr\u0113sls, kas ide\u0101li piem\u0113rots j\u016bsu m\u0101jas \u0113rt\u012bb\u0101m. Viegli piel\u0101gojiet s\u0113dek\u013ca st\u0101vokli, lai atrastu \u0113rt\u0101ko s\u0113d\u0113\u0161anas poz\u012bciju. \u0112rts pret skr\u0101p\u0113jumiem...","og_url":"https:\/\/brilune.eu\/lv\/product\/supulkresls-ar-manualu-sedesanas-un-gulesanas-mehanismu\/","og_site_name":"Brilune","article_modified_time":"2025-02-19T11:28:45+00:00","og_image":[{"width":790,"height":790,"url":"https:\/\/brilune.eu\/wp-content\/uploads\/2025\/01\/11405173.jpg","type":"image\/jpeg"}],"twitter_card":"summary_large_image","schema":{"@context":"https:\/\/schema.org","@graph":[{"@type":"WebPage","@id":"https:\/\/brilune.eu\/lv\/product\/supulkresls-ar-manualu-sedesanas-un-gulesanas-mehanismu\/","url":"https:\/\/brilune.eu\/lv\/product\/supulkresls-ar-manualu-sedesanas-un-gulesanas-mehanismu\/","name":"\u0160\u016bpu\u013ckr\u0113sls ar manu\u0101lu s\u0113d\u0113\u0161anas un gul\u0113\u0161anas meh\u0101nismu","isPartOf":{"@id":"https:\/\/brilune.eu\/lv\/#website"},"primaryImageOfPage":{"@id":"https:\/\/brilune.eu\/lv\/product\/supulkresls-ar-manualu-sedesanas-un-gulesanas-mehanismu\/#primaryimage"},"image":{"@id":"https:\/\/brilune.eu\/lv\/product\/supulkresls-ar-manualu-sedesanas-un-gulesanas-mehanismu\/#primaryimage"},"thumbnailUrl":"https:\/\/brilune.eu\/wp-content\/uploads\/2025\/01\/11405173.jpg","datePublished":"2025-02-19T10:57:45+00:00","dateModified":"2025-02-19T11:28:45+00:00","description":"M\u016bsdien\u012bgs atzveltnes kr\u0113sls, kas ide\u0101li piem\u0113rots j\u016bsu m\u0101jas \u0113rt\u012bb\u0101m. Viegli piel\u0101gojiet s\u0113dek\u013ca st\u0101vokli, lai atrastu \u0113rt\u0101ko s\u0113d\u0113\u0161anas poz\u012bciju. \u0112rts pret skr\u0101p\u0113jumiem...","breadcrumb":{"@id":"https:\/\/brilune.eu\/lv\/product\/supulkresls-ar-manualu-sedesanas-un-gulesanas-mehanismu\/#breadcrumb"},"inLanguage":"lv-LV","potentialAction":[{"@type":"ReadAction","target":["https:\/\/brilune.eu\/lv\/product\/supulkresls-ar-manualu-sedesanas-un-gulesanas-mehanismu\/"]}]},{"@type":"ImageObject","inLanguage":"lv-LV","@id":"https:\/\/brilune.eu\/lv\/product\/supulkresls-ar-manualu-sedesanas-un-gulesanas-mehanismu\/#primaryimage","url":"https:\/\/brilune.eu\/wp-content\/uploads\/2025\/01\/11405173.jpg","contentUrl":"https:\/\/brilune.eu\/wp-content\/uploads\/2025\/01\/11405173.jpg","width":790,"height":790},{"@type":"BreadcrumbList","@id":"https:\/\/brilune.eu\/lv\/product\/supulkresls-ar-manualu-sedesanas-un-gulesanas-mehanismu\/#breadcrumb","itemListElement":[{"@type":"ListItem","position":1,"name":"S\u0101kums","item":"https:\/\/brilune.eu\/lv\/brilune-mebeles\/"},{"@type":"ListItem","position":2,"name":"Visi produkti","item":"https:\/\/brilune.eu\/lv\/shop\/"},{"@type":"ListItem","position":3,"name":"\u0160\u016bpu\u013ckr\u0113sls ar manu\u0101lu s\u0113d\u0113\u0161anas un gul\u0113\u0161anas meh\u0101nismu"}]},{"@type":"WebSite","@id":"https:\/\/brilune.eu\/lv\/#website","url":"https:\/\/brilune.eu\/lv\/","name":"Brilune","description":"M\u0113s pied\u0101v\u0101jam unik\u0101lus un nebiju\u0161us dizainus, kas apvieno eleganci, funkcionalit\u0101ti un rado\u0161umu.","potentialAction":[{"@type":"SearchAction","target":{"@type":"EntryPoint","urlTemplate":"https:\/\/brilune.eu\/lv\/?s={search_term_string}"},"query-input":{"@type":"PropertyValueSpecification","valueRequired":true,"valueName":"search_term_string"}}],"inLanguage":"lv-LV"}]}},"jetpack_sharing_enabled":true,"_links":{"self":[{"href":"https:\/\/brilune.eu\/lv\/wp-json\/wp\/v2\/product\/38488","targetHints":{"allow":["GET"]}}],"collection":[{"href":"https:\/\/brilune.eu\/lv\/wp-json\/wp\/v2\/product"}],"about":[{"href":"https:\/\/brilune.eu\/lv\/wp-json\/wp\/v2\/types\/product"}],"replies":[{"embeddable":true,"href":"https:\/\/brilune.eu\/lv\/wp-json\/wp\/v2\/comments?post=38488"}],"version-history":[{"count":1,"href":"https:\/\/brilune.eu\/lv\/wp-json\/wp\/v2\/product\/38488\/revisions"}],"predecessor-version":[{"id":38529,"href":"https:\/\/brilune.eu\/lv\/wp-json\/wp\/v2\/product\/38488\/revisions\/38529"}],"wp:featuredmedia":[{"embeddable":true,"href":"https:\/\/brilune.eu\/lv\/wp-json\/wp\/v2\/media\/10006"}],"wp:attachment":[{"href":"https:\/\/brilune.eu\/lv\/wp-json\/wp\/v2\/media?parent=38488"}],"wp:term":[{"taxonomy":"product_brand","embeddable":true,"href":"https:\/\/brilune.eu\/lv\/wp-json\/wp\/v2\/product_brand?post=38488"},{"taxonomy":"product_cat","embeddable":true,"href":"https:\/\/brilune.eu\/lv\/wp-json\/wp\/v2\/product_cat?post=38488"},{"taxonomy":"product_tag","embeddable":true,"href":"https:\/\/brilune.eu\/lv\/wp-json\/wp\/v2\/product_tag?post=38488"}],"curies":[{"name":"wp","href":"https:\/\/api.w.org\/{rel}","templated":true}]}}