{"id":38473,"date":"2025-02-19T12:57:45","date_gmt":"2025-02-19T10:57:45","guid":{"rendered":"https:\/\/brilune.eu\/?post_type=product&#038;p=38473"},"modified":"2025-02-19T13:28:43","modified_gmt":"2025-02-19T11:28:43","slug":"rotangpalmas-supulkresls","status":"publish","type":"product","link":"https:\/\/brilune.eu\/lv\/product\/rotangpalmas-supulkresls\/","title":{"rendered":"Rotangpalmas \u0161\u016bpu\u013ckr\u0113sls"},"content":{"rendered":"<p>Atzveltnes kr\u0113sls m\u016bsdien\u012bg\u0101 stil\u0101 ar izsmalcin\u0101tu materi\u0101lu kombin\u0101ciju, ide\u0101li piem\u0113rots lieto\u0161anai m\u0101j\u0101s. Izgatavots no rotangpalmas ar balt\u0101m met\u0101la k\u0101j\u0101m, kas pie\u0161\u0137ir tai svaigu un stil\u012bgu izskatu. Kokvilnas polster\u0113jums ar putu pild\u012bjumu nodro\u0161ina komfortu un atbalstu. Atzveltne ar vertik\u0101liem stie\u0146iem pie\u0161\u0137ir vieglumu un graciozit\u0101ti. Kr\u0113sls ir apr\u012bkots ar no\u0146emamiem spilveniem, kas atvieglo t\u0101 kop\u0161anu. Iztur svaru l\u012bdz 135 kg. Izm\u0113ri: 61,5\u00d791\u00d795 cm. Materi\u0101li: rotangpalma, met\u0101ls, kokvilna.<\/p>\n","protected":false},"excerpt":{"rendered":"<p>Atzveltnes kr\u0113sls m\u016bsdien\u012bg\u0101 stil\u0101 ar izsmalcin\u0101tu materi\u0101lu kombin\u0101ciju, ide\u0101li piem\u0113rots lieto\u0161anai m\u0101j\u0101s. Izgatavots no rotangpalmas ar balt\u0101m met\u0101la k\u0101j\u0101m, kas pie\u0161\u0137ir tai svaigu un stil\u012bgu&#8230;<\/p>\n","protected":false},"featured_media":9977,"comment_status":"open","ping_status":"closed","template":"","meta":[],"product_brand":[],"product_cat":[1709,5625],"product_tag":[],"class_list":{"0":"post-38473","1":"product","2":"type-product","3":"status-publish","4":"has-post-thumbnail","6":"product_cat-supulkresli-kresli-2","7":"product_cat-supulkresli-kresli-5","9":"first","10":"instock","11":"shipping-taxable","12":"purchasable","13":"product-type-simple"},"yoast_head":"<!-- This site is optimized with the Yoast SEO plugin v26.0 - https:\/\/yoast.com\/wordpress\/plugins\/seo\/ -->\n<title>Rotangpalmas \u0161\u016bpu\u013ckr\u0113sls<\/title>\n<meta name=\"description\" content=\"Atzveltnes kr\u0113sls m\u016bsdien\u012bg\u0101 stil\u0101 ar izsmalcin\u0101tu materi\u0101lu kombin\u0101ciju, ide\u0101li piem\u0113rots lieto\u0161anai m\u0101j\u0101s. Izgatavots no rotangpalmas ar balt\u0101m met\u0101la k\u0101j\u0101m, kas pie\u0161\u0137ir tai svaigu un stil\u012bgu...\" \/>\n<meta name=\"robots\" content=\"index, follow, max-snippet:-1, max-image-preview:large, max-video-preview:-1\" \/>\n<link rel=\"canonical\" href=\"https:\/\/brilune.eu\/lv\/product\/rotangpalmas-supulkresls\/\" \/>\n<meta property=\"og:locale\" content=\"lv_LV\" \/>\n<meta property=\"og:type\" content=\"article\" \/>\n<meta property=\"og:title\" content=\"Rotangpalmas \u0161\u016bpu\u013ckr\u0113sls\" \/>\n<meta property=\"og:description\" content=\"Atzveltnes kr\u0113sls m\u016bsdien\u012bg\u0101 stil\u0101 ar izsmalcin\u0101tu materi\u0101lu kombin\u0101ciju, ide\u0101li piem\u0113rots lieto\u0161anai m\u0101j\u0101s. Izgatavots no rotangpalmas ar balt\u0101m met\u0101la k\u0101j\u0101m, kas pie\u0161\u0137ir tai svaigu un stil\u012bgu...\" \/>\n<meta property=\"og:url\" content=\"https:\/\/brilune.eu\/lv\/product\/rotangpalmas-supulkresls\/\" \/>\n<meta property=\"og:site_name\" content=\"Brilune\" \/>\n<meta property=\"article:modified_time\" content=\"2025-02-19T11:28:43+00:00\" \/>\n<meta property=\"og:image\" content=\"https:\/\/brilune.eu\/wp-content\/uploads\/2025\/01\/11488864.jpg\" \/>\n\t<meta property=\"og:image:width\" content=\"800\" \/>\n\t<meta property=\"og:image:height\" content=\"800\" \/>\n\t<meta property=\"og:image:type\" content=\"image\/jpeg\" \/>\n<meta name=\"twitter:card\" content=\"summary_large_image\" \/>\n<script type=\"application\/ld+json\" class=\"yoast-schema-graph\">{\"@context\":\"https:\/\/schema.org\",\"@graph\":[{\"@type\":\"WebPage\",\"@id\":\"https:\/\/brilune.eu\/lv\/product\/rotangpalmas-supulkresls\/\",\"url\":\"https:\/\/brilune.eu\/lv\/product\/rotangpalmas-supulkresls\/\",\"name\":\"Rotangpalmas \u0161\u016bpu\u013ckr\u0113sls\",\"isPartOf\":{\"@id\":\"https:\/\/brilune.eu\/lv\/#website\"},\"primaryImageOfPage\":{\"@id\":\"https:\/\/brilune.eu\/lv\/product\/rotangpalmas-supulkresls\/#primaryimage\"},\"image\":{\"@id\":\"https:\/\/brilune.eu\/lv\/product\/rotangpalmas-supulkresls\/#primaryimage\"},\"thumbnailUrl\":\"https:\/\/brilune.eu\/wp-content\/uploads\/2025\/01\/11488864.jpg\",\"datePublished\":\"2025-02-19T10:57:45+00:00\",\"dateModified\":\"2025-02-19T11:28:43+00:00\",\"description\":\"Atzveltnes kr\u0113sls m\u016bsdien\u012bg\u0101 stil\u0101 ar izsmalcin\u0101tu materi\u0101lu kombin\u0101ciju, ide\u0101li piem\u0113rots lieto\u0161anai m\u0101j\u0101s. Izgatavots no rotangpalmas ar balt\u0101m met\u0101la k\u0101j\u0101m, kas pie\u0161\u0137ir tai svaigu un stil\u012bgu...\",\"breadcrumb\":{\"@id\":\"https:\/\/brilune.eu\/lv\/product\/rotangpalmas-supulkresls\/#breadcrumb\"},\"inLanguage\":\"lv-LV\",\"potentialAction\":[{\"@type\":\"ReadAction\",\"target\":[\"https:\/\/brilune.eu\/lv\/product\/rotangpalmas-supulkresls\/\"]}]},{\"@type\":\"ImageObject\",\"inLanguage\":\"lv-LV\",\"@id\":\"https:\/\/brilune.eu\/lv\/product\/rotangpalmas-supulkresls\/#primaryimage\",\"url\":\"https:\/\/brilune.eu\/wp-content\/uploads\/2025\/01\/11488864.jpg\",\"contentUrl\":\"https:\/\/brilune.eu\/wp-content\/uploads\/2025\/01\/11488864.jpg\",\"width\":800,\"height\":800},{\"@type\":\"BreadcrumbList\",\"@id\":\"https:\/\/brilune.eu\/lv\/product\/rotangpalmas-supulkresls\/#breadcrumb\",\"itemListElement\":[{\"@type\":\"ListItem\",\"position\":1,\"name\":\"S\u0101kums\",\"item\":\"https:\/\/brilune.eu\/lv\/brilune-mebeles\/\"},{\"@type\":\"ListItem\",\"position\":2,\"name\":\"Visi produkti\",\"item\":\"https:\/\/brilune.eu\/lv\/shop\/\"},{\"@type\":\"ListItem\",\"position\":3,\"name\":\"Rotangpalmas \u0161\u016bpu\u013ckr\u0113sls\"}]},{\"@type\":\"WebSite\",\"@id\":\"https:\/\/brilune.eu\/lv\/#website\",\"url\":\"https:\/\/brilune.eu\/lv\/\",\"name\":\"Brilune\",\"description\":\"M\u0113s pied\u0101v\u0101jam unik\u0101lus un nebiju\u0161us dizainus, kas apvieno eleganci, funkcionalit\u0101ti un rado\u0161umu.\",\"potentialAction\":[{\"@type\":\"SearchAction\",\"target\":{\"@type\":\"EntryPoint\",\"urlTemplate\":\"https:\/\/brilune.eu\/lv\/?s={search_term_string}\"},\"query-input\":{\"@type\":\"PropertyValueSpecification\",\"valueRequired\":true,\"valueName\":\"search_term_string\"}}],\"inLanguage\":\"lv-LV\"}]}<\/script>\n<!-- \/ Yoast SEO plugin. -->","yoast_head_json":{"title":"Rotangpalmas \u0161\u016bpu\u013ckr\u0113sls","description":"Atzveltnes kr\u0113sls m\u016bsdien\u012bg\u0101 stil\u0101 ar izsmalcin\u0101tu materi\u0101lu kombin\u0101ciju, ide\u0101li piem\u0113rots lieto\u0161anai m\u0101j\u0101s. Izgatavots no rotangpalmas ar balt\u0101m met\u0101la k\u0101j\u0101m, kas pie\u0161\u0137ir tai svaigu un stil\u012bgu...","robots":{"index":"index","follow":"follow","max-snippet":"max-snippet:-1","max-image-preview":"max-image-preview:large","max-video-preview":"max-video-preview:-1"},"canonical":"https:\/\/brilune.eu\/lv\/product\/rotangpalmas-supulkresls\/","og_locale":"lv_LV","og_type":"article","og_title":"Rotangpalmas \u0161\u016bpu\u013ckr\u0113sls","og_description":"Atzveltnes kr\u0113sls m\u016bsdien\u012bg\u0101 stil\u0101 ar izsmalcin\u0101tu materi\u0101lu kombin\u0101ciju, ide\u0101li piem\u0113rots lieto\u0161anai m\u0101j\u0101s. Izgatavots no rotangpalmas ar balt\u0101m met\u0101la k\u0101j\u0101m, kas pie\u0161\u0137ir tai svaigu un stil\u012bgu...","og_url":"https:\/\/brilune.eu\/lv\/product\/rotangpalmas-supulkresls\/","og_site_name":"Brilune","article_modified_time":"2025-02-19T11:28:43+00:00","og_image":[{"width":800,"height":800,"url":"https:\/\/brilune.eu\/wp-content\/uploads\/2025\/01\/11488864.jpg","type":"image\/jpeg"}],"twitter_card":"summary_large_image","schema":{"@context":"https:\/\/schema.org","@graph":[{"@type":"WebPage","@id":"https:\/\/brilune.eu\/lv\/product\/rotangpalmas-supulkresls\/","url":"https:\/\/brilune.eu\/lv\/product\/rotangpalmas-supulkresls\/","name":"Rotangpalmas \u0161\u016bpu\u013ckr\u0113sls","isPartOf":{"@id":"https:\/\/brilune.eu\/lv\/#website"},"primaryImageOfPage":{"@id":"https:\/\/brilune.eu\/lv\/product\/rotangpalmas-supulkresls\/#primaryimage"},"image":{"@id":"https:\/\/brilune.eu\/lv\/product\/rotangpalmas-supulkresls\/#primaryimage"},"thumbnailUrl":"https:\/\/brilune.eu\/wp-content\/uploads\/2025\/01\/11488864.jpg","datePublished":"2025-02-19T10:57:45+00:00","dateModified":"2025-02-19T11:28:43+00:00","description":"Atzveltnes kr\u0113sls m\u016bsdien\u012bg\u0101 stil\u0101 ar izsmalcin\u0101tu materi\u0101lu kombin\u0101ciju, ide\u0101li piem\u0113rots lieto\u0161anai m\u0101j\u0101s. Izgatavots no rotangpalmas ar balt\u0101m met\u0101la k\u0101j\u0101m, kas pie\u0161\u0137ir tai svaigu un stil\u012bgu...","breadcrumb":{"@id":"https:\/\/brilune.eu\/lv\/product\/rotangpalmas-supulkresls\/#breadcrumb"},"inLanguage":"lv-LV","potentialAction":[{"@type":"ReadAction","target":["https:\/\/brilune.eu\/lv\/product\/rotangpalmas-supulkresls\/"]}]},{"@type":"ImageObject","inLanguage":"lv-LV","@id":"https:\/\/brilune.eu\/lv\/product\/rotangpalmas-supulkresls\/#primaryimage","url":"https:\/\/brilune.eu\/wp-content\/uploads\/2025\/01\/11488864.jpg","contentUrl":"https:\/\/brilune.eu\/wp-content\/uploads\/2025\/01\/11488864.jpg","width":800,"height":800},{"@type":"BreadcrumbList","@id":"https:\/\/brilune.eu\/lv\/product\/rotangpalmas-supulkresls\/#breadcrumb","itemListElement":[{"@type":"ListItem","position":1,"name":"S\u0101kums","item":"https:\/\/brilune.eu\/lv\/brilune-mebeles\/"},{"@type":"ListItem","position":2,"name":"Visi produkti","item":"https:\/\/brilune.eu\/lv\/shop\/"},{"@type":"ListItem","position":3,"name":"Rotangpalmas \u0161\u016bpu\u013ckr\u0113sls"}]},{"@type":"WebSite","@id":"https:\/\/brilune.eu\/lv\/#website","url":"https:\/\/brilune.eu\/lv\/","name":"Brilune","description":"M\u0113s pied\u0101v\u0101jam unik\u0101lus un nebiju\u0161us dizainus, kas apvieno eleganci, funkcionalit\u0101ti un rado\u0161umu.","potentialAction":[{"@type":"SearchAction","target":{"@type":"EntryPoint","urlTemplate":"https:\/\/brilune.eu\/lv\/?s={search_term_string}"},"query-input":{"@type":"PropertyValueSpecification","valueRequired":true,"valueName":"search_term_string"}}],"inLanguage":"lv-LV"}]}},"jetpack_sharing_enabled":true,"_links":{"self":[{"href":"https:\/\/brilune.eu\/lv\/wp-json\/wp\/v2\/product\/38473","targetHints":{"allow":["GET"]}}],"collection":[{"href":"https:\/\/brilune.eu\/lv\/wp-json\/wp\/v2\/product"}],"about":[{"href":"https:\/\/brilune.eu\/lv\/wp-json\/wp\/v2\/types\/product"}],"replies":[{"embeddable":true,"href":"https:\/\/brilune.eu\/lv\/wp-json\/wp\/v2\/comments?post=38473"}],"version-history":[{"count":1,"href":"https:\/\/brilune.eu\/lv\/wp-json\/wp\/v2\/product\/38473\/revisions"}],"predecessor-version":[{"id":38526,"href":"https:\/\/brilune.eu\/lv\/wp-json\/wp\/v2\/product\/38473\/revisions\/38526"}],"wp:featuredmedia":[{"embeddable":true,"href":"https:\/\/brilune.eu\/lv\/wp-json\/wp\/v2\/media\/9977"}],"wp:attachment":[{"href":"https:\/\/brilune.eu\/lv\/wp-json\/wp\/v2\/media?parent=38473"}],"wp:term":[{"taxonomy":"product_brand","embeddable":true,"href":"https:\/\/brilune.eu\/lv\/wp-json\/wp\/v2\/product_brand?post=38473"},{"taxonomy":"product_cat","embeddable":true,"href":"https:\/\/brilune.eu\/lv\/wp-json\/wp\/v2\/product_cat?post=38473"},{"taxonomy":"product_tag","embeddable":true,"href":"https:\/\/brilune.eu\/lv\/wp-json\/wp\/v2\/product_tag?post=38473"}],"curies":[{"name":"wp","href":"https:\/\/api.w.org\/{rel}","templated":true}]}}