{"id":38470,"date":"2025-02-19T12:57:44","date_gmt":"2025-02-19T10:57:44","guid":{"rendered":"https:\/\/brilune.eu\/?post_type=product&#038;p=38470"},"modified":"2025-02-19T13:28:40","modified_gmt":"2025-02-19T11:28:40","slug":"adas-supulkresls-4","status":"publish","type":"product","link":"https:\/\/brilune.eu\/lv\/product\/adas-supulkresls-4\/","title":{"rendered":"\u0100das \u0161\u016bpu\u013ckr\u0113sls"},"content":{"rendered":"<p>M\u016bsdien\u012bga dizaina kr\u0113sls ir lieliski piem\u0113rots lieto\u0161anai iek\u0161telp\u0101s, pateicoties t\u0101 m\u012bkstajam polster\u0113jumam un iztur\u012bgajai koka konstrukcijai. Izgatavots no koka un apvilkts ar iztur\u012bgu \u0101du, kas ir traipu un \u016bdens notur\u012bga. Atzveltne ir veidota vertik\u0101lu stie\u0146u veid\u0101, kas pie\u0161\u0137ir kr\u0113slam vieglu un elegantu izskatu. Modelim nav roku balstu, kas papildina vienk\u0101r\u0161\u012bbu un p\u0101rvieto\u0161an\u0101s br\u012bv\u012bbu. Kr\u0113sls var iztur\u0113t svaru l\u012bdz 180 kg un ir kompakts risin\u0101jums neliel\u0101m telp\u0101m. Izm\u0113ri: 82\u00d799\u00d778 cm. Materi\u0101li: osis, koks, kokvilna, \u0101da.<\/p>\n","protected":false},"excerpt":{"rendered":"<p>M\u016bsdien\u012bga dizaina kr\u0113sls ir lieliski piem\u0113rots lieto\u0161anai iek\u0161telp\u0101s, pateicoties t\u0101 m\u012bkstajam polster\u0113jumam un iztur\u012bgajai koka konstrukcijai. Izgatavots no koka un apvilkts ar iztur\u012bgu \u0101du&#8230;<\/p>\n","protected":false},"featured_media":9955,"comment_status":"open","ping_status":"closed","template":"","meta":[],"product_brand":[],"product_cat":[1709,5625],"product_tag":[],"class_list":{"0":"post-38470","1":"product","2":"type-product","3":"status-publish","4":"has-post-thumbnail","6":"product_cat-supulkresli-kresli-2","7":"product_cat-supulkresli-kresli-5","9":"first","10":"instock","11":"shipping-taxable","12":"purchasable","13":"product-type-simple"},"yoast_head":"<!-- This site is optimized with the Yoast SEO plugin v26.0 - https:\/\/yoast.com\/wordpress\/plugins\/seo\/ -->\n<title>\u0100das \u0161\u016bpu\u013ckr\u0113sls<\/title>\n<meta name=\"description\" content=\"M\u016bsdien\u012bga dizaina kr\u0113sls ir lieliski piem\u0113rots lieto\u0161anai iek\u0161telp\u0101s, pateicoties t\u0101 m\u012bkstajam polster\u0113jumam un iztur\u012bgajai koka konstrukcijai. Izgatavots no koka un apvilkts ar iztur\u012bgu \u0101du...\" \/>\n<meta name=\"robots\" content=\"index, follow, max-snippet:-1, max-image-preview:large, max-video-preview:-1\" \/>\n<link rel=\"canonical\" href=\"https:\/\/brilune.eu\/lv\/product\/adas-supulkresls-4\/\" \/>\n<meta property=\"og:locale\" content=\"lv_LV\" \/>\n<meta property=\"og:type\" content=\"article\" \/>\n<meta property=\"og:title\" content=\"\u0100das \u0161\u016bpu\u013ckr\u0113sls\" \/>\n<meta property=\"og:description\" content=\"M\u016bsdien\u012bga dizaina kr\u0113sls ir lieliski piem\u0113rots lieto\u0161anai iek\u0161telp\u0101s, pateicoties t\u0101 m\u012bkstajam polster\u0113jumam un iztur\u012bgajai koka konstrukcijai. Izgatavots no koka un apvilkts ar iztur\u012bgu \u0101du...\" \/>\n<meta property=\"og:url\" content=\"https:\/\/brilune.eu\/lv\/product\/adas-supulkresls-4\/\" \/>\n<meta property=\"og:site_name\" content=\"Brilune\" \/>\n<meta property=\"article:modified_time\" content=\"2025-02-19T11:28:40+00:00\" \/>\n<meta property=\"og:image\" content=\"https:\/\/brilune.eu\/wp-content\/uploads\/2025\/01\/11579292.jpg\" \/>\n\t<meta property=\"og:image:width\" content=\"800\" \/>\n\t<meta property=\"og:image:height\" content=\"800\" \/>\n\t<meta property=\"og:image:type\" content=\"image\/jpeg\" \/>\n<meta name=\"twitter:card\" content=\"summary_large_image\" \/>\n<meta name=\"twitter:label1\" content=\"Est. reading time\" \/>\n\t<meta name=\"twitter:data1\" content=\"1 minute\" \/>\n<script type=\"application\/ld+json\" class=\"yoast-schema-graph\">{\"@context\":\"https:\/\/schema.org\",\"@graph\":[{\"@type\":\"WebPage\",\"@id\":\"https:\/\/brilune.eu\/lv\/product\/adas-supulkresls-4\/\",\"url\":\"https:\/\/brilune.eu\/lv\/product\/adas-supulkresls-4\/\",\"name\":\"\u0100das \u0161\u016bpu\u013ckr\u0113sls\",\"isPartOf\":{\"@id\":\"https:\/\/brilune.eu\/lv\/#website\"},\"primaryImageOfPage\":{\"@id\":\"https:\/\/brilune.eu\/lv\/product\/adas-supulkresls-4\/#primaryimage\"},\"image\":{\"@id\":\"https:\/\/brilune.eu\/lv\/product\/adas-supulkresls-4\/#primaryimage\"},\"thumbnailUrl\":\"https:\/\/brilune.eu\/wp-content\/uploads\/2025\/01\/11579292.jpg\",\"datePublished\":\"2025-02-19T10:57:44+00:00\",\"dateModified\":\"2025-02-19T11:28:40+00:00\",\"description\":\"M\u016bsdien\u012bga dizaina kr\u0113sls ir lieliski piem\u0113rots lieto\u0161anai iek\u0161telp\u0101s, pateicoties t\u0101 m\u012bkstajam polster\u0113jumam un iztur\u012bgajai koka konstrukcijai. Izgatavots no koka un apvilkts ar iztur\u012bgu \u0101du...\",\"breadcrumb\":{\"@id\":\"https:\/\/brilune.eu\/lv\/product\/adas-supulkresls-4\/#breadcrumb\"},\"inLanguage\":\"lv-LV\",\"potentialAction\":[{\"@type\":\"ReadAction\",\"target\":[\"https:\/\/brilune.eu\/lv\/product\/adas-supulkresls-4\/\"]}]},{\"@type\":\"ImageObject\",\"inLanguage\":\"lv-LV\",\"@id\":\"https:\/\/brilune.eu\/lv\/product\/adas-supulkresls-4\/#primaryimage\",\"url\":\"https:\/\/brilune.eu\/wp-content\/uploads\/2025\/01\/11579292.jpg\",\"contentUrl\":\"https:\/\/brilune.eu\/wp-content\/uploads\/2025\/01\/11579292.jpg\",\"width\":800,\"height\":800},{\"@type\":\"BreadcrumbList\",\"@id\":\"https:\/\/brilune.eu\/lv\/product\/adas-supulkresls-4\/#breadcrumb\",\"itemListElement\":[{\"@type\":\"ListItem\",\"position\":1,\"name\":\"S\u0101kums\",\"item\":\"https:\/\/brilune.eu\/lv\/brilune-mebeles\/\"},{\"@type\":\"ListItem\",\"position\":2,\"name\":\"Visi produkti\",\"item\":\"https:\/\/brilune.eu\/lv\/shop\/\"},{\"@type\":\"ListItem\",\"position\":3,\"name\":\"\u0100das \u0161\u016bpu\u013ckr\u0113sls\"}]},{\"@type\":\"WebSite\",\"@id\":\"https:\/\/brilune.eu\/lv\/#website\",\"url\":\"https:\/\/brilune.eu\/lv\/\",\"name\":\"Brilune\",\"description\":\"M\u0113s pied\u0101v\u0101jam unik\u0101lus un nebiju\u0161us dizainus, kas apvieno eleganci, funkcionalit\u0101ti un rado\u0161umu.\",\"potentialAction\":[{\"@type\":\"SearchAction\",\"target\":{\"@type\":\"EntryPoint\",\"urlTemplate\":\"https:\/\/brilune.eu\/lv\/?s={search_term_string}\"},\"query-input\":{\"@type\":\"PropertyValueSpecification\",\"valueRequired\":true,\"valueName\":\"search_term_string\"}}],\"inLanguage\":\"lv-LV\"}]}<\/script>\n<!-- \/ Yoast SEO plugin. -->","yoast_head_json":{"title":"\u0100das \u0161\u016bpu\u013ckr\u0113sls","description":"M\u016bsdien\u012bga dizaina kr\u0113sls ir lieliski piem\u0113rots lieto\u0161anai iek\u0161telp\u0101s, pateicoties t\u0101 m\u012bkstajam polster\u0113jumam un iztur\u012bgajai koka konstrukcijai. Izgatavots no koka un apvilkts ar iztur\u012bgu \u0101du...","robots":{"index":"index","follow":"follow","max-snippet":"max-snippet:-1","max-image-preview":"max-image-preview:large","max-video-preview":"max-video-preview:-1"},"canonical":"https:\/\/brilune.eu\/lv\/product\/adas-supulkresls-4\/","og_locale":"lv_LV","og_type":"article","og_title":"\u0100das \u0161\u016bpu\u013ckr\u0113sls","og_description":"M\u016bsdien\u012bga dizaina kr\u0113sls ir lieliski piem\u0113rots lieto\u0161anai iek\u0161telp\u0101s, pateicoties t\u0101 m\u012bkstajam polster\u0113jumam un iztur\u012bgajai koka konstrukcijai. Izgatavots no koka un apvilkts ar iztur\u012bgu \u0101du...","og_url":"https:\/\/brilune.eu\/lv\/product\/adas-supulkresls-4\/","og_site_name":"Brilune","article_modified_time":"2025-02-19T11:28:40+00:00","og_image":[{"width":800,"height":800,"url":"https:\/\/brilune.eu\/wp-content\/uploads\/2025\/01\/11579292.jpg","type":"image\/jpeg"}],"twitter_card":"summary_large_image","twitter_misc":{"Est. reading time":"1 minute"},"schema":{"@context":"https:\/\/schema.org","@graph":[{"@type":"WebPage","@id":"https:\/\/brilune.eu\/lv\/product\/adas-supulkresls-4\/","url":"https:\/\/brilune.eu\/lv\/product\/adas-supulkresls-4\/","name":"\u0100das \u0161\u016bpu\u013ckr\u0113sls","isPartOf":{"@id":"https:\/\/brilune.eu\/lv\/#website"},"primaryImageOfPage":{"@id":"https:\/\/brilune.eu\/lv\/product\/adas-supulkresls-4\/#primaryimage"},"image":{"@id":"https:\/\/brilune.eu\/lv\/product\/adas-supulkresls-4\/#primaryimage"},"thumbnailUrl":"https:\/\/brilune.eu\/wp-content\/uploads\/2025\/01\/11579292.jpg","datePublished":"2025-02-19T10:57:44+00:00","dateModified":"2025-02-19T11:28:40+00:00","description":"M\u016bsdien\u012bga dizaina kr\u0113sls ir lieliski piem\u0113rots lieto\u0161anai iek\u0161telp\u0101s, pateicoties t\u0101 m\u012bkstajam polster\u0113jumam un iztur\u012bgajai koka konstrukcijai. Izgatavots no koka un apvilkts ar iztur\u012bgu \u0101du...","breadcrumb":{"@id":"https:\/\/brilune.eu\/lv\/product\/adas-supulkresls-4\/#breadcrumb"},"inLanguage":"lv-LV","potentialAction":[{"@type":"ReadAction","target":["https:\/\/brilune.eu\/lv\/product\/adas-supulkresls-4\/"]}]},{"@type":"ImageObject","inLanguage":"lv-LV","@id":"https:\/\/brilune.eu\/lv\/product\/adas-supulkresls-4\/#primaryimage","url":"https:\/\/brilune.eu\/wp-content\/uploads\/2025\/01\/11579292.jpg","contentUrl":"https:\/\/brilune.eu\/wp-content\/uploads\/2025\/01\/11579292.jpg","width":800,"height":800},{"@type":"BreadcrumbList","@id":"https:\/\/brilune.eu\/lv\/product\/adas-supulkresls-4\/#breadcrumb","itemListElement":[{"@type":"ListItem","position":1,"name":"S\u0101kums","item":"https:\/\/brilune.eu\/lv\/brilune-mebeles\/"},{"@type":"ListItem","position":2,"name":"Visi produkti","item":"https:\/\/brilune.eu\/lv\/shop\/"},{"@type":"ListItem","position":3,"name":"\u0100das \u0161\u016bpu\u013ckr\u0113sls"}]},{"@type":"WebSite","@id":"https:\/\/brilune.eu\/lv\/#website","url":"https:\/\/brilune.eu\/lv\/","name":"Brilune","description":"M\u0113s pied\u0101v\u0101jam unik\u0101lus un nebiju\u0161us dizainus, kas apvieno eleganci, funkcionalit\u0101ti un rado\u0161umu.","potentialAction":[{"@type":"SearchAction","target":{"@type":"EntryPoint","urlTemplate":"https:\/\/brilune.eu\/lv\/?s={search_term_string}"},"query-input":{"@type":"PropertyValueSpecification","valueRequired":true,"valueName":"search_term_string"}}],"inLanguage":"lv-LV"}]}},"jetpack_sharing_enabled":true,"_links":{"self":[{"href":"https:\/\/brilune.eu\/lv\/wp-json\/wp\/v2\/product\/38470","targetHints":{"allow":["GET"]}}],"collection":[{"href":"https:\/\/brilune.eu\/lv\/wp-json\/wp\/v2\/product"}],"about":[{"href":"https:\/\/brilune.eu\/lv\/wp-json\/wp\/v2\/types\/product"}],"replies":[{"embeddable":true,"href":"https:\/\/brilune.eu\/lv\/wp-json\/wp\/v2\/comments?post=38470"}],"version-history":[{"count":1,"href":"https:\/\/brilune.eu\/lv\/wp-json\/wp\/v2\/product\/38470\/revisions"}],"predecessor-version":[{"id":38523,"href":"https:\/\/brilune.eu\/lv\/wp-json\/wp\/v2\/product\/38470\/revisions\/38523"}],"wp:featuredmedia":[{"embeddable":true,"href":"https:\/\/brilune.eu\/lv\/wp-json\/wp\/v2\/media\/9955"}],"wp:attachment":[{"href":"https:\/\/brilune.eu\/lv\/wp-json\/wp\/v2\/media?parent=38470"}],"wp:term":[{"taxonomy":"product_brand","embeddable":true,"href":"https:\/\/brilune.eu\/lv\/wp-json\/wp\/v2\/product_brand?post=38470"},{"taxonomy":"product_cat","embeddable":true,"href":"https:\/\/brilune.eu\/lv\/wp-json\/wp\/v2\/product_cat?post=38470"},{"taxonomy":"product_tag","embeddable":true,"href":"https:\/\/brilune.eu\/lv\/wp-json\/wp\/v2\/product_tag?post=38470"}],"curies":[{"name":"wp","href":"https:\/\/api.w.org\/{rel}","templated":true}]}}