{"id":38260,"date":"2025-02-19T12:36:03","date_gmt":"2025-02-19T10:36:03","guid":{"rendered":"https:\/\/brilune.eu\/?post_type=product&#038;p=38260"},"modified":"2025-02-19T12:45:03","modified_gmt":"2025-02-19T10:45:03","slug":"gulta-ar-uzglabasanas-atvilktnem-2","status":"publish","type":"product","link":"https:\/\/brilune.eu\/lv\/product\/gulta-ar-uzglabasanas-atvilktnem-2\/","title":{"rendered":"Gulta ar uzglab\u0101\u0161anas atvilktn\u0113m"},"content":{"rendered":"<p>M\u016bsdien\u012bga gulta ar pla\u0161\u0101m atvilktn\u0113m k\u013c\u016bs par pievilc\u012bbas centru jebkur\u0101 gu\u013camistab\u0101. T\u0101 minim\u0101listiskais dizains un m\u012bkst\u0101 aizmugure rada m\u0101j\u012bgu atmosf\u0113ru, un pla\u0161\u0101s atvilktnes pal\u012bdz sak\u0101rtot glab\u0101\u0161anu. \u0160\u012b gulta izcels interjera moderno stilu.<br \/>\nIzm\u0113rs: 180\u00d7200\u00d7115 cm.<br \/>\nMateri\u0101ls: koks.<\/p>\n","protected":false},"excerpt":{"rendered":"<p>M\u016bsdien\u012bga gulta ar pla\u0161\u0101m atvilktn\u0113m k\u013c\u016bs par pievilc\u012bbas centru jebkur\u0101 gu\u013camistab\u0101. T\u0101 minim\u0101listiskais dizains un m\u012bkst\u0101 aizmugure rada m\u0101j\u012bgu atmosf\u0113ru un pla\u0161u&#8230;<\/p>\n","protected":false},"featured_media":9369,"comment_status":"open","ping_status":"closed","template":"","meta":[],"product_brand":[],"product_cat":[1670,5481],"product_tag":[],"class_list":{"0":"post-38260","1":"product","2":"type-product","3":"status-publish","4":"has-post-thumbnail","6":"product_cat-gultas","7":"product_cat-gultas-9","9":"first","10":"instock","11":"shipping-taxable","12":"purchasable","13":"product-type-simple"},"yoast_head":"<!-- This site is optimized with the Yoast SEO plugin v26.0 - https:\/\/yoast.com\/wordpress\/plugins\/seo\/ -->\n<title>Gulta ar uzglab\u0101\u0161anas atvilktn\u0113m<\/title>\n<meta name=\"description\" content=\"M\u016bsdien\u012bga gulta ar pla\u0161\u0101m atvilktn\u0113m k\u013c\u016bs par pievilc\u012bbas centru jebkur\u0101 gu\u013camistab\u0101. T\u0101 minim\u0101listiskais dizains un m\u012bkst\u0101 aizmugure rada m\u0101j\u012bgu atmosf\u0113ru un pla\u0161u...\" \/>\n<meta name=\"robots\" content=\"index, follow, max-snippet:-1, max-image-preview:large, max-video-preview:-1\" \/>\n<link rel=\"canonical\" href=\"https:\/\/brilune.eu\/lv\/product\/gulta-ar-uzglabasanas-atvilktnem-2\/\" \/>\n<meta property=\"og:locale\" content=\"lv_LV\" \/>\n<meta property=\"og:type\" content=\"article\" \/>\n<meta property=\"og:title\" content=\"Gulta ar uzglab\u0101\u0161anas atvilktn\u0113m\" \/>\n<meta property=\"og:description\" content=\"M\u016bsdien\u012bga gulta ar pla\u0161\u0101m atvilktn\u0113m k\u013c\u016bs par pievilc\u012bbas centru jebkur\u0101 gu\u013camistab\u0101. T\u0101 minim\u0101listiskais dizains un m\u012bkst\u0101 aizmugure rada m\u0101j\u012bgu atmosf\u0113ru un pla\u0161u...\" \/>\n<meta property=\"og:url\" content=\"https:\/\/brilune.eu\/lv\/product\/gulta-ar-uzglabasanas-atvilktnem-2\/\" \/>\n<meta property=\"og:site_name\" content=\"Brilune\" \/>\n<meta property=\"article:modified_time\" content=\"2025-02-19T10:45:03+00:00\" \/>\n<meta property=\"og:image\" content=\"https:\/\/brilune.eu\/wp-content\/uploads\/2025\/01\/14451576.png\" \/>\n\t<meta property=\"og:image:width\" content=\"800\" \/>\n\t<meta property=\"og:image:height\" content=\"800\" \/>\n\t<meta property=\"og:image:type\" content=\"image\/png\" \/>\n<meta name=\"twitter:card\" content=\"summary_large_image\" \/>\n<script type=\"application\/ld+json\" class=\"yoast-schema-graph\">{\"@context\":\"https:\/\/schema.org\",\"@graph\":[{\"@type\":\"WebPage\",\"@id\":\"https:\/\/brilune.eu\/lv\/product\/gulta-ar-uzglabasanas-atvilktnem-2\/\",\"url\":\"https:\/\/brilune.eu\/lv\/product\/gulta-ar-uzglabasanas-atvilktnem-2\/\",\"name\":\"Gulta ar uzglab\u0101\u0161anas atvilktn\u0113m\",\"isPartOf\":{\"@id\":\"https:\/\/brilune.eu\/lv\/#website\"},\"primaryImageOfPage\":{\"@id\":\"https:\/\/brilune.eu\/lv\/product\/gulta-ar-uzglabasanas-atvilktnem-2\/#primaryimage\"},\"image\":{\"@id\":\"https:\/\/brilune.eu\/lv\/product\/gulta-ar-uzglabasanas-atvilktnem-2\/#primaryimage\"},\"thumbnailUrl\":\"https:\/\/brilune.eu\/wp-content\/uploads\/2025\/01\/14451576.png\",\"datePublished\":\"2025-02-19T10:36:03+00:00\",\"dateModified\":\"2025-02-19T10:45:03+00:00\",\"description\":\"M\u016bsdien\u012bga gulta ar pla\u0161\u0101m atvilktn\u0113m k\u013c\u016bs par pievilc\u012bbas centru jebkur\u0101 gu\u013camistab\u0101. T\u0101 minim\u0101listiskais dizains un m\u012bkst\u0101 aizmugure rada m\u0101j\u012bgu atmosf\u0113ru un pla\u0161u...\",\"breadcrumb\":{\"@id\":\"https:\/\/brilune.eu\/lv\/product\/gulta-ar-uzglabasanas-atvilktnem-2\/#breadcrumb\"},\"inLanguage\":\"lv-LV\",\"potentialAction\":[{\"@type\":\"ReadAction\",\"target\":[\"https:\/\/brilune.eu\/lv\/product\/gulta-ar-uzglabasanas-atvilktnem-2\/\"]}]},{\"@type\":\"ImageObject\",\"inLanguage\":\"lv-LV\",\"@id\":\"https:\/\/brilune.eu\/lv\/product\/gulta-ar-uzglabasanas-atvilktnem-2\/#primaryimage\",\"url\":\"https:\/\/brilune.eu\/wp-content\/uploads\/2025\/01\/14451576.png\",\"contentUrl\":\"https:\/\/brilune.eu\/wp-content\/uploads\/2025\/01\/14451576.png\",\"width\":800,\"height\":800},{\"@type\":\"BreadcrumbList\",\"@id\":\"https:\/\/brilune.eu\/lv\/product\/gulta-ar-uzglabasanas-atvilktnem-2\/#breadcrumb\",\"itemListElement\":[{\"@type\":\"ListItem\",\"position\":1,\"name\":\"S\u0101kums\",\"item\":\"https:\/\/brilune.eu\/lv\/brilune-mebeles\/\"},{\"@type\":\"ListItem\",\"position\":2,\"name\":\"Visi produkti\",\"item\":\"https:\/\/brilune.eu\/lv\/shop\/\"},{\"@type\":\"ListItem\",\"position\":3,\"name\":\"Gulta ar uzglab\u0101\u0161anas atvilktn\u0113m\"}]},{\"@type\":\"WebSite\",\"@id\":\"https:\/\/brilune.eu\/lv\/#website\",\"url\":\"https:\/\/brilune.eu\/lv\/\",\"name\":\"Brilune\",\"description\":\"M\u0113s pied\u0101v\u0101jam unik\u0101lus un nebiju\u0161us dizainus, kas apvieno eleganci, funkcionalit\u0101ti un rado\u0161umu.\",\"potentialAction\":[{\"@type\":\"SearchAction\",\"target\":{\"@type\":\"EntryPoint\",\"urlTemplate\":\"https:\/\/brilune.eu\/lv\/?s={search_term_string}\"},\"query-input\":{\"@type\":\"PropertyValueSpecification\",\"valueRequired\":true,\"valueName\":\"search_term_string\"}}],\"inLanguage\":\"lv-LV\"}]}<\/script>\n<!-- \/ Yoast SEO plugin. -->","yoast_head_json":{"title":"Gulta ar uzglab\u0101\u0161anas atvilktn\u0113m","description":"M\u016bsdien\u012bga gulta ar pla\u0161\u0101m atvilktn\u0113m k\u013c\u016bs par pievilc\u012bbas centru jebkur\u0101 gu\u013camistab\u0101. T\u0101 minim\u0101listiskais dizains un m\u012bkst\u0101 aizmugure rada m\u0101j\u012bgu atmosf\u0113ru un pla\u0161u...","robots":{"index":"index","follow":"follow","max-snippet":"max-snippet:-1","max-image-preview":"max-image-preview:large","max-video-preview":"max-video-preview:-1"},"canonical":"https:\/\/brilune.eu\/lv\/product\/gulta-ar-uzglabasanas-atvilktnem-2\/","og_locale":"lv_LV","og_type":"article","og_title":"Gulta ar uzglab\u0101\u0161anas atvilktn\u0113m","og_description":"M\u016bsdien\u012bga gulta ar pla\u0161\u0101m atvilktn\u0113m k\u013c\u016bs par pievilc\u012bbas centru jebkur\u0101 gu\u013camistab\u0101. T\u0101 minim\u0101listiskais dizains un m\u012bkst\u0101 aizmugure rada m\u0101j\u012bgu atmosf\u0113ru un pla\u0161u...","og_url":"https:\/\/brilune.eu\/lv\/product\/gulta-ar-uzglabasanas-atvilktnem-2\/","og_site_name":"Brilune","article_modified_time":"2025-02-19T10:45:03+00:00","og_image":[{"width":800,"height":800,"url":"https:\/\/brilune.eu\/wp-content\/uploads\/2025\/01\/14451576.png","type":"image\/png"}],"twitter_card":"summary_large_image","schema":{"@context":"https:\/\/schema.org","@graph":[{"@type":"WebPage","@id":"https:\/\/brilune.eu\/lv\/product\/gulta-ar-uzglabasanas-atvilktnem-2\/","url":"https:\/\/brilune.eu\/lv\/product\/gulta-ar-uzglabasanas-atvilktnem-2\/","name":"Gulta ar uzglab\u0101\u0161anas atvilktn\u0113m","isPartOf":{"@id":"https:\/\/brilune.eu\/lv\/#website"},"primaryImageOfPage":{"@id":"https:\/\/brilune.eu\/lv\/product\/gulta-ar-uzglabasanas-atvilktnem-2\/#primaryimage"},"image":{"@id":"https:\/\/brilune.eu\/lv\/product\/gulta-ar-uzglabasanas-atvilktnem-2\/#primaryimage"},"thumbnailUrl":"https:\/\/brilune.eu\/wp-content\/uploads\/2025\/01\/14451576.png","datePublished":"2025-02-19T10:36:03+00:00","dateModified":"2025-02-19T10:45:03+00:00","description":"M\u016bsdien\u012bga gulta ar pla\u0161\u0101m atvilktn\u0113m k\u013c\u016bs par pievilc\u012bbas centru jebkur\u0101 gu\u013camistab\u0101. T\u0101 minim\u0101listiskais dizains un m\u012bkst\u0101 aizmugure rada m\u0101j\u012bgu atmosf\u0113ru un pla\u0161u...","breadcrumb":{"@id":"https:\/\/brilune.eu\/lv\/product\/gulta-ar-uzglabasanas-atvilktnem-2\/#breadcrumb"},"inLanguage":"lv-LV","potentialAction":[{"@type":"ReadAction","target":["https:\/\/brilune.eu\/lv\/product\/gulta-ar-uzglabasanas-atvilktnem-2\/"]}]},{"@type":"ImageObject","inLanguage":"lv-LV","@id":"https:\/\/brilune.eu\/lv\/product\/gulta-ar-uzglabasanas-atvilktnem-2\/#primaryimage","url":"https:\/\/brilune.eu\/wp-content\/uploads\/2025\/01\/14451576.png","contentUrl":"https:\/\/brilune.eu\/wp-content\/uploads\/2025\/01\/14451576.png","width":800,"height":800},{"@type":"BreadcrumbList","@id":"https:\/\/brilune.eu\/lv\/product\/gulta-ar-uzglabasanas-atvilktnem-2\/#breadcrumb","itemListElement":[{"@type":"ListItem","position":1,"name":"S\u0101kums","item":"https:\/\/brilune.eu\/lv\/brilune-mebeles\/"},{"@type":"ListItem","position":2,"name":"Visi produkti","item":"https:\/\/brilune.eu\/lv\/shop\/"},{"@type":"ListItem","position":3,"name":"Gulta ar uzglab\u0101\u0161anas atvilktn\u0113m"}]},{"@type":"WebSite","@id":"https:\/\/brilune.eu\/lv\/#website","url":"https:\/\/brilune.eu\/lv\/","name":"Brilune","description":"M\u0113s pied\u0101v\u0101jam unik\u0101lus un nebiju\u0161us dizainus, kas apvieno eleganci, funkcionalit\u0101ti un rado\u0161umu.","potentialAction":[{"@type":"SearchAction","target":{"@type":"EntryPoint","urlTemplate":"https:\/\/brilune.eu\/lv\/?s={search_term_string}"},"query-input":{"@type":"PropertyValueSpecification","valueRequired":true,"valueName":"search_term_string"}}],"inLanguage":"lv-LV"}]}},"jetpack_sharing_enabled":true,"_links":{"self":[{"href":"https:\/\/brilune.eu\/lv\/wp-json\/wp\/v2\/product\/38260","targetHints":{"allow":["GET"]}}],"collection":[{"href":"https:\/\/brilune.eu\/lv\/wp-json\/wp\/v2\/product"}],"about":[{"href":"https:\/\/brilune.eu\/lv\/wp-json\/wp\/v2\/types\/product"}],"replies":[{"embeddable":true,"href":"https:\/\/brilune.eu\/lv\/wp-json\/wp\/v2\/comments?post=38260"}],"version-history":[{"count":1,"href":"https:\/\/brilune.eu\/lv\/wp-json\/wp\/v2\/product\/38260\/revisions"}],"predecessor-version":[{"id":38312,"href":"https:\/\/brilune.eu\/lv\/wp-json\/wp\/v2\/product\/38260\/revisions\/38312"}],"wp:featuredmedia":[{"embeddable":true,"href":"https:\/\/brilune.eu\/lv\/wp-json\/wp\/v2\/media\/9369"}],"wp:attachment":[{"href":"https:\/\/brilune.eu\/lv\/wp-json\/wp\/v2\/media?parent=38260"}],"wp:term":[{"taxonomy":"product_brand","embeddable":true,"href":"https:\/\/brilune.eu\/lv\/wp-json\/wp\/v2\/product_brand?post=38260"},{"taxonomy":"product_cat","embeddable":true,"href":"https:\/\/brilune.eu\/lv\/wp-json\/wp\/v2\/product_cat?post=38260"},{"taxonomy":"product_tag","embeddable":true,"href":"https:\/\/brilune.eu\/lv\/wp-json\/wp\/v2\/product_tag?post=38260"}],"curies":[{"name":"wp","href":"https:\/\/api.w.org\/{rel}","templated":true}]}}