{"id":38152,"date":"2025-02-19T12:34:20","date_gmt":"2025-02-19T10:34:20","guid":{"rendered":"https:\/\/brilune.eu\/?post_type=product&#038;p=38152"},"modified":"2025-02-19T12:44:24","modified_gmt":"2025-02-19T10:44:24","slug":"moderns-divvietigs-divans","status":"publish","type":"product","link":"https:\/\/brilune.eu\/lv\/product\/moderns-divvietigs-divans\/","title":{"rendered":"Moderns divviet\u012bgs d\u012bv\u0101ns"},"content":{"rendered":"<p>\u0160is stil\u012bgais skandin\u0101vu dizaina divviet\u012bgais d\u012bv\u0101ns lieliski ieder\u0113sies j\u016bsu viesistab\u0101, radot m\u0101j\u012bgu un m\u016bsdien\u012bgu atmosf\u0113ru. B\u0113\u0161s kokvilnas un lina polster\u0113jums lieliski savienojas ar gai\u0161aj\u0101m koka k\u0101j\u0101m, lai ieg\u016btu svaigu izskatu. D\u012bv\u0101ns ir apr\u012bkots ar diviem spilveniem mugurpus\u0113 un \u0113rtiem roku balstiem ar atloku dizainu, kas nodro\u0161ina \u0113rtu laika pavad\u012b\u0161anu. No\u0146emami spilveni un bez sl\u0113ptas uzglab\u0101\u0161anas padara to praktisku.<\/p>\n<p>Materi\u0101ls: kokvilna un lins, gai\u0161s koks.<br \/>\nIzm\u0113rs: 150\u00d782\u00d788 cm.<\/p>\n","protected":false},"excerpt":{"rendered":"<p>\u0160is stil\u012bgais skandin\u0101vu dizaina divviet\u012bgais d\u012bv\u0101ns lieliski ieder\u0113sies j\u016bsu viesistab\u0101, radot m\u0101j\u012bgu un m\u016bsdien\u012bgu atmosf\u0113ru. B\u0113\u0161\u0101 kokvilna un lins&#8230;<\/p>\n","protected":false},"featured_media":8955,"comment_status":"open","ping_status":"closed","template":"","meta":[],"product_brand":[],"product_cat":[1998,5598],"product_tag":[],"class_list":{"0":"post-38152","1":"product","2":"type-product","3":"status-publish","4":"has-post-thumbnail","6":"product_cat-divans-divani-2-2","7":"product_cat-divans-divani-7-5","9":"first","10":"instock","11":"shipping-taxable","12":"purchasable","13":"product-type-simple"},"yoast_head":"<!-- This site is optimized with the Yoast SEO plugin v26.0 - https:\/\/yoast.com\/wordpress\/plugins\/seo\/ -->\n<title>Moderns divviet\u012bgs d\u012bv\u0101ns<\/title>\n<meta name=\"description\" content=\"\u0160is stil\u012bgais skandin\u0101vu dizaina divviet\u012bgais d\u012bv\u0101ns lieliski ieder\u0113sies j\u016bsu viesistab\u0101, radot m\u0101j\u012bgu un m\u016bsdien\u012bgu atmosf\u0113ru. B\u0113\u0161\u0101 kokvilna un lins...\" \/>\n<meta name=\"robots\" content=\"index, follow, max-snippet:-1, max-image-preview:large, max-video-preview:-1\" \/>\n<link rel=\"canonical\" href=\"https:\/\/brilune.eu\/lv\/product\/moderns-divvietigs-divans\/\" \/>\n<meta property=\"og:locale\" content=\"lv_LV\" \/>\n<meta property=\"og:type\" content=\"article\" \/>\n<meta property=\"og:title\" content=\"Moderns divviet\u012bgs d\u012bv\u0101ns\" \/>\n<meta property=\"og:description\" content=\"\u0160is stil\u012bgais skandin\u0101vu dizaina divviet\u012bgais d\u012bv\u0101ns lieliski ieder\u0113sies j\u016bsu viesistab\u0101, radot m\u0101j\u012bgu un m\u016bsdien\u012bgu atmosf\u0113ru. B\u0113\u0161\u0101 kokvilna un lins...\" \/>\n<meta property=\"og:url\" content=\"https:\/\/brilune.eu\/lv\/product\/moderns-divvietigs-divans\/\" \/>\n<meta property=\"og:site_name\" content=\"Brilune\" \/>\n<meta property=\"article:modified_time\" content=\"2025-02-19T10:44:24+00:00\" \/>\n<meta property=\"og:image\" content=\"https:\/\/brilune.eu\/wp-content\/uploads\/2025\/01\/14426874.png\" \/>\n\t<meta property=\"og:image:width\" content=\"800\" \/>\n\t<meta property=\"og:image:height\" content=\"800\" \/>\n\t<meta property=\"og:image:type\" content=\"image\/png\" \/>\n<meta name=\"twitter:card\" content=\"summary_large_image\" \/>\n<script type=\"application\/ld+json\" class=\"yoast-schema-graph\">{\"@context\":\"https:\/\/schema.org\",\"@graph\":[{\"@type\":\"WebPage\",\"@id\":\"https:\/\/brilune.eu\/lv\/product\/moderns-divvietigs-divans\/\",\"url\":\"https:\/\/brilune.eu\/lv\/product\/moderns-divvietigs-divans\/\",\"name\":\"Moderns divviet\u012bgs d\u012bv\u0101ns\",\"isPartOf\":{\"@id\":\"https:\/\/brilune.eu\/lv\/#website\"},\"primaryImageOfPage\":{\"@id\":\"https:\/\/brilune.eu\/lv\/product\/moderns-divvietigs-divans\/#primaryimage\"},\"image\":{\"@id\":\"https:\/\/brilune.eu\/lv\/product\/moderns-divvietigs-divans\/#primaryimage\"},\"thumbnailUrl\":\"https:\/\/brilune.eu\/wp-content\/uploads\/2025\/01\/14426874.png\",\"datePublished\":\"2025-02-19T10:34:20+00:00\",\"dateModified\":\"2025-02-19T10:44:24+00:00\",\"description\":\"\u0160is stil\u012bgais skandin\u0101vu dizaina divviet\u012bgais d\u012bv\u0101ns lieliski ieder\u0113sies j\u016bsu viesistab\u0101, radot m\u0101j\u012bgu un m\u016bsdien\u012bgu atmosf\u0113ru. B\u0113\u0161\u0101 kokvilna un lins...\",\"breadcrumb\":{\"@id\":\"https:\/\/brilune.eu\/lv\/product\/moderns-divvietigs-divans\/#breadcrumb\"},\"inLanguage\":\"lv-LV\",\"potentialAction\":[{\"@type\":\"ReadAction\",\"target\":[\"https:\/\/brilune.eu\/lv\/product\/moderns-divvietigs-divans\/\"]}]},{\"@type\":\"ImageObject\",\"inLanguage\":\"lv-LV\",\"@id\":\"https:\/\/brilune.eu\/lv\/product\/moderns-divvietigs-divans\/#primaryimage\",\"url\":\"https:\/\/brilune.eu\/wp-content\/uploads\/2025\/01\/14426874.png\",\"contentUrl\":\"https:\/\/brilune.eu\/wp-content\/uploads\/2025\/01\/14426874.png\",\"width\":800,\"height\":800},{\"@type\":\"BreadcrumbList\",\"@id\":\"https:\/\/brilune.eu\/lv\/product\/moderns-divvietigs-divans\/#breadcrumb\",\"itemListElement\":[{\"@type\":\"ListItem\",\"position\":1,\"name\":\"S\u0101kums\",\"item\":\"https:\/\/brilune.eu\/lv\/brilune-mebeles\/\"},{\"@type\":\"ListItem\",\"position\":2,\"name\":\"Visi produkti\",\"item\":\"https:\/\/brilune.eu\/lv\/shop\/\"},{\"@type\":\"ListItem\",\"position\":3,\"name\":\"Moderns divviet\u012bgs d\u012bv\u0101ns\"}]},{\"@type\":\"WebSite\",\"@id\":\"https:\/\/brilune.eu\/lv\/#website\",\"url\":\"https:\/\/brilune.eu\/lv\/\",\"name\":\"Brilune\",\"description\":\"M\u0113s pied\u0101v\u0101jam unik\u0101lus un nebiju\u0161us dizainus, kas apvieno eleganci, funkcionalit\u0101ti un rado\u0161umu.\",\"potentialAction\":[{\"@type\":\"SearchAction\",\"target\":{\"@type\":\"EntryPoint\",\"urlTemplate\":\"https:\/\/brilune.eu\/lv\/?s={search_term_string}\"},\"query-input\":{\"@type\":\"PropertyValueSpecification\",\"valueRequired\":true,\"valueName\":\"search_term_string\"}}],\"inLanguage\":\"lv-LV\"}]}<\/script>\n<!-- \/ Yoast SEO plugin. -->","yoast_head_json":{"title":"Moderns divviet\u012bgs d\u012bv\u0101ns","description":"\u0160is stil\u012bgais skandin\u0101vu dizaina divviet\u012bgais d\u012bv\u0101ns lieliski ieder\u0113sies j\u016bsu viesistab\u0101, radot m\u0101j\u012bgu un m\u016bsdien\u012bgu atmosf\u0113ru. B\u0113\u0161\u0101 kokvilna un lins...","robots":{"index":"index","follow":"follow","max-snippet":"max-snippet:-1","max-image-preview":"max-image-preview:large","max-video-preview":"max-video-preview:-1"},"canonical":"https:\/\/brilune.eu\/lv\/product\/moderns-divvietigs-divans\/","og_locale":"lv_LV","og_type":"article","og_title":"Moderns divviet\u012bgs d\u012bv\u0101ns","og_description":"\u0160is stil\u012bgais skandin\u0101vu dizaina divviet\u012bgais d\u012bv\u0101ns lieliski ieder\u0113sies j\u016bsu viesistab\u0101, radot m\u0101j\u012bgu un m\u016bsdien\u012bgu atmosf\u0113ru. B\u0113\u0161\u0101 kokvilna un lins...","og_url":"https:\/\/brilune.eu\/lv\/product\/moderns-divvietigs-divans\/","og_site_name":"Brilune","article_modified_time":"2025-02-19T10:44:24+00:00","og_image":[{"width":800,"height":800,"url":"https:\/\/brilune.eu\/wp-content\/uploads\/2025\/01\/14426874.png","type":"image\/png"}],"twitter_card":"summary_large_image","schema":{"@context":"https:\/\/schema.org","@graph":[{"@type":"WebPage","@id":"https:\/\/brilune.eu\/lv\/product\/moderns-divvietigs-divans\/","url":"https:\/\/brilune.eu\/lv\/product\/moderns-divvietigs-divans\/","name":"Moderns divviet\u012bgs d\u012bv\u0101ns","isPartOf":{"@id":"https:\/\/brilune.eu\/lv\/#website"},"primaryImageOfPage":{"@id":"https:\/\/brilune.eu\/lv\/product\/moderns-divvietigs-divans\/#primaryimage"},"image":{"@id":"https:\/\/brilune.eu\/lv\/product\/moderns-divvietigs-divans\/#primaryimage"},"thumbnailUrl":"https:\/\/brilune.eu\/wp-content\/uploads\/2025\/01\/14426874.png","datePublished":"2025-02-19T10:34:20+00:00","dateModified":"2025-02-19T10:44:24+00:00","description":"\u0160is stil\u012bgais skandin\u0101vu dizaina divviet\u012bgais d\u012bv\u0101ns lieliski ieder\u0113sies j\u016bsu viesistab\u0101, radot m\u0101j\u012bgu un m\u016bsdien\u012bgu atmosf\u0113ru. B\u0113\u0161\u0101 kokvilna un lins...","breadcrumb":{"@id":"https:\/\/brilune.eu\/lv\/product\/moderns-divvietigs-divans\/#breadcrumb"},"inLanguage":"lv-LV","potentialAction":[{"@type":"ReadAction","target":["https:\/\/brilune.eu\/lv\/product\/moderns-divvietigs-divans\/"]}]},{"@type":"ImageObject","inLanguage":"lv-LV","@id":"https:\/\/brilune.eu\/lv\/product\/moderns-divvietigs-divans\/#primaryimage","url":"https:\/\/brilune.eu\/wp-content\/uploads\/2025\/01\/14426874.png","contentUrl":"https:\/\/brilune.eu\/wp-content\/uploads\/2025\/01\/14426874.png","width":800,"height":800},{"@type":"BreadcrumbList","@id":"https:\/\/brilune.eu\/lv\/product\/moderns-divvietigs-divans\/#breadcrumb","itemListElement":[{"@type":"ListItem","position":1,"name":"S\u0101kums","item":"https:\/\/brilune.eu\/lv\/brilune-mebeles\/"},{"@type":"ListItem","position":2,"name":"Visi produkti","item":"https:\/\/brilune.eu\/lv\/shop\/"},{"@type":"ListItem","position":3,"name":"Moderns divviet\u012bgs d\u012bv\u0101ns"}]},{"@type":"WebSite","@id":"https:\/\/brilune.eu\/lv\/#website","url":"https:\/\/brilune.eu\/lv\/","name":"Brilune","description":"M\u0113s pied\u0101v\u0101jam unik\u0101lus un nebiju\u0161us dizainus, kas apvieno eleganci, funkcionalit\u0101ti un rado\u0161umu.","potentialAction":[{"@type":"SearchAction","target":{"@type":"EntryPoint","urlTemplate":"https:\/\/brilune.eu\/lv\/?s={search_term_string}"},"query-input":{"@type":"PropertyValueSpecification","valueRequired":true,"valueName":"search_term_string"}}],"inLanguage":"lv-LV"}]}},"jetpack_sharing_enabled":true,"_links":{"self":[{"href":"https:\/\/brilune.eu\/lv\/wp-json\/wp\/v2\/product\/38152","targetHints":{"allow":["GET"]}}],"collection":[{"href":"https:\/\/brilune.eu\/lv\/wp-json\/wp\/v2\/product"}],"about":[{"href":"https:\/\/brilune.eu\/lv\/wp-json\/wp\/v2\/types\/product"}],"replies":[{"embeddable":true,"href":"https:\/\/brilune.eu\/lv\/wp-json\/wp\/v2\/comments?post=38152"}],"version-history":[{"count":1,"href":"https:\/\/brilune.eu\/lv\/wp-json\/wp\/v2\/product\/38152\/revisions"}],"predecessor-version":[{"id":38196,"href":"https:\/\/brilune.eu\/lv\/wp-json\/wp\/v2\/product\/38152\/revisions\/38196"}],"wp:featuredmedia":[{"embeddable":true,"href":"https:\/\/brilune.eu\/lv\/wp-json\/wp\/v2\/media\/8955"}],"wp:attachment":[{"href":"https:\/\/brilune.eu\/lv\/wp-json\/wp\/v2\/media?parent=38152"}],"wp:term":[{"taxonomy":"product_brand","embeddable":true,"href":"https:\/\/brilune.eu\/lv\/wp-json\/wp\/v2\/product_brand?post=38152"},{"taxonomy":"product_cat","embeddable":true,"href":"https:\/\/brilune.eu\/lv\/wp-json\/wp\/v2\/product_cat?post=38152"},{"taxonomy":"product_tag","embeddable":true,"href":"https:\/\/brilune.eu\/lv\/wp-json\/wp\/v2\/product_tag?post=38152"}],"curies":[{"name":"wp","href":"https:\/\/api.w.org\/{rel}","templated":true}]}}