{"id":38133,"date":"2025-02-19T12:33:55","date_gmt":"2025-02-19T10:33:55","guid":{"rendered":"https:\/\/brilune.eu\/?post_type=product&#038;p=38133"},"modified":"2025-02-19T12:44:24","modified_gmt":"2025-02-19T10:44:24","slug":"apala-miksta-gulta-2","status":"publish","type":"product","link":"https:\/\/brilune.eu\/lv\/product\/apala-miksta-gulta-2\/","title":{"rendered":"Apa\u013ca m\u012bksta gulta"},"content":{"rendered":"<p>\u0160\u012b gulta apvieno inovat\u012bvu dizainu un komfortu, p\u0101rv\u0113r\u0161ot j\u016bsu gu\u013camistabu par modernu sv\u0113tn\u012bcu. Apa\u013c\u0101 forma pie\u0161\u0137ir telpai m\u0101j\u012bguma un stila saj\u016btu, padarot gultu par telpas centr\u0101lo elementu. Samta polster\u0113jums un iztur\u012bgs koka r\u0101mis garant\u0113 augstu kvalit\u0101ti un iztur\u012bbu. Pateicoties izsmalcin\u0101tajam dizainam, gulta viegli ieder\u0113sies jebkur\u0101 interjer\u0101, radot m\u016bsdien\u012bgas elegances atmosf\u0113ru. Matracis nav iek\u013cauts cen\u0101; t\u0101 izm\u0113ri ir 220&#215;220 cm.<\/p>\n<p>Materi\u0101ls: samts, koka pamatne.<br \/>\nIzm\u0113rs: 280\u00d7280\u00d785 cm.<\/p>\n","protected":false},"excerpt":{"rendered":"<p>\u0160\u012b gulta apvieno inovat\u012bvu dizainu un komfortu, p\u0101rv\u0113r\u0161ot j\u016bsu gu\u013camistabu par modernu sv\u0113tn\u012bcu. Apa\u013c\u0101 forma pie\u0161\u0137ir telpai m\u0101j\u012bguma un stila saj\u016btu, ma&#8230;<\/p>\n","protected":false},"featured_media":8935,"comment_status":"open","ping_status":"closed","template":"","meta":[],"product_brand":[],"product_cat":[1671,5482],"product_tag":[],"class_list":{"0":"post-38133","1":"product","2":"type-product","3":"status-publish","4":"has-post-thumbnail","6":"product_cat-gulta","7":"product_cat-gulta-gultas-9","9":"first","10":"instock","11":"shipping-taxable","12":"purchasable","13":"product-type-simple"},"yoast_head":"<!-- This site is optimized with the Yoast SEO plugin v26.0 - https:\/\/yoast.com\/wordpress\/plugins\/seo\/ -->\n<title>Apa\u013ca m\u012bksta gulta<\/title>\n<meta name=\"description\" content=\"\u0160\u012b gulta apvieno inovat\u012bvu dizainu un komfortu, p\u0101rv\u0113r\u0161ot j\u016bsu gu\u013camistabu par modernu sv\u0113tn\u012bcu. Apa\u013c\u0101 forma pie\u0161\u0137ir telpai m\u0101j\u012bguma un stila saj\u016btu, ma...\" \/>\n<meta name=\"robots\" content=\"index, follow, max-snippet:-1, max-image-preview:large, max-video-preview:-1\" \/>\n<link rel=\"canonical\" href=\"https:\/\/brilune.eu\/lv\/product\/apala-miksta-gulta-2\/\" \/>\n<meta property=\"og:locale\" content=\"lv_LV\" \/>\n<meta property=\"og:type\" content=\"article\" \/>\n<meta property=\"og:title\" content=\"Apa\u013ca m\u012bksta gulta\" \/>\n<meta property=\"og:description\" content=\"\u0160\u012b gulta apvieno inovat\u012bvu dizainu un komfortu, p\u0101rv\u0113r\u0161ot j\u016bsu gu\u013camistabu par modernu sv\u0113tn\u012bcu. Apa\u013c\u0101 forma pie\u0161\u0137ir telpai m\u0101j\u012bguma un stila saj\u016btu, ma...\" \/>\n<meta property=\"og:url\" content=\"https:\/\/brilune.eu\/lv\/product\/apala-miksta-gulta-2\/\" \/>\n<meta property=\"og:site_name\" content=\"Brilune\" \/>\n<meta property=\"article:modified_time\" content=\"2025-02-19T10:44:24+00:00\" \/>\n<meta property=\"og:image\" content=\"https:\/\/brilune.eu\/wp-content\/uploads\/2025\/01\/blance-bed-bed-829009_2048x2048.jpg\" \/>\n\t<meta property=\"og:image:width\" content=\"1500\" \/>\n\t<meta property=\"og:image:height\" content=\"1500\" \/>\n\t<meta property=\"og:image:type\" content=\"image\/jpeg\" \/>\n<meta name=\"twitter:card\" content=\"summary_large_image\" \/>\n<script type=\"application\/ld+json\" class=\"yoast-schema-graph\">{\"@context\":\"https:\/\/schema.org\",\"@graph\":[{\"@type\":\"WebPage\",\"@id\":\"https:\/\/brilune.eu\/lv\/product\/apala-miksta-gulta-2\/\",\"url\":\"https:\/\/brilune.eu\/lv\/product\/apala-miksta-gulta-2\/\",\"name\":\"Apa\u013ca m\u012bksta gulta\",\"isPartOf\":{\"@id\":\"https:\/\/brilune.eu\/lv\/#website\"},\"primaryImageOfPage\":{\"@id\":\"https:\/\/brilune.eu\/lv\/product\/apala-miksta-gulta-2\/#primaryimage\"},\"image\":{\"@id\":\"https:\/\/brilune.eu\/lv\/product\/apala-miksta-gulta-2\/#primaryimage\"},\"thumbnailUrl\":\"https:\/\/brilune.eu\/wp-content\/uploads\/2025\/01\/blance-bed-bed-829009_2048x2048.jpg\",\"datePublished\":\"2025-02-19T10:33:55+00:00\",\"dateModified\":\"2025-02-19T10:44:24+00:00\",\"description\":\"\u0160\u012b gulta apvieno inovat\u012bvu dizainu un komfortu, p\u0101rv\u0113r\u0161ot j\u016bsu gu\u013camistabu par modernu sv\u0113tn\u012bcu. Apa\u013c\u0101 forma pie\u0161\u0137ir telpai m\u0101j\u012bguma un stila saj\u016btu, ma...\",\"breadcrumb\":{\"@id\":\"https:\/\/brilune.eu\/lv\/product\/apala-miksta-gulta-2\/#breadcrumb\"},\"inLanguage\":\"lv-LV\",\"potentialAction\":[{\"@type\":\"ReadAction\",\"target\":[\"https:\/\/brilune.eu\/lv\/product\/apala-miksta-gulta-2\/\"]}]},{\"@type\":\"ImageObject\",\"inLanguage\":\"lv-LV\",\"@id\":\"https:\/\/brilune.eu\/lv\/product\/apala-miksta-gulta-2\/#primaryimage\",\"url\":\"https:\/\/brilune.eu\/wp-content\/uploads\/2025\/01\/blance-bed-bed-829009_2048x2048.jpg\",\"contentUrl\":\"https:\/\/brilune.eu\/wp-content\/uploads\/2025\/01\/blance-bed-bed-829009_2048x2048.jpg\",\"width\":1500,\"height\":1500},{\"@type\":\"BreadcrumbList\",\"@id\":\"https:\/\/brilune.eu\/lv\/product\/apala-miksta-gulta-2\/#breadcrumb\",\"itemListElement\":[{\"@type\":\"ListItem\",\"position\":1,\"name\":\"S\u0101kums\",\"item\":\"https:\/\/brilune.eu\/lv\/brilune-mebeles\/\"},{\"@type\":\"ListItem\",\"position\":2,\"name\":\"Visi produkti\",\"item\":\"https:\/\/brilune.eu\/lv\/shop\/\"},{\"@type\":\"ListItem\",\"position\":3,\"name\":\"Apa\u013ca m\u012bksta gulta\"}]},{\"@type\":\"WebSite\",\"@id\":\"https:\/\/brilune.eu\/lv\/#website\",\"url\":\"https:\/\/brilune.eu\/lv\/\",\"name\":\"Brilune\",\"description\":\"M\u0113s pied\u0101v\u0101jam unik\u0101lus un nebiju\u0161us dizainus, kas apvieno eleganci, funkcionalit\u0101ti un rado\u0161umu.\",\"potentialAction\":[{\"@type\":\"SearchAction\",\"target\":{\"@type\":\"EntryPoint\",\"urlTemplate\":\"https:\/\/brilune.eu\/lv\/?s={search_term_string}\"},\"query-input\":{\"@type\":\"PropertyValueSpecification\",\"valueRequired\":true,\"valueName\":\"search_term_string\"}}],\"inLanguage\":\"lv-LV\"}]}<\/script>\n<!-- \/ Yoast SEO plugin. -->","yoast_head_json":{"title":"Apa\u013ca m\u012bksta gulta","description":"\u0160\u012b gulta apvieno inovat\u012bvu dizainu un komfortu, p\u0101rv\u0113r\u0161ot j\u016bsu gu\u013camistabu par modernu sv\u0113tn\u012bcu. Apa\u013c\u0101 forma pie\u0161\u0137ir telpai m\u0101j\u012bguma un stila saj\u016btu, ma...","robots":{"index":"index","follow":"follow","max-snippet":"max-snippet:-1","max-image-preview":"max-image-preview:large","max-video-preview":"max-video-preview:-1"},"canonical":"https:\/\/brilune.eu\/lv\/product\/apala-miksta-gulta-2\/","og_locale":"lv_LV","og_type":"article","og_title":"Apa\u013ca m\u012bksta gulta","og_description":"\u0160\u012b gulta apvieno inovat\u012bvu dizainu un komfortu, p\u0101rv\u0113r\u0161ot j\u016bsu gu\u013camistabu par modernu sv\u0113tn\u012bcu. Apa\u013c\u0101 forma pie\u0161\u0137ir telpai m\u0101j\u012bguma un stila saj\u016btu, ma...","og_url":"https:\/\/brilune.eu\/lv\/product\/apala-miksta-gulta-2\/","og_site_name":"Brilune","article_modified_time":"2025-02-19T10:44:24+00:00","og_image":[{"width":1500,"height":1500,"url":"https:\/\/brilune.eu\/wp-content\/uploads\/2025\/01\/blance-bed-bed-829009_2048x2048.jpg","type":"image\/jpeg"}],"twitter_card":"summary_large_image","schema":{"@context":"https:\/\/schema.org","@graph":[{"@type":"WebPage","@id":"https:\/\/brilune.eu\/lv\/product\/apala-miksta-gulta-2\/","url":"https:\/\/brilune.eu\/lv\/product\/apala-miksta-gulta-2\/","name":"Apa\u013ca m\u012bksta gulta","isPartOf":{"@id":"https:\/\/brilune.eu\/lv\/#website"},"primaryImageOfPage":{"@id":"https:\/\/brilune.eu\/lv\/product\/apala-miksta-gulta-2\/#primaryimage"},"image":{"@id":"https:\/\/brilune.eu\/lv\/product\/apala-miksta-gulta-2\/#primaryimage"},"thumbnailUrl":"https:\/\/brilune.eu\/wp-content\/uploads\/2025\/01\/blance-bed-bed-829009_2048x2048.jpg","datePublished":"2025-02-19T10:33:55+00:00","dateModified":"2025-02-19T10:44:24+00:00","description":"\u0160\u012b gulta apvieno inovat\u012bvu dizainu un komfortu, p\u0101rv\u0113r\u0161ot j\u016bsu gu\u013camistabu par modernu sv\u0113tn\u012bcu. Apa\u013c\u0101 forma pie\u0161\u0137ir telpai m\u0101j\u012bguma un stila saj\u016btu, ma...","breadcrumb":{"@id":"https:\/\/brilune.eu\/lv\/product\/apala-miksta-gulta-2\/#breadcrumb"},"inLanguage":"lv-LV","potentialAction":[{"@type":"ReadAction","target":["https:\/\/brilune.eu\/lv\/product\/apala-miksta-gulta-2\/"]}]},{"@type":"ImageObject","inLanguage":"lv-LV","@id":"https:\/\/brilune.eu\/lv\/product\/apala-miksta-gulta-2\/#primaryimage","url":"https:\/\/brilune.eu\/wp-content\/uploads\/2025\/01\/blance-bed-bed-829009_2048x2048.jpg","contentUrl":"https:\/\/brilune.eu\/wp-content\/uploads\/2025\/01\/blance-bed-bed-829009_2048x2048.jpg","width":1500,"height":1500},{"@type":"BreadcrumbList","@id":"https:\/\/brilune.eu\/lv\/product\/apala-miksta-gulta-2\/#breadcrumb","itemListElement":[{"@type":"ListItem","position":1,"name":"S\u0101kums","item":"https:\/\/brilune.eu\/lv\/brilune-mebeles\/"},{"@type":"ListItem","position":2,"name":"Visi produkti","item":"https:\/\/brilune.eu\/lv\/shop\/"},{"@type":"ListItem","position":3,"name":"Apa\u013ca m\u012bksta gulta"}]},{"@type":"WebSite","@id":"https:\/\/brilune.eu\/lv\/#website","url":"https:\/\/brilune.eu\/lv\/","name":"Brilune","description":"M\u0113s pied\u0101v\u0101jam unik\u0101lus un nebiju\u0161us dizainus, kas apvieno eleganci, funkcionalit\u0101ti un rado\u0161umu.","potentialAction":[{"@type":"SearchAction","target":{"@type":"EntryPoint","urlTemplate":"https:\/\/brilune.eu\/lv\/?s={search_term_string}"},"query-input":{"@type":"PropertyValueSpecification","valueRequired":true,"valueName":"search_term_string"}}],"inLanguage":"lv-LV"}]}},"jetpack_sharing_enabled":true,"_links":{"self":[{"href":"https:\/\/brilune.eu\/lv\/wp-json\/wp\/v2\/product\/38133","targetHints":{"allow":["GET"]}}],"collection":[{"href":"https:\/\/brilune.eu\/lv\/wp-json\/wp\/v2\/product"}],"about":[{"href":"https:\/\/brilune.eu\/lv\/wp-json\/wp\/v2\/types\/product"}],"replies":[{"embeddable":true,"href":"https:\/\/brilune.eu\/lv\/wp-json\/wp\/v2\/comments?post=38133"}],"version-history":[{"count":1,"href":"https:\/\/brilune.eu\/lv\/wp-json\/wp\/v2\/product\/38133\/revisions"}],"predecessor-version":[{"id":38179,"href":"https:\/\/brilune.eu\/lv\/wp-json\/wp\/v2\/product\/38133\/revisions\/38179"}],"wp:featuredmedia":[{"embeddable":true,"href":"https:\/\/brilune.eu\/lv\/wp-json\/wp\/v2\/media\/8935"}],"wp:attachment":[{"href":"https:\/\/brilune.eu\/lv\/wp-json\/wp\/v2\/media?parent=38133"}],"wp:term":[{"taxonomy":"product_brand","embeddable":true,"href":"https:\/\/brilune.eu\/lv\/wp-json\/wp\/v2\/product_brand?post=38133"},{"taxonomy":"product_cat","embeddable":true,"href":"https:\/\/brilune.eu\/lv\/wp-json\/wp\/v2\/product_cat?post=38133"},{"taxonomy":"product_tag","embeddable":true,"href":"https:\/\/brilune.eu\/lv\/wp-json\/wp\/v2\/product_tag?post=38133"}],"curies":[{"name":"wp","href":"https:\/\/api.w.org\/{rel}","templated":true}]}}