{"id":38124,"date":"2025-02-19T12:33:53","date_gmt":"2025-02-19T10:33:53","guid":{"rendered":"https:\/\/brilune.eu\/?post_type=product&#038;p=38124"},"modified":"2025-02-19T12:44:17","modified_gmt":"2025-02-19T10:44:17","slug":"grezna-velveta-gulta","status":"publish","type":"product","link":"https:\/\/brilune.eu\/lv\/product\/grezna-velveta-gulta\/","title":{"rendered":"Grezna velveta gulta"},"content":{"rendered":"<p>\u0160\u012b gulta ar majest\u0101tisku j\u016bras kr\u0101sas samta galvgali pie\u0161\u0137irs j\u016bsu gu\u013camistabai grezn\u012bbas un komforta gaisotni. Samta polster\u0113jums pie\u0161\u0137ir izsmalcin\u0101t\u012bbu, savuk\u0101rt mas\u012bvkoka r\u0101mis nodro\u0161ina iztur\u012bbu un iztur\u012bbu. Karaliskais dizains viegli pieska\u0146ojas jebkuram stilam, padarot \u0161o gultu ne tikai par \u0113rtu gul\u0113\u0161anas vietu, bet ar\u012b par \u012bstu gu\u013camistabas rot\u0101jumu.<\/p>\n<p>Materi\u0101ls: mas\u012bvkoks, samts.<br \/>\nIzm\u0113rs: 150x200x90 cm.<\/p>\n","protected":false},"excerpt":{"rendered":"<p>\u0160\u012b gulta ar majest\u0101tisku j\u016bras kr\u0101sas samta galvgali pie\u0161\u0137irs j\u016bsu gu\u013camistabai grezn\u012bbas un komforta gaisotni. Samta polster\u0113jums pie\u0161\u0137ir izsmalcin\u0101t\u012bbas&#8230;<\/p>\n","protected":false},"featured_media":8921,"comment_status":"open","ping_status":"closed","template":"","meta":[],"product_brand":[],"product_cat":[1698,5487],"product_tag":[],"class_list":{"0":"post-38124","1":"product","2":"type-product","3":"status-publish","4":"has-post-thumbnail","6":"product_cat-atkapsanas","7":"product_cat-atkapsanas-gultas-9","9":"first","10":"instock","11":"shipping-taxable","12":"purchasable","13":"product-type-simple"},"yoast_head":"<!-- This site is optimized with the Yoast SEO plugin v26.0 - https:\/\/yoast.com\/wordpress\/plugins\/seo\/ -->\n<title>Grezna velveta gulta<\/title>\n<meta name=\"description\" content=\"\u0160\u012b gulta ar majest\u0101tisku j\u016bras kr\u0101sas samta galvgali pie\u0161\u0137irs j\u016bsu gu\u013camistabai grezn\u012bbas un komforta gaisotni. Samta polster\u0113jums pie\u0161\u0137ir izsmalcin\u0101t\u012bbas...\" \/>\n<meta name=\"robots\" content=\"index, follow, max-snippet:-1, max-image-preview:large, max-video-preview:-1\" \/>\n<link rel=\"canonical\" href=\"https:\/\/brilune.eu\/lv\/product\/grezna-velveta-gulta\/\" \/>\n<meta property=\"og:locale\" content=\"lv_LV\" \/>\n<meta property=\"og:type\" content=\"article\" \/>\n<meta property=\"og:title\" content=\"Grezna velveta gulta\" \/>\n<meta property=\"og:description\" content=\"\u0160\u012b gulta ar majest\u0101tisku j\u016bras kr\u0101sas samta galvgali pie\u0161\u0137irs j\u016bsu gu\u013camistabai grezn\u012bbas un komforta gaisotni. Samta polster\u0113jums pie\u0161\u0137ir izsmalcin\u0101t\u012bbas...\" \/>\n<meta property=\"og:url\" content=\"https:\/\/brilune.eu\/lv\/product\/grezna-velveta-gulta\/\" \/>\n<meta property=\"og:site_name\" content=\"Brilune\" \/>\n<meta property=\"article:modified_time\" content=\"2025-02-19T10:44:17+00:00\" \/>\n<meta property=\"og:image\" content=\"https:\/\/brilune.eu\/wp-content\/uploads\/2025\/01\/royal-rest-retreat-bed-navy-blue-queen-180cm-x-200cm-443384_2048x2048.jpg\" \/>\n\t<meta property=\"og:image:width\" content=\"2048\" \/>\n\t<meta property=\"og:image:height\" content=\"2048\" \/>\n\t<meta property=\"og:image:type\" content=\"image\/jpeg\" \/>\n<meta name=\"twitter:card\" content=\"summary_large_image\" \/>\n<script type=\"application\/ld+json\" class=\"yoast-schema-graph\">{\"@context\":\"https:\/\/schema.org\",\"@graph\":[{\"@type\":\"WebPage\",\"@id\":\"https:\/\/brilune.eu\/lv\/product\/grezna-velveta-gulta\/\",\"url\":\"https:\/\/brilune.eu\/lv\/product\/grezna-velveta-gulta\/\",\"name\":\"Grezna velveta gulta\",\"isPartOf\":{\"@id\":\"https:\/\/brilune.eu\/lv\/#website\"},\"primaryImageOfPage\":{\"@id\":\"https:\/\/brilune.eu\/lv\/product\/grezna-velveta-gulta\/#primaryimage\"},\"image\":{\"@id\":\"https:\/\/brilune.eu\/lv\/product\/grezna-velveta-gulta\/#primaryimage\"},\"thumbnailUrl\":\"https:\/\/brilune.eu\/wp-content\/uploads\/2025\/01\/royal-rest-retreat-bed-navy-blue-queen-180cm-x-200cm-443384_2048x2048.jpg\",\"datePublished\":\"2025-02-19T10:33:53+00:00\",\"dateModified\":\"2025-02-19T10:44:17+00:00\",\"description\":\"\u0160\u012b gulta ar majest\u0101tisku j\u016bras kr\u0101sas samta galvgali pie\u0161\u0137irs j\u016bsu gu\u013camistabai grezn\u012bbas un komforta gaisotni. Samta polster\u0113jums pie\u0161\u0137ir izsmalcin\u0101t\u012bbas...\",\"breadcrumb\":{\"@id\":\"https:\/\/brilune.eu\/lv\/product\/grezna-velveta-gulta\/#breadcrumb\"},\"inLanguage\":\"lv-LV\",\"potentialAction\":[{\"@type\":\"ReadAction\",\"target\":[\"https:\/\/brilune.eu\/lv\/product\/grezna-velveta-gulta\/\"]}]},{\"@type\":\"ImageObject\",\"inLanguage\":\"lv-LV\",\"@id\":\"https:\/\/brilune.eu\/lv\/product\/grezna-velveta-gulta\/#primaryimage\",\"url\":\"https:\/\/brilune.eu\/wp-content\/uploads\/2025\/01\/royal-rest-retreat-bed-navy-blue-queen-180cm-x-200cm-443384_2048x2048.jpg\",\"contentUrl\":\"https:\/\/brilune.eu\/wp-content\/uploads\/2025\/01\/royal-rest-retreat-bed-navy-blue-queen-180cm-x-200cm-443384_2048x2048.jpg\",\"width\":2048,\"height\":2048},{\"@type\":\"BreadcrumbList\",\"@id\":\"https:\/\/brilune.eu\/lv\/product\/grezna-velveta-gulta\/#breadcrumb\",\"itemListElement\":[{\"@type\":\"ListItem\",\"position\":1,\"name\":\"S\u0101kums\",\"item\":\"https:\/\/brilune.eu\/lv\/brilune-mebeles\/\"},{\"@type\":\"ListItem\",\"position\":2,\"name\":\"Visi produkti\",\"item\":\"https:\/\/brilune.eu\/lv\/shop\/\"},{\"@type\":\"ListItem\",\"position\":3,\"name\":\"Grezna velveta gulta\"}]},{\"@type\":\"WebSite\",\"@id\":\"https:\/\/brilune.eu\/lv\/#website\",\"url\":\"https:\/\/brilune.eu\/lv\/\",\"name\":\"Brilune\",\"description\":\"M\u0113s pied\u0101v\u0101jam unik\u0101lus un nebiju\u0161us dizainus, kas apvieno eleganci, funkcionalit\u0101ti un rado\u0161umu.\",\"potentialAction\":[{\"@type\":\"SearchAction\",\"target\":{\"@type\":\"EntryPoint\",\"urlTemplate\":\"https:\/\/brilune.eu\/lv\/?s={search_term_string}\"},\"query-input\":{\"@type\":\"PropertyValueSpecification\",\"valueRequired\":true,\"valueName\":\"search_term_string\"}}],\"inLanguage\":\"lv-LV\"}]}<\/script>\n<!-- \/ Yoast SEO plugin. -->","yoast_head_json":{"title":"Grezna velveta gulta","description":"\u0160\u012b gulta ar majest\u0101tisku j\u016bras kr\u0101sas samta galvgali pie\u0161\u0137irs j\u016bsu gu\u013camistabai grezn\u012bbas un komforta gaisotni. Samta polster\u0113jums pie\u0161\u0137ir izsmalcin\u0101t\u012bbas...","robots":{"index":"index","follow":"follow","max-snippet":"max-snippet:-1","max-image-preview":"max-image-preview:large","max-video-preview":"max-video-preview:-1"},"canonical":"https:\/\/brilune.eu\/lv\/product\/grezna-velveta-gulta\/","og_locale":"lv_LV","og_type":"article","og_title":"Grezna velveta gulta","og_description":"\u0160\u012b gulta ar majest\u0101tisku j\u016bras kr\u0101sas samta galvgali pie\u0161\u0137irs j\u016bsu gu\u013camistabai grezn\u012bbas un komforta gaisotni. Samta polster\u0113jums pie\u0161\u0137ir izsmalcin\u0101t\u012bbas...","og_url":"https:\/\/brilune.eu\/lv\/product\/grezna-velveta-gulta\/","og_site_name":"Brilune","article_modified_time":"2025-02-19T10:44:17+00:00","og_image":[{"width":2048,"height":2048,"url":"https:\/\/brilune.eu\/wp-content\/uploads\/2025\/01\/royal-rest-retreat-bed-navy-blue-queen-180cm-x-200cm-443384_2048x2048.jpg","type":"image\/jpeg"}],"twitter_card":"summary_large_image","schema":{"@context":"https:\/\/schema.org","@graph":[{"@type":"WebPage","@id":"https:\/\/brilune.eu\/lv\/product\/grezna-velveta-gulta\/","url":"https:\/\/brilune.eu\/lv\/product\/grezna-velveta-gulta\/","name":"Grezna velveta gulta","isPartOf":{"@id":"https:\/\/brilune.eu\/lv\/#website"},"primaryImageOfPage":{"@id":"https:\/\/brilune.eu\/lv\/product\/grezna-velveta-gulta\/#primaryimage"},"image":{"@id":"https:\/\/brilune.eu\/lv\/product\/grezna-velveta-gulta\/#primaryimage"},"thumbnailUrl":"https:\/\/brilune.eu\/wp-content\/uploads\/2025\/01\/royal-rest-retreat-bed-navy-blue-queen-180cm-x-200cm-443384_2048x2048.jpg","datePublished":"2025-02-19T10:33:53+00:00","dateModified":"2025-02-19T10:44:17+00:00","description":"\u0160\u012b gulta ar majest\u0101tisku j\u016bras kr\u0101sas samta galvgali pie\u0161\u0137irs j\u016bsu gu\u013camistabai grezn\u012bbas un komforta gaisotni. Samta polster\u0113jums pie\u0161\u0137ir izsmalcin\u0101t\u012bbas...","breadcrumb":{"@id":"https:\/\/brilune.eu\/lv\/product\/grezna-velveta-gulta\/#breadcrumb"},"inLanguage":"lv-LV","potentialAction":[{"@type":"ReadAction","target":["https:\/\/brilune.eu\/lv\/product\/grezna-velveta-gulta\/"]}]},{"@type":"ImageObject","inLanguage":"lv-LV","@id":"https:\/\/brilune.eu\/lv\/product\/grezna-velveta-gulta\/#primaryimage","url":"https:\/\/brilune.eu\/wp-content\/uploads\/2025\/01\/royal-rest-retreat-bed-navy-blue-queen-180cm-x-200cm-443384_2048x2048.jpg","contentUrl":"https:\/\/brilune.eu\/wp-content\/uploads\/2025\/01\/royal-rest-retreat-bed-navy-blue-queen-180cm-x-200cm-443384_2048x2048.jpg","width":2048,"height":2048},{"@type":"BreadcrumbList","@id":"https:\/\/brilune.eu\/lv\/product\/grezna-velveta-gulta\/#breadcrumb","itemListElement":[{"@type":"ListItem","position":1,"name":"S\u0101kums","item":"https:\/\/brilune.eu\/lv\/brilune-mebeles\/"},{"@type":"ListItem","position":2,"name":"Visi produkti","item":"https:\/\/brilune.eu\/lv\/shop\/"},{"@type":"ListItem","position":3,"name":"Grezna velveta gulta"}]},{"@type":"WebSite","@id":"https:\/\/brilune.eu\/lv\/#website","url":"https:\/\/brilune.eu\/lv\/","name":"Brilune","description":"M\u0113s pied\u0101v\u0101jam unik\u0101lus un nebiju\u0161us dizainus, kas apvieno eleganci, funkcionalit\u0101ti un rado\u0161umu.","potentialAction":[{"@type":"SearchAction","target":{"@type":"EntryPoint","urlTemplate":"https:\/\/brilune.eu\/lv\/?s={search_term_string}"},"query-input":{"@type":"PropertyValueSpecification","valueRequired":true,"valueName":"search_term_string"}}],"inLanguage":"lv-LV"}]}},"jetpack_sharing_enabled":true,"_links":{"self":[{"href":"https:\/\/brilune.eu\/lv\/wp-json\/wp\/v2\/product\/38124","targetHints":{"allow":["GET"]}}],"collection":[{"href":"https:\/\/brilune.eu\/lv\/wp-json\/wp\/v2\/product"}],"about":[{"href":"https:\/\/brilune.eu\/lv\/wp-json\/wp\/v2\/types\/product"}],"replies":[{"embeddable":true,"href":"https:\/\/brilune.eu\/lv\/wp-json\/wp\/v2\/comments?post=38124"}],"version-history":[{"count":1,"href":"https:\/\/brilune.eu\/lv\/wp-json\/wp\/v2\/product\/38124\/revisions"}],"predecessor-version":[{"id":38170,"href":"https:\/\/brilune.eu\/lv\/wp-json\/wp\/v2\/product\/38124\/revisions\/38170"}],"wp:featuredmedia":[{"embeddable":true,"href":"https:\/\/brilune.eu\/lv\/wp-json\/wp\/v2\/media\/8921"}],"wp:attachment":[{"href":"https:\/\/brilune.eu\/lv\/wp-json\/wp\/v2\/media?parent=38124"}],"wp:term":[{"taxonomy":"product_brand","embeddable":true,"href":"https:\/\/brilune.eu\/lv\/wp-json\/wp\/v2\/product_brand?post=38124"},{"taxonomy":"product_cat","embeddable":true,"href":"https:\/\/brilune.eu\/lv\/wp-json\/wp\/v2\/product_cat?post=38124"},{"taxonomy":"product_tag","embeddable":true,"href":"https:\/\/brilune.eu\/lv\/wp-json\/wp\/v2\/product_tag?post=38124"}],"curies":[{"name":"wp","href":"https:\/\/api.w.org\/{rel}","templated":true}]}}