{"id":38103,"date":"2025-02-19T12:33:29","date_gmt":"2025-02-19T10:33:29","guid":{"rendered":"https:\/\/brilune.eu\/?post_type=product&#038;p=38103"},"modified":"2025-02-19T12:44:14","modified_gmt":"2025-02-19T10:44:14","slug":"tualetes-galdins-ar-pufu-un-spoguli","status":"publish","type":"product","link":"https:\/\/brilune.eu\/lv\/product\/tualetes-galdins-ar-pufu-un-spoguli\/","title":{"rendered":"Tualetes galdi\u0146\u0161 ar pufu un spoguli"},"content":{"rendered":"<p>\u0160is m\u0113be\u013cu komplekts, kur\u0101 ietilpst galds, m\u012bksts pufs un apgaismots spogulis, rad\u012bs ide\u0101lu vietu pa\u0161apr\u016bpei. \u0112rt\u012bbu un k\u0101rt\u012bbu nodro\u0161in\u0101s minim\u0101listisks galds ar div\u0101m atvilktn\u0113m, izliektu galda virsmu un m\u012bkstu pufu, papildu \u0113rt\u012bbas nodro\u0161in\u0101s aizmugurgaismots spogulis.<\/p>\n<p>Materi\u0101ls: mas\u012bvkoks, kr\u0101sa.<br \/>\nIzm\u0113rs: 100\u00d745\u00d775 cm, pufs 70x38x30 cm<\/p>\n","protected":false},"excerpt":{"rendered":"<p>\u0160is m\u0113be\u013cu komplekts, kur\u0101 ietilpst galds, m\u012bksts pufs un apgaismots spogulis, rad\u012bs ide\u0101lu vietu pa\u0161apr\u016bpei. Minim\u0101listisks galds ar div\u0101m atvilktn\u0113m,&#8230;<\/p>\n","protected":false},"featured_media":8900,"comment_status":"open","ping_status":"closed","template":"","meta":[],"product_brand":[],"product_cat":[1586,5584],"product_tag":[],"class_list":{"0":"post-38103","1":"product","2":"type-product","3":"status-publish","4":"has-post-thumbnail","6":"product_cat-tabula","7":"product_cat-tabula-tabulas-4-3","9":"first","10":"instock","11":"shipping-taxable","12":"purchasable","13":"product-type-simple"},"yoast_head":"<!-- This site is optimized with the Yoast SEO plugin v26.0 - https:\/\/yoast.com\/wordpress\/plugins\/seo\/ -->\n<title>Tualetes galdi\u0146\u0161 ar pufu un spoguli<\/title>\n<meta name=\"description\" content=\"\u0160is m\u0113be\u013cu komplekts, kur\u0101 ietilpst galds, m\u012bksts pufs un apgaismots spogulis, rad\u012bs ide\u0101lu vietu pa\u0161apr\u016bpei. Minim\u0101listisks galds ar div\u0101m atvilktn\u0113m,...\" \/>\n<meta name=\"robots\" content=\"index, follow, max-snippet:-1, max-image-preview:large, max-video-preview:-1\" \/>\n<link rel=\"canonical\" href=\"https:\/\/brilune.eu\/lv\/product\/tualetes-galdins-ar-pufu-un-spoguli\/\" \/>\n<meta property=\"og:locale\" content=\"lv_LV\" \/>\n<meta property=\"og:type\" content=\"article\" \/>\n<meta property=\"og:title\" content=\"Tualetes galdi\u0146\u0161 ar pufu un spoguli\" \/>\n<meta property=\"og:description\" content=\"\u0160is m\u0113be\u013cu komplekts, kur\u0101 ietilpst galds, m\u012bksts pufs un apgaismots spogulis, rad\u012bs ide\u0101lu vietu pa\u0161apr\u016bpei. Minim\u0101listisks galds ar div\u0101m atvilktn\u0113m,...\" \/>\n<meta property=\"og:url\" content=\"https:\/\/brilune.eu\/lv\/product\/tualetes-galdins-ar-pufu-un-spoguli\/\" \/>\n<meta property=\"og:site_name\" content=\"Brilune\" \/>\n<meta property=\"article:modified_time\" content=\"2025-02-19T10:44:14+00:00\" \/>\n<meta property=\"og:image\" content=\"https:\/\/brilune.eu\/wp-content\/uploads\/2025\/01\/diamante-dressing-table-500946_2048x2048.jpg\" \/>\n\t<meta property=\"og:image:width\" content=\"2048\" \/>\n\t<meta property=\"og:image:height\" content=\"2048\" \/>\n\t<meta property=\"og:image:type\" content=\"image\/jpeg\" \/>\n<meta name=\"twitter:card\" content=\"summary_large_image\" \/>\n<script type=\"application\/ld+json\" class=\"yoast-schema-graph\">{\"@context\":\"https:\/\/schema.org\",\"@graph\":[{\"@type\":\"WebPage\",\"@id\":\"https:\/\/brilune.eu\/lv\/product\/tualetes-galdins-ar-pufu-un-spoguli\/\",\"url\":\"https:\/\/brilune.eu\/lv\/product\/tualetes-galdins-ar-pufu-un-spoguli\/\",\"name\":\"Tualetes galdi\u0146\u0161 ar pufu un spoguli\",\"isPartOf\":{\"@id\":\"https:\/\/brilune.eu\/lv\/#website\"},\"primaryImageOfPage\":{\"@id\":\"https:\/\/brilune.eu\/lv\/product\/tualetes-galdins-ar-pufu-un-spoguli\/#primaryimage\"},\"image\":{\"@id\":\"https:\/\/brilune.eu\/lv\/product\/tualetes-galdins-ar-pufu-un-spoguli\/#primaryimage\"},\"thumbnailUrl\":\"https:\/\/brilune.eu\/wp-content\/uploads\/2025\/01\/diamante-dressing-table-500946_2048x2048.jpg\",\"datePublished\":\"2025-02-19T10:33:29+00:00\",\"dateModified\":\"2025-02-19T10:44:14+00:00\",\"description\":\"\u0160is m\u0113be\u013cu komplekts, kur\u0101 ietilpst galds, m\u012bksts pufs un apgaismots spogulis, rad\u012bs ide\u0101lu vietu pa\u0161apr\u016bpei. Minim\u0101listisks galds ar div\u0101m atvilktn\u0113m,...\",\"breadcrumb\":{\"@id\":\"https:\/\/brilune.eu\/lv\/product\/tualetes-galdins-ar-pufu-un-spoguli\/#breadcrumb\"},\"inLanguage\":\"lv-LV\",\"potentialAction\":[{\"@type\":\"ReadAction\",\"target\":[\"https:\/\/brilune.eu\/lv\/product\/tualetes-galdins-ar-pufu-un-spoguli\/\"]}]},{\"@type\":\"ImageObject\",\"inLanguage\":\"lv-LV\",\"@id\":\"https:\/\/brilune.eu\/lv\/product\/tualetes-galdins-ar-pufu-un-spoguli\/#primaryimage\",\"url\":\"https:\/\/brilune.eu\/wp-content\/uploads\/2025\/01\/diamante-dressing-table-500946_2048x2048.jpg\",\"contentUrl\":\"https:\/\/brilune.eu\/wp-content\/uploads\/2025\/01\/diamante-dressing-table-500946_2048x2048.jpg\",\"width\":2048,\"height\":2048},{\"@type\":\"BreadcrumbList\",\"@id\":\"https:\/\/brilune.eu\/lv\/product\/tualetes-galdins-ar-pufu-un-spoguli\/#breadcrumb\",\"itemListElement\":[{\"@type\":\"ListItem\",\"position\":1,\"name\":\"S\u0101kums\",\"item\":\"https:\/\/brilune.eu\/lv\/brilune-mebeles\/\"},{\"@type\":\"ListItem\",\"position\":2,\"name\":\"Visi produkti\",\"item\":\"https:\/\/brilune.eu\/lv\/shop\/\"},{\"@type\":\"ListItem\",\"position\":3,\"name\":\"Tualetes galdi\u0146\u0161 ar pufu un spoguli\"}]},{\"@type\":\"WebSite\",\"@id\":\"https:\/\/brilune.eu\/lv\/#website\",\"url\":\"https:\/\/brilune.eu\/lv\/\",\"name\":\"Brilune\",\"description\":\"M\u0113s pied\u0101v\u0101jam unik\u0101lus un nebiju\u0161us dizainus, kas apvieno eleganci, funkcionalit\u0101ti un rado\u0161umu.\",\"potentialAction\":[{\"@type\":\"SearchAction\",\"target\":{\"@type\":\"EntryPoint\",\"urlTemplate\":\"https:\/\/brilune.eu\/lv\/?s={search_term_string}\"},\"query-input\":{\"@type\":\"PropertyValueSpecification\",\"valueRequired\":true,\"valueName\":\"search_term_string\"}}],\"inLanguage\":\"lv-LV\"}]}<\/script>\n<!-- \/ Yoast SEO plugin. -->","yoast_head_json":{"title":"Tualetes galdi\u0146\u0161 ar pufu un spoguli","description":"\u0160is m\u0113be\u013cu komplekts, kur\u0101 ietilpst galds, m\u012bksts pufs un apgaismots spogulis, rad\u012bs ide\u0101lu vietu pa\u0161apr\u016bpei. Minim\u0101listisks galds ar div\u0101m atvilktn\u0113m,...","robots":{"index":"index","follow":"follow","max-snippet":"max-snippet:-1","max-image-preview":"max-image-preview:large","max-video-preview":"max-video-preview:-1"},"canonical":"https:\/\/brilune.eu\/lv\/product\/tualetes-galdins-ar-pufu-un-spoguli\/","og_locale":"lv_LV","og_type":"article","og_title":"Tualetes galdi\u0146\u0161 ar pufu un spoguli","og_description":"\u0160is m\u0113be\u013cu komplekts, kur\u0101 ietilpst galds, m\u012bksts pufs un apgaismots spogulis, rad\u012bs ide\u0101lu vietu pa\u0161apr\u016bpei. Minim\u0101listisks galds ar div\u0101m atvilktn\u0113m,...","og_url":"https:\/\/brilune.eu\/lv\/product\/tualetes-galdins-ar-pufu-un-spoguli\/","og_site_name":"Brilune","article_modified_time":"2025-02-19T10:44:14+00:00","og_image":[{"width":2048,"height":2048,"url":"https:\/\/brilune.eu\/wp-content\/uploads\/2025\/01\/diamante-dressing-table-500946_2048x2048.jpg","type":"image\/jpeg"}],"twitter_card":"summary_large_image","schema":{"@context":"https:\/\/schema.org","@graph":[{"@type":"WebPage","@id":"https:\/\/brilune.eu\/lv\/product\/tualetes-galdins-ar-pufu-un-spoguli\/","url":"https:\/\/brilune.eu\/lv\/product\/tualetes-galdins-ar-pufu-un-spoguli\/","name":"Tualetes galdi\u0146\u0161 ar pufu un spoguli","isPartOf":{"@id":"https:\/\/brilune.eu\/lv\/#website"},"primaryImageOfPage":{"@id":"https:\/\/brilune.eu\/lv\/product\/tualetes-galdins-ar-pufu-un-spoguli\/#primaryimage"},"image":{"@id":"https:\/\/brilune.eu\/lv\/product\/tualetes-galdins-ar-pufu-un-spoguli\/#primaryimage"},"thumbnailUrl":"https:\/\/brilune.eu\/wp-content\/uploads\/2025\/01\/diamante-dressing-table-500946_2048x2048.jpg","datePublished":"2025-02-19T10:33:29+00:00","dateModified":"2025-02-19T10:44:14+00:00","description":"\u0160is m\u0113be\u013cu komplekts, kur\u0101 ietilpst galds, m\u012bksts pufs un apgaismots spogulis, rad\u012bs ide\u0101lu vietu pa\u0161apr\u016bpei. Minim\u0101listisks galds ar div\u0101m atvilktn\u0113m,...","breadcrumb":{"@id":"https:\/\/brilune.eu\/lv\/product\/tualetes-galdins-ar-pufu-un-spoguli\/#breadcrumb"},"inLanguage":"lv-LV","potentialAction":[{"@type":"ReadAction","target":["https:\/\/brilune.eu\/lv\/product\/tualetes-galdins-ar-pufu-un-spoguli\/"]}]},{"@type":"ImageObject","inLanguage":"lv-LV","@id":"https:\/\/brilune.eu\/lv\/product\/tualetes-galdins-ar-pufu-un-spoguli\/#primaryimage","url":"https:\/\/brilune.eu\/wp-content\/uploads\/2025\/01\/diamante-dressing-table-500946_2048x2048.jpg","contentUrl":"https:\/\/brilune.eu\/wp-content\/uploads\/2025\/01\/diamante-dressing-table-500946_2048x2048.jpg","width":2048,"height":2048},{"@type":"BreadcrumbList","@id":"https:\/\/brilune.eu\/lv\/product\/tualetes-galdins-ar-pufu-un-spoguli\/#breadcrumb","itemListElement":[{"@type":"ListItem","position":1,"name":"S\u0101kums","item":"https:\/\/brilune.eu\/lv\/brilune-mebeles\/"},{"@type":"ListItem","position":2,"name":"Visi produkti","item":"https:\/\/brilune.eu\/lv\/shop\/"},{"@type":"ListItem","position":3,"name":"Tualetes galdi\u0146\u0161 ar pufu un spoguli"}]},{"@type":"WebSite","@id":"https:\/\/brilune.eu\/lv\/#website","url":"https:\/\/brilune.eu\/lv\/","name":"Brilune","description":"M\u0113s pied\u0101v\u0101jam unik\u0101lus un nebiju\u0161us dizainus, kas apvieno eleganci, funkcionalit\u0101ti un rado\u0161umu.","potentialAction":[{"@type":"SearchAction","target":{"@type":"EntryPoint","urlTemplate":"https:\/\/brilune.eu\/lv\/?s={search_term_string}"},"query-input":{"@type":"PropertyValueSpecification","valueRequired":true,"valueName":"search_term_string"}}],"inLanguage":"lv-LV"}]}},"jetpack_sharing_enabled":true,"_links":{"self":[{"href":"https:\/\/brilune.eu\/lv\/wp-json\/wp\/v2\/product\/38103","targetHints":{"allow":["GET"]}}],"collection":[{"href":"https:\/\/brilune.eu\/lv\/wp-json\/wp\/v2\/product"}],"about":[{"href":"https:\/\/brilune.eu\/lv\/wp-json\/wp\/v2\/types\/product"}],"replies":[{"embeddable":true,"href":"https:\/\/brilune.eu\/lv\/wp-json\/wp\/v2\/comments?post=38103"}],"version-history":[{"count":1,"href":"https:\/\/brilune.eu\/lv\/wp-json\/wp\/v2\/product\/38103\/revisions"}],"predecessor-version":[{"id":38145,"href":"https:\/\/brilune.eu\/lv\/wp-json\/wp\/v2\/product\/38103\/revisions\/38145"}],"wp:featuredmedia":[{"embeddable":true,"href":"https:\/\/brilune.eu\/lv\/wp-json\/wp\/v2\/media\/8900"}],"wp:attachment":[{"href":"https:\/\/brilune.eu\/lv\/wp-json\/wp\/v2\/media?parent=38103"}],"wp:term":[{"taxonomy":"product_brand","embeddable":true,"href":"https:\/\/brilune.eu\/lv\/wp-json\/wp\/v2\/product_brand?post=38103"},{"taxonomy":"product_cat","embeddable":true,"href":"https:\/\/brilune.eu\/lv\/wp-json\/wp\/v2\/product_cat?post=38103"},{"taxonomy":"product_tag","embeddable":true,"href":"https:\/\/brilune.eu\/lv\/wp-json\/wp\/v2\/product_tag?post=38103"}],"curies":[{"name":"wp","href":"https:\/\/api.w.org\/{rel}","templated":true}]}}