{"id":38084,"date":"2025-02-19T12:33:05","date_gmt":"2025-02-19T10:33:05","guid":{"rendered":"https:\/\/brilune.eu\/?post_type=product&#038;p=38084"},"modified":"2025-02-19T12:44:08","modified_gmt":"2025-02-19T10:44:08","slug":"tualetes-galds","status":"publish","type":"product","link":"https:\/\/brilune.eu\/lv\/product\/tualetes-galds\/","title":{"rendered":"Tualetes galds"},"content":{"rendered":"<p>\u0160is minim\u0101lisma galds ar graciozi izliektu virsmu pie\u0161\u0137irs modernu eleganci jebkurai gu\u013camistabai vai \u0123\u0113rbtuvei. Divas ietilp\u012bgas atvilktnes nodro\u0161ina pietiekami daudz vietas kosm\u0113tikas un aksesu\u0101ru uzglab\u0101\u0161anai, saglab\u0101jot telpu sak\u0101rtotu. Iztur\u012bgs un iztur\u012bgs, tas k\u013c\u016bs par stil\u012bgu papildin\u0101jumu jebkuram interjeram.<\/p>\n<p>Materi\u0101ls: mas\u012bvkoks, kr\u0101sa.<br \/>\nIzm\u0113rs: 100\u00d745\u00d775 cm.<\/p>\n","protected":false},"excerpt":{"rendered":"<p>\u0160is minim\u0101lisma galds ar graciozi izliektu virsmu pie\u0161\u0137irs modernu eleganci jebkurai gu\u013camistabai vai \u0123\u0113rbtuvei. Divas ietilp\u012bgas atvilktnes nodro\u0161ina pla\u0161u uzglab\u0101\u0161anas vietu &#8230;<\/p>\n","protected":false},"featured_media":8900,"comment_status":"open","ping_status":"closed","template":"","meta":[],"product_brand":[],"product_cat":[1586,5584],"product_tag":[],"class_list":{"0":"post-38084","1":"product","2":"type-product","3":"status-publish","4":"has-post-thumbnail","6":"product_cat-tabula","7":"product_cat-tabula-tabulas-4-3","9":"first","10":"instock","11":"shipping-taxable","12":"purchasable","13":"product-type-simple"},"yoast_head":"<!-- This site is optimized with the Yoast SEO plugin v26.0 - https:\/\/yoast.com\/wordpress\/plugins\/seo\/ -->\n<title>Tualetes galds<\/title>\n<meta name=\"description\" content=\"\u0160is minim\u0101lisma galds ar graciozi izliektu virsmu pie\u0161\u0137irs modernu eleganci jebkurai gu\u013camistabai vai \u0123\u0113rbtuvei. Divas ietilp\u012bgas atvilktnes nodro\u0161ina pla\u0161u uzglab\u0101\u0161anas vietu ...\" \/>\n<meta name=\"robots\" content=\"index, follow, max-snippet:-1, max-image-preview:large, max-video-preview:-1\" \/>\n<link rel=\"canonical\" href=\"https:\/\/brilune.eu\/lv\/product\/tualetes-galds\/\" \/>\n<meta property=\"og:locale\" content=\"lv_LV\" \/>\n<meta property=\"og:type\" content=\"article\" \/>\n<meta property=\"og:title\" content=\"Tualetes galds\" \/>\n<meta property=\"og:description\" content=\"\u0160is minim\u0101lisma galds ar graciozi izliektu virsmu pie\u0161\u0137irs modernu eleganci jebkurai gu\u013camistabai vai \u0123\u0113rbtuvei. Divas ietilp\u012bgas atvilktnes nodro\u0161ina pla\u0161u uzglab\u0101\u0161anas vietu ...\" \/>\n<meta property=\"og:url\" content=\"https:\/\/brilune.eu\/lv\/product\/tualetes-galds\/\" \/>\n<meta property=\"og:site_name\" content=\"Brilune\" \/>\n<meta property=\"article:modified_time\" content=\"2025-02-19T10:44:08+00:00\" \/>\n<meta property=\"og:image\" content=\"https:\/\/brilune.eu\/wp-content\/uploads\/2025\/01\/diamante-dressing-table-500946_2048x2048.jpg\" \/>\n\t<meta property=\"og:image:width\" content=\"2048\" \/>\n\t<meta property=\"og:image:height\" content=\"2048\" \/>\n\t<meta property=\"og:image:type\" content=\"image\/jpeg\" \/>\n<meta name=\"twitter:card\" content=\"summary_large_image\" \/>\n<script type=\"application\/ld+json\" class=\"yoast-schema-graph\">{\"@context\":\"https:\/\/schema.org\",\"@graph\":[{\"@type\":\"WebPage\",\"@id\":\"https:\/\/brilune.eu\/lv\/product\/tualetes-galds\/\",\"url\":\"https:\/\/brilune.eu\/lv\/product\/tualetes-galds\/\",\"name\":\"Tualetes galds\",\"isPartOf\":{\"@id\":\"https:\/\/brilune.eu\/lv\/#website\"},\"primaryImageOfPage\":{\"@id\":\"https:\/\/brilune.eu\/lv\/product\/tualetes-galds\/#primaryimage\"},\"image\":{\"@id\":\"https:\/\/brilune.eu\/lv\/product\/tualetes-galds\/#primaryimage\"},\"thumbnailUrl\":\"https:\/\/brilune.eu\/wp-content\/uploads\/2025\/01\/diamante-dressing-table-500946_2048x2048.jpg\",\"datePublished\":\"2025-02-19T10:33:05+00:00\",\"dateModified\":\"2025-02-19T10:44:08+00:00\",\"description\":\"\u0160is minim\u0101lisma galds ar graciozi izliektu virsmu pie\u0161\u0137irs modernu eleganci jebkurai gu\u013camistabai vai \u0123\u0113rbtuvei. Divas ietilp\u012bgas atvilktnes nodro\u0161ina pla\u0161u uzglab\u0101\u0161anas vietu ...\",\"breadcrumb\":{\"@id\":\"https:\/\/brilune.eu\/lv\/product\/tualetes-galds\/#breadcrumb\"},\"inLanguage\":\"lv-LV\",\"potentialAction\":[{\"@type\":\"ReadAction\",\"target\":[\"https:\/\/brilune.eu\/lv\/product\/tualetes-galds\/\"]}]},{\"@type\":\"ImageObject\",\"inLanguage\":\"lv-LV\",\"@id\":\"https:\/\/brilune.eu\/lv\/product\/tualetes-galds\/#primaryimage\",\"url\":\"https:\/\/brilune.eu\/wp-content\/uploads\/2025\/01\/diamante-dressing-table-500946_2048x2048.jpg\",\"contentUrl\":\"https:\/\/brilune.eu\/wp-content\/uploads\/2025\/01\/diamante-dressing-table-500946_2048x2048.jpg\",\"width\":2048,\"height\":2048},{\"@type\":\"BreadcrumbList\",\"@id\":\"https:\/\/brilune.eu\/lv\/product\/tualetes-galds\/#breadcrumb\",\"itemListElement\":[{\"@type\":\"ListItem\",\"position\":1,\"name\":\"S\u0101kums\",\"item\":\"https:\/\/brilune.eu\/lv\/brilune-mebeles\/\"},{\"@type\":\"ListItem\",\"position\":2,\"name\":\"Visi produkti\",\"item\":\"https:\/\/brilune.eu\/lv\/shop\/\"},{\"@type\":\"ListItem\",\"position\":3,\"name\":\"Tualetes galds\"}]},{\"@type\":\"WebSite\",\"@id\":\"https:\/\/brilune.eu\/lv\/#website\",\"url\":\"https:\/\/brilune.eu\/lv\/\",\"name\":\"Brilune\",\"description\":\"M\u0113s pied\u0101v\u0101jam unik\u0101lus un nebiju\u0161us dizainus, kas apvieno eleganci, funkcionalit\u0101ti un rado\u0161umu.\",\"potentialAction\":[{\"@type\":\"SearchAction\",\"target\":{\"@type\":\"EntryPoint\",\"urlTemplate\":\"https:\/\/brilune.eu\/lv\/?s={search_term_string}\"},\"query-input\":{\"@type\":\"PropertyValueSpecification\",\"valueRequired\":true,\"valueName\":\"search_term_string\"}}],\"inLanguage\":\"lv-LV\"}]}<\/script>\n<!-- \/ Yoast SEO plugin. -->","yoast_head_json":{"title":"Tualetes galds","description":"\u0160is minim\u0101lisma galds ar graciozi izliektu virsmu pie\u0161\u0137irs modernu eleganci jebkurai gu\u013camistabai vai \u0123\u0113rbtuvei. Divas ietilp\u012bgas atvilktnes nodro\u0161ina pla\u0161u uzglab\u0101\u0161anas vietu ...","robots":{"index":"index","follow":"follow","max-snippet":"max-snippet:-1","max-image-preview":"max-image-preview:large","max-video-preview":"max-video-preview:-1"},"canonical":"https:\/\/brilune.eu\/lv\/product\/tualetes-galds\/","og_locale":"lv_LV","og_type":"article","og_title":"Tualetes galds","og_description":"\u0160is minim\u0101lisma galds ar graciozi izliektu virsmu pie\u0161\u0137irs modernu eleganci jebkurai gu\u013camistabai vai \u0123\u0113rbtuvei. Divas ietilp\u012bgas atvilktnes nodro\u0161ina pla\u0161u uzglab\u0101\u0161anas vietu ...","og_url":"https:\/\/brilune.eu\/lv\/product\/tualetes-galds\/","og_site_name":"Brilune","article_modified_time":"2025-02-19T10:44:08+00:00","og_image":[{"width":2048,"height":2048,"url":"https:\/\/brilune.eu\/wp-content\/uploads\/2025\/01\/diamante-dressing-table-500946_2048x2048.jpg","type":"image\/jpeg"}],"twitter_card":"summary_large_image","schema":{"@context":"https:\/\/schema.org","@graph":[{"@type":"WebPage","@id":"https:\/\/brilune.eu\/lv\/product\/tualetes-galds\/","url":"https:\/\/brilune.eu\/lv\/product\/tualetes-galds\/","name":"Tualetes galds","isPartOf":{"@id":"https:\/\/brilune.eu\/lv\/#website"},"primaryImageOfPage":{"@id":"https:\/\/brilune.eu\/lv\/product\/tualetes-galds\/#primaryimage"},"image":{"@id":"https:\/\/brilune.eu\/lv\/product\/tualetes-galds\/#primaryimage"},"thumbnailUrl":"https:\/\/brilune.eu\/wp-content\/uploads\/2025\/01\/diamante-dressing-table-500946_2048x2048.jpg","datePublished":"2025-02-19T10:33:05+00:00","dateModified":"2025-02-19T10:44:08+00:00","description":"\u0160is minim\u0101lisma galds ar graciozi izliektu virsmu pie\u0161\u0137irs modernu eleganci jebkurai gu\u013camistabai vai \u0123\u0113rbtuvei. Divas ietilp\u012bgas atvilktnes nodro\u0161ina pla\u0161u uzglab\u0101\u0161anas vietu ...","breadcrumb":{"@id":"https:\/\/brilune.eu\/lv\/product\/tualetes-galds\/#breadcrumb"},"inLanguage":"lv-LV","potentialAction":[{"@type":"ReadAction","target":["https:\/\/brilune.eu\/lv\/product\/tualetes-galds\/"]}]},{"@type":"ImageObject","inLanguage":"lv-LV","@id":"https:\/\/brilune.eu\/lv\/product\/tualetes-galds\/#primaryimage","url":"https:\/\/brilune.eu\/wp-content\/uploads\/2025\/01\/diamante-dressing-table-500946_2048x2048.jpg","contentUrl":"https:\/\/brilune.eu\/wp-content\/uploads\/2025\/01\/diamante-dressing-table-500946_2048x2048.jpg","width":2048,"height":2048},{"@type":"BreadcrumbList","@id":"https:\/\/brilune.eu\/lv\/product\/tualetes-galds\/#breadcrumb","itemListElement":[{"@type":"ListItem","position":1,"name":"S\u0101kums","item":"https:\/\/brilune.eu\/lv\/brilune-mebeles\/"},{"@type":"ListItem","position":2,"name":"Visi produkti","item":"https:\/\/brilune.eu\/lv\/shop\/"},{"@type":"ListItem","position":3,"name":"Tualetes galds"}]},{"@type":"WebSite","@id":"https:\/\/brilune.eu\/lv\/#website","url":"https:\/\/brilune.eu\/lv\/","name":"Brilune","description":"M\u0113s pied\u0101v\u0101jam unik\u0101lus un nebiju\u0161us dizainus, kas apvieno eleganci, funkcionalit\u0101ti un rado\u0161umu.","potentialAction":[{"@type":"SearchAction","target":{"@type":"EntryPoint","urlTemplate":"https:\/\/brilune.eu\/lv\/?s={search_term_string}"},"query-input":{"@type":"PropertyValueSpecification","valueRequired":true,"valueName":"search_term_string"}}],"inLanguage":"lv-LV"}]}},"jetpack_sharing_enabled":true,"_links":{"self":[{"href":"https:\/\/brilune.eu\/lv\/wp-json\/wp\/v2\/product\/38084","targetHints":{"allow":["GET"]}}],"collection":[{"href":"https:\/\/brilune.eu\/lv\/wp-json\/wp\/v2\/product"}],"about":[{"href":"https:\/\/brilune.eu\/lv\/wp-json\/wp\/v2\/types\/product"}],"replies":[{"embeddable":true,"href":"https:\/\/brilune.eu\/lv\/wp-json\/wp\/v2\/comments?post=38084"}],"version-history":[{"count":1,"href":"https:\/\/brilune.eu\/lv\/wp-json\/wp\/v2\/product\/38084\/revisions"}],"predecessor-version":[{"id":38136,"href":"https:\/\/brilune.eu\/lv\/wp-json\/wp\/v2\/product\/38084\/revisions\/38136"}],"wp:featuredmedia":[{"embeddable":true,"href":"https:\/\/brilune.eu\/lv\/wp-json\/wp\/v2\/media\/8900"}],"wp:attachment":[{"href":"https:\/\/brilune.eu\/lv\/wp-json\/wp\/v2\/media?parent=38084"}],"wp:term":[{"taxonomy":"product_brand","embeddable":true,"href":"https:\/\/brilune.eu\/lv\/wp-json\/wp\/v2\/product_brand?post=38084"},{"taxonomy":"product_cat","embeddable":true,"href":"https:\/\/brilune.eu\/lv\/wp-json\/wp\/v2\/product_cat?post=38084"},{"taxonomy":"product_tag","embeddable":true,"href":"https:\/\/brilune.eu\/lv\/wp-json\/wp\/v2\/product_tag?post=38084"}],"curies":[{"name":"wp","href":"https:\/\/api.w.org\/{rel}","templated":true}]}}