{"id":38037,"date":"2025-02-19T12:32:15","date_gmt":"2025-02-19T10:32:15","guid":{"rendered":"https:\/\/brilune.eu\/?post_type=product&#038;p=38037"},"modified":"2025-02-19T12:43:53","modified_gmt":"2025-02-19T10:43:53","slug":"gulta-ar-divu-naktsgaldinu-komplektu","status":"publish","type":"product","link":"https:\/\/brilune.eu\/lv\/product\/gulta-ar-divu-naktsgaldinu-komplektu\/","title":{"rendered":"Gulta ar divu naktsgaldi\u0146u komplektu"},"content":{"rendered":"<p>\u0160is m\u0113be\u013cu komplekts ar gultu un diviem naktsgaldi\u0146iem rad\u012bs perfektu stila un funkcionalit\u0101tes kombin\u0101ciju j\u016bsu gu\u013camistab\u0101. Ar greznu samtu apvilkta gulta ne tikai pie\u0161\u0137ir eleganci, bet tai ir ar\u012b hidraulisk\u0101 uzglab\u0101\u0161anas sist\u0113ma, kas nodro\u0161ina pietiekami daudz vietas zem matra\u010da. Naktsskap\u012b\u0161i, kas izgatavoti no kvalitat\u012bva koka un iek\u0101rtoti m\u016bsdien\u012bg\u0101 dizain\u0101, lieliski papildina gultu, nodro\u0161inot \u0113rtu vietu nepiecie\u0161amo lietu uzglab\u0101\u0161anai un telpas dekor\u0113\u0161anai. <\/p>\n<p>Izm\u0113rs: gulta 235\u00d7190\u00d7106 cm + naktsgaldi\u0146\u0161 40\u00d740\u00d750 cm<br \/>\nMateri\u0101li: samta polster\u0113jums, lateksa atmi\u0146as putu spilvens, koka r\u0101mis.<\/p>\n","protected":false},"excerpt":{"rendered":"<p>\u0160is m\u0113be\u013cu komplekts ar gultu un diviem naktsgaldi\u0146iem rad\u012bs perfektu stila un funkcionalit\u0101tes kombin\u0101ciju j\u016bsu gu\u013camistab\u0101. Polster\u0113ts ar greznu&#8230;<\/p>\n","protected":false},"featured_media":8822,"comment_status":"open","ping_status":"closed","template":"","meta":[],"product_brand":[],"product_cat":[1671,5482],"product_tag":[],"class_list":{"0":"post-38037","1":"product","2":"type-product","3":"status-publish","4":"has-post-thumbnail","6":"product_cat-gulta","7":"product_cat-gulta-gultas-9","9":"first","10":"instock","11":"shipping-taxable","12":"purchasable","13":"product-type-simple"},"yoast_head":"<!-- This site is optimized with the Yoast SEO plugin v26.0 - https:\/\/yoast.com\/wordpress\/plugins\/seo\/ -->\n<title>Gulta ar divu naktsgaldi\u0146u komplektu<\/title>\n<meta name=\"description\" content=\"\u0160is m\u0113be\u013cu komplekts ar gultu un diviem naktsgaldi\u0146iem rad\u012bs perfektu stila un funkcionalit\u0101tes kombin\u0101ciju j\u016bsu gu\u013camistab\u0101. Polster\u0113ts ar greznu...\" \/>\n<meta name=\"robots\" content=\"index, follow, max-snippet:-1, max-image-preview:large, max-video-preview:-1\" \/>\n<link rel=\"canonical\" href=\"https:\/\/brilune.eu\/lv\/product\/gulta-ar-divu-naktsgaldinu-komplektu\/\" \/>\n<meta property=\"og:locale\" content=\"lv_LV\" \/>\n<meta property=\"og:type\" content=\"article\" \/>\n<meta property=\"og:title\" content=\"Gulta ar divu naktsgaldi\u0146u komplektu\" \/>\n<meta property=\"og:description\" content=\"\u0160is m\u0113be\u013cu komplekts ar gultu un diviem naktsgaldi\u0146iem rad\u012bs perfektu stila un funkcionalit\u0101tes kombin\u0101ciju j\u016bsu gu\u013camistab\u0101. Polster\u0113ts ar greznu...\" \/>\n<meta property=\"og:url\" content=\"https:\/\/brilune.eu\/lv\/product\/gulta-ar-divu-naktsgaldinu-komplektu\/\" \/>\n<meta property=\"og:site_name\" content=\"Brilune\" \/>\n<meta property=\"article:modified_time\" content=\"2025-02-19T10:43:53+00:00\" \/>\n<meta property=\"og:image\" content=\"https:\/\/brilune.eu\/wp-content\/uploads\/2025\/01\/fidelia-bed-159331_2048x2048.jpg\" \/>\n\t<meta property=\"og:image:width\" content=\"2048\" \/>\n\t<meta property=\"og:image:height\" content=\"2048\" \/>\n\t<meta property=\"og:image:type\" content=\"image\/jpeg\" \/>\n<meta name=\"twitter:card\" content=\"summary_large_image\" \/>\n<meta name=\"twitter:label1\" content=\"Est. reading time\" \/>\n\t<meta name=\"twitter:data1\" content=\"1 minute\" \/>\n<script type=\"application\/ld+json\" class=\"yoast-schema-graph\">{\"@context\":\"https:\/\/schema.org\",\"@graph\":[{\"@type\":\"WebPage\",\"@id\":\"https:\/\/brilune.eu\/lv\/product\/gulta-ar-divu-naktsgaldinu-komplektu\/\",\"url\":\"https:\/\/brilune.eu\/lv\/product\/gulta-ar-divu-naktsgaldinu-komplektu\/\",\"name\":\"Gulta ar divu naktsgaldi\u0146u komplektu\",\"isPartOf\":{\"@id\":\"https:\/\/brilune.eu\/lv\/#website\"},\"primaryImageOfPage\":{\"@id\":\"https:\/\/brilune.eu\/lv\/product\/gulta-ar-divu-naktsgaldinu-komplektu\/#primaryimage\"},\"image\":{\"@id\":\"https:\/\/brilune.eu\/lv\/product\/gulta-ar-divu-naktsgaldinu-komplektu\/#primaryimage\"},\"thumbnailUrl\":\"https:\/\/brilune.eu\/wp-content\/uploads\/2025\/01\/fidelia-bed-159331_2048x2048.jpg\",\"datePublished\":\"2025-02-19T10:32:15+00:00\",\"dateModified\":\"2025-02-19T10:43:53+00:00\",\"description\":\"\u0160is m\u0113be\u013cu komplekts ar gultu un diviem naktsgaldi\u0146iem rad\u012bs perfektu stila un funkcionalit\u0101tes kombin\u0101ciju j\u016bsu gu\u013camistab\u0101. Polster\u0113ts ar greznu...\",\"breadcrumb\":{\"@id\":\"https:\/\/brilune.eu\/lv\/product\/gulta-ar-divu-naktsgaldinu-komplektu\/#breadcrumb\"},\"inLanguage\":\"lv-LV\",\"potentialAction\":[{\"@type\":\"ReadAction\",\"target\":[\"https:\/\/brilune.eu\/lv\/product\/gulta-ar-divu-naktsgaldinu-komplektu\/\"]}]},{\"@type\":\"ImageObject\",\"inLanguage\":\"lv-LV\",\"@id\":\"https:\/\/brilune.eu\/lv\/product\/gulta-ar-divu-naktsgaldinu-komplektu\/#primaryimage\",\"url\":\"https:\/\/brilune.eu\/wp-content\/uploads\/2025\/01\/fidelia-bed-159331_2048x2048.jpg\",\"contentUrl\":\"https:\/\/brilune.eu\/wp-content\/uploads\/2025\/01\/fidelia-bed-159331_2048x2048.jpg\",\"width\":2048,\"height\":2048},{\"@type\":\"BreadcrumbList\",\"@id\":\"https:\/\/brilune.eu\/lv\/product\/gulta-ar-divu-naktsgaldinu-komplektu\/#breadcrumb\",\"itemListElement\":[{\"@type\":\"ListItem\",\"position\":1,\"name\":\"S\u0101kums\",\"item\":\"https:\/\/brilune.eu\/lv\/brilune-mebeles\/\"},{\"@type\":\"ListItem\",\"position\":2,\"name\":\"Visi produkti\",\"item\":\"https:\/\/brilune.eu\/lv\/shop\/\"},{\"@type\":\"ListItem\",\"position\":3,\"name\":\"Gulta ar divu naktsgaldi\u0146u komplektu\"}]},{\"@type\":\"WebSite\",\"@id\":\"https:\/\/brilune.eu\/lv\/#website\",\"url\":\"https:\/\/brilune.eu\/lv\/\",\"name\":\"Brilune\",\"description\":\"M\u0113s pied\u0101v\u0101jam unik\u0101lus un nebiju\u0161us dizainus, kas apvieno eleganci, funkcionalit\u0101ti un rado\u0161umu.\",\"potentialAction\":[{\"@type\":\"SearchAction\",\"target\":{\"@type\":\"EntryPoint\",\"urlTemplate\":\"https:\/\/brilune.eu\/lv\/?s={search_term_string}\"},\"query-input\":{\"@type\":\"PropertyValueSpecification\",\"valueRequired\":true,\"valueName\":\"search_term_string\"}}],\"inLanguage\":\"lv-LV\"}]}<\/script>\n<!-- \/ Yoast SEO plugin. -->","yoast_head_json":{"title":"Gulta ar divu naktsgaldi\u0146u komplektu","description":"\u0160is m\u0113be\u013cu komplekts ar gultu un diviem naktsgaldi\u0146iem rad\u012bs perfektu stila un funkcionalit\u0101tes kombin\u0101ciju j\u016bsu gu\u013camistab\u0101. Polster\u0113ts ar greznu...","robots":{"index":"index","follow":"follow","max-snippet":"max-snippet:-1","max-image-preview":"max-image-preview:large","max-video-preview":"max-video-preview:-1"},"canonical":"https:\/\/brilune.eu\/lv\/product\/gulta-ar-divu-naktsgaldinu-komplektu\/","og_locale":"lv_LV","og_type":"article","og_title":"Gulta ar divu naktsgaldi\u0146u komplektu","og_description":"\u0160is m\u0113be\u013cu komplekts ar gultu un diviem naktsgaldi\u0146iem rad\u012bs perfektu stila un funkcionalit\u0101tes kombin\u0101ciju j\u016bsu gu\u013camistab\u0101. Polster\u0113ts ar greznu...","og_url":"https:\/\/brilune.eu\/lv\/product\/gulta-ar-divu-naktsgaldinu-komplektu\/","og_site_name":"Brilune","article_modified_time":"2025-02-19T10:43:53+00:00","og_image":[{"width":2048,"height":2048,"url":"https:\/\/brilune.eu\/wp-content\/uploads\/2025\/01\/fidelia-bed-159331_2048x2048.jpg","type":"image\/jpeg"}],"twitter_card":"summary_large_image","twitter_misc":{"Est. reading time":"1 minute"},"schema":{"@context":"https:\/\/schema.org","@graph":[{"@type":"WebPage","@id":"https:\/\/brilune.eu\/lv\/product\/gulta-ar-divu-naktsgaldinu-komplektu\/","url":"https:\/\/brilune.eu\/lv\/product\/gulta-ar-divu-naktsgaldinu-komplektu\/","name":"Gulta ar divu naktsgaldi\u0146u komplektu","isPartOf":{"@id":"https:\/\/brilune.eu\/lv\/#website"},"primaryImageOfPage":{"@id":"https:\/\/brilune.eu\/lv\/product\/gulta-ar-divu-naktsgaldinu-komplektu\/#primaryimage"},"image":{"@id":"https:\/\/brilune.eu\/lv\/product\/gulta-ar-divu-naktsgaldinu-komplektu\/#primaryimage"},"thumbnailUrl":"https:\/\/brilune.eu\/wp-content\/uploads\/2025\/01\/fidelia-bed-159331_2048x2048.jpg","datePublished":"2025-02-19T10:32:15+00:00","dateModified":"2025-02-19T10:43:53+00:00","description":"\u0160is m\u0113be\u013cu komplekts ar gultu un diviem naktsgaldi\u0146iem rad\u012bs perfektu stila un funkcionalit\u0101tes kombin\u0101ciju j\u016bsu gu\u013camistab\u0101. Polster\u0113ts ar greznu...","breadcrumb":{"@id":"https:\/\/brilune.eu\/lv\/product\/gulta-ar-divu-naktsgaldinu-komplektu\/#breadcrumb"},"inLanguage":"lv-LV","potentialAction":[{"@type":"ReadAction","target":["https:\/\/brilune.eu\/lv\/product\/gulta-ar-divu-naktsgaldinu-komplektu\/"]}]},{"@type":"ImageObject","inLanguage":"lv-LV","@id":"https:\/\/brilune.eu\/lv\/product\/gulta-ar-divu-naktsgaldinu-komplektu\/#primaryimage","url":"https:\/\/brilune.eu\/wp-content\/uploads\/2025\/01\/fidelia-bed-159331_2048x2048.jpg","contentUrl":"https:\/\/brilune.eu\/wp-content\/uploads\/2025\/01\/fidelia-bed-159331_2048x2048.jpg","width":2048,"height":2048},{"@type":"BreadcrumbList","@id":"https:\/\/brilune.eu\/lv\/product\/gulta-ar-divu-naktsgaldinu-komplektu\/#breadcrumb","itemListElement":[{"@type":"ListItem","position":1,"name":"S\u0101kums","item":"https:\/\/brilune.eu\/lv\/brilune-mebeles\/"},{"@type":"ListItem","position":2,"name":"Visi produkti","item":"https:\/\/brilune.eu\/lv\/shop\/"},{"@type":"ListItem","position":3,"name":"Gulta ar divu naktsgaldi\u0146u komplektu"}]},{"@type":"WebSite","@id":"https:\/\/brilune.eu\/lv\/#website","url":"https:\/\/brilune.eu\/lv\/","name":"Brilune","description":"M\u0113s pied\u0101v\u0101jam unik\u0101lus un nebiju\u0161us dizainus, kas apvieno eleganci, funkcionalit\u0101ti un rado\u0161umu.","potentialAction":[{"@type":"SearchAction","target":{"@type":"EntryPoint","urlTemplate":"https:\/\/brilune.eu\/lv\/?s={search_term_string}"},"query-input":{"@type":"PropertyValueSpecification","valueRequired":true,"valueName":"search_term_string"}}],"inLanguage":"lv-LV"}]}},"jetpack_sharing_enabled":true,"_links":{"self":[{"href":"https:\/\/brilune.eu\/lv\/wp-json\/wp\/v2\/product\/38037","targetHints":{"allow":["GET"]}}],"collection":[{"href":"https:\/\/brilune.eu\/lv\/wp-json\/wp\/v2\/product"}],"about":[{"href":"https:\/\/brilune.eu\/lv\/wp-json\/wp\/v2\/types\/product"}],"replies":[{"embeddable":true,"href":"https:\/\/brilune.eu\/lv\/wp-json\/wp\/v2\/comments?post=38037"}],"version-history":[{"count":1,"href":"https:\/\/brilune.eu\/lv\/wp-json\/wp\/v2\/product\/38037\/revisions"}],"predecessor-version":[{"id":38079,"href":"https:\/\/brilune.eu\/lv\/wp-json\/wp\/v2\/product\/38037\/revisions\/38079"}],"wp:featuredmedia":[{"embeddable":true,"href":"https:\/\/brilune.eu\/lv\/wp-json\/wp\/v2\/media\/8822"}],"wp:attachment":[{"href":"https:\/\/brilune.eu\/lv\/wp-json\/wp\/v2\/media?parent=38037"}],"wp:term":[{"taxonomy":"product_brand","embeddable":true,"href":"https:\/\/brilune.eu\/lv\/wp-json\/wp\/v2\/product_brand?post=38037"},{"taxonomy":"product_cat","embeddable":true,"href":"https:\/\/brilune.eu\/lv\/wp-json\/wp\/v2\/product_cat?post=38037"},{"taxonomy":"product_tag","embeddable":true,"href":"https:\/\/brilune.eu\/lv\/wp-json\/wp\/v2\/product_tag?post=38037"}],"curies":[{"name":"wp","href":"https:\/\/api.w.org\/{rel}","templated":true}]}}