{"id":37976,"date":"2025-02-19T12:30:58","date_gmt":"2025-02-19T10:30:58","guid":{"rendered":"https:\/\/brilune.eu\/?post_type=product&#038;p=37976"},"modified":"2025-02-19T12:43:35","modified_gmt":"2025-02-19T10:43:35","slug":"samta-gulta-3","status":"publish","type":"product","link":"https:\/\/brilune.eu\/lv\/product\/samta-gulta-3\/","title":{"rendered":"Samta gulta"},"content":{"rendered":"<p>Gulta ar pla\u0161o galvgali un pla\u0161aj\u0101m proporcij\u0101m rada ide\u0101lu vietu atp\u016btai un relaks\u0101cijai. Premium materi\u0101li garant\u0113 iztur\u012bbu, un modernais dizains \u013cauj gultai viegli iek\u013cauties jebkur\u0101 interjera stil\u0101. Ar polster\u0113tu galvgali un iztur\u012bgu konstrukciju \u0161\u012b gulta k\u013c\u016bs par j\u016bsu gu\u013camistabas centr\u0101lo punktu, nodro\u0161inot komfortu un stilu katru dienu.<br \/>\nMateri\u0101li: samta polster\u0113jums, koka r\u0101mis.<br \/>\nIzm\u0113rs: 200x220x85 cm.<\/p>\n","protected":false},"excerpt":{"rendered":"<p>Gulta ar pla\u0161o galvgali un pla\u0161aj\u0101m proporcij\u0101m rada ide\u0101lu vietu atp\u016btai un relaks\u0101cijai. Premium materi\u0101li garant\u0113 iztur\u012bbu, un re\u017e\u012bms&#8230;<\/p>\n","protected":false},"featured_media":8736,"comment_status":"open","ping_status":"closed","template":"","meta":[],"product_brand":[],"product_cat":[1671,5482],"product_tag":[],"class_list":{"0":"post-37976","1":"product","2":"type-product","3":"status-publish","4":"has-post-thumbnail","6":"product_cat-gulta","7":"product_cat-gulta-gultas-9","9":"first","10":"instock","11":"shipping-taxable","12":"purchasable","13":"product-type-simple"},"yoast_head":"<!-- This site is optimized with the Yoast SEO plugin v26.0 - https:\/\/yoast.com\/wordpress\/plugins\/seo\/ -->\n<title>Samta gulta<\/title>\n<meta name=\"description\" content=\"Gulta ar pla\u0161o galvgali un pla\u0161aj\u0101m proporcij\u0101m rada ide\u0101lu vietu atp\u016btai un relaks\u0101cijai. Premium materi\u0101li garant\u0113 iztur\u012bbu, un re\u017e\u012bms...\" \/>\n<meta name=\"robots\" content=\"index, follow, max-snippet:-1, max-image-preview:large, max-video-preview:-1\" \/>\n<link rel=\"canonical\" href=\"https:\/\/brilune.eu\/lv\/product\/samta-gulta-3\/\" \/>\n<meta property=\"og:locale\" content=\"lv_LV\" \/>\n<meta property=\"og:type\" content=\"article\" \/>\n<meta property=\"og:title\" content=\"Samta gulta\" \/>\n<meta property=\"og:description\" content=\"Gulta ar pla\u0161o galvgali un pla\u0161aj\u0101m proporcij\u0101m rada ide\u0101lu vietu atp\u016btai un relaks\u0101cijai. Premium materi\u0101li garant\u0113 iztur\u012bbu, un re\u017e\u012bms...\" \/>\n<meta property=\"og:url\" content=\"https:\/\/brilune.eu\/lv\/product\/samta-gulta-3\/\" \/>\n<meta property=\"og:site_name\" content=\"Brilune\" \/>\n<meta property=\"article:modified_time\" content=\"2025-02-19T10:43:35+00:00\" \/>\n<meta property=\"og:image\" content=\"https:\/\/brilune.eu\/wp-content\/uploads\/2025\/01\/lucas-bed-grey-150cm-233406_2048x2048.jpg\" \/>\n\t<meta property=\"og:image:width\" content=\"2048\" \/>\n\t<meta property=\"og:image:height\" content=\"2048\" \/>\n\t<meta property=\"og:image:type\" content=\"image\/jpeg\" \/>\n<meta name=\"twitter:card\" content=\"summary_large_image\" \/>\n<script type=\"application\/ld+json\" class=\"yoast-schema-graph\">{\"@context\":\"https:\/\/schema.org\",\"@graph\":[{\"@type\":\"WebPage\",\"@id\":\"https:\/\/brilune.eu\/lv\/product\/samta-gulta-3\/\",\"url\":\"https:\/\/brilune.eu\/lv\/product\/samta-gulta-3\/\",\"name\":\"Samta gulta\",\"isPartOf\":{\"@id\":\"https:\/\/brilune.eu\/lv\/#website\"},\"primaryImageOfPage\":{\"@id\":\"https:\/\/brilune.eu\/lv\/product\/samta-gulta-3\/#primaryimage\"},\"image\":{\"@id\":\"https:\/\/brilune.eu\/lv\/product\/samta-gulta-3\/#primaryimage\"},\"thumbnailUrl\":\"https:\/\/brilune.eu\/wp-content\/uploads\/2025\/01\/lucas-bed-grey-150cm-233406_2048x2048.jpg\",\"datePublished\":\"2025-02-19T10:30:58+00:00\",\"dateModified\":\"2025-02-19T10:43:35+00:00\",\"description\":\"Gulta ar pla\u0161o galvgali un pla\u0161aj\u0101m proporcij\u0101m rada ide\u0101lu vietu atp\u016btai un relaks\u0101cijai. Premium materi\u0101li garant\u0113 iztur\u012bbu, un re\u017e\u012bms...\",\"breadcrumb\":{\"@id\":\"https:\/\/brilune.eu\/lv\/product\/samta-gulta-3\/#breadcrumb\"},\"inLanguage\":\"lv-LV\",\"potentialAction\":[{\"@type\":\"ReadAction\",\"target\":[\"https:\/\/brilune.eu\/lv\/product\/samta-gulta-3\/\"]}]},{\"@type\":\"ImageObject\",\"inLanguage\":\"lv-LV\",\"@id\":\"https:\/\/brilune.eu\/lv\/product\/samta-gulta-3\/#primaryimage\",\"url\":\"https:\/\/brilune.eu\/wp-content\/uploads\/2025\/01\/lucas-bed-grey-150cm-233406_2048x2048.jpg\",\"contentUrl\":\"https:\/\/brilune.eu\/wp-content\/uploads\/2025\/01\/lucas-bed-grey-150cm-233406_2048x2048.jpg\",\"width\":2048,\"height\":2048},{\"@type\":\"BreadcrumbList\",\"@id\":\"https:\/\/brilune.eu\/lv\/product\/samta-gulta-3\/#breadcrumb\",\"itemListElement\":[{\"@type\":\"ListItem\",\"position\":1,\"name\":\"S\u0101kums\",\"item\":\"https:\/\/brilune.eu\/lv\/brilune-mebeles\/\"},{\"@type\":\"ListItem\",\"position\":2,\"name\":\"Visi produkti\",\"item\":\"https:\/\/brilune.eu\/lv\/shop\/\"},{\"@type\":\"ListItem\",\"position\":3,\"name\":\"Samta gulta\"}]},{\"@type\":\"WebSite\",\"@id\":\"https:\/\/brilune.eu\/lv\/#website\",\"url\":\"https:\/\/brilune.eu\/lv\/\",\"name\":\"Brilune\",\"description\":\"M\u0113s pied\u0101v\u0101jam unik\u0101lus un nebiju\u0161us dizainus, kas apvieno eleganci, funkcionalit\u0101ti un rado\u0161umu.\",\"potentialAction\":[{\"@type\":\"SearchAction\",\"target\":{\"@type\":\"EntryPoint\",\"urlTemplate\":\"https:\/\/brilune.eu\/lv\/?s={search_term_string}\"},\"query-input\":{\"@type\":\"PropertyValueSpecification\",\"valueRequired\":true,\"valueName\":\"search_term_string\"}}],\"inLanguage\":\"lv-LV\"}]}<\/script>\n<!-- \/ Yoast SEO plugin. -->","yoast_head_json":{"title":"Samta gulta","description":"Gulta ar pla\u0161o galvgali un pla\u0161aj\u0101m proporcij\u0101m rada ide\u0101lu vietu atp\u016btai un relaks\u0101cijai. Premium materi\u0101li garant\u0113 iztur\u012bbu, un re\u017e\u012bms...","robots":{"index":"index","follow":"follow","max-snippet":"max-snippet:-1","max-image-preview":"max-image-preview:large","max-video-preview":"max-video-preview:-1"},"canonical":"https:\/\/brilune.eu\/lv\/product\/samta-gulta-3\/","og_locale":"lv_LV","og_type":"article","og_title":"Samta gulta","og_description":"Gulta ar pla\u0161o galvgali un pla\u0161aj\u0101m proporcij\u0101m rada ide\u0101lu vietu atp\u016btai un relaks\u0101cijai. Premium materi\u0101li garant\u0113 iztur\u012bbu, un re\u017e\u012bms...","og_url":"https:\/\/brilune.eu\/lv\/product\/samta-gulta-3\/","og_site_name":"Brilune","article_modified_time":"2025-02-19T10:43:35+00:00","og_image":[{"width":2048,"height":2048,"url":"https:\/\/brilune.eu\/wp-content\/uploads\/2025\/01\/lucas-bed-grey-150cm-233406_2048x2048.jpg","type":"image\/jpeg"}],"twitter_card":"summary_large_image","schema":{"@context":"https:\/\/schema.org","@graph":[{"@type":"WebPage","@id":"https:\/\/brilune.eu\/lv\/product\/samta-gulta-3\/","url":"https:\/\/brilune.eu\/lv\/product\/samta-gulta-3\/","name":"Samta gulta","isPartOf":{"@id":"https:\/\/brilune.eu\/lv\/#website"},"primaryImageOfPage":{"@id":"https:\/\/brilune.eu\/lv\/product\/samta-gulta-3\/#primaryimage"},"image":{"@id":"https:\/\/brilune.eu\/lv\/product\/samta-gulta-3\/#primaryimage"},"thumbnailUrl":"https:\/\/brilune.eu\/wp-content\/uploads\/2025\/01\/lucas-bed-grey-150cm-233406_2048x2048.jpg","datePublished":"2025-02-19T10:30:58+00:00","dateModified":"2025-02-19T10:43:35+00:00","description":"Gulta ar pla\u0161o galvgali un pla\u0161aj\u0101m proporcij\u0101m rada ide\u0101lu vietu atp\u016btai un relaks\u0101cijai. Premium materi\u0101li garant\u0113 iztur\u012bbu, un re\u017e\u012bms...","breadcrumb":{"@id":"https:\/\/brilune.eu\/lv\/product\/samta-gulta-3\/#breadcrumb"},"inLanguage":"lv-LV","potentialAction":[{"@type":"ReadAction","target":["https:\/\/brilune.eu\/lv\/product\/samta-gulta-3\/"]}]},{"@type":"ImageObject","inLanguage":"lv-LV","@id":"https:\/\/brilune.eu\/lv\/product\/samta-gulta-3\/#primaryimage","url":"https:\/\/brilune.eu\/wp-content\/uploads\/2025\/01\/lucas-bed-grey-150cm-233406_2048x2048.jpg","contentUrl":"https:\/\/brilune.eu\/wp-content\/uploads\/2025\/01\/lucas-bed-grey-150cm-233406_2048x2048.jpg","width":2048,"height":2048},{"@type":"BreadcrumbList","@id":"https:\/\/brilune.eu\/lv\/product\/samta-gulta-3\/#breadcrumb","itemListElement":[{"@type":"ListItem","position":1,"name":"S\u0101kums","item":"https:\/\/brilune.eu\/lv\/brilune-mebeles\/"},{"@type":"ListItem","position":2,"name":"Visi produkti","item":"https:\/\/brilune.eu\/lv\/shop\/"},{"@type":"ListItem","position":3,"name":"Samta gulta"}]},{"@type":"WebSite","@id":"https:\/\/brilune.eu\/lv\/#website","url":"https:\/\/brilune.eu\/lv\/","name":"Brilune","description":"M\u0113s pied\u0101v\u0101jam unik\u0101lus un nebiju\u0161us dizainus, kas apvieno eleganci, funkcionalit\u0101ti un rado\u0161umu.","potentialAction":[{"@type":"SearchAction","target":{"@type":"EntryPoint","urlTemplate":"https:\/\/brilune.eu\/lv\/?s={search_term_string}"},"query-input":{"@type":"PropertyValueSpecification","valueRequired":true,"valueName":"search_term_string"}}],"inLanguage":"lv-LV"}]}},"jetpack_sharing_enabled":true,"_links":{"self":[{"href":"https:\/\/brilune.eu\/lv\/wp-json\/wp\/v2\/product\/37976","targetHints":{"allow":["GET"]}}],"collection":[{"href":"https:\/\/brilune.eu\/lv\/wp-json\/wp\/v2\/product"}],"about":[{"href":"https:\/\/brilune.eu\/lv\/wp-json\/wp\/v2\/types\/product"}],"replies":[{"embeddable":true,"href":"https:\/\/brilune.eu\/lv\/wp-json\/wp\/v2\/comments?post=37976"}],"version-history":[{"count":1,"href":"https:\/\/brilune.eu\/lv\/wp-json\/wp\/v2\/product\/37976\/revisions"}],"predecessor-version":[{"id":38026,"href":"https:\/\/brilune.eu\/lv\/wp-json\/wp\/v2\/product\/37976\/revisions\/38026"}],"wp:featuredmedia":[{"embeddable":true,"href":"https:\/\/brilune.eu\/lv\/wp-json\/wp\/v2\/media\/8736"}],"wp:attachment":[{"href":"https:\/\/brilune.eu\/lv\/wp-json\/wp\/v2\/media?parent=37976"}],"wp:term":[{"taxonomy":"product_brand","embeddable":true,"href":"https:\/\/brilune.eu\/lv\/wp-json\/wp\/v2\/product_brand?post=37976"},{"taxonomy":"product_cat","embeddable":true,"href":"https:\/\/brilune.eu\/lv\/wp-json\/wp\/v2\/product_cat?post=37976"},{"taxonomy":"product_tag","embeddable":true,"href":"https:\/\/brilune.eu\/lv\/wp-json\/wp\/v2\/product_tag?post=37976"}],"curies":[{"name":"wp","href":"https:\/\/api.w.org\/{rel}","templated":true}]}}