{"id":37959,"date":"2025-02-19T12:30:34","date_gmt":"2025-02-19T10:30:34","guid":{"rendered":"https:\/\/brilune.eu\/?post_type=product&#038;p=37959"},"modified":"2025-02-19T12:43:29","modified_gmt":"2025-02-19T10:43:29","slug":"divu-naktsgaldinu-komplekts","status":"publish","type":"product","link":"https:\/\/brilune.eu\/lv\/product\/divu-naktsgaldinu-komplekts\/","title":{"rendered":"Divu naktsgaldi\u0146u komplekts"},"content":{"rendered":"<p>\u0160is stil\u012bgais naktsgaldi\u0146\u0161 ir ide\u0101ls papildin\u0101jums jebkuram interjeram, apvienojot eleganci un praktiskumu. T\u0101 glud\u0101 virsma un gludais dizains nodro\u0161ina ne tikai \u0113rtu uzglab\u0101\u0161anu, bet ar\u012b izdai\u013co telpu, padarot to \u0113rt\u0101ku un sak\u0101rtot\u0101ku. Piem\u0113rots gan gu\u013camistabai, gan viesistabai, nodro\u0161inot \u0113rtu piek\u013cuvi nepiecie\u0161amajiem s\u012bkumiem.<\/p>\n<p>Materi\u0101ls: m\u012bksts polster\u0113jums, koka konstrukcija.<br \/>\nIzm\u0113rs: 52\u00d740\u00d745 cm.<\/p>\n","protected":false},"excerpt":{"rendered":"<p>\u0160is stil\u012bgais naktsgaldi\u0146\u0161 ir ide\u0101ls papildin\u0101jums jebkuram interjeram, apvienojot eleganci un praktiskumu. T\u0101 glud\u0101 virsma un gludais dizains nodro\u0161ina ne tikai kop\u012bgu&#8230;<\/p>\n","protected":false},"featured_media":8715,"comment_status":"open","ping_status":"closed","template":"","meta":[],"product_brand":[],"product_cat":[5482,1671],"product_tag":[],"class_list":{"0":"post-37959","1":"product","2":"type-product","3":"status-publish","4":"has-post-thumbnail","6":"product_cat-gulta-gultas-9","7":"product_cat-gulta","9":"first","10":"instock","11":"shipping-taxable","12":"purchasable","13":"product-type-simple"},"yoast_head":"<!-- This site is optimized with the Yoast SEO plugin v26.0 - https:\/\/yoast.com\/wordpress\/plugins\/seo\/ -->\n<title>Divu naktsgaldi\u0146u komplekts<\/title>\n<meta name=\"description\" content=\"\u0160is stil\u012bgais naktsgaldi\u0146\u0161 ir ide\u0101ls papildin\u0101jums jebkuram interjeram, apvienojot eleganci un praktiskumu. T\u0101 glud\u0101 virsma un gludais dizains nodro\u0161ina ne tikai kop\u012bgu...\" \/>\n<meta name=\"robots\" content=\"index, follow, max-snippet:-1, max-image-preview:large, max-video-preview:-1\" \/>\n<link rel=\"canonical\" href=\"https:\/\/brilune.eu\/lv\/product\/divu-naktsgaldinu-komplekts\/\" \/>\n<meta property=\"og:locale\" content=\"lv_LV\" \/>\n<meta property=\"og:type\" content=\"article\" \/>\n<meta property=\"og:title\" content=\"Divu naktsgaldi\u0146u komplekts\" \/>\n<meta property=\"og:description\" content=\"\u0160is stil\u012bgais naktsgaldi\u0146\u0161 ir ide\u0101ls papildin\u0101jums jebkuram interjeram, apvienojot eleganci un praktiskumu. T\u0101 glud\u0101 virsma un gludais dizains nodro\u0161ina ne tikai kop\u012bgu...\" \/>\n<meta property=\"og:url\" content=\"https:\/\/brilune.eu\/lv\/product\/divu-naktsgaldinu-komplekts\/\" \/>\n<meta property=\"og:site_name\" content=\"Brilune\" \/>\n<meta property=\"article:modified_time\" content=\"2025-02-19T10:43:29+00:00\" \/>\n<meta property=\"og:image\" content=\"https:\/\/brilune.eu\/wp-content\/uploads\/2025\/01\/valentine-bed-king-263350_2048x2048.jpg\" \/>\n\t<meta property=\"og:image:width\" content=\"2048\" \/>\n\t<meta property=\"og:image:height\" content=\"2048\" \/>\n\t<meta property=\"og:image:type\" content=\"image\/jpeg\" \/>\n<meta name=\"twitter:card\" content=\"summary_large_image\" \/>\n<script type=\"application\/ld+json\" class=\"yoast-schema-graph\">{\"@context\":\"https:\/\/schema.org\",\"@graph\":[{\"@type\":\"WebPage\",\"@id\":\"https:\/\/brilune.eu\/lv\/product\/divu-naktsgaldinu-komplekts\/\",\"url\":\"https:\/\/brilune.eu\/lv\/product\/divu-naktsgaldinu-komplekts\/\",\"name\":\"Divu naktsgaldi\u0146u komplekts\",\"isPartOf\":{\"@id\":\"https:\/\/brilune.eu\/lv\/#website\"},\"primaryImageOfPage\":{\"@id\":\"https:\/\/brilune.eu\/lv\/product\/divu-naktsgaldinu-komplekts\/#primaryimage\"},\"image\":{\"@id\":\"https:\/\/brilune.eu\/lv\/product\/divu-naktsgaldinu-komplekts\/#primaryimage\"},\"thumbnailUrl\":\"https:\/\/brilune.eu\/wp-content\/uploads\/2025\/01\/valentine-bed-king-263350_2048x2048.jpg\",\"datePublished\":\"2025-02-19T10:30:34+00:00\",\"dateModified\":\"2025-02-19T10:43:29+00:00\",\"description\":\"\u0160is stil\u012bgais naktsgaldi\u0146\u0161 ir ide\u0101ls papildin\u0101jums jebkuram interjeram, apvienojot eleganci un praktiskumu. T\u0101 glud\u0101 virsma un gludais dizains nodro\u0161ina ne tikai kop\u012bgu...\",\"breadcrumb\":{\"@id\":\"https:\/\/brilune.eu\/lv\/product\/divu-naktsgaldinu-komplekts\/#breadcrumb\"},\"inLanguage\":\"lv-LV\",\"potentialAction\":[{\"@type\":\"ReadAction\",\"target\":[\"https:\/\/brilune.eu\/lv\/product\/divu-naktsgaldinu-komplekts\/\"]}]},{\"@type\":\"ImageObject\",\"inLanguage\":\"lv-LV\",\"@id\":\"https:\/\/brilune.eu\/lv\/product\/divu-naktsgaldinu-komplekts\/#primaryimage\",\"url\":\"https:\/\/brilune.eu\/wp-content\/uploads\/2025\/01\/valentine-bed-king-263350_2048x2048.jpg\",\"contentUrl\":\"https:\/\/brilune.eu\/wp-content\/uploads\/2025\/01\/valentine-bed-king-263350_2048x2048.jpg\",\"width\":2048,\"height\":2048},{\"@type\":\"BreadcrumbList\",\"@id\":\"https:\/\/brilune.eu\/lv\/product\/divu-naktsgaldinu-komplekts\/#breadcrumb\",\"itemListElement\":[{\"@type\":\"ListItem\",\"position\":1,\"name\":\"S\u0101kums\",\"item\":\"https:\/\/brilune.eu\/lv\/brilune-mebeles\/\"},{\"@type\":\"ListItem\",\"position\":2,\"name\":\"Visi produkti\",\"item\":\"https:\/\/brilune.eu\/lv\/shop\/\"},{\"@type\":\"ListItem\",\"position\":3,\"name\":\"Divu naktsgaldi\u0146u komplekts\"}]},{\"@type\":\"WebSite\",\"@id\":\"https:\/\/brilune.eu\/lv\/#website\",\"url\":\"https:\/\/brilune.eu\/lv\/\",\"name\":\"Brilune\",\"description\":\"M\u0113s pied\u0101v\u0101jam unik\u0101lus un nebiju\u0161us dizainus, kas apvieno eleganci, funkcionalit\u0101ti un rado\u0161umu.\",\"potentialAction\":[{\"@type\":\"SearchAction\",\"target\":{\"@type\":\"EntryPoint\",\"urlTemplate\":\"https:\/\/brilune.eu\/lv\/?s={search_term_string}\"},\"query-input\":{\"@type\":\"PropertyValueSpecification\",\"valueRequired\":true,\"valueName\":\"search_term_string\"}}],\"inLanguage\":\"lv-LV\"}]}<\/script>\n<!-- \/ Yoast SEO plugin. -->","yoast_head_json":{"title":"Divu naktsgaldi\u0146u komplekts","description":"\u0160is stil\u012bgais naktsgaldi\u0146\u0161 ir ide\u0101ls papildin\u0101jums jebkuram interjeram, apvienojot eleganci un praktiskumu. T\u0101 glud\u0101 virsma un gludais dizains nodro\u0161ina ne tikai kop\u012bgu...","robots":{"index":"index","follow":"follow","max-snippet":"max-snippet:-1","max-image-preview":"max-image-preview:large","max-video-preview":"max-video-preview:-1"},"canonical":"https:\/\/brilune.eu\/lv\/product\/divu-naktsgaldinu-komplekts\/","og_locale":"lv_LV","og_type":"article","og_title":"Divu naktsgaldi\u0146u komplekts","og_description":"\u0160is stil\u012bgais naktsgaldi\u0146\u0161 ir ide\u0101ls papildin\u0101jums jebkuram interjeram, apvienojot eleganci un praktiskumu. T\u0101 glud\u0101 virsma un gludais dizains nodro\u0161ina ne tikai kop\u012bgu...","og_url":"https:\/\/brilune.eu\/lv\/product\/divu-naktsgaldinu-komplekts\/","og_site_name":"Brilune","article_modified_time":"2025-02-19T10:43:29+00:00","og_image":[{"width":2048,"height":2048,"url":"https:\/\/brilune.eu\/wp-content\/uploads\/2025\/01\/valentine-bed-king-263350_2048x2048.jpg","type":"image\/jpeg"}],"twitter_card":"summary_large_image","schema":{"@context":"https:\/\/schema.org","@graph":[{"@type":"WebPage","@id":"https:\/\/brilune.eu\/lv\/product\/divu-naktsgaldinu-komplekts\/","url":"https:\/\/brilune.eu\/lv\/product\/divu-naktsgaldinu-komplekts\/","name":"Divu naktsgaldi\u0146u komplekts","isPartOf":{"@id":"https:\/\/brilune.eu\/lv\/#website"},"primaryImageOfPage":{"@id":"https:\/\/brilune.eu\/lv\/product\/divu-naktsgaldinu-komplekts\/#primaryimage"},"image":{"@id":"https:\/\/brilune.eu\/lv\/product\/divu-naktsgaldinu-komplekts\/#primaryimage"},"thumbnailUrl":"https:\/\/brilune.eu\/wp-content\/uploads\/2025\/01\/valentine-bed-king-263350_2048x2048.jpg","datePublished":"2025-02-19T10:30:34+00:00","dateModified":"2025-02-19T10:43:29+00:00","description":"\u0160is stil\u012bgais naktsgaldi\u0146\u0161 ir ide\u0101ls papildin\u0101jums jebkuram interjeram, apvienojot eleganci un praktiskumu. T\u0101 glud\u0101 virsma un gludais dizains nodro\u0161ina ne tikai kop\u012bgu...","breadcrumb":{"@id":"https:\/\/brilune.eu\/lv\/product\/divu-naktsgaldinu-komplekts\/#breadcrumb"},"inLanguage":"lv-LV","potentialAction":[{"@type":"ReadAction","target":["https:\/\/brilune.eu\/lv\/product\/divu-naktsgaldinu-komplekts\/"]}]},{"@type":"ImageObject","inLanguage":"lv-LV","@id":"https:\/\/brilune.eu\/lv\/product\/divu-naktsgaldinu-komplekts\/#primaryimage","url":"https:\/\/brilune.eu\/wp-content\/uploads\/2025\/01\/valentine-bed-king-263350_2048x2048.jpg","contentUrl":"https:\/\/brilune.eu\/wp-content\/uploads\/2025\/01\/valentine-bed-king-263350_2048x2048.jpg","width":2048,"height":2048},{"@type":"BreadcrumbList","@id":"https:\/\/brilune.eu\/lv\/product\/divu-naktsgaldinu-komplekts\/#breadcrumb","itemListElement":[{"@type":"ListItem","position":1,"name":"S\u0101kums","item":"https:\/\/brilune.eu\/lv\/brilune-mebeles\/"},{"@type":"ListItem","position":2,"name":"Visi produkti","item":"https:\/\/brilune.eu\/lv\/shop\/"},{"@type":"ListItem","position":3,"name":"Divu naktsgaldi\u0146u komplekts"}]},{"@type":"WebSite","@id":"https:\/\/brilune.eu\/lv\/#website","url":"https:\/\/brilune.eu\/lv\/","name":"Brilune","description":"M\u0113s pied\u0101v\u0101jam unik\u0101lus un nebiju\u0161us dizainus, kas apvieno eleganci, funkcionalit\u0101ti un rado\u0161umu.","potentialAction":[{"@type":"SearchAction","target":{"@type":"EntryPoint","urlTemplate":"https:\/\/brilune.eu\/lv\/?s={search_term_string}"},"query-input":{"@type":"PropertyValueSpecification","valueRequired":true,"valueName":"search_term_string"}}],"inLanguage":"lv-LV"}]}},"jetpack_sharing_enabled":true,"_links":{"self":[{"href":"https:\/\/brilune.eu\/lv\/wp-json\/wp\/v2\/product\/37959","targetHints":{"allow":["GET"]}}],"collection":[{"href":"https:\/\/brilune.eu\/lv\/wp-json\/wp\/v2\/product"}],"about":[{"href":"https:\/\/brilune.eu\/lv\/wp-json\/wp\/v2\/types\/product"}],"replies":[{"embeddable":true,"href":"https:\/\/brilune.eu\/lv\/wp-json\/wp\/v2\/comments?post=37959"}],"version-history":[{"count":1,"href":"https:\/\/brilune.eu\/lv\/wp-json\/wp\/v2\/product\/37959\/revisions"}],"predecessor-version":[{"id":38017,"href":"https:\/\/brilune.eu\/lv\/wp-json\/wp\/v2\/product\/37959\/revisions\/38017"}],"wp:featuredmedia":[{"embeddable":true,"href":"https:\/\/brilune.eu\/lv\/wp-json\/wp\/v2\/media\/8715"}],"wp:attachment":[{"href":"https:\/\/brilune.eu\/lv\/wp-json\/wp\/v2\/media?parent=37959"}],"wp:term":[{"taxonomy":"product_brand","embeddable":true,"href":"https:\/\/brilune.eu\/lv\/wp-json\/wp\/v2\/product_brand?post=37959"},{"taxonomy":"product_cat","embeddable":true,"href":"https:\/\/brilune.eu\/lv\/wp-json\/wp\/v2\/product_cat?post=37959"},{"taxonomy":"product_tag","embeddable":true,"href":"https:\/\/brilune.eu\/lv\/wp-json\/wp\/v2\/product_tag?post=37959"}],"curies":[{"name":"wp","href":"https:\/\/api.w.org\/{rel}","templated":true}]}}