{"id":37942,"date":"2025-02-19T12:30:10","date_gmt":"2025-02-19T10:30:10","guid":{"rendered":"https:\/\/brilune.eu\/?post_type=product&#038;p=37942"},"modified":"2025-02-19T12:43:24","modified_gmt":"2025-02-19T10:43:24","slug":"miksts-stura-kresls","status":"publish","type":"product","link":"https:\/\/brilune.eu\/lv\/product\/miksts-stura-kresls\/","title":{"rendered":"M\u012bksts st\u016bra kr\u0113sls"},"content":{"rendered":"<p>Iepaz\u012bstin\u0101m ar st\u016bra kr\u0113slu, kas ir gudrs un \u0113rts papildin\u0101jums j\u016bsu m\u0101j\u0101m. \u0160is kr\u0113sls ir ide\u0101li piem\u0113rots 90\u00a0gr\u0101du le\u0146\u0137iem, jo \u200b\u200btas maksim\u0101li palielina telpu un pie\u0161\u0137ir grezn\u012bbu ar m\u012bksto auduma audumu. Tas lieliski iek\u013caujas ieejas st\u016bros, radot m\u0101j\u012bgu vietu kurpju novilk\u0161anai un uzvilk\u0161anai. Ieg\u0101d\u0101jieties t\u0101du un efekt\u012bvi izmantojiet savu telpu, apvienojot stilu un funkcionalit\u0101ti.<\/p>\n<p>Materi\u0101ls: augsta bl\u012bvuma putas, bukle audums, iztur\u012bga koka konstrukcija;<br \/>\nIzm\u0113rs: 105\u00d7105\u00d776 cm.<\/p>\n","protected":false},"excerpt":{"rendered":"<p>Iepaz\u012bstin\u0101m ar st\u016bra kr\u0113slu, kas ir gudrs un \u0113rts papildin\u0101jums j\u016bsu m\u0101j\u0101m. \u0160is kr\u0113sls, kas ir ide\u0101li piem\u0113rots 90\u00a0gr\u0101du le\u0146\u0137iem, palielina vietu un pie\u0161\u0137ir grezn\u012bbu ar savu d\u012bv\u0101nu&#8230;<\/p>\n","protected":false},"featured_media":7085,"comment_status":"open","ping_status":"closed","template":"","meta":[],"product_brand":[],"product_cat":[1590,5614],"product_tag":[],"class_list":{"0":"post-37942","1":"product","2":"type-product","3":"status-publish","4":"has-post-thumbnail","6":"product_cat-sedeklis-kresli-2","7":"product_cat-sedeklis-kresli-4-2","9":"first","10":"instock","11":"shipping-taxable","12":"purchasable","13":"product-type-simple"},"yoast_head":"<!-- This site is optimized with the Yoast SEO plugin v26.0 - https:\/\/yoast.com\/wordpress\/plugins\/seo\/ -->\n<title>M\u012bksts st\u016bra kr\u0113sls<\/title>\n<meta name=\"description\" content=\"Iepaz\u012bstin\u0101m ar st\u016bra kr\u0113slu, kas ir gudrs un \u0113rts papildin\u0101jums j\u016bsu m\u0101j\u0101m. \u0160is kr\u0113sls, kas ir ide\u0101li piem\u0113rots 90\u00a0gr\u0101du le\u0146\u0137iem, palielina vietu un pie\u0161\u0137ir grezn\u012bbu ar savu d\u012bv\u0101nu...\" \/>\n<meta name=\"robots\" content=\"index, follow, max-snippet:-1, max-image-preview:large, max-video-preview:-1\" \/>\n<link rel=\"canonical\" href=\"https:\/\/brilune.eu\/lv\/product\/miksts-stura-kresls\/\" \/>\n<meta property=\"og:locale\" content=\"lv_LV\" \/>\n<meta property=\"og:type\" content=\"article\" \/>\n<meta property=\"og:title\" content=\"M\u012bksts st\u016bra kr\u0113sls\" \/>\n<meta property=\"og:description\" content=\"Iepaz\u012bstin\u0101m ar st\u016bra kr\u0113slu, kas ir gudrs un \u0113rts papildin\u0101jums j\u016bsu m\u0101j\u0101m. \u0160is kr\u0113sls, kas ir ide\u0101li piem\u0113rots 90\u00a0gr\u0101du le\u0146\u0137iem, palielina vietu un pie\u0161\u0137ir grezn\u012bbu ar savu d\u012bv\u0101nu...\" \/>\n<meta property=\"og:url\" content=\"https:\/\/brilune.eu\/lv\/product\/miksts-stura-kresls\/\" \/>\n<meta property=\"og:site_name\" content=\"Brilune\" \/>\n<meta property=\"article:modified_time\" content=\"2025-02-19T10:43:24+00:00\" \/>\n<meta property=\"og:image\" content=\"https:\/\/brilune.eu\/wp-content\/uploads\/2025\/01\/celine-corner-seat-occasional-chair-608491_2048x2048.jpg\" \/>\n\t<meta property=\"og:image:width\" content=\"800\" \/>\n\t<meta property=\"og:image:height\" content=\"800\" \/>\n\t<meta property=\"og:image:type\" content=\"image\/jpeg\" \/>\n<meta name=\"twitter:card\" content=\"summary_large_image\" \/>\n<script type=\"application\/ld+json\" class=\"yoast-schema-graph\">{\"@context\":\"https:\/\/schema.org\",\"@graph\":[{\"@type\":\"WebPage\",\"@id\":\"https:\/\/brilune.eu\/lv\/product\/miksts-stura-kresls\/\",\"url\":\"https:\/\/brilune.eu\/lv\/product\/miksts-stura-kresls\/\",\"name\":\"M\u012bksts st\u016bra kr\u0113sls\",\"isPartOf\":{\"@id\":\"https:\/\/brilune.eu\/lv\/#website\"},\"primaryImageOfPage\":{\"@id\":\"https:\/\/brilune.eu\/lv\/product\/miksts-stura-kresls\/#primaryimage\"},\"image\":{\"@id\":\"https:\/\/brilune.eu\/lv\/product\/miksts-stura-kresls\/#primaryimage\"},\"thumbnailUrl\":\"https:\/\/brilune.eu\/wp-content\/uploads\/2025\/01\/celine-corner-seat-occasional-chair-608491_2048x2048.jpg\",\"datePublished\":\"2025-02-19T10:30:10+00:00\",\"dateModified\":\"2025-02-19T10:43:24+00:00\",\"description\":\"Iepaz\u012bstin\u0101m ar st\u016bra kr\u0113slu, kas ir gudrs un \u0113rts papildin\u0101jums j\u016bsu m\u0101j\u0101m. \u0160is kr\u0113sls, kas ir ide\u0101li piem\u0113rots 90\u00a0gr\u0101du le\u0146\u0137iem, palielina vietu un pie\u0161\u0137ir grezn\u012bbu ar savu d\u012bv\u0101nu...\",\"breadcrumb\":{\"@id\":\"https:\/\/brilune.eu\/lv\/product\/miksts-stura-kresls\/#breadcrumb\"},\"inLanguage\":\"lv-LV\",\"potentialAction\":[{\"@type\":\"ReadAction\",\"target\":[\"https:\/\/brilune.eu\/lv\/product\/miksts-stura-kresls\/\"]}]},{\"@type\":\"ImageObject\",\"inLanguage\":\"lv-LV\",\"@id\":\"https:\/\/brilune.eu\/lv\/product\/miksts-stura-kresls\/#primaryimage\",\"url\":\"https:\/\/brilune.eu\/wp-content\/uploads\/2025\/01\/celine-corner-seat-occasional-chair-608491_2048x2048.jpg\",\"contentUrl\":\"https:\/\/brilune.eu\/wp-content\/uploads\/2025\/01\/celine-corner-seat-occasional-chair-608491_2048x2048.jpg\",\"width\":800,\"height\":800},{\"@type\":\"BreadcrumbList\",\"@id\":\"https:\/\/brilune.eu\/lv\/product\/miksts-stura-kresls\/#breadcrumb\",\"itemListElement\":[{\"@type\":\"ListItem\",\"position\":1,\"name\":\"S\u0101kums\",\"item\":\"https:\/\/brilune.eu\/lv\/brilune-mebeles\/\"},{\"@type\":\"ListItem\",\"position\":2,\"name\":\"Visi produkti\",\"item\":\"https:\/\/brilune.eu\/lv\/shop\/\"},{\"@type\":\"ListItem\",\"position\":3,\"name\":\"M\u012bksts st\u016bra kr\u0113sls\"}]},{\"@type\":\"WebSite\",\"@id\":\"https:\/\/brilune.eu\/lv\/#website\",\"url\":\"https:\/\/brilune.eu\/lv\/\",\"name\":\"Brilune\",\"description\":\"M\u0113s pied\u0101v\u0101jam unik\u0101lus un nebiju\u0161us dizainus, kas apvieno eleganci, funkcionalit\u0101ti un rado\u0161umu.\",\"potentialAction\":[{\"@type\":\"SearchAction\",\"target\":{\"@type\":\"EntryPoint\",\"urlTemplate\":\"https:\/\/brilune.eu\/lv\/?s={search_term_string}\"},\"query-input\":{\"@type\":\"PropertyValueSpecification\",\"valueRequired\":true,\"valueName\":\"search_term_string\"}}],\"inLanguage\":\"lv-LV\"}]}<\/script>\n<!-- \/ Yoast SEO plugin. -->","yoast_head_json":{"title":"M\u012bksts st\u016bra kr\u0113sls","description":"Iepaz\u012bstin\u0101m ar st\u016bra kr\u0113slu, kas ir gudrs un \u0113rts papildin\u0101jums j\u016bsu m\u0101j\u0101m. \u0160is kr\u0113sls, kas ir ide\u0101li piem\u0113rots 90\u00a0gr\u0101du le\u0146\u0137iem, palielina vietu un pie\u0161\u0137ir grezn\u012bbu ar savu d\u012bv\u0101nu...","robots":{"index":"index","follow":"follow","max-snippet":"max-snippet:-1","max-image-preview":"max-image-preview:large","max-video-preview":"max-video-preview:-1"},"canonical":"https:\/\/brilune.eu\/lv\/product\/miksts-stura-kresls\/","og_locale":"lv_LV","og_type":"article","og_title":"M\u012bksts st\u016bra kr\u0113sls","og_description":"Iepaz\u012bstin\u0101m ar st\u016bra kr\u0113slu, kas ir gudrs un \u0113rts papildin\u0101jums j\u016bsu m\u0101j\u0101m. \u0160is kr\u0113sls, kas ir ide\u0101li piem\u0113rots 90\u00a0gr\u0101du le\u0146\u0137iem, palielina vietu un pie\u0161\u0137ir grezn\u012bbu ar savu d\u012bv\u0101nu...","og_url":"https:\/\/brilune.eu\/lv\/product\/miksts-stura-kresls\/","og_site_name":"Brilune","article_modified_time":"2025-02-19T10:43:24+00:00","og_image":[{"width":800,"height":800,"url":"https:\/\/brilune.eu\/wp-content\/uploads\/2025\/01\/celine-corner-seat-occasional-chair-608491_2048x2048.jpg","type":"image\/jpeg"}],"twitter_card":"summary_large_image","schema":{"@context":"https:\/\/schema.org","@graph":[{"@type":"WebPage","@id":"https:\/\/brilune.eu\/lv\/product\/miksts-stura-kresls\/","url":"https:\/\/brilune.eu\/lv\/product\/miksts-stura-kresls\/","name":"M\u012bksts st\u016bra kr\u0113sls","isPartOf":{"@id":"https:\/\/brilune.eu\/lv\/#website"},"primaryImageOfPage":{"@id":"https:\/\/brilune.eu\/lv\/product\/miksts-stura-kresls\/#primaryimage"},"image":{"@id":"https:\/\/brilune.eu\/lv\/product\/miksts-stura-kresls\/#primaryimage"},"thumbnailUrl":"https:\/\/brilune.eu\/wp-content\/uploads\/2025\/01\/celine-corner-seat-occasional-chair-608491_2048x2048.jpg","datePublished":"2025-02-19T10:30:10+00:00","dateModified":"2025-02-19T10:43:24+00:00","description":"Iepaz\u012bstin\u0101m ar st\u016bra kr\u0113slu, kas ir gudrs un \u0113rts papildin\u0101jums j\u016bsu m\u0101j\u0101m. \u0160is kr\u0113sls, kas ir ide\u0101li piem\u0113rots 90\u00a0gr\u0101du le\u0146\u0137iem, palielina vietu un pie\u0161\u0137ir grezn\u012bbu ar savu d\u012bv\u0101nu...","breadcrumb":{"@id":"https:\/\/brilune.eu\/lv\/product\/miksts-stura-kresls\/#breadcrumb"},"inLanguage":"lv-LV","potentialAction":[{"@type":"ReadAction","target":["https:\/\/brilune.eu\/lv\/product\/miksts-stura-kresls\/"]}]},{"@type":"ImageObject","inLanguage":"lv-LV","@id":"https:\/\/brilune.eu\/lv\/product\/miksts-stura-kresls\/#primaryimage","url":"https:\/\/brilune.eu\/wp-content\/uploads\/2025\/01\/celine-corner-seat-occasional-chair-608491_2048x2048.jpg","contentUrl":"https:\/\/brilune.eu\/wp-content\/uploads\/2025\/01\/celine-corner-seat-occasional-chair-608491_2048x2048.jpg","width":800,"height":800},{"@type":"BreadcrumbList","@id":"https:\/\/brilune.eu\/lv\/product\/miksts-stura-kresls\/#breadcrumb","itemListElement":[{"@type":"ListItem","position":1,"name":"S\u0101kums","item":"https:\/\/brilune.eu\/lv\/brilune-mebeles\/"},{"@type":"ListItem","position":2,"name":"Visi produkti","item":"https:\/\/brilune.eu\/lv\/shop\/"},{"@type":"ListItem","position":3,"name":"M\u012bksts st\u016bra kr\u0113sls"}]},{"@type":"WebSite","@id":"https:\/\/brilune.eu\/lv\/#website","url":"https:\/\/brilune.eu\/lv\/","name":"Brilune","description":"M\u0113s pied\u0101v\u0101jam unik\u0101lus un nebiju\u0161us dizainus, kas apvieno eleganci, funkcionalit\u0101ti un rado\u0161umu.","potentialAction":[{"@type":"SearchAction","target":{"@type":"EntryPoint","urlTemplate":"https:\/\/brilune.eu\/lv\/?s={search_term_string}"},"query-input":{"@type":"PropertyValueSpecification","valueRequired":true,"valueName":"search_term_string"}}],"inLanguage":"lv-LV"}]}},"jetpack_sharing_enabled":true,"_links":{"self":[{"href":"https:\/\/brilune.eu\/lv\/wp-json\/wp\/v2\/product\/37942","targetHints":{"allow":["GET"]}}],"collection":[{"href":"https:\/\/brilune.eu\/lv\/wp-json\/wp\/v2\/product"}],"about":[{"href":"https:\/\/brilune.eu\/lv\/wp-json\/wp\/v2\/types\/product"}],"replies":[{"embeddable":true,"href":"https:\/\/brilune.eu\/lv\/wp-json\/wp\/v2\/comments?post=37942"}],"version-history":[{"count":1,"href":"https:\/\/brilune.eu\/lv\/wp-json\/wp\/v2\/product\/37942\/revisions"}],"predecessor-version":[{"id":37997,"href":"https:\/\/brilune.eu\/lv\/wp-json\/wp\/v2\/product\/37942\/revisions\/37997"}],"wp:featuredmedia":[{"embeddable":true,"href":"https:\/\/brilune.eu\/lv\/wp-json\/wp\/v2\/media\/7085"}],"wp:attachment":[{"href":"https:\/\/brilune.eu\/lv\/wp-json\/wp\/v2\/media?parent=37942"}],"wp:term":[{"taxonomy":"product_brand","embeddable":true,"href":"https:\/\/brilune.eu\/lv\/wp-json\/wp\/v2\/product_brand?post=37942"},{"taxonomy":"product_cat","embeddable":true,"href":"https:\/\/brilune.eu\/lv\/wp-json\/wp\/v2\/product_cat?post=37942"},{"taxonomy":"product_tag","embeddable":true,"href":"https:\/\/brilune.eu\/lv\/wp-json\/wp\/v2\/product_tag?post=37942"}],"curies":[{"name":"wp","href":"https:\/\/api.w.org\/{rel}","templated":true}]}}