{"id":37939,"date":"2025-02-19T12:30:09","date_gmt":"2025-02-19T10:30:09","guid":{"rendered":"https:\/\/brilune.eu\/?post_type=product&#038;p=37939"},"modified":"2025-02-19T12:43:22","modified_gmt":"2025-02-19T10:43:22","slug":"pukains-kresls","status":"publish","type":"product","link":"https:\/\/brilune.eu\/lv\/product\/pukains-kresls\/","title":{"rendered":"P\u016bkains kr\u0113sls"},"content":{"rendered":"<p>Izstr\u0101d\u0101ts, r\u016bp\u012bgi piev\u0113r\u0161ot uzman\u012bbu deta\u013c\u0101m, \u0161is kr\u0113sls ir ide\u0101la komforta un stila kombin\u0101cija. T\u0101 \u012bpa\u0161i p\u016bkainais polster\u0113jums nodro\u0161ina nep\u0101rsp\u0113jamu taustes saj\u016btu, aicinot j\u016bs izb\u0113gt no ikdienas steigas un ieiet relaks\u0101cijas valst\u012bb\u0101. Tas ir vair\u0101k nek\u0101 tikai atzveltnes kr\u0113sls \u2013 tas ir komforta osta, kas p\u0101rv\u0113r\u0161 jebkuru telpu par greznu o\u0101zi. Neatkar\u012bgi no t\u0101, vai izrot\u0101t klusu las\u012b\u0161anas kakti\u0146u vai centr\u0101lo vietu k\u0101 pievilc\u012bgu akcentu, \u012bpa\u0161i p\u016bkains kr\u0113sls pie\u0161\u0137irs j\u016bsu dekoram grezn\u012bbas piesk\u0101rienu.<\/p>\n<p>Materi\u0101ls: pl\u012b\u0161a poliestera audums.<br \/>\nIzm\u0113rs: 130\u00d7110\u00d780 cm. <\/p>\n","protected":false},"excerpt":{"rendered":"<p>Izstr\u0101d\u0101ts, r\u016bp\u012bgi piev\u0113r\u0161ot uzman\u012bbu deta\u013c\u0101m, \u0161is kr\u0113sls ir ide\u0101la komforta un stila kombin\u0101cija. T\u0101 \u012bpa\u0161i p\u016bkainais polster\u0113jums nodro\u0161ina nep\u0101rsp\u0113jamu&#8230;<\/p>\n","protected":false},"featured_media":6975,"comment_status":"open","ping_status":"closed","template":"","meta":[],"product_brand":[],"product_cat":[1583,5582],"product_tag":[],"class_list":{"0":"post-37939","1":"product","2":"type-product","3":"status-publish","4":"has-post-thumbnail","6":"product_cat-kresls-kresli-2","7":"product_cat-kresls-kresli-4-2","9":"first","10":"instock","11":"shipping-taxable","12":"purchasable","13":"product-type-simple"},"yoast_head":"<!-- This site is optimized with the Yoast SEO plugin v26.0 - https:\/\/yoast.com\/wordpress\/plugins\/seo\/ -->\n<title>P\u016bkains kr\u0113sls<\/title>\n<meta name=\"description\" content=\"Izstr\u0101d\u0101ts, r\u016bp\u012bgi piev\u0113r\u0161ot uzman\u012bbu deta\u013c\u0101m, \u0161is kr\u0113sls ir ide\u0101la komforta un stila kombin\u0101cija. T\u0101 \u012bpa\u0161i p\u016bkainais polster\u0113jums nodro\u0161ina nep\u0101rsp\u0113jamu...\" \/>\n<meta name=\"robots\" content=\"index, follow, max-snippet:-1, max-image-preview:large, max-video-preview:-1\" \/>\n<link rel=\"canonical\" href=\"https:\/\/brilune.eu\/lv\/product\/pukains-kresls\/\" \/>\n<meta property=\"og:locale\" content=\"lv_LV\" \/>\n<meta property=\"og:type\" content=\"article\" \/>\n<meta property=\"og:title\" content=\"P\u016bkains kr\u0113sls\" \/>\n<meta property=\"og:description\" content=\"Izstr\u0101d\u0101ts, r\u016bp\u012bgi piev\u0113r\u0161ot uzman\u012bbu deta\u013c\u0101m, \u0161is kr\u0113sls ir ide\u0101la komforta un stila kombin\u0101cija. T\u0101 \u012bpa\u0161i p\u016bkainais polster\u0113jums nodro\u0161ina nep\u0101rsp\u0113jamu...\" \/>\n<meta property=\"og:url\" content=\"https:\/\/brilune.eu\/lv\/product\/pukains-kresls\/\" \/>\n<meta property=\"og:site_name\" content=\"Brilune\" \/>\n<meta property=\"article:modified_time\" content=\"2025-02-19T10:43:22+00:00\" \/>\n<meta property=\"og:image\" content=\"https:\/\/brilune.eu\/wp-content\/uploads\/2025\/01\/olivia-occasional-chair-occasional-chair-196082_2048x2048.jpg\" \/>\n\t<meta property=\"og:image:width\" content=\"2048\" \/>\n\t<meta property=\"og:image:height\" content=\"2048\" \/>\n\t<meta property=\"og:image:type\" content=\"image\/jpeg\" \/>\n<meta name=\"twitter:card\" content=\"summary_large_image\" \/>\n<meta name=\"twitter:label1\" content=\"Est. reading time\" \/>\n\t<meta name=\"twitter:data1\" content=\"1 minute\" \/>\n<script type=\"application\/ld+json\" class=\"yoast-schema-graph\">{\"@context\":\"https:\/\/schema.org\",\"@graph\":[{\"@type\":\"WebPage\",\"@id\":\"https:\/\/brilune.eu\/lv\/product\/pukains-kresls\/\",\"url\":\"https:\/\/brilune.eu\/lv\/product\/pukains-kresls\/\",\"name\":\"P\u016bkains kr\u0113sls\",\"isPartOf\":{\"@id\":\"https:\/\/brilune.eu\/lv\/#website\"},\"primaryImageOfPage\":{\"@id\":\"https:\/\/brilune.eu\/lv\/product\/pukains-kresls\/#primaryimage\"},\"image\":{\"@id\":\"https:\/\/brilune.eu\/lv\/product\/pukains-kresls\/#primaryimage\"},\"thumbnailUrl\":\"https:\/\/brilune.eu\/wp-content\/uploads\/2025\/01\/olivia-occasional-chair-occasional-chair-196082_2048x2048.jpg\",\"datePublished\":\"2025-02-19T10:30:09+00:00\",\"dateModified\":\"2025-02-19T10:43:22+00:00\",\"description\":\"Izstr\u0101d\u0101ts, r\u016bp\u012bgi piev\u0113r\u0161ot uzman\u012bbu deta\u013c\u0101m, \u0161is kr\u0113sls ir ide\u0101la komforta un stila kombin\u0101cija. T\u0101 \u012bpa\u0161i p\u016bkainais polster\u0113jums nodro\u0161ina nep\u0101rsp\u0113jamu...\",\"breadcrumb\":{\"@id\":\"https:\/\/brilune.eu\/lv\/product\/pukains-kresls\/#breadcrumb\"},\"inLanguage\":\"lv-LV\",\"potentialAction\":[{\"@type\":\"ReadAction\",\"target\":[\"https:\/\/brilune.eu\/lv\/product\/pukains-kresls\/\"]}]},{\"@type\":\"ImageObject\",\"inLanguage\":\"lv-LV\",\"@id\":\"https:\/\/brilune.eu\/lv\/product\/pukains-kresls\/#primaryimage\",\"url\":\"https:\/\/brilune.eu\/wp-content\/uploads\/2025\/01\/olivia-occasional-chair-occasional-chair-196082_2048x2048.jpg\",\"contentUrl\":\"https:\/\/brilune.eu\/wp-content\/uploads\/2025\/01\/olivia-occasional-chair-occasional-chair-196082_2048x2048.jpg\",\"width\":2048,\"height\":2048},{\"@type\":\"BreadcrumbList\",\"@id\":\"https:\/\/brilune.eu\/lv\/product\/pukains-kresls\/#breadcrumb\",\"itemListElement\":[{\"@type\":\"ListItem\",\"position\":1,\"name\":\"S\u0101kums\",\"item\":\"https:\/\/brilune.eu\/lv\/brilune-mebeles\/\"},{\"@type\":\"ListItem\",\"position\":2,\"name\":\"Visi produkti\",\"item\":\"https:\/\/brilune.eu\/lv\/shop\/\"},{\"@type\":\"ListItem\",\"position\":3,\"name\":\"P\u016bkains kr\u0113sls\"}]},{\"@type\":\"WebSite\",\"@id\":\"https:\/\/brilune.eu\/lv\/#website\",\"url\":\"https:\/\/brilune.eu\/lv\/\",\"name\":\"Brilune\",\"description\":\"M\u0113s pied\u0101v\u0101jam unik\u0101lus un nebiju\u0161us dizainus, kas apvieno eleganci, funkcionalit\u0101ti un rado\u0161umu.\",\"potentialAction\":[{\"@type\":\"SearchAction\",\"target\":{\"@type\":\"EntryPoint\",\"urlTemplate\":\"https:\/\/brilune.eu\/lv\/?s={search_term_string}\"},\"query-input\":{\"@type\":\"PropertyValueSpecification\",\"valueRequired\":true,\"valueName\":\"search_term_string\"}}],\"inLanguage\":\"lv-LV\"}]}<\/script>\n<!-- \/ Yoast SEO plugin. -->","yoast_head_json":{"title":"P\u016bkains kr\u0113sls","description":"Izstr\u0101d\u0101ts, r\u016bp\u012bgi piev\u0113r\u0161ot uzman\u012bbu deta\u013c\u0101m, \u0161is kr\u0113sls ir ide\u0101la komforta un stila kombin\u0101cija. T\u0101 \u012bpa\u0161i p\u016bkainais polster\u0113jums nodro\u0161ina nep\u0101rsp\u0113jamu...","robots":{"index":"index","follow":"follow","max-snippet":"max-snippet:-1","max-image-preview":"max-image-preview:large","max-video-preview":"max-video-preview:-1"},"canonical":"https:\/\/brilune.eu\/lv\/product\/pukains-kresls\/","og_locale":"lv_LV","og_type":"article","og_title":"P\u016bkains kr\u0113sls","og_description":"Izstr\u0101d\u0101ts, r\u016bp\u012bgi piev\u0113r\u0161ot uzman\u012bbu deta\u013c\u0101m, \u0161is kr\u0113sls ir ide\u0101la komforta un stila kombin\u0101cija. T\u0101 \u012bpa\u0161i p\u016bkainais polster\u0113jums nodro\u0161ina nep\u0101rsp\u0113jamu...","og_url":"https:\/\/brilune.eu\/lv\/product\/pukains-kresls\/","og_site_name":"Brilune","article_modified_time":"2025-02-19T10:43:22+00:00","og_image":[{"width":2048,"height":2048,"url":"https:\/\/brilune.eu\/wp-content\/uploads\/2025\/01\/olivia-occasional-chair-occasional-chair-196082_2048x2048.jpg","type":"image\/jpeg"}],"twitter_card":"summary_large_image","twitter_misc":{"Est. reading time":"1 minute"},"schema":{"@context":"https:\/\/schema.org","@graph":[{"@type":"WebPage","@id":"https:\/\/brilune.eu\/lv\/product\/pukains-kresls\/","url":"https:\/\/brilune.eu\/lv\/product\/pukains-kresls\/","name":"P\u016bkains kr\u0113sls","isPartOf":{"@id":"https:\/\/brilune.eu\/lv\/#website"},"primaryImageOfPage":{"@id":"https:\/\/brilune.eu\/lv\/product\/pukains-kresls\/#primaryimage"},"image":{"@id":"https:\/\/brilune.eu\/lv\/product\/pukains-kresls\/#primaryimage"},"thumbnailUrl":"https:\/\/brilune.eu\/wp-content\/uploads\/2025\/01\/olivia-occasional-chair-occasional-chair-196082_2048x2048.jpg","datePublished":"2025-02-19T10:30:09+00:00","dateModified":"2025-02-19T10:43:22+00:00","description":"Izstr\u0101d\u0101ts, r\u016bp\u012bgi piev\u0113r\u0161ot uzman\u012bbu deta\u013c\u0101m, \u0161is kr\u0113sls ir ide\u0101la komforta un stila kombin\u0101cija. T\u0101 \u012bpa\u0161i p\u016bkainais polster\u0113jums nodro\u0161ina nep\u0101rsp\u0113jamu...","breadcrumb":{"@id":"https:\/\/brilune.eu\/lv\/product\/pukains-kresls\/#breadcrumb"},"inLanguage":"lv-LV","potentialAction":[{"@type":"ReadAction","target":["https:\/\/brilune.eu\/lv\/product\/pukains-kresls\/"]}]},{"@type":"ImageObject","inLanguage":"lv-LV","@id":"https:\/\/brilune.eu\/lv\/product\/pukains-kresls\/#primaryimage","url":"https:\/\/brilune.eu\/wp-content\/uploads\/2025\/01\/olivia-occasional-chair-occasional-chair-196082_2048x2048.jpg","contentUrl":"https:\/\/brilune.eu\/wp-content\/uploads\/2025\/01\/olivia-occasional-chair-occasional-chair-196082_2048x2048.jpg","width":2048,"height":2048},{"@type":"BreadcrumbList","@id":"https:\/\/brilune.eu\/lv\/product\/pukains-kresls\/#breadcrumb","itemListElement":[{"@type":"ListItem","position":1,"name":"S\u0101kums","item":"https:\/\/brilune.eu\/lv\/brilune-mebeles\/"},{"@type":"ListItem","position":2,"name":"Visi produkti","item":"https:\/\/brilune.eu\/lv\/shop\/"},{"@type":"ListItem","position":3,"name":"P\u016bkains kr\u0113sls"}]},{"@type":"WebSite","@id":"https:\/\/brilune.eu\/lv\/#website","url":"https:\/\/brilune.eu\/lv\/","name":"Brilune","description":"M\u0113s pied\u0101v\u0101jam unik\u0101lus un nebiju\u0161us dizainus, kas apvieno eleganci, funkcionalit\u0101ti un rado\u0161umu.","potentialAction":[{"@type":"SearchAction","target":{"@type":"EntryPoint","urlTemplate":"https:\/\/brilune.eu\/lv\/?s={search_term_string}"},"query-input":{"@type":"PropertyValueSpecification","valueRequired":true,"valueName":"search_term_string"}}],"inLanguage":"lv-LV"}]}},"jetpack_sharing_enabled":true,"_links":{"self":[{"href":"https:\/\/brilune.eu\/lv\/wp-json\/wp\/v2\/product\/37939","targetHints":{"allow":["GET"]}}],"collection":[{"href":"https:\/\/brilune.eu\/lv\/wp-json\/wp\/v2\/product"}],"about":[{"href":"https:\/\/brilune.eu\/lv\/wp-json\/wp\/v2\/types\/product"}],"replies":[{"embeddable":true,"href":"https:\/\/brilune.eu\/lv\/wp-json\/wp\/v2\/comments?post=37939"}],"version-history":[{"count":1,"href":"https:\/\/brilune.eu\/lv\/wp-json\/wp\/v2\/product\/37939\/revisions"}],"predecessor-version":[{"id":37985,"href":"https:\/\/brilune.eu\/lv\/wp-json\/wp\/v2\/product\/37939\/revisions\/37985"}],"wp:featuredmedia":[{"embeddable":true,"href":"https:\/\/brilune.eu\/lv\/wp-json\/wp\/v2\/media\/6975"}],"wp:attachment":[{"href":"https:\/\/brilune.eu\/lv\/wp-json\/wp\/v2\/media?parent=37939"}],"wp:term":[{"taxonomy":"product_brand","embeddable":true,"href":"https:\/\/brilune.eu\/lv\/wp-json\/wp\/v2\/product_brand?post=37939"},{"taxonomy":"product_cat","embeddable":true,"href":"https:\/\/brilune.eu\/lv\/wp-json\/wp\/v2\/product_cat?post=37939"},{"taxonomy":"product_tag","embeddable":true,"href":"https:\/\/brilune.eu\/lv\/wp-json\/wp\/v2\/product_tag?post=37939"}],"curies":[{"name":"wp","href":"https:\/\/api.w.org\/{rel}","templated":true}]}}