{"id":37895,"date":"2025-02-19T12:29:18","date_gmt":"2025-02-19T10:29:18","guid":{"rendered":"https:\/\/brilune.eu\/?post_type=product&#038;p=37895"},"modified":"2025-02-19T12:43:08","modified_gmt":"2025-02-19T10:43:08","slug":"musdienigs-minimalisma-kresls-3","status":"publish","type":"product","link":"https:\/\/brilune.eu\/lv\/product\/musdienigs-minimalisma-kresls-3\/","title":{"rendered":"M\u016bsdien\u012bgs minim\u0101lisma kr\u0113sls"},"content":{"rendered":"<p>Kur m\u016bsdienu izsmalcin\u0101t\u012bba satiekas ar komfortu. \u0160is kr\u0113sls ir ide\u0101la stila un funkcionalit\u0101tes kombin\u0101cija, un glud\u0101s meln\u0101s k\u0101jas pie\u0161\u0137ir eleganci jebkurai telpai. Est\u0113tikai un komfortam rad\u012btais kr\u0113sls aicina j\u016bs atp\u016bsties m\u016bsdien\u012bg\u0101 grezn\u012bb\u0101. Neatkar\u012bgi no t\u0101, vai t\u0101 ir gr\u0101matas las\u012b\u0161ana vai klusuma br\u012bdis, \u0161\u012b kr\u0113sla \u0113rtais s\u0113dek\u013cu dizains un m\u016bsdien\u012bgais stils padara to par ide\u0101lu papildin\u0101jumu j\u016bsu m\u0101j\u0101m. Uzlabojiet savu interjeru ar \u012bpa\u0161iem gad\u012bjumiem paredz\u0113tu kr\u0113slu un izbaudiet perfektu komforta un stila kombin\u0101ciju.<\/p>\n<p>Materi\u0101ls: ekolo\u0123iska \u0101da, met\u0101la r\u0101mis.<br \/>\nIzm\u0113rs: 73\u00d780\u00d778 cm.<\/p>\n","protected":false},"excerpt":{"rendered":"<p>Kur m\u016bsdienu izsmalcin\u0101t\u012bba satiekas ar komfortu. \u0160is kr\u0113sls ir ide\u0101la stila un funkcionalit\u0101tes kombin\u0101cija, un glud\u0101s meln\u0101s k\u0101jas pie\u0161\u0137ir eleganci jebkurai telpai&#8230;.<\/p>\n","protected":false},"featured_media":6917,"comment_status":"open","ping_status":"closed","template":"","meta":[],"product_brand":[],"product_cat":[1583,5582],"product_tag":[],"class_list":{"0":"post-37895","1":"product","2":"type-product","3":"status-publish","4":"has-post-thumbnail","6":"product_cat-kresls-kresli-2","7":"product_cat-kresls-kresli-4-2","9":"first","10":"instock","11":"shipping-taxable","12":"purchasable","13":"product-type-simple"},"yoast_head":"<!-- This site is optimized with the Yoast SEO plugin v26.0 - https:\/\/yoast.com\/wordpress\/plugins\/seo\/ -->\n<title>M\u016bsdien\u012bgs minim\u0101lisma kr\u0113sls<\/title>\n<meta name=\"description\" content=\"Kur m\u016bsdienu izsmalcin\u0101t\u012bba satiekas ar komfortu. \u0160is kr\u0113sls ir ide\u0101la stila un funkcionalit\u0101tes kombin\u0101cija, un glud\u0101s meln\u0101s k\u0101jas pie\u0161\u0137ir eleganci jebkurai telpai....\" \/>\n<meta name=\"robots\" content=\"index, follow, max-snippet:-1, max-image-preview:large, max-video-preview:-1\" \/>\n<link rel=\"canonical\" href=\"https:\/\/brilune.eu\/lv\/product\/musdienigs-minimalisma-kresls-3\/\" \/>\n<meta property=\"og:locale\" content=\"lv_LV\" \/>\n<meta property=\"og:type\" content=\"article\" \/>\n<meta property=\"og:title\" content=\"M\u016bsdien\u012bgs minim\u0101lisma kr\u0113sls\" \/>\n<meta property=\"og:description\" content=\"Kur m\u016bsdienu izsmalcin\u0101t\u012bba satiekas ar komfortu. \u0160is kr\u0113sls ir ide\u0101la stila un funkcionalit\u0101tes kombin\u0101cija, un glud\u0101s meln\u0101s k\u0101jas pie\u0161\u0137ir eleganci jebkurai telpai....\" \/>\n<meta property=\"og:url\" content=\"https:\/\/brilune.eu\/lv\/product\/musdienigs-minimalisma-kresls-3\/\" \/>\n<meta property=\"og:site_name\" content=\"Brilune\" \/>\n<meta property=\"article:modified_time\" content=\"2025-02-19T10:43:08+00:00\" \/>\n<meta property=\"og:image\" content=\"https:\/\/brilune.eu\/wp-content\/uploads\/2025\/01\/estelle-occasional-chair-occasional-chair-244129_2048x2048.jpg\" \/>\n\t<meta property=\"og:image:width\" content=\"2048\" \/>\n\t<meta property=\"og:image:height\" content=\"2048\" \/>\n\t<meta property=\"og:image:type\" content=\"image\/jpeg\" \/>\n<meta name=\"twitter:card\" content=\"summary_large_image\" \/>\n<meta name=\"twitter:label1\" content=\"Est. reading time\" \/>\n\t<meta name=\"twitter:data1\" content=\"1 minute\" \/>\n<script type=\"application\/ld+json\" class=\"yoast-schema-graph\">{\"@context\":\"https:\/\/schema.org\",\"@graph\":[{\"@type\":\"WebPage\",\"@id\":\"https:\/\/brilune.eu\/lv\/product\/musdienigs-minimalisma-kresls-3\/\",\"url\":\"https:\/\/brilune.eu\/lv\/product\/musdienigs-minimalisma-kresls-3\/\",\"name\":\"M\u016bsdien\u012bgs minim\u0101lisma kr\u0113sls\",\"isPartOf\":{\"@id\":\"https:\/\/brilune.eu\/lv\/#website\"},\"primaryImageOfPage\":{\"@id\":\"https:\/\/brilune.eu\/lv\/product\/musdienigs-minimalisma-kresls-3\/#primaryimage\"},\"image\":{\"@id\":\"https:\/\/brilune.eu\/lv\/product\/musdienigs-minimalisma-kresls-3\/#primaryimage\"},\"thumbnailUrl\":\"https:\/\/brilune.eu\/wp-content\/uploads\/2025\/01\/estelle-occasional-chair-occasional-chair-244129_2048x2048.jpg\",\"datePublished\":\"2025-02-19T10:29:18+00:00\",\"dateModified\":\"2025-02-19T10:43:08+00:00\",\"description\":\"Kur m\u016bsdienu izsmalcin\u0101t\u012bba satiekas ar komfortu. \u0160is kr\u0113sls ir ide\u0101la stila un funkcionalit\u0101tes kombin\u0101cija, un glud\u0101s meln\u0101s k\u0101jas pie\u0161\u0137ir eleganci jebkurai telpai....\",\"breadcrumb\":{\"@id\":\"https:\/\/brilune.eu\/lv\/product\/musdienigs-minimalisma-kresls-3\/#breadcrumb\"},\"inLanguage\":\"lv-LV\",\"potentialAction\":[{\"@type\":\"ReadAction\",\"target\":[\"https:\/\/brilune.eu\/lv\/product\/musdienigs-minimalisma-kresls-3\/\"]}]},{\"@type\":\"ImageObject\",\"inLanguage\":\"lv-LV\",\"@id\":\"https:\/\/brilune.eu\/lv\/product\/musdienigs-minimalisma-kresls-3\/#primaryimage\",\"url\":\"https:\/\/brilune.eu\/wp-content\/uploads\/2025\/01\/estelle-occasional-chair-occasional-chair-244129_2048x2048.jpg\",\"contentUrl\":\"https:\/\/brilune.eu\/wp-content\/uploads\/2025\/01\/estelle-occasional-chair-occasional-chair-244129_2048x2048.jpg\",\"width\":2048,\"height\":2048},{\"@type\":\"BreadcrumbList\",\"@id\":\"https:\/\/brilune.eu\/lv\/product\/musdienigs-minimalisma-kresls-3\/#breadcrumb\",\"itemListElement\":[{\"@type\":\"ListItem\",\"position\":1,\"name\":\"S\u0101kums\",\"item\":\"https:\/\/brilune.eu\/lv\/brilune-mebeles\/\"},{\"@type\":\"ListItem\",\"position\":2,\"name\":\"Visi produkti\",\"item\":\"https:\/\/brilune.eu\/lv\/shop\/\"},{\"@type\":\"ListItem\",\"position\":3,\"name\":\"M\u016bsdien\u012bgs minim\u0101lisma kr\u0113sls\"}]},{\"@type\":\"WebSite\",\"@id\":\"https:\/\/brilune.eu\/lv\/#website\",\"url\":\"https:\/\/brilune.eu\/lv\/\",\"name\":\"Brilune\",\"description\":\"M\u0113s pied\u0101v\u0101jam unik\u0101lus un nebiju\u0161us dizainus, kas apvieno eleganci, funkcionalit\u0101ti un rado\u0161umu.\",\"potentialAction\":[{\"@type\":\"SearchAction\",\"target\":{\"@type\":\"EntryPoint\",\"urlTemplate\":\"https:\/\/brilune.eu\/lv\/?s={search_term_string}\"},\"query-input\":{\"@type\":\"PropertyValueSpecification\",\"valueRequired\":true,\"valueName\":\"search_term_string\"}}],\"inLanguage\":\"lv-LV\"}]}<\/script>\n<!-- \/ Yoast SEO plugin. -->","yoast_head_json":{"title":"M\u016bsdien\u012bgs minim\u0101lisma kr\u0113sls","description":"Kur m\u016bsdienu izsmalcin\u0101t\u012bba satiekas ar komfortu. \u0160is kr\u0113sls ir ide\u0101la stila un funkcionalit\u0101tes kombin\u0101cija, un glud\u0101s meln\u0101s k\u0101jas pie\u0161\u0137ir eleganci jebkurai telpai....","robots":{"index":"index","follow":"follow","max-snippet":"max-snippet:-1","max-image-preview":"max-image-preview:large","max-video-preview":"max-video-preview:-1"},"canonical":"https:\/\/brilune.eu\/lv\/product\/musdienigs-minimalisma-kresls-3\/","og_locale":"lv_LV","og_type":"article","og_title":"M\u016bsdien\u012bgs minim\u0101lisma kr\u0113sls","og_description":"Kur m\u016bsdienu izsmalcin\u0101t\u012bba satiekas ar komfortu. \u0160is kr\u0113sls ir ide\u0101la stila un funkcionalit\u0101tes kombin\u0101cija, un glud\u0101s meln\u0101s k\u0101jas pie\u0161\u0137ir eleganci jebkurai telpai....","og_url":"https:\/\/brilune.eu\/lv\/product\/musdienigs-minimalisma-kresls-3\/","og_site_name":"Brilune","article_modified_time":"2025-02-19T10:43:08+00:00","og_image":[{"width":2048,"height":2048,"url":"https:\/\/brilune.eu\/wp-content\/uploads\/2025\/01\/estelle-occasional-chair-occasional-chair-244129_2048x2048.jpg","type":"image\/jpeg"}],"twitter_card":"summary_large_image","twitter_misc":{"Est. reading time":"1 minute"},"schema":{"@context":"https:\/\/schema.org","@graph":[{"@type":"WebPage","@id":"https:\/\/brilune.eu\/lv\/product\/musdienigs-minimalisma-kresls-3\/","url":"https:\/\/brilune.eu\/lv\/product\/musdienigs-minimalisma-kresls-3\/","name":"M\u016bsdien\u012bgs minim\u0101lisma kr\u0113sls","isPartOf":{"@id":"https:\/\/brilune.eu\/lv\/#website"},"primaryImageOfPage":{"@id":"https:\/\/brilune.eu\/lv\/product\/musdienigs-minimalisma-kresls-3\/#primaryimage"},"image":{"@id":"https:\/\/brilune.eu\/lv\/product\/musdienigs-minimalisma-kresls-3\/#primaryimage"},"thumbnailUrl":"https:\/\/brilune.eu\/wp-content\/uploads\/2025\/01\/estelle-occasional-chair-occasional-chair-244129_2048x2048.jpg","datePublished":"2025-02-19T10:29:18+00:00","dateModified":"2025-02-19T10:43:08+00:00","description":"Kur m\u016bsdienu izsmalcin\u0101t\u012bba satiekas ar komfortu. \u0160is kr\u0113sls ir ide\u0101la stila un funkcionalit\u0101tes kombin\u0101cija, un glud\u0101s meln\u0101s k\u0101jas pie\u0161\u0137ir eleganci jebkurai telpai....","breadcrumb":{"@id":"https:\/\/brilune.eu\/lv\/product\/musdienigs-minimalisma-kresls-3\/#breadcrumb"},"inLanguage":"lv-LV","potentialAction":[{"@type":"ReadAction","target":["https:\/\/brilune.eu\/lv\/product\/musdienigs-minimalisma-kresls-3\/"]}]},{"@type":"ImageObject","inLanguage":"lv-LV","@id":"https:\/\/brilune.eu\/lv\/product\/musdienigs-minimalisma-kresls-3\/#primaryimage","url":"https:\/\/brilune.eu\/wp-content\/uploads\/2025\/01\/estelle-occasional-chair-occasional-chair-244129_2048x2048.jpg","contentUrl":"https:\/\/brilune.eu\/wp-content\/uploads\/2025\/01\/estelle-occasional-chair-occasional-chair-244129_2048x2048.jpg","width":2048,"height":2048},{"@type":"BreadcrumbList","@id":"https:\/\/brilune.eu\/lv\/product\/musdienigs-minimalisma-kresls-3\/#breadcrumb","itemListElement":[{"@type":"ListItem","position":1,"name":"S\u0101kums","item":"https:\/\/brilune.eu\/lv\/brilune-mebeles\/"},{"@type":"ListItem","position":2,"name":"Visi produkti","item":"https:\/\/brilune.eu\/lv\/shop\/"},{"@type":"ListItem","position":3,"name":"M\u016bsdien\u012bgs minim\u0101lisma kr\u0113sls"}]},{"@type":"WebSite","@id":"https:\/\/brilune.eu\/lv\/#website","url":"https:\/\/brilune.eu\/lv\/","name":"Brilune","description":"M\u0113s pied\u0101v\u0101jam unik\u0101lus un nebiju\u0161us dizainus, kas apvieno eleganci, funkcionalit\u0101ti un rado\u0161umu.","potentialAction":[{"@type":"SearchAction","target":{"@type":"EntryPoint","urlTemplate":"https:\/\/brilune.eu\/lv\/?s={search_term_string}"},"query-input":{"@type":"PropertyValueSpecification","valueRequired":true,"valueName":"search_term_string"}}],"inLanguage":"lv-LV"}]}},"jetpack_sharing_enabled":true,"_links":{"self":[{"href":"https:\/\/brilune.eu\/lv\/wp-json\/wp\/v2\/product\/37895","targetHints":{"allow":["GET"]}}],"collection":[{"href":"https:\/\/brilune.eu\/lv\/wp-json\/wp\/v2\/product"}],"about":[{"href":"https:\/\/brilune.eu\/lv\/wp-json\/wp\/v2\/types\/product"}],"replies":[{"embeddable":true,"href":"https:\/\/brilune.eu\/lv\/wp-json\/wp\/v2\/comments?post=37895"}],"version-history":[{"count":1,"href":"https:\/\/brilune.eu\/lv\/wp-json\/wp\/v2\/product\/37895\/revisions"}],"predecessor-version":[{"id":37948,"href":"https:\/\/brilune.eu\/lv\/wp-json\/wp\/v2\/product\/37895\/revisions\/37948"}],"wp:featuredmedia":[{"embeddable":true,"href":"https:\/\/brilune.eu\/lv\/wp-json\/wp\/v2\/media\/6917"}],"wp:attachment":[{"href":"https:\/\/brilune.eu\/lv\/wp-json\/wp\/v2\/media?parent=37895"}],"wp:term":[{"taxonomy":"product_brand","embeddable":true,"href":"https:\/\/brilune.eu\/lv\/wp-json\/wp\/v2\/product_brand?post=37895"},{"taxonomy":"product_cat","embeddable":true,"href":"https:\/\/brilune.eu\/lv\/wp-json\/wp\/v2\/product_cat?post=37895"},{"taxonomy":"product_tag","embeddable":true,"href":"https:\/\/brilune.eu\/lv\/wp-json\/wp\/v2\/product_tag?post=37895"}],"curies":[{"name":"wp","href":"https:\/\/api.w.org\/{rel}","templated":true}]}}