{"id":37892,"date":"2025-02-19T12:29:17","date_gmt":"2025-02-19T10:29:17","guid":{"rendered":"https:\/\/brilune.eu\/?post_type=product&#038;p=37892"},"modified":"2025-02-19T12:43:06","modified_gmt":"2025-02-19T10:43:06","slug":"musdienigs-vieglais-kresls-2","status":"publish","type":"product","link":"https:\/\/brilune.eu\/lv\/product\/musdienigs-vieglais-kresls-2\/","title":{"rendered":"M\u016bsdien\u012bgs vieglais kr\u0113sls"},"content":{"rendered":"<p>Atkl\u0101jiet unik\u0101lu kr\u0113slu \u012bpa\u0161iem gad\u012bjumiem ar izb\u012bd\u0101miem roku balstiem, kas atg\u0101dina elegantus sp\u0101rnus, kas \u0113rti apskauj j\u016bs. Izgatavots no grezna samta, \u0161is kr\u0113sls pie\u0161\u0137irs j\u016bsu dz\u012bves telpai stilu un grezn\u012bbu. Ar glud\u0101m zelta k\u0101j\u0101m tas pie\u0161\u0137ir izsmalcin\u0101t\u012bbu un modernu \u0161armu. T\u0101 ir lieliska izv\u0113le m\u0101j\u012bgai las\u012b\u0161anai vai atp\u016btai, pied\u0101v\u0101jot m\u016bsdien\u012bgu dizainu, kas uzlabos jebkuru telpu.<\/p>\n<p>Materi\u0101ls: samts, putu spilvens, zelta met\u0101la r\u0101mis.<br \/>\nIzm\u0113rs: 84\u00d750\u00d7100 cm.<\/p>\n","protected":false},"excerpt":{"rendered":"<p>Atkl\u0101jiet unik\u0101lu kr\u0113slu \u012bpa\u0161iem gad\u012bjumiem ar izb\u012bd\u0101miem roku balstiem, kas atg\u0101dina elegantus sp\u0101rnus, kas \u0113rti apskauj j\u016bs. Izgatavots no grezna samta, \u0161is cha&#8230;<\/p>\n","protected":false},"featured_media":8570,"comment_status":"open","ping_status":"closed","template":"","meta":[],"product_brand":[],"product_cat":[5582,1583],"product_tag":[],"class_list":{"0":"post-37892","1":"product","2":"type-product","3":"status-publish","4":"has-post-thumbnail","6":"product_cat-kresls-kresli-4-2","7":"product_cat-kresls-kresli-2","9":"first","10":"instock","11":"shipping-taxable","12":"purchasable","13":"product-type-simple"},"yoast_head":"<!-- This site is optimized with the Yoast SEO plugin v26.0 - https:\/\/yoast.com\/wordpress\/plugins\/seo\/ -->\n<title>M\u016bsdien\u012bgs vieglais kr\u0113sls<\/title>\n<meta name=\"description\" content=\"Atkl\u0101jiet unik\u0101lu kr\u0113slu \u012bpa\u0161iem gad\u012bjumiem ar izb\u012bd\u0101miem roku balstiem, kas atg\u0101dina elegantus sp\u0101rnus, kas \u0113rti apskauj j\u016bs. Izgatavots no grezna samta, \u0161is cha...\" \/>\n<meta name=\"robots\" content=\"index, follow, max-snippet:-1, max-image-preview:large, max-video-preview:-1\" \/>\n<link rel=\"canonical\" href=\"https:\/\/brilune.eu\/lv\/product\/musdienigs-vieglais-kresls-2\/\" \/>\n<meta property=\"og:locale\" content=\"lv_LV\" \/>\n<meta property=\"og:type\" content=\"article\" \/>\n<meta property=\"og:title\" content=\"M\u016bsdien\u012bgs vieglais kr\u0113sls\" \/>\n<meta property=\"og:description\" content=\"Atkl\u0101jiet unik\u0101lu kr\u0113slu \u012bpa\u0161iem gad\u012bjumiem ar izb\u012bd\u0101miem roku balstiem, kas atg\u0101dina elegantus sp\u0101rnus, kas \u0113rti apskauj j\u016bs. Izgatavots no grezna samta, \u0161is cha...\" \/>\n<meta property=\"og:url\" content=\"https:\/\/brilune.eu\/lv\/product\/musdienigs-vieglais-kresls-2\/\" \/>\n<meta property=\"og:site_name\" content=\"Brilune\" \/>\n<meta property=\"article:modified_time\" content=\"2025-02-19T10:43:06+00:00\" \/>\n<meta property=\"og:image\" content=\"https:\/\/brilune.eu\/wp-content\/uploads\/2025\/01\/tristan-occasional-chair-occasional-chair-108364_2048x2048.jpg\" \/>\n\t<meta property=\"og:image:width\" content=\"2048\" \/>\n\t<meta property=\"og:image:height\" content=\"2048\" \/>\n\t<meta property=\"og:image:type\" content=\"image\/jpeg\" \/>\n<meta name=\"twitter:card\" content=\"summary_large_image\" \/>\n<script type=\"application\/ld+json\" class=\"yoast-schema-graph\">{\"@context\":\"https:\/\/schema.org\",\"@graph\":[{\"@type\":\"WebPage\",\"@id\":\"https:\/\/brilune.eu\/lv\/product\/musdienigs-vieglais-kresls-2\/\",\"url\":\"https:\/\/brilune.eu\/lv\/product\/musdienigs-vieglais-kresls-2\/\",\"name\":\"M\u016bsdien\u012bgs vieglais kr\u0113sls\",\"isPartOf\":{\"@id\":\"https:\/\/brilune.eu\/lv\/#website\"},\"primaryImageOfPage\":{\"@id\":\"https:\/\/brilune.eu\/lv\/product\/musdienigs-vieglais-kresls-2\/#primaryimage\"},\"image\":{\"@id\":\"https:\/\/brilune.eu\/lv\/product\/musdienigs-vieglais-kresls-2\/#primaryimage\"},\"thumbnailUrl\":\"https:\/\/brilune.eu\/wp-content\/uploads\/2025\/01\/tristan-occasional-chair-occasional-chair-108364_2048x2048.jpg\",\"datePublished\":\"2025-02-19T10:29:17+00:00\",\"dateModified\":\"2025-02-19T10:43:06+00:00\",\"description\":\"Atkl\u0101jiet unik\u0101lu kr\u0113slu \u012bpa\u0161iem gad\u012bjumiem ar izb\u012bd\u0101miem roku balstiem, kas atg\u0101dina elegantus sp\u0101rnus, kas \u0113rti apskauj j\u016bs. Izgatavots no grezna samta, \u0161is cha...\",\"breadcrumb\":{\"@id\":\"https:\/\/brilune.eu\/lv\/product\/musdienigs-vieglais-kresls-2\/#breadcrumb\"},\"inLanguage\":\"lv-LV\",\"potentialAction\":[{\"@type\":\"ReadAction\",\"target\":[\"https:\/\/brilune.eu\/lv\/product\/musdienigs-vieglais-kresls-2\/\"]}]},{\"@type\":\"ImageObject\",\"inLanguage\":\"lv-LV\",\"@id\":\"https:\/\/brilune.eu\/lv\/product\/musdienigs-vieglais-kresls-2\/#primaryimage\",\"url\":\"https:\/\/brilune.eu\/wp-content\/uploads\/2025\/01\/tristan-occasional-chair-occasional-chair-108364_2048x2048.jpg\",\"contentUrl\":\"https:\/\/brilune.eu\/wp-content\/uploads\/2025\/01\/tristan-occasional-chair-occasional-chair-108364_2048x2048.jpg\",\"width\":2048,\"height\":2048},{\"@type\":\"BreadcrumbList\",\"@id\":\"https:\/\/brilune.eu\/lv\/product\/musdienigs-vieglais-kresls-2\/#breadcrumb\",\"itemListElement\":[{\"@type\":\"ListItem\",\"position\":1,\"name\":\"S\u0101kums\",\"item\":\"https:\/\/brilune.eu\/lv\/brilune-mebeles\/\"},{\"@type\":\"ListItem\",\"position\":2,\"name\":\"Visi produkti\",\"item\":\"https:\/\/brilune.eu\/lv\/shop\/\"},{\"@type\":\"ListItem\",\"position\":3,\"name\":\"M\u016bsdien\u012bgs vieglais kr\u0113sls\"}]},{\"@type\":\"WebSite\",\"@id\":\"https:\/\/brilune.eu\/lv\/#website\",\"url\":\"https:\/\/brilune.eu\/lv\/\",\"name\":\"Brilune\",\"description\":\"M\u0113s pied\u0101v\u0101jam unik\u0101lus un nebiju\u0161us dizainus, kas apvieno eleganci, funkcionalit\u0101ti un rado\u0161umu.\",\"potentialAction\":[{\"@type\":\"SearchAction\",\"target\":{\"@type\":\"EntryPoint\",\"urlTemplate\":\"https:\/\/brilune.eu\/lv\/?s={search_term_string}\"},\"query-input\":{\"@type\":\"PropertyValueSpecification\",\"valueRequired\":true,\"valueName\":\"search_term_string\"}}],\"inLanguage\":\"lv-LV\"}]}<\/script>\n<!-- \/ Yoast SEO plugin. -->","yoast_head_json":{"title":"M\u016bsdien\u012bgs vieglais kr\u0113sls","description":"Atkl\u0101jiet unik\u0101lu kr\u0113slu \u012bpa\u0161iem gad\u012bjumiem ar izb\u012bd\u0101miem roku balstiem, kas atg\u0101dina elegantus sp\u0101rnus, kas \u0113rti apskauj j\u016bs. Izgatavots no grezna samta, \u0161is cha...","robots":{"index":"index","follow":"follow","max-snippet":"max-snippet:-1","max-image-preview":"max-image-preview:large","max-video-preview":"max-video-preview:-1"},"canonical":"https:\/\/brilune.eu\/lv\/product\/musdienigs-vieglais-kresls-2\/","og_locale":"lv_LV","og_type":"article","og_title":"M\u016bsdien\u012bgs vieglais kr\u0113sls","og_description":"Atkl\u0101jiet unik\u0101lu kr\u0113slu \u012bpa\u0161iem gad\u012bjumiem ar izb\u012bd\u0101miem roku balstiem, kas atg\u0101dina elegantus sp\u0101rnus, kas \u0113rti apskauj j\u016bs. Izgatavots no grezna samta, \u0161is cha...","og_url":"https:\/\/brilune.eu\/lv\/product\/musdienigs-vieglais-kresls-2\/","og_site_name":"Brilune","article_modified_time":"2025-02-19T10:43:06+00:00","og_image":[{"width":2048,"height":2048,"url":"https:\/\/brilune.eu\/wp-content\/uploads\/2025\/01\/tristan-occasional-chair-occasional-chair-108364_2048x2048.jpg","type":"image\/jpeg"}],"twitter_card":"summary_large_image","schema":{"@context":"https:\/\/schema.org","@graph":[{"@type":"WebPage","@id":"https:\/\/brilune.eu\/lv\/product\/musdienigs-vieglais-kresls-2\/","url":"https:\/\/brilune.eu\/lv\/product\/musdienigs-vieglais-kresls-2\/","name":"M\u016bsdien\u012bgs vieglais kr\u0113sls","isPartOf":{"@id":"https:\/\/brilune.eu\/lv\/#website"},"primaryImageOfPage":{"@id":"https:\/\/brilune.eu\/lv\/product\/musdienigs-vieglais-kresls-2\/#primaryimage"},"image":{"@id":"https:\/\/brilune.eu\/lv\/product\/musdienigs-vieglais-kresls-2\/#primaryimage"},"thumbnailUrl":"https:\/\/brilune.eu\/wp-content\/uploads\/2025\/01\/tristan-occasional-chair-occasional-chair-108364_2048x2048.jpg","datePublished":"2025-02-19T10:29:17+00:00","dateModified":"2025-02-19T10:43:06+00:00","description":"Atkl\u0101jiet unik\u0101lu kr\u0113slu \u012bpa\u0161iem gad\u012bjumiem ar izb\u012bd\u0101miem roku balstiem, kas atg\u0101dina elegantus sp\u0101rnus, kas \u0113rti apskauj j\u016bs. Izgatavots no grezna samta, \u0161is cha...","breadcrumb":{"@id":"https:\/\/brilune.eu\/lv\/product\/musdienigs-vieglais-kresls-2\/#breadcrumb"},"inLanguage":"lv-LV","potentialAction":[{"@type":"ReadAction","target":["https:\/\/brilune.eu\/lv\/product\/musdienigs-vieglais-kresls-2\/"]}]},{"@type":"ImageObject","inLanguage":"lv-LV","@id":"https:\/\/brilune.eu\/lv\/product\/musdienigs-vieglais-kresls-2\/#primaryimage","url":"https:\/\/brilune.eu\/wp-content\/uploads\/2025\/01\/tristan-occasional-chair-occasional-chair-108364_2048x2048.jpg","contentUrl":"https:\/\/brilune.eu\/wp-content\/uploads\/2025\/01\/tristan-occasional-chair-occasional-chair-108364_2048x2048.jpg","width":2048,"height":2048},{"@type":"BreadcrumbList","@id":"https:\/\/brilune.eu\/lv\/product\/musdienigs-vieglais-kresls-2\/#breadcrumb","itemListElement":[{"@type":"ListItem","position":1,"name":"S\u0101kums","item":"https:\/\/brilune.eu\/lv\/brilune-mebeles\/"},{"@type":"ListItem","position":2,"name":"Visi produkti","item":"https:\/\/brilune.eu\/lv\/shop\/"},{"@type":"ListItem","position":3,"name":"M\u016bsdien\u012bgs vieglais kr\u0113sls"}]},{"@type":"WebSite","@id":"https:\/\/brilune.eu\/lv\/#website","url":"https:\/\/brilune.eu\/lv\/","name":"Brilune","description":"M\u0113s pied\u0101v\u0101jam unik\u0101lus un nebiju\u0161us dizainus, kas apvieno eleganci, funkcionalit\u0101ti un rado\u0161umu.","potentialAction":[{"@type":"SearchAction","target":{"@type":"EntryPoint","urlTemplate":"https:\/\/brilune.eu\/lv\/?s={search_term_string}"},"query-input":{"@type":"PropertyValueSpecification","valueRequired":true,"valueName":"search_term_string"}}],"inLanguage":"lv-LV"}]}},"jetpack_sharing_enabled":true,"_links":{"self":[{"href":"https:\/\/brilune.eu\/lv\/wp-json\/wp\/v2\/product\/37892","targetHints":{"allow":["GET"]}}],"collection":[{"href":"https:\/\/brilune.eu\/lv\/wp-json\/wp\/v2\/product"}],"about":[{"href":"https:\/\/brilune.eu\/lv\/wp-json\/wp\/v2\/types\/product"}],"replies":[{"embeddable":true,"href":"https:\/\/brilune.eu\/lv\/wp-json\/wp\/v2\/comments?post=37892"}],"version-history":[{"count":1,"href":"https:\/\/brilune.eu\/lv\/wp-json\/wp\/v2\/product\/37892\/revisions"}],"predecessor-version":[{"id":37945,"href":"https:\/\/brilune.eu\/lv\/wp-json\/wp\/v2\/product\/37892\/revisions\/37945"}],"wp:featuredmedia":[{"embeddable":true,"href":"https:\/\/brilune.eu\/lv\/wp-json\/wp\/v2\/media\/8570"}],"wp:attachment":[{"href":"https:\/\/brilune.eu\/lv\/wp-json\/wp\/v2\/media?parent=37892"}],"wp:term":[{"taxonomy":"product_brand","embeddable":true,"href":"https:\/\/brilune.eu\/lv\/wp-json\/wp\/v2\/product_brand?post=37892"},{"taxonomy":"product_cat","embeddable":true,"href":"https:\/\/brilune.eu\/lv\/wp-json\/wp\/v2\/product_cat?post=37892"},{"taxonomy":"product_tag","embeddable":true,"href":"https:\/\/brilune.eu\/lv\/wp-json\/wp\/v2\/product_tag?post=37892"}],"curies":[{"name":"wp","href":"https:\/\/api.w.org\/{rel}","templated":true}]}}