{"id":37847,"date":"2025-02-19T12:28:29","date_gmt":"2025-02-19T10:28:29","guid":{"rendered":"https:\/\/brilune.eu\/?post_type=product&#038;p=37847"},"modified":"2025-02-19T12:42:51","modified_gmt":"2025-02-19T10:42:51","slug":"miksts-samta-kresls","status":"publish","type":"product","link":"https:\/\/brilune.eu\/lv\/product\/miksts-samta-kresls\/","title":{"rendered":"M\u012bksts samta kr\u0113sls"},"content":{"rendered":"<p>Vai mekl\u0113jat stil\u012bgu un greznu papildin\u0101jumu savai m\u0101jai, kas apvieno eleganci un komfortu? Iepaz\u012bstieties ar m\u016bsu atzveltnes kr\u0113slu: \u0160is M\u00a0formas kr\u0113sls ir ide\u0101ls modern\u0101 skandin\u0101vu stila iemiesojums, pie\u0161\u0137irot j\u016bsu m\u0113bel\u0113m maksim\u0101lu izsmalcin\u0101t\u012bbu. Ar augst\u0101k\u0101s kvalit\u0101tes polster\u0113jumu \u0161is kr\u0113sls izskat\u0101s vienk\u0101r\u0161s, ta\u010du stil\u012bgs. Izbaudiet greznu komfortu un izveidojiet m\u0101j\u012bgu telpu atp\u016btai.<\/p>\n<p>Materi\u0101ls: met\u0101la r\u0101mis, samts.<br \/>\nIzm\u0113rs: 70\u00d772\u00d775 cm<\/p>\n","protected":false},"excerpt":{"rendered":"<p>Vai mekl\u0113jat stil\u012bgu un greznu papildin\u0101jumu savai m\u0101jai, kas apvieno eleganci un komfortu? Iepaz\u012bstieties ar m\u016bsu atzveltnes kr\u0113slu: \u0161is M formas kr\u0113sls ir ide\u0101ls iemiesojums&#8230;<\/p>\n","protected":false},"featured_media":8425,"comment_status":"open","ping_status":"closed","template":"","meta":[],"product_brand":[],"product_cat":[5582,1583],"product_tag":[],"class_list":{"0":"post-37847","1":"product","2":"type-product","3":"status-publish","4":"has-post-thumbnail","6":"product_cat-kresls-kresli-4-2","7":"product_cat-kresls-kresli-2","9":"first","10":"instock","11":"shipping-taxable","12":"purchasable","13":"product-type-simple"},"yoast_head":"<!-- This site is optimized with the Yoast SEO plugin v26.0 - https:\/\/yoast.com\/wordpress\/plugins\/seo\/ -->\n<title>M\u012bksts samta kr\u0113sls<\/title>\n<meta name=\"description\" content=\"Vai mekl\u0113jat stil\u012bgu un greznu papildin\u0101jumu savai m\u0101jai, kas apvieno eleganci un komfortu? Iepaz\u012bstieties ar m\u016bsu atzveltnes kr\u0113slu: \u0161is M formas kr\u0113sls ir ide\u0101ls iemiesojums...\" \/>\n<meta name=\"robots\" content=\"index, follow, max-snippet:-1, max-image-preview:large, max-video-preview:-1\" \/>\n<link rel=\"canonical\" href=\"https:\/\/brilune.eu\/lv\/product\/miksts-samta-kresls\/\" \/>\n<meta property=\"og:locale\" content=\"lv_LV\" \/>\n<meta property=\"og:type\" content=\"article\" \/>\n<meta property=\"og:title\" content=\"M\u012bksts samta kr\u0113sls\" \/>\n<meta property=\"og:description\" content=\"Vai mekl\u0113jat stil\u012bgu un greznu papildin\u0101jumu savai m\u0101jai, kas apvieno eleganci un komfortu? Iepaz\u012bstieties ar m\u016bsu atzveltnes kr\u0113slu: \u0161is M formas kr\u0113sls ir ide\u0101ls iemiesojums...\" \/>\n<meta property=\"og:url\" content=\"https:\/\/brilune.eu\/lv\/product\/miksts-samta-kresls\/\" \/>\n<meta property=\"og:site_name\" content=\"Brilune\" \/>\n<meta property=\"article:modified_time\" content=\"2025-02-19T10:42:51+00:00\" \/>\n<meta property=\"og:image\" content=\"https:\/\/brilune.eu\/wp-content\/uploads\/2025\/01\/gerard-occasional-chair-chair-white-827446_2048x2048.jpg\" \/>\n\t<meta property=\"og:image:width\" content=\"2048\" \/>\n\t<meta property=\"og:image:height\" content=\"2048\" \/>\n\t<meta property=\"og:image:type\" content=\"image\/jpeg\" \/>\n<meta name=\"twitter:card\" content=\"summary_large_image\" \/>\n<script type=\"application\/ld+json\" class=\"yoast-schema-graph\">{\"@context\":\"https:\/\/schema.org\",\"@graph\":[{\"@type\":\"WebPage\",\"@id\":\"https:\/\/brilune.eu\/lv\/product\/miksts-samta-kresls\/\",\"url\":\"https:\/\/brilune.eu\/lv\/product\/miksts-samta-kresls\/\",\"name\":\"M\u012bksts samta kr\u0113sls\",\"isPartOf\":{\"@id\":\"https:\/\/brilune.eu\/lv\/#website\"},\"primaryImageOfPage\":{\"@id\":\"https:\/\/brilune.eu\/lv\/product\/miksts-samta-kresls\/#primaryimage\"},\"image\":{\"@id\":\"https:\/\/brilune.eu\/lv\/product\/miksts-samta-kresls\/#primaryimage\"},\"thumbnailUrl\":\"https:\/\/brilune.eu\/wp-content\/uploads\/2025\/01\/gerard-occasional-chair-chair-white-827446_2048x2048.jpg\",\"datePublished\":\"2025-02-19T10:28:29+00:00\",\"dateModified\":\"2025-02-19T10:42:51+00:00\",\"description\":\"Vai mekl\u0113jat stil\u012bgu un greznu papildin\u0101jumu savai m\u0101jai, kas apvieno eleganci un komfortu? Iepaz\u012bstieties ar m\u016bsu atzveltnes kr\u0113slu: \u0161is M formas kr\u0113sls ir ide\u0101ls iemiesojums...\",\"breadcrumb\":{\"@id\":\"https:\/\/brilune.eu\/lv\/product\/miksts-samta-kresls\/#breadcrumb\"},\"inLanguage\":\"lv-LV\",\"potentialAction\":[{\"@type\":\"ReadAction\",\"target\":[\"https:\/\/brilune.eu\/lv\/product\/miksts-samta-kresls\/\"]}]},{\"@type\":\"ImageObject\",\"inLanguage\":\"lv-LV\",\"@id\":\"https:\/\/brilune.eu\/lv\/product\/miksts-samta-kresls\/#primaryimage\",\"url\":\"https:\/\/brilune.eu\/wp-content\/uploads\/2025\/01\/gerard-occasional-chair-chair-white-827446_2048x2048.jpg\",\"contentUrl\":\"https:\/\/brilune.eu\/wp-content\/uploads\/2025\/01\/gerard-occasional-chair-chair-white-827446_2048x2048.jpg\",\"width\":2048,\"height\":2048},{\"@type\":\"BreadcrumbList\",\"@id\":\"https:\/\/brilune.eu\/lv\/product\/miksts-samta-kresls\/#breadcrumb\",\"itemListElement\":[{\"@type\":\"ListItem\",\"position\":1,\"name\":\"S\u0101kums\",\"item\":\"https:\/\/brilune.eu\/lv\/brilune-mebeles\/\"},{\"@type\":\"ListItem\",\"position\":2,\"name\":\"Visi produkti\",\"item\":\"https:\/\/brilune.eu\/lv\/shop\/\"},{\"@type\":\"ListItem\",\"position\":3,\"name\":\"M\u012bksts samta kr\u0113sls\"}]},{\"@type\":\"WebSite\",\"@id\":\"https:\/\/brilune.eu\/lv\/#website\",\"url\":\"https:\/\/brilune.eu\/lv\/\",\"name\":\"Brilune\",\"description\":\"M\u0113s pied\u0101v\u0101jam unik\u0101lus un nebiju\u0161us dizainus, kas apvieno eleganci, funkcionalit\u0101ti un rado\u0161umu.\",\"potentialAction\":[{\"@type\":\"SearchAction\",\"target\":{\"@type\":\"EntryPoint\",\"urlTemplate\":\"https:\/\/brilune.eu\/lv\/?s={search_term_string}\"},\"query-input\":{\"@type\":\"PropertyValueSpecification\",\"valueRequired\":true,\"valueName\":\"search_term_string\"}}],\"inLanguage\":\"lv-LV\"}]}<\/script>\n<!-- \/ Yoast SEO plugin. -->","yoast_head_json":{"title":"M\u012bksts samta kr\u0113sls","description":"Vai mekl\u0113jat stil\u012bgu un greznu papildin\u0101jumu savai m\u0101jai, kas apvieno eleganci un komfortu? Iepaz\u012bstieties ar m\u016bsu atzveltnes kr\u0113slu: \u0161is M formas kr\u0113sls ir ide\u0101ls iemiesojums...","robots":{"index":"index","follow":"follow","max-snippet":"max-snippet:-1","max-image-preview":"max-image-preview:large","max-video-preview":"max-video-preview:-1"},"canonical":"https:\/\/brilune.eu\/lv\/product\/miksts-samta-kresls\/","og_locale":"lv_LV","og_type":"article","og_title":"M\u012bksts samta kr\u0113sls","og_description":"Vai mekl\u0113jat stil\u012bgu un greznu papildin\u0101jumu savai m\u0101jai, kas apvieno eleganci un komfortu? Iepaz\u012bstieties ar m\u016bsu atzveltnes kr\u0113slu: \u0161is M formas kr\u0113sls ir ide\u0101ls iemiesojums...","og_url":"https:\/\/brilune.eu\/lv\/product\/miksts-samta-kresls\/","og_site_name":"Brilune","article_modified_time":"2025-02-19T10:42:51+00:00","og_image":[{"width":2048,"height":2048,"url":"https:\/\/brilune.eu\/wp-content\/uploads\/2025\/01\/gerard-occasional-chair-chair-white-827446_2048x2048.jpg","type":"image\/jpeg"}],"twitter_card":"summary_large_image","schema":{"@context":"https:\/\/schema.org","@graph":[{"@type":"WebPage","@id":"https:\/\/brilune.eu\/lv\/product\/miksts-samta-kresls\/","url":"https:\/\/brilune.eu\/lv\/product\/miksts-samta-kresls\/","name":"M\u012bksts samta kr\u0113sls","isPartOf":{"@id":"https:\/\/brilune.eu\/lv\/#website"},"primaryImageOfPage":{"@id":"https:\/\/brilune.eu\/lv\/product\/miksts-samta-kresls\/#primaryimage"},"image":{"@id":"https:\/\/brilune.eu\/lv\/product\/miksts-samta-kresls\/#primaryimage"},"thumbnailUrl":"https:\/\/brilune.eu\/wp-content\/uploads\/2025\/01\/gerard-occasional-chair-chair-white-827446_2048x2048.jpg","datePublished":"2025-02-19T10:28:29+00:00","dateModified":"2025-02-19T10:42:51+00:00","description":"Vai mekl\u0113jat stil\u012bgu un greznu papildin\u0101jumu savai m\u0101jai, kas apvieno eleganci un komfortu? Iepaz\u012bstieties ar m\u016bsu atzveltnes kr\u0113slu: \u0161is M formas kr\u0113sls ir ide\u0101ls iemiesojums...","breadcrumb":{"@id":"https:\/\/brilune.eu\/lv\/product\/miksts-samta-kresls\/#breadcrumb"},"inLanguage":"lv-LV","potentialAction":[{"@type":"ReadAction","target":["https:\/\/brilune.eu\/lv\/product\/miksts-samta-kresls\/"]}]},{"@type":"ImageObject","inLanguage":"lv-LV","@id":"https:\/\/brilune.eu\/lv\/product\/miksts-samta-kresls\/#primaryimage","url":"https:\/\/brilune.eu\/wp-content\/uploads\/2025\/01\/gerard-occasional-chair-chair-white-827446_2048x2048.jpg","contentUrl":"https:\/\/brilune.eu\/wp-content\/uploads\/2025\/01\/gerard-occasional-chair-chair-white-827446_2048x2048.jpg","width":2048,"height":2048},{"@type":"BreadcrumbList","@id":"https:\/\/brilune.eu\/lv\/product\/miksts-samta-kresls\/#breadcrumb","itemListElement":[{"@type":"ListItem","position":1,"name":"S\u0101kums","item":"https:\/\/brilune.eu\/lv\/brilune-mebeles\/"},{"@type":"ListItem","position":2,"name":"Visi produkti","item":"https:\/\/brilune.eu\/lv\/shop\/"},{"@type":"ListItem","position":3,"name":"M\u012bksts samta kr\u0113sls"}]},{"@type":"WebSite","@id":"https:\/\/brilune.eu\/lv\/#website","url":"https:\/\/brilune.eu\/lv\/","name":"Brilune","description":"M\u0113s pied\u0101v\u0101jam unik\u0101lus un nebiju\u0161us dizainus, kas apvieno eleganci, funkcionalit\u0101ti un rado\u0161umu.","potentialAction":[{"@type":"SearchAction","target":{"@type":"EntryPoint","urlTemplate":"https:\/\/brilune.eu\/lv\/?s={search_term_string}"},"query-input":{"@type":"PropertyValueSpecification","valueRequired":true,"valueName":"search_term_string"}}],"inLanguage":"lv-LV"}]}},"jetpack_sharing_enabled":true,"_links":{"self":[{"href":"https:\/\/brilune.eu\/lv\/wp-json\/wp\/v2\/product\/37847","targetHints":{"allow":["GET"]}}],"collection":[{"href":"https:\/\/brilune.eu\/lv\/wp-json\/wp\/v2\/product"}],"about":[{"href":"https:\/\/brilune.eu\/lv\/wp-json\/wp\/v2\/types\/product"}],"replies":[{"embeddable":true,"href":"https:\/\/brilune.eu\/lv\/wp-json\/wp\/v2\/comments?post=37847"}],"version-history":[{"count":1,"href":"https:\/\/brilune.eu\/lv\/wp-json\/wp\/v2\/product\/37847\/revisions"}],"predecessor-version":[{"id":37901,"href":"https:\/\/brilune.eu\/lv\/wp-json\/wp\/v2\/product\/37847\/revisions\/37901"}],"wp:featuredmedia":[{"embeddable":true,"href":"https:\/\/brilune.eu\/lv\/wp-json\/wp\/v2\/media\/8425"}],"wp:attachment":[{"href":"https:\/\/brilune.eu\/lv\/wp-json\/wp\/v2\/media?parent=37847"}],"wp:term":[{"taxonomy":"product_brand","embeddable":true,"href":"https:\/\/brilune.eu\/lv\/wp-json\/wp\/v2\/product_brand?post=37847"},{"taxonomy":"product_cat","embeddable":true,"href":"https:\/\/brilune.eu\/lv\/wp-json\/wp\/v2\/product_cat?post=37847"},{"taxonomy":"product_tag","embeddable":true,"href":"https:\/\/brilune.eu\/lv\/wp-json\/wp\/v2\/product_tag?post=37847"}],"curies":[{"name":"wp","href":"https:\/\/api.w.org\/{rel}","templated":true}]}}