{"id":37844,"date":"2025-02-19T12:28:28","date_gmt":"2025-02-19T10:28:28","guid":{"rendered":"https:\/\/brilune.eu\/?post_type=product&#038;p=37844"},"modified":"2025-02-19T12:42:50","modified_gmt":"2025-02-19T10:42:50","slug":"musdienigs-minimalisma-kresls-2","status":"publish","type":"product","link":"https:\/\/brilune.eu\/lv\/product\/musdienigs-minimalisma-kresls-2\/","title":{"rendered":"M\u016bsdien\u012bgs minim\u0101lisma kr\u0113sls"},"content":{"rendered":"<p>Iepaz\u012bstin\u0101m ar m\u016bsu minim\u0101lisma stila kr\u0113slu, kas ir ide\u0101ls papildin\u0101jums j\u016bsu viesistabai. \u0160im m\u016bsdien\u012bgajam gabalam ir t\u012bras l\u012bnijas un elegants dizains, kas neman\u0101mi sapl\u016bst ar m\u016bsdien\u012bgu interjeru. Izgatavots no augstas kvalit\u0101tes auduma, tas apvieno komfortu un stilu. \u0160is kr\u0113sls ir lielisks risin\u0101jums tuk\u0161\u0101m viet\u0101m un las\u012b\u0161anas kaktiem, vienlaikus pie\u0161\u0137irot j\u016bsu interjeram daudzpus\u012bbu. \u013baujiet tai k\u013c\u016bt par j\u016bsu omul\u012bgo vietu, kur atp\u016bsties un baud\u012bt savu unik\u0101lo dizainu.<br \/>\nMateri\u0101li: samts, mas\u012bvkoka r\u0101mis.<br \/>\nIzm\u0113ri: 85\u00d770\u00d772 cm.<\/p>\n","protected":false},"excerpt":{"rendered":"<p>Iepaz\u012bstin\u0101m ar m\u016bsu minim\u0101lisma stila kr\u0113slu, kas ir ide\u0101ls papildin\u0101jums j\u016bsu viesistabai. \u0160im m\u016bsdien\u012bgajam gabalam ir t\u012bras l\u012bnijas un elegants dizains, kas apvieno&#8230;<\/p>\n","protected":false},"featured_media":7612,"comment_status":"open","ping_status":"closed","template":"","meta":[],"product_brand":[],"product_cat":[1583,5582],"product_tag":[],"class_list":{"0":"post-37844","1":"product","2":"type-product","3":"status-publish","4":"has-post-thumbnail","6":"product_cat-kresls-kresli-2","7":"product_cat-kresls-kresli-4-2","9":"first","10":"instock","11":"shipping-taxable","12":"purchasable","13":"product-type-simple"},"yoast_head":"<!-- This site is optimized with the Yoast SEO plugin v26.0 - https:\/\/yoast.com\/wordpress\/plugins\/seo\/ -->\n<title>M\u016bsdien\u012bgs minim\u0101lisma kr\u0113sls<\/title>\n<meta name=\"description\" content=\"Iepaz\u012bstin\u0101m ar m\u016bsu minim\u0101lisma stila kr\u0113slu, kas ir ide\u0101ls papildin\u0101jums j\u016bsu viesistabai. \u0160im m\u016bsdien\u012bgajam gabalam ir t\u012bras l\u012bnijas un elegants dizains, kas apvieno...\" \/>\n<meta name=\"robots\" content=\"index, follow, max-snippet:-1, max-image-preview:large, max-video-preview:-1\" \/>\n<link rel=\"canonical\" href=\"https:\/\/brilune.eu\/lv\/product\/musdienigs-minimalisma-kresls-2\/\" \/>\n<meta property=\"og:locale\" content=\"lv_LV\" \/>\n<meta property=\"og:type\" content=\"article\" \/>\n<meta property=\"og:title\" content=\"M\u016bsdien\u012bgs minim\u0101lisma kr\u0113sls\" \/>\n<meta property=\"og:description\" content=\"Iepaz\u012bstin\u0101m ar m\u016bsu minim\u0101lisma stila kr\u0113slu, kas ir ide\u0101ls papildin\u0101jums j\u016bsu viesistabai. \u0160im m\u016bsdien\u012bgajam gabalam ir t\u012bras l\u012bnijas un elegants dizains, kas apvieno...\" \/>\n<meta property=\"og:url\" content=\"https:\/\/brilune.eu\/lv\/product\/musdienigs-minimalisma-kresls-2\/\" \/>\n<meta property=\"og:site_name\" content=\"Brilune\" \/>\n<meta property=\"article:modified_time\" content=\"2025-02-19T10:42:50+00:00\" \/>\n<meta property=\"og:image\" content=\"https:\/\/brilune.eu\/wp-content\/uploads\/2025\/01\/clemence-occasional-chair-sofa-ivory-239554_2048x2048.jpg\" \/>\n\t<meta property=\"og:image:width\" content=\"2048\" \/>\n\t<meta property=\"og:image:height\" content=\"2048\" \/>\n\t<meta property=\"og:image:type\" content=\"image\/jpeg\" \/>\n<meta name=\"twitter:card\" content=\"summary_large_image\" \/>\n<meta name=\"twitter:label1\" content=\"Est. reading time\" \/>\n\t<meta name=\"twitter:data1\" content=\"1 minute\" \/>\n<script type=\"application\/ld+json\" class=\"yoast-schema-graph\">{\"@context\":\"https:\/\/schema.org\",\"@graph\":[{\"@type\":\"WebPage\",\"@id\":\"https:\/\/brilune.eu\/lv\/product\/musdienigs-minimalisma-kresls-2\/\",\"url\":\"https:\/\/brilune.eu\/lv\/product\/musdienigs-minimalisma-kresls-2\/\",\"name\":\"M\u016bsdien\u012bgs minim\u0101lisma kr\u0113sls\",\"isPartOf\":{\"@id\":\"https:\/\/brilune.eu\/lv\/#website\"},\"primaryImageOfPage\":{\"@id\":\"https:\/\/brilune.eu\/lv\/product\/musdienigs-minimalisma-kresls-2\/#primaryimage\"},\"image\":{\"@id\":\"https:\/\/brilune.eu\/lv\/product\/musdienigs-minimalisma-kresls-2\/#primaryimage\"},\"thumbnailUrl\":\"https:\/\/brilune.eu\/wp-content\/uploads\/2025\/01\/clemence-occasional-chair-sofa-ivory-239554_2048x2048.jpg\",\"datePublished\":\"2025-02-19T10:28:28+00:00\",\"dateModified\":\"2025-02-19T10:42:50+00:00\",\"description\":\"Iepaz\u012bstin\u0101m ar m\u016bsu minim\u0101lisma stila kr\u0113slu, kas ir ide\u0101ls papildin\u0101jums j\u016bsu viesistabai. \u0160im m\u016bsdien\u012bgajam gabalam ir t\u012bras l\u012bnijas un elegants dizains, kas apvieno...\",\"breadcrumb\":{\"@id\":\"https:\/\/brilune.eu\/lv\/product\/musdienigs-minimalisma-kresls-2\/#breadcrumb\"},\"inLanguage\":\"lv-LV\",\"potentialAction\":[{\"@type\":\"ReadAction\",\"target\":[\"https:\/\/brilune.eu\/lv\/product\/musdienigs-minimalisma-kresls-2\/\"]}]},{\"@type\":\"ImageObject\",\"inLanguage\":\"lv-LV\",\"@id\":\"https:\/\/brilune.eu\/lv\/product\/musdienigs-minimalisma-kresls-2\/#primaryimage\",\"url\":\"https:\/\/brilune.eu\/wp-content\/uploads\/2025\/01\/clemence-occasional-chair-sofa-ivory-239554_2048x2048.jpg\",\"contentUrl\":\"https:\/\/brilune.eu\/wp-content\/uploads\/2025\/01\/clemence-occasional-chair-sofa-ivory-239554_2048x2048.jpg\",\"width\":2048,\"height\":2048},{\"@type\":\"BreadcrumbList\",\"@id\":\"https:\/\/brilune.eu\/lv\/product\/musdienigs-minimalisma-kresls-2\/#breadcrumb\",\"itemListElement\":[{\"@type\":\"ListItem\",\"position\":1,\"name\":\"S\u0101kums\",\"item\":\"https:\/\/brilune.eu\/lv\/brilune-mebeles\/\"},{\"@type\":\"ListItem\",\"position\":2,\"name\":\"Visi produkti\",\"item\":\"https:\/\/brilune.eu\/lv\/shop\/\"},{\"@type\":\"ListItem\",\"position\":3,\"name\":\"M\u016bsdien\u012bgs minim\u0101lisma kr\u0113sls\"}]},{\"@type\":\"WebSite\",\"@id\":\"https:\/\/brilune.eu\/lv\/#website\",\"url\":\"https:\/\/brilune.eu\/lv\/\",\"name\":\"Brilune\",\"description\":\"M\u0113s pied\u0101v\u0101jam unik\u0101lus un nebiju\u0161us dizainus, kas apvieno eleganci, funkcionalit\u0101ti un rado\u0161umu.\",\"potentialAction\":[{\"@type\":\"SearchAction\",\"target\":{\"@type\":\"EntryPoint\",\"urlTemplate\":\"https:\/\/brilune.eu\/lv\/?s={search_term_string}\"},\"query-input\":{\"@type\":\"PropertyValueSpecification\",\"valueRequired\":true,\"valueName\":\"search_term_string\"}}],\"inLanguage\":\"lv-LV\"}]}<\/script>\n<!-- \/ Yoast SEO plugin. -->","yoast_head_json":{"title":"M\u016bsdien\u012bgs minim\u0101lisma kr\u0113sls","description":"Iepaz\u012bstin\u0101m ar m\u016bsu minim\u0101lisma stila kr\u0113slu, kas ir ide\u0101ls papildin\u0101jums j\u016bsu viesistabai. \u0160im m\u016bsdien\u012bgajam gabalam ir t\u012bras l\u012bnijas un elegants dizains, kas apvieno...","robots":{"index":"index","follow":"follow","max-snippet":"max-snippet:-1","max-image-preview":"max-image-preview:large","max-video-preview":"max-video-preview:-1"},"canonical":"https:\/\/brilune.eu\/lv\/product\/musdienigs-minimalisma-kresls-2\/","og_locale":"lv_LV","og_type":"article","og_title":"M\u016bsdien\u012bgs minim\u0101lisma kr\u0113sls","og_description":"Iepaz\u012bstin\u0101m ar m\u016bsu minim\u0101lisma stila kr\u0113slu, kas ir ide\u0101ls papildin\u0101jums j\u016bsu viesistabai. \u0160im m\u016bsdien\u012bgajam gabalam ir t\u012bras l\u012bnijas un elegants dizains, kas apvieno...","og_url":"https:\/\/brilune.eu\/lv\/product\/musdienigs-minimalisma-kresls-2\/","og_site_name":"Brilune","article_modified_time":"2025-02-19T10:42:50+00:00","og_image":[{"width":2048,"height":2048,"url":"https:\/\/brilune.eu\/wp-content\/uploads\/2025\/01\/clemence-occasional-chair-sofa-ivory-239554_2048x2048.jpg","type":"image\/jpeg"}],"twitter_card":"summary_large_image","twitter_misc":{"Est. reading time":"1 minute"},"schema":{"@context":"https:\/\/schema.org","@graph":[{"@type":"WebPage","@id":"https:\/\/brilune.eu\/lv\/product\/musdienigs-minimalisma-kresls-2\/","url":"https:\/\/brilune.eu\/lv\/product\/musdienigs-minimalisma-kresls-2\/","name":"M\u016bsdien\u012bgs minim\u0101lisma kr\u0113sls","isPartOf":{"@id":"https:\/\/brilune.eu\/lv\/#website"},"primaryImageOfPage":{"@id":"https:\/\/brilune.eu\/lv\/product\/musdienigs-minimalisma-kresls-2\/#primaryimage"},"image":{"@id":"https:\/\/brilune.eu\/lv\/product\/musdienigs-minimalisma-kresls-2\/#primaryimage"},"thumbnailUrl":"https:\/\/brilune.eu\/wp-content\/uploads\/2025\/01\/clemence-occasional-chair-sofa-ivory-239554_2048x2048.jpg","datePublished":"2025-02-19T10:28:28+00:00","dateModified":"2025-02-19T10:42:50+00:00","description":"Iepaz\u012bstin\u0101m ar m\u016bsu minim\u0101lisma stila kr\u0113slu, kas ir ide\u0101ls papildin\u0101jums j\u016bsu viesistabai. \u0160im m\u016bsdien\u012bgajam gabalam ir t\u012bras l\u012bnijas un elegants dizains, kas apvieno...","breadcrumb":{"@id":"https:\/\/brilune.eu\/lv\/product\/musdienigs-minimalisma-kresls-2\/#breadcrumb"},"inLanguage":"lv-LV","potentialAction":[{"@type":"ReadAction","target":["https:\/\/brilune.eu\/lv\/product\/musdienigs-minimalisma-kresls-2\/"]}]},{"@type":"ImageObject","inLanguage":"lv-LV","@id":"https:\/\/brilune.eu\/lv\/product\/musdienigs-minimalisma-kresls-2\/#primaryimage","url":"https:\/\/brilune.eu\/wp-content\/uploads\/2025\/01\/clemence-occasional-chair-sofa-ivory-239554_2048x2048.jpg","contentUrl":"https:\/\/brilune.eu\/wp-content\/uploads\/2025\/01\/clemence-occasional-chair-sofa-ivory-239554_2048x2048.jpg","width":2048,"height":2048},{"@type":"BreadcrumbList","@id":"https:\/\/brilune.eu\/lv\/product\/musdienigs-minimalisma-kresls-2\/#breadcrumb","itemListElement":[{"@type":"ListItem","position":1,"name":"S\u0101kums","item":"https:\/\/brilune.eu\/lv\/brilune-mebeles\/"},{"@type":"ListItem","position":2,"name":"Visi produkti","item":"https:\/\/brilune.eu\/lv\/shop\/"},{"@type":"ListItem","position":3,"name":"M\u016bsdien\u012bgs minim\u0101lisma kr\u0113sls"}]},{"@type":"WebSite","@id":"https:\/\/brilune.eu\/lv\/#website","url":"https:\/\/brilune.eu\/lv\/","name":"Brilune","description":"M\u0113s pied\u0101v\u0101jam unik\u0101lus un nebiju\u0161us dizainus, kas apvieno eleganci, funkcionalit\u0101ti un rado\u0161umu.","potentialAction":[{"@type":"SearchAction","target":{"@type":"EntryPoint","urlTemplate":"https:\/\/brilune.eu\/lv\/?s={search_term_string}"},"query-input":{"@type":"PropertyValueSpecification","valueRequired":true,"valueName":"search_term_string"}}],"inLanguage":"lv-LV"}]}},"jetpack_sharing_enabled":true,"_links":{"self":[{"href":"https:\/\/brilune.eu\/lv\/wp-json\/wp\/v2\/product\/37844","targetHints":{"allow":["GET"]}}],"collection":[{"href":"https:\/\/brilune.eu\/lv\/wp-json\/wp\/v2\/product"}],"about":[{"href":"https:\/\/brilune.eu\/lv\/wp-json\/wp\/v2\/types\/product"}],"replies":[{"embeddable":true,"href":"https:\/\/brilune.eu\/lv\/wp-json\/wp\/v2\/comments?post=37844"}],"version-history":[{"count":1,"href":"https:\/\/brilune.eu\/lv\/wp-json\/wp\/v2\/product\/37844\/revisions"}],"predecessor-version":[{"id":37886,"href":"https:\/\/brilune.eu\/lv\/wp-json\/wp\/v2\/product\/37844\/revisions\/37886"}],"wp:featuredmedia":[{"embeddable":true,"href":"https:\/\/brilune.eu\/lv\/wp-json\/wp\/v2\/media\/7612"}],"wp:attachment":[{"href":"https:\/\/brilune.eu\/lv\/wp-json\/wp\/v2\/media?parent=37844"}],"wp:term":[{"taxonomy":"product_brand","embeddable":true,"href":"https:\/\/brilune.eu\/lv\/wp-json\/wp\/v2\/product_brand?post=37844"},{"taxonomy":"product_cat","embeddable":true,"href":"https:\/\/brilune.eu\/lv\/wp-json\/wp\/v2\/product_cat?post=37844"},{"taxonomy":"product_tag","embeddable":true,"href":"https:\/\/brilune.eu\/lv\/wp-json\/wp\/v2\/product_tag?post=37844"}],"curies":[{"name":"wp","href":"https:\/\/api.w.org\/{rel}","templated":true}]}}