{"id":37771,"date":"2025-02-19T12:27:16","date_gmt":"2025-02-19T10:27:16","guid":{"rendered":"https:\/\/brilune.eu\/?post_type=product&#038;p=37771"},"modified":"2025-02-19T12:42:26","modified_gmt":"2025-02-19T10:42:26","slug":"miksts-kresls-5","status":"publish","type":"product","link":"https:\/\/brilune.eu\/lv\/product\/miksts-kresls-5\/","title":{"rendered":"M\u012bksts kr\u0113sls"},"content":{"rendered":"<p>Iepaz\u012bstin\u0101m ar kr\u0113slu &#8211; moderna stila un nep\u0101rsp\u0113jama komforta kombin\u0101cija. \u0160is kr\u0113sls ir rad\u012bts tiem, kas nov\u0113rt\u0113 eleganci un funkcionalit\u0101ti. T\u0101s minim\u0101listiskais siluets lieliski ieder\u0113sies jebkur\u0101 interjer\u0101, un t\u0101 m\u012bkstais polster\u0113jums un ergonomiskais dizains nodro\u0161in\u0101s greznu uztur\u0113\u0161anos. Kr\u0113sla p\u0101rdom\u0101tais dizains veicina pareizu st\u0101ju un relaks\u0101ciju, padarot to par ide\u0101lu izv\u0113li j\u016bsu m\u0101j\u0101m.<\/p>\n<p>Izm\u0113rs: 81\u00d796\u00d798 cm<br \/>\nMateri\u0101li: augst\u0101k\u0101s kvalit\u0101tes vilna, koka r\u0101mis.<\/p>\n","protected":false},"excerpt":{"rendered":"<p>Iepaz\u012bstin\u0101m ar kr\u0113slu &#8211; moderna stila un nep\u0101rsp\u0113jama komforta kombin\u0101cija. \u0160is kr\u0113sls ir rad\u012bts tiem, kas nov\u0113rt\u0113 eleganci un funkcionalit\u0101ti. T\u0101 minim\u0101lisma&#8230;<\/p>\n","protected":false},"featured_media":8233,"comment_status":"open","ping_status":"closed","template":"","meta":[],"product_brand":[],"product_cat":[5582,1583],"product_tag":[],"class_list":{"0":"post-37771","1":"product","2":"type-product","3":"status-publish","4":"has-post-thumbnail","6":"product_cat-kresls-kresli-4-2","7":"product_cat-kresls-kresli-2","9":"first","10":"instock","11":"shipping-taxable","12":"purchasable","13":"product-type-simple"},"yoast_head":"<!-- This site is optimized with the Yoast SEO plugin v26.0 - https:\/\/yoast.com\/wordpress\/plugins\/seo\/ -->\n<title>M\u012bksts kr\u0113sls<\/title>\n<meta name=\"description\" content=\"Iepaz\u012bstin\u0101m ar kr\u0113slu - moderna stila un nep\u0101rsp\u0113jama komforta kombin\u0101cija. \u0160is kr\u0113sls ir rad\u012bts tiem, kas nov\u0113rt\u0113 eleganci un funkcionalit\u0101ti. T\u0101 minim\u0101lisma...\" \/>\n<meta name=\"robots\" content=\"index, follow, max-snippet:-1, max-image-preview:large, max-video-preview:-1\" \/>\n<link rel=\"canonical\" href=\"https:\/\/brilune.eu\/lv\/product\/miksts-kresls-5\/\" \/>\n<meta property=\"og:locale\" content=\"lv_LV\" \/>\n<meta property=\"og:type\" content=\"article\" \/>\n<meta property=\"og:title\" content=\"M\u012bksts kr\u0113sls\" \/>\n<meta property=\"og:description\" content=\"Iepaz\u012bstin\u0101m ar kr\u0113slu - moderna stila un nep\u0101rsp\u0113jama komforta kombin\u0101cija. \u0160is kr\u0113sls ir rad\u012bts tiem, kas nov\u0113rt\u0113 eleganci un funkcionalit\u0101ti. T\u0101 minim\u0101lisma...\" \/>\n<meta property=\"og:url\" content=\"https:\/\/brilune.eu\/lv\/product\/miksts-kresls-5\/\" \/>\n<meta property=\"og:site_name\" content=\"Brilune\" \/>\n<meta property=\"article:modified_time\" content=\"2025-02-19T10:42:26+00:00\" \/>\n<meta property=\"og:image\" content=\"https:\/\/brilune.eu\/wp-content\/uploads\/2025\/01\/herve-occasional-chair-chair-off-white-261852_2048x2048.jpg\" \/>\n\t<meta property=\"og:image:width\" content=\"2048\" \/>\n\t<meta property=\"og:image:height\" content=\"2048\" \/>\n\t<meta property=\"og:image:type\" content=\"image\/jpeg\" \/>\n<meta name=\"twitter:card\" content=\"summary_large_image\" \/>\n<script type=\"application\/ld+json\" class=\"yoast-schema-graph\">{\"@context\":\"https:\/\/schema.org\",\"@graph\":[{\"@type\":\"WebPage\",\"@id\":\"https:\/\/brilune.eu\/lv\/product\/miksts-kresls-5\/\",\"url\":\"https:\/\/brilune.eu\/lv\/product\/miksts-kresls-5\/\",\"name\":\"M\u012bksts kr\u0113sls\",\"isPartOf\":{\"@id\":\"https:\/\/brilune.eu\/lv\/#website\"},\"primaryImageOfPage\":{\"@id\":\"https:\/\/brilune.eu\/lv\/product\/miksts-kresls-5\/#primaryimage\"},\"image\":{\"@id\":\"https:\/\/brilune.eu\/lv\/product\/miksts-kresls-5\/#primaryimage\"},\"thumbnailUrl\":\"https:\/\/brilune.eu\/wp-content\/uploads\/2025\/01\/herve-occasional-chair-chair-off-white-261852_2048x2048.jpg\",\"datePublished\":\"2025-02-19T10:27:16+00:00\",\"dateModified\":\"2025-02-19T10:42:26+00:00\",\"description\":\"Iepaz\u012bstin\u0101m ar kr\u0113slu - moderna stila un nep\u0101rsp\u0113jama komforta kombin\u0101cija. \u0160is kr\u0113sls ir rad\u012bts tiem, kas nov\u0113rt\u0113 eleganci un funkcionalit\u0101ti. T\u0101 minim\u0101lisma...\",\"breadcrumb\":{\"@id\":\"https:\/\/brilune.eu\/lv\/product\/miksts-kresls-5\/#breadcrumb\"},\"inLanguage\":\"lv-LV\",\"potentialAction\":[{\"@type\":\"ReadAction\",\"target\":[\"https:\/\/brilune.eu\/lv\/product\/miksts-kresls-5\/\"]}]},{\"@type\":\"ImageObject\",\"inLanguage\":\"lv-LV\",\"@id\":\"https:\/\/brilune.eu\/lv\/product\/miksts-kresls-5\/#primaryimage\",\"url\":\"https:\/\/brilune.eu\/wp-content\/uploads\/2025\/01\/herve-occasional-chair-chair-off-white-261852_2048x2048.jpg\",\"contentUrl\":\"https:\/\/brilune.eu\/wp-content\/uploads\/2025\/01\/herve-occasional-chair-chair-off-white-261852_2048x2048.jpg\",\"width\":2048,\"height\":2048},{\"@type\":\"BreadcrumbList\",\"@id\":\"https:\/\/brilune.eu\/lv\/product\/miksts-kresls-5\/#breadcrumb\",\"itemListElement\":[{\"@type\":\"ListItem\",\"position\":1,\"name\":\"S\u0101kums\",\"item\":\"https:\/\/brilune.eu\/lv\/brilune-mebeles\/\"},{\"@type\":\"ListItem\",\"position\":2,\"name\":\"Visi produkti\",\"item\":\"https:\/\/brilune.eu\/lv\/shop\/\"},{\"@type\":\"ListItem\",\"position\":3,\"name\":\"M\u012bksts kr\u0113sls\"}]},{\"@type\":\"WebSite\",\"@id\":\"https:\/\/brilune.eu\/lv\/#website\",\"url\":\"https:\/\/brilune.eu\/lv\/\",\"name\":\"Brilune\",\"description\":\"M\u0113s pied\u0101v\u0101jam unik\u0101lus un nebiju\u0161us dizainus, kas apvieno eleganci, funkcionalit\u0101ti un rado\u0161umu.\",\"potentialAction\":[{\"@type\":\"SearchAction\",\"target\":{\"@type\":\"EntryPoint\",\"urlTemplate\":\"https:\/\/brilune.eu\/lv\/?s={search_term_string}\"},\"query-input\":{\"@type\":\"PropertyValueSpecification\",\"valueRequired\":true,\"valueName\":\"search_term_string\"}}],\"inLanguage\":\"lv-LV\"}]}<\/script>\n<!-- \/ Yoast SEO plugin. -->","yoast_head_json":{"title":"M\u012bksts kr\u0113sls","description":"Iepaz\u012bstin\u0101m ar kr\u0113slu - moderna stila un nep\u0101rsp\u0113jama komforta kombin\u0101cija. \u0160is kr\u0113sls ir rad\u012bts tiem, kas nov\u0113rt\u0113 eleganci un funkcionalit\u0101ti. T\u0101 minim\u0101lisma...","robots":{"index":"index","follow":"follow","max-snippet":"max-snippet:-1","max-image-preview":"max-image-preview:large","max-video-preview":"max-video-preview:-1"},"canonical":"https:\/\/brilune.eu\/lv\/product\/miksts-kresls-5\/","og_locale":"lv_LV","og_type":"article","og_title":"M\u012bksts kr\u0113sls","og_description":"Iepaz\u012bstin\u0101m ar kr\u0113slu - moderna stila un nep\u0101rsp\u0113jama komforta kombin\u0101cija. \u0160is kr\u0113sls ir rad\u012bts tiem, kas nov\u0113rt\u0113 eleganci un funkcionalit\u0101ti. T\u0101 minim\u0101lisma...","og_url":"https:\/\/brilune.eu\/lv\/product\/miksts-kresls-5\/","og_site_name":"Brilune","article_modified_time":"2025-02-19T10:42:26+00:00","og_image":[{"width":2048,"height":2048,"url":"https:\/\/brilune.eu\/wp-content\/uploads\/2025\/01\/herve-occasional-chair-chair-off-white-261852_2048x2048.jpg","type":"image\/jpeg"}],"twitter_card":"summary_large_image","schema":{"@context":"https:\/\/schema.org","@graph":[{"@type":"WebPage","@id":"https:\/\/brilune.eu\/lv\/product\/miksts-kresls-5\/","url":"https:\/\/brilune.eu\/lv\/product\/miksts-kresls-5\/","name":"M\u012bksts kr\u0113sls","isPartOf":{"@id":"https:\/\/brilune.eu\/lv\/#website"},"primaryImageOfPage":{"@id":"https:\/\/brilune.eu\/lv\/product\/miksts-kresls-5\/#primaryimage"},"image":{"@id":"https:\/\/brilune.eu\/lv\/product\/miksts-kresls-5\/#primaryimage"},"thumbnailUrl":"https:\/\/brilune.eu\/wp-content\/uploads\/2025\/01\/herve-occasional-chair-chair-off-white-261852_2048x2048.jpg","datePublished":"2025-02-19T10:27:16+00:00","dateModified":"2025-02-19T10:42:26+00:00","description":"Iepaz\u012bstin\u0101m ar kr\u0113slu - moderna stila un nep\u0101rsp\u0113jama komforta kombin\u0101cija. \u0160is kr\u0113sls ir rad\u012bts tiem, kas nov\u0113rt\u0113 eleganci un funkcionalit\u0101ti. T\u0101 minim\u0101lisma...","breadcrumb":{"@id":"https:\/\/brilune.eu\/lv\/product\/miksts-kresls-5\/#breadcrumb"},"inLanguage":"lv-LV","potentialAction":[{"@type":"ReadAction","target":["https:\/\/brilune.eu\/lv\/product\/miksts-kresls-5\/"]}]},{"@type":"ImageObject","inLanguage":"lv-LV","@id":"https:\/\/brilune.eu\/lv\/product\/miksts-kresls-5\/#primaryimage","url":"https:\/\/brilune.eu\/wp-content\/uploads\/2025\/01\/herve-occasional-chair-chair-off-white-261852_2048x2048.jpg","contentUrl":"https:\/\/brilune.eu\/wp-content\/uploads\/2025\/01\/herve-occasional-chair-chair-off-white-261852_2048x2048.jpg","width":2048,"height":2048},{"@type":"BreadcrumbList","@id":"https:\/\/brilune.eu\/lv\/product\/miksts-kresls-5\/#breadcrumb","itemListElement":[{"@type":"ListItem","position":1,"name":"S\u0101kums","item":"https:\/\/brilune.eu\/lv\/brilune-mebeles\/"},{"@type":"ListItem","position":2,"name":"Visi produkti","item":"https:\/\/brilune.eu\/lv\/shop\/"},{"@type":"ListItem","position":3,"name":"M\u012bksts kr\u0113sls"}]},{"@type":"WebSite","@id":"https:\/\/brilune.eu\/lv\/#website","url":"https:\/\/brilune.eu\/lv\/","name":"Brilune","description":"M\u0113s pied\u0101v\u0101jam unik\u0101lus un nebiju\u0161us dizainus, kas apvieno eleganci, funkcionalit\u0101ti un rado\u0161umu.","potentialAction":[{"@type":"SearchAction","target":{"@type":"EntryPoint","urlTemplate":"https:\/\/brilune.eu\/lv\/?s={search_term_string}"},"query-input":{"@type":"PropertyValueSpecification","valueRequired":true,"valueName":"search_term_string"}}],"inLanguage":"lv-LV"}]}},"jetpack_sharing_enabled":true,"_links":{"self":[{"href":"https:\/\/brilune.eu\/lv\/wp-json\/wp\/v2\/product\/37771","targetHints":{"allow":["GET"]}}],"collection":[{"href":"https:\/\/brilune.eu\/lv\/wp-json\/wp\/v2\/product"}],"about":[{"href":"https:\/\/brilune.eu\/lv\/wp-json\/wp\/v2\/types\/product"}],"replies":[{"embeddable":true,"href":"https:\/\/brilune.eu\/lv\/wp-json\/wp\/v2\/comments?post=37771"}],"version-history":[{"count":1,"href":"https:\/\/brilune.eu\/lv\/wp-json\/wp\/v2\/product\/37771\/revisions"}],"predecessor-version":[{"id":37813,"href":"https:\/\/brilune.eu\/lv\/wp-json\/wp\/v2\/product\/37771\/revisions\/37813"}],"wp:featuredmedia":[{"embeddable":true,"href":"https:\/\/brilune.eu\/lv\/wp-json\/wp\/v2\/media\/8233"}],"wp:attachment":[{"href":"https:\/\/brilune.eu\/lv\/wp-json\/wp\/v2\/media?parent=37771"}],"wp:term":[{"taxonomy":"product_brand","embeddable":true,"href":"https:\/\/brilune.eu\/lv\/wp-json\/wp\/v2\/product_brand?post=37771"},{"taxonomy":"product_cat","embeddable":true,"href":"https:\/\/brilune.eu\/lv\/wp-json\/wp\/v2\/product_cat?post=37771"},{"taxonomy":"product_tag","embeddable":true,"href":"https:\/\/brilune.eu\/lv\/wp-json\/wp\/v2\/product_tag?post=37771"}],"curies":[{"name":"wp","href":"https:\/\/api.w.org\/{rel}","templated":true}]}}