{"id":37686,"date":"2025-02-19T12:25:57","date_gmt":"2025-02-19T10:25:57","guid":{"rendered":"https:\/\/brilune.eu\/?post_type=product&#038;p=37686"},"modified":"2025-02-19T12:41:56","modified_gmt":"2025-02-19T10:41:56","slug":"musdienigs-atputas-kresls-9","status":"publish","type":"product","link":"https:\/\/brilune.eu\/lv\/product\/musdienigs-atputas-kresls-9\/","title":{"rendered":"M\u016bsdien\u012bgs atp\u016btas kr\u0113sls"},"content":{"rendered":"<p>\u0160is kr\u0113sls ir apvilkts ar m\u012bkstu samtu un nodro\u0161ina komfortu, vienlaikus izstaro izsmalcin\u0101t\u012bbu. Iztur\u012bgais koka r\u0101mis nodro\u0161ina iztur\u012bbu un pie\u0161\u0137ir dabisku eleganci.<br \/>\nUnik\u0101lais dizains ar t\u012br\u0101m l\u012bnij\u0101m un graciozu siluetu padara to par izteiksm\u012bgu elementu jebkur\u0101 telp\u0101. Ide\u0101li piem\u0113rots gan modernam, gan klasiskam interjeram, kr\u0113sls apvieno komfortu ar izsmalcin\u0101tu stilu, padarot to par lielisku izv\u0113li tiem, kas nov\u0113rt\u0113 kvalitat\u012bvu meistar\u012bbu un greznus materi\u0101lus.<br \/>\nIzm\u0113rs: 89\u00d787\u00d776 cm.<br \/>\nMateri\u0101ls: samts, koka r\u0101mis.<\/p>\n","protected":false},"excerpt":{"rendered":"<p>\u0160is kr\u0113sls ir apvilkts ar m\u012bkstu samtu un nodro\u0161ina komfortu, vienlaikus izstaro izsmalcin\u0101t\u012bbu. Iztur\u012bgais koka r\u0101mis nodro\u0161ina iztur\u012bbu un pie\u0161\u0137ir dabisku eleganci.<br \/>\nUn&#8230;<\/p>\n","protected":false},"featured_media":6892,"comment_status":"open","ping_status":"closed","template":"","meta":[],"product_brand":[],"product_cat":[1583,5582],"product_tag":[],"class_list":{"0":"post-37686","1":"product","2":"type-product","3":"status-publish","4":"has-post-thumbnail","6":"product_cat-kresls-kresli-2","7":"product_cat-kresls-kresli-4-2","9":"first","10":"instock","11":"shipping-taxable","12":"purchasable","13":"product-type-simple"},"yoast_head":"<!-- This site is optimized with the Yoast SEO plugin v26.0 - https:\/\/yoast.com\/wordpress\/plugins\/seo\/ -->\n<title>M\u016bsdien\u012bgs atp\u016btas kr\u0113sls<\/title>\n<meta name=\"description\" content=\"\u0160is kr\u0113sls ir apvilkts ar m\u012bkstu samtu un nodro\u0161ina komfortu, vienlaikus izstaro izsmalcin\u0101t\u012bbu. Iztur\u012bgais koka r\u0101mis nodro\u0161ina iztur\u012bbu un pie\u0161\u0137ir dabisku eleganci. Un...\" \/>\n<meta name=\"robots\" content=\"index, follow, max-snippet:-1, max-image-preview:large, max-video-preview:-1\" \/>\n<link rel=\"canonical\" href=\"https:\/\/brilune.eu\/lv\/product\/musdienigs-atputas-kresls-9\/\" \/>\n<meta property=\"og:locale\" content=\"lv_LV\" \/>\n<meta property=\"og:type\" content=\"article\" \/>\n<meta property=\"og:title\" content=\"M\u016bsdien\u012bgs atp\u016btas kr\u0113sls\" \/>\n<meta property=\"og:description\" content=\"\u0160is kr\u0113sls ir apvilkts ar m\u012bkstu samtu un nodro\u0161ina komfortu, vienlaikus izstaro izsmalcin\u0101t\u012bbu. Iztur\u012bgais koka r\u0101mis nodro\u0161ina iztur\u012bbu un pie\u0161\u0137ir dabisku eleganci. Un...\" \/>\n<meta property=\"og:url\" content=\"https:\/\/brilune.eu\/lv\/product\/musdienigs-atputas-kresls-9\/\" \/>\n<meta property=\"og:site_name\" content=\"Brilune\" \/>\n<meta property=\"article:modified_time\" content=\"2025-02-19T10:41:56+00:00\" \/>\n<meta property=\"og:image\" content=\"https:\/\/brilune.eu\/wp-content\/uploads\/2025\/01\/oraine-occasional-chair-559808_2048x2048.jpg\" \/>\n\t<meta property=\"og:image:width\" content=\"2048\" \/>\n\t<meta property=\"og:image:height\" content=\"2048\" \/>\n\t<meta property=\"og:image:type\" content=\"image\/jpeg\" \/>\n<meta name=\"twitter:card\" content=\"summary_large_image\" \/>\n<script type=\"application\/ld+json\" class=\"yoast-schema-graph\">{\"@context\":\"https:\/\/schema.org\",\"@graph\":[{\"@type\":\"WebPage\",\"@id\":\"https:\/\/brilune.eu\/lv\/product\/musdienigs-atputas-kresls-9\/\",\"url\":\"https:\/\/brilune.eu\/lv\/product\/musdienigs-atputas-kresls-9\/\",\"name\":\"M\u016bsdien\u012bgs atp\u016btas kr\u0113sls\",\"isPartOf\":{\"@id\":\"https:\/\/brilune.eu\/lv\/#website\"},\"primaryImageOfPage\":{\"@id\":\"https:\/\/brilune.eu\/lv\/product\/musdienigs-atputas-kresls-9\/#primaryimage\"},\"image\":{\"@id\":\"https:\/\/brilune.eu\/lv\/product\/musdienigs-atputas-kresls-9\/#primaryimage\"},\"thumbnailUrl\":\"https:\/\/brilune.eu\/wp-content\/uploads\/2025\/01\/oraine-occasional-chair-559808_2048x2048.jpg\",\"datePublished\":\"2025-02-19T10:25:57+00:00\",\"dateModified\":\"2025-02-19T10:41:56+00:00\",\"description\":\"\u0160is kr\u0113sls ir apvilkts ar m\u012bkstu samtu un nodro\u0161ina komfortu, vienlaikus izstaro izsmalcin\u0101t\u012bbu. Iztur\u012bgais koka r\u0101mis nodro\u0161ina iztur\u012bbu un pie\u0161\u0137ir dabisku eleganci. Un...\",\"breadcrumb\":{\"@id\":\"https:\/\/brilune.eu\/lv\/product\/musdienigs-atputas-kresls-9\/#breadcrumb\"},\"inLanguage\":\"lv-LV\",\"potentialAction\":[{\"@type\":\"ReadAction\",\"target\":[\"https:\/\/brilune.eu\/lv\/product\/musdienigs-atputas-kresls-9\/\"]}]},{\"@type\":\"ImageObject\",\"inLanguage\":\"lv-LV\",\"@id\":\"https:\/\/brilune.eu\/lv\/product\/musdienigs-atputas-kresls-9\/#primaryimage\",\"url\":\"https:\/\/brilune.eu\/wp-content\/uploads\/2025\/01\/oraine-occasional-chair-559808_2048x2048.jpg\",\"contentUrl\":\"https:\/\/brilune.eu\/wp-content\/uploads\/2025\/01\/oraine-occasional-chair-559808_2048x2048.jpg\",\"width\":2048,\"height\":2048},{\"@type\":\"BreadcrumbList\",\"@id\":\"https:\/\/brilune.eu\/lv\/product\/musdienigs-atputas-kresls-9\/#breadcrumb\",\"itemListElement\":[{\"@type\":\"ListItem\",\"position\":1,\"name\":\"S\u0101kums\",\"item\":\"https:\/\/brilune.eu\/lv\/brilune-mebeles\/\"},{\"@type\":\"ListItem\",\"position\":2,\"name\":\"Visi produkti\",\"item\":\"https:\/\/brilune.eu\/lv\/shop\/\"},{\"@type\":\"ListItem\",\"position\":3,\"name\":\"M\u016bsdien\u012bgs atp\u016btas kr\u0113sls\"}]},{\"@type\":\"WebSite\",\"@id\":\"https:\/\/brilune.eu\/lv\/#website\",\"url\":\"https:\/\/brilune.eu\/lv\/\",\"name\":\"Brilune\",\"description\":\"M\u0113s pied\u0101v\u0101jam unik\u0101lus un nebiju\u0161us dizainus, kas apvieno eleganci, funkcionalit\u0101ti un rado\u0161umu.\",\"potentialAction\":[{\"@type\":\"SearchAction\",\"target\":{\"@type\":\"EntryPoint\",\"urlTemplate\":\"https:\/\/brilune.eu\/lv\/?s={search_term_string}\"},\"query-input\":{\"@type\":\"PropertyValueSpecification\",\"valueRequired\":true,\"valueName\":\"search_term_string\"}}],\"inLanguage\":\"lv-LV\"}]}<\/script>\n<!-- \/ Yoast SEO plugin. -->","yoast_head_json":{"title":"M\u016bsdien\u012bgs atp\u016btas kr\u0113sls","description":"\u0160is kr\u0113sls ir apvilkts ar m\u012bkstu samtu un nodro\u0161ina komfortu, vienlaikus izstaro izsmalcin\u0101t\u012bbu. Iztur\u012bgais koka r\u0101mis nodro\u0161ina iztur\u012bbu un pie\u0161\u0137ir dabisku eleganci. Un...","robots":{"index":"index","follow":"follow","max-snippet":"max-snippet:-1","max-image-preview":"max-image-preview:large","max-video-preview":"max-video-preview:-1"},"canonical":"https:\/\/brilune.eu\/lv\/product\/musdienigs-atputas-kresls-9\/","og_locale":"lv_LV","og_type":"article","og_title":"M\u016bsdien\u012bgs atp\u016btas kr\u0113sls","og_description":"\u0160is kr\u0113sls ir apvilkts ar m\u012bkstu samtu un nodro\u0161ina komfortu, vienlaikus izstaro izsmalcin\u0101t\u012bbu. Iztur\u012bgais koka r\u0101mis nodro\u0161ina iztur\u012bbu un pie\u0161\u0137ir dabisku eleganci. Un...","og_url":"https:\/\/brilune.eu\/lv\/product\/musdienigs-atputas-kresls-9\/","og_site_name":"Brilune","article_modified_time":"2025-02-19T10:41:56+00:00","og_image":[{"width":2048,"height":2048,"url":"https:\/\/brilune.eu\/wp-content\/uploads\/2025\/01\/oraine-occasional-chair-559808_2048x2048.jpg","type":"image\/jpeg"}],"twitter_card":"summary_large_image","schema":{"@context":"https:\/\/schema.org","@graph":[{"@type":"WebPage","@id":"https:\/\/brilune.eu\/lv\/product\/musdienigs-atputas-kresls-9\/","url":"https:\/\/brilune.eu\/lv\/product\/musdienigs-atputas-kresls-9\/","name":"M\u016bsdien\u012bgs atp\u016btas kr\u0113sls","isPartOf":{"@id":"https:\/\/brilune.eu\/lv\/#website"},"primaryImageOfPage":{"@id":"https:\/\/brilune.eu\/lv\/product\/musdienigs-atputas-kresls-9\/#primaryimage"},"image":{"@id":"https:\/\/brilune.eu\/lv\/product\/musdienigs-atputas-kresls-9\/#primaryimage"},"thumbnailUrl":"https:\/\/brilune.eu\/wp-content\/uploads\/2025\/01\/oraine-occasional-chair-559808_2048x2048.jpg","datePublished":"2025-02-19T10:25:57+00:00","dateModified":"2025-02-19T10:41:56+00:00","description":"\u0160is kr\u0113sls ir apvilkts ar m\u012bkstu samtu un nodro\u0161ina komfortu, vienlaikus izstaro izsmalcin\u0101t\u012bbu. Iztur\u012bgais koka r\u0101mis nodro\u0161ina iztur\u012bbu un pie\u0161\u0137ir dabisku eleganci. Un...","breadcrumb":{"@id":"https:\/\/brilune.eu\/lv\/product\/musdienigs-atputas-kresls-9\/#breadcrumb"},"inLanguage":"lv-LV","potentialAction":[{"@type":"ReadAction","target":["https:\/\/brilune.eu\/lv\/product\/musdienigs-atputas-kresls-9\/"]}]},{"@type":"ImageObject","inLanguage":"lv-LV","@id":"https:\/\/brilune.eu\/lv\/product\/musdienigs-atputas-kresls-9\/#primaryimage","url":"https:\/\/brilune.eu\/wp-content\/uploads\/2025\/01\/oraine-occasional-chair-559808_2048x2048.jpg","contentUrl":"https:\/\/brilune.eu\/wp-content\/uploads\/2025\/01\/oraine-occasional-chair-559808_2048x2048.jpg","width":2048,"height":2048},{"@type":"BreadcrumbList","@id":"https:\/\/brilune.eu\/lv\/product\/musdienigs-atputas-kresls-9\/#breadcrumb","itemListElement":[{"@type":"ListItem","position":1,"name":"S\u0101kums","item":"https:\/\/brilune.eu\/lv\/brilune-mebeles\/"},{"@type":"ListItem","position":2,"name":"Visi produkti","item":"https:\/\/brilune.eu\/lv\/shop\/"},{"@type":"ListItem","position":3,"name":"M\u016bsdien\u012bgs atp\u016btas kr\u0113sls"}]},{"@type":"WebSite","@id":"https:\/\/brilune.eu\/lv\/#website","url":"https:\/\/brilune.eu\/lv\/","name":"Brilune","description":"M\u0113s pied\u0101v\u0101jam unik\u0101lus un nebiju\u0161us dizainus, kas apvieno eleganci, funkcionalit\u0101ti un rado\u0161umu.","potentialAction":[{"@type":"SearchAction","target":{"@type":"EntryPoint","urlTemplate":"https:\/\/brilune.eu\/lv\/?s={search_term_string}"},"query-input":{"@type":"PropertyValueSpecification","valueRequired":true,"valueName":"search_term_string"}}],"inLanguage":"lv-LV"}]}},"jetpack_sharing_enabled":true,"_links":{"self":[{"href":"https:\/\/brilune.eu\/lv\/wp-json\/wp\/v2\/product\/37686","targetHints":{"allow":["GET"]}}],"collection":[{"href":"https:\/\/brilune.eu\/lv\/wp-json\/wp\/v2\/product"}],"about":[{"href":"https:\/\/brilune.eu\/lv\/wp-json\/wp\/v2\/types\/product"}],"replies":[{"embeddable":true,"href":"https:\/\/brilune.eu\/lv\/wp-json\/wp\/v2\/comments?post=37686"}],"version-history":[{"count":1,"href":"https:\/\/brilune.eu\/lv\/wp-json\/wp\/v2\/product\/37686\/revisions"}],"predecessor-version":[{"id":37733,"href":"https:\/\/brilune.eu\/lv\/wp-json\/wp\/v2\/product\/37686\/revisions\/37733"}],"wp:featuredmedia":[{"embeddable":true,"href":"https:\/\/brilune.eu\/lv\/wp-json\/wp\/v2\/media\/6892"}],"wp:attachment":[{"href":"https:\/\/brilune.eu\/lv\/wp-json\/wp\/v2\/media?parent=37686"}],"wp:term":[{"taxonomy":"product_brand","embeddable":true,"href":"https:\/\/brilune.eu\/lv\/wp-json\/wp\/v2\/product_brand?post=37686"},{"taxonomy":"product_cat","embeddable":true,"href":"https:\/\/brilune.eu\/lv\/wp-json\/wp\/v2\/product_cat?post=37686"},{"taxonomy":"product_tag","embeddable":true,"href":"https:\/\/brilune.eu\/lv\/wp-json\/wp\/v2\/product_tag?post=37686"}],"curies":[{"name":"wp","href":"https:\/\/api.w.org\/{rel}","templated":true}]}}