{"id":37599,"date":"2025-02-19T12:23:56","date_gmt":"2025-02-19T10:23:56","guid":{"rendered":"https:\/\/brilune.eu\/?post_type=product&#038;p=37599"},"modified":"2025-02-19T12:41:32","modified_gmt":"2025-02-19T10:41:32","slug":"kafijas-galdins-2","status":"publish","type":"product","link":"https:\/\/brilune.eu\/lv\/product\/kafijas-galdins-2\/","title":{"rendered":"Kafijas galdi\u0146\u0161"},"content":{"rendered":"<p>\u0160is kafijas galdi\u0146\u0161 ir p\u0101rkl\u0101ts ar eko-\u0101du, un tas ir ide\u0101li piem\u0113rots, lai j\u016bsu dz\u012bves telpai pie\u0161\u0137irtu stilu un funkcionalit\u0101ti. T\u0101 modernais dizains ar minim\u0101lisma l\u012bnij\u0101m un stil\u012bgu tekstila p\u0101rkl\u0101jumu pie\u0161\u0137ir eleganci jebkurai telpai. \u0112rts koka v\u0101ks atveras, nodro\u0161inot pietiekami daudz vietas uzglab\u0101\u0161anai, \u013caujot sak\u0101rtot savas mantas un uztur\u0113t lietas k\u0101rt\u012bb\u0101. \u0160is galds k\u013c\u016bs ne tikai praktisks, bet ar\u012b pievilc\u012bgs akcents J\u016bsu interjer\u0101.<br \/>\nIzm\u0113rs: 86\u00d786\u00d736 cm.<br \/>\nMateri\u0101ls: koks, eko \u0101da.<\/p>\n","protected":false},"excerpt":{"rendered":"<p>\u0160is kafijas galdi\u0146\u0161 ir p\u0101rkl\u0101ts ar eko-\u0101du, un tas ir ide\u0101li piem\u0113rots, lai j\u016bsu dz\u012bves telpai pie\u0161\u0137irtu stilu un funkcionalit\u0101ti. T\u0101 modernais dizains ar minim\u0101lisma l\u012bnij\u0101m un stil\u012bgu &#8230;<\/p>\n","protected":false},"featured_media":7807,"comment_status":"open","ping_status":"closed","template":"","meta":[],"product_brand":[],"product_cat":[5405,5495,5609,1528],"product_tag":[],"class_list":{"0":"post-37599","1":"product","2":"type-product","3":"status-publish","4":"has-post-thumbnail","6":"product_cat-galdi-4","7":"product_cat-kafijas-galdini-galdi-4-2","8":"product_cat-kafijas-galdins-galdi-4-2","9":"product_cat-kafijas-galdins","11":"first","12":"instock","13":"shipping-taxable","14":"purchasable","15":"product-type-simple"},"yoast_head":"<!-- This site is optimized with the Yoast SEO plugin v26.0 - https:\/\/yoast.com\/wordpress\/plugins\/seo\/ -->\n<title>Kafijas galdi\u0146\u0161<\/title>\n<meta name=\"description\" content=\"\u0160is kafijas galdi\u0146\u0161 ir p\u0101rkl\u0101ts ar eko-\u0101du, un tas ir ide\u0101li piem\u0113rots, lai j\u016bsu dz\u012bves telpai pie\u0161\u0137irtu stilu un funkcionalit\u0101ti. T\u0101 modernais dizains ar minim\u0101lisma l\u012bnij\u0101m un stil\u012bgu ...\" \/>\n<meta name=\"robots\" content=\"index, follow, max-snippet:-1, max-image-preview:large, max-video-preview:-1\" \/>\n<link rel=\"canonical\" href=\"https:\/\/brilune.eu\/lv\/product\/kafijas-galdins-2\/\" \/>\n<meta property=\"og:locale\" content=\"lv_LV\" \/>\n<meta property=\"og:type\" content=\"article\" \/>\n<meta property=\"og:title\" content=\"Kafijas galdi\u0146\u0161\" \/>\n<meta property=\"og:description\" content=\"\u0160is kafijas galdi\u0146\u0161 ir p\u0101rkl\u0101ts ar eko-\u0101du, un tas ir ide\u0101li piem\u0113rots, lai j\u016bsu dz\u012bves telpai pie\u0161\u0137irtu stilu un funkcionalit\u0101ti. T\u0101 modernais dizains ar minim\u0101lisma l\u012bnij\u0101m un stil\u012bgu ...\" \/>\n<meta property=\"og:url\" content=\"https:\/\/brilune.eu\/lv\/product\/kafijas-galdins-2\/\" \/>\n<meta property=\"og:site_name\" content=\"Brilune\" \/>\n<meta property=\"article:modified_time\" content=\"2025-02-19T10:41:32+00:00\" \/>\n<meta property=\"og:image\" content=\"https:\/\/brilune.eu\/wp-content\/uploads\/2025\/01\/paolo-coffee-table-collection-751048_2048x2048.jpg\" \/>\n\t<meta property=\"og:image:width\" content=\"2048\" \/>\n\t<meta property=\"og:image:height\" content=\"2048\" \/>\n\t<meta property=\"og:image:type\" content=\"image\/jpeg\" \/>\n<meta name=\"twitter:card\" content=\"summary_large_image\" \/>\n<script type=\"application\/ld+json\" class=\"yoast-schema-graph\">{\"@context\":\"https:\/\/schema.org\",\"@graph\":[{\"@type\":\"WebPage\",\"@id\":\"https:\/\/brilune.eu\/lv\/product\/kafijas-galdins-2\/\",\"url\":\"https:\/\/brilune.eu\/lv\/product\/kafijas-galdins-2\/\",\"name\":\"Kafijas galdi\u0146\u0161\",\"isPartOf\":{\"@id\":\"https:\/\/brilune.eu\/lv\/#website\"},\"primaryImageOfPage\":{\"@id\":\"https:\/\/brilune.eu\/lv\/product\/kafijas-galdins-2\/#primaryimage\"},\"image\":{\"@id\":\"https:\/\/brilune.eu\/lv\/product\/kafijas-galdins-2\/#primaryimage\"},\"thumbnailUrl\":\"https:\/\/brilune.eu\/wp-content\/uploads\/2025\/01\/paolo-coffee-table-collection-751048_2048x2048.jpg\",\"datePublished\":\"2025-02-19T10:23:56+00:00\",\"dateModified\":\"2025-02-19T10:41:32+00:00\",\"description\":\"\u0160is kafijas galdi\u0146\u0161 ir p\u0101rkl\u0101ts ar eko-\u0101du, un tas ir ide\u0101li piem\u0113rots, lai j\u016bsu dz\u012bves telpai pie\u0161\u0137irtu stilu un funkcionalit\u0101ti. T\u0101 modernais dizains ar minim\u0101lisma l\u012bnij\u0101m un stil\u012bgu ...\",\"breadcrumb\":{\"@id\":\"https:\/\/brilune.eu\/lv\/product\/kafijas-galdins-2\/#breadcrumb\"},\"inLanguage\":\"lv-LV\",\"potentialAction\":[{\"@type\":\"ReadAction\",\"target\":[\"https:\/\/brilune.eu\/lv\/product\/kafijas-galdins-2\/\"]}]},{\"@type\":\"ImageObject\",\"inLanguage\":\"lv-LV\",\"@id\":\"https:\/\/brilune.eu\/lv\/product\/kafijas-galdins-2\/#primaryimage\",\"url\":\"https:\/\/brilune.eu\/wp-content\/uploads\/2025\/01\/paolo-coffee-table-collection-751048_2048x2048.jpg\",\"contentUrl\":\"https:\/\/brilune.eu\/wp-content\/uploads\/2025\/01\/paolo-coffee-table-collection-751048_2048x2048.jpg\",\"width\":2048,\"height\":2048},{\"@type\":\"BreadcrumbList\",\"@id\":\"https:\/\/brilune.eu\/lv\/product\/kafijas-galdins-2\/#breadcrumb\",\"itemListElement\":[{\"@type\":\"ListItem\",\"position\":1,\"name\":\"S\u0101kums\",\"item\":\"https:\/\/brilune.eu\/lv\/brilune-mebeles\/\"},{\"@type\":\"ListItem\",\"position\":2,\"name\":\"Visi produkti\",\"item\":\"https:\/\/brilune.eu\/lv\/shop\/\"},{\"@type\":\"ListItem\",\"position\":3,\"name\":\"Kafijas galdi\u0146\u0161\"}]},{\"@type\":\"WebSite\",\"@id\":\"https:\/\/brilune.eu\/lv\/#website\",\"url\":\"https:\/\/brilune.eu\/lv\/\",\"name\":\"Brilune\",\"description\":\"M\u0113s pied\u0101v\u0101jam unik\u0101lus un nebiju\u0161us dizainus, kas apvieno eleganci, funkcionalit\u0101ti un rado\u0161umu.\",\"potentialAction\":[{\"@type\":\"SearchAction\",\"target\":{\"@type\":\"EntryPoint\",\"urlTemplate\":\"https:\/\/brilune.eu\/lv\/?s={search_term_string}\"},\"query-input\":{\"@type\":\"PropertyValueSpecification\",\"valueRequired\":true,\"valueName\":\"search_term_string\"}}],\"inLanguage\":\"lv-LV\"}]}<\/script>\n<!-- \/ Yoast SEO plugin. -->","yoast_head_json":{"title":"Kafijas galdi\u0146\u0161","description":"\u0160is kafijas galdi\u0146\u0161 ir p\u0101rkl\u0101ts ar eko-\u0101du, un tas ir ide\u0101li piem\u0113rots, lai j\u016bsu dz\u012bves telpai pie\u0161\u0137irtu stilu un funkcionalit\u0101ti. T\u0101 modernais dizains ar minim\u0101lisma l\u012bnij\u0101m un stil\u012bgu ...","robots":{"index":"index","follow":"follow","max-snippet":"max-snippet:-1","max-image-preview":"max-image-preview:large","max-video-preview":"max-video-preview:-1"},"canonical":"https:\/\/brilune.eu\/lv\/product\/kafijas-galdins-2\/","og_locale":"lv_LV","og_type":"article","og_title":"Kafijas galdi\u0146\u0161","og_description":"\u0160is kafijas galdi\u0146\u0161 ir p\u0101rkl\u0101ts ar eko-\u0101du, un tas ir ide\u0101li piem\u0113rots, lai j\u016bsu dz\u012bves telpai pie\u0161\u0137irtu stilu un funkcionalit\u0101ti. T\u0101 modernais dizains ar minim\u0101lisma l\u012bnij\u0101m un stil\u012bgu ...","og_url":"https:\/\/brilune.eu\/lv\/product\/kafijas-galdins-2\/","og_site_name":"Brilune","article_modified_time":"2025-02-19T10:41:32+00:00","og_image":[{"width":2048,"height":2048,"url":"https:\/\/brilune.eu\/wp-content\/uploads\/2025\/01\/paolo-coffee-table-collection-751048_2048x2048.jpg","type":"image\/jpeg"}],"twitter_card":"summary_large_image","schema":{"@context":"https:\/\/schema.org","@graph":[{"@type":"WebPage","@id":"https:\/\/brilune.eu\/lv\/product\/kafijas-galdins-2\/","url":"https:\/\/brilune.eu\/lv\/product\/kafijas-galdins-2\/","name":"Kafijas galdi\u0146\u0161","isPartOf":{"@id":"https:\/\/brilune.eu\/lv\/#website"},"primaryImageOfPage":{"@id":"https:\/\/brilune.eu\/lv\/product\/kafijas-galdins-2\/#primaryimage"},"image":{"@id":"https:\/\/brilune.eu\/lv\/product\/kafijas-galdins-2\/#primaryimage"},"thumbnailUrl":"https:\/\/brilune.eu\/wp-content\/uploads\/2025\/01\/paolo-coffee-table-collection-751048_2048x2048.jpg","datePublished":"2025-02-19T10:23:56+00:00","dateModified":"2025-02-19T10:41:32+00:00","description":"\u0160is kafijas galdi\u0146\u0161 ir p\u0101rkl\u0101ts ar eko-\u0101du, un tas ir ide\u0101li piem\u0113rots, lai j\u016bsu dz\u012bves telpai pie\u0161\u0137irtu stilu un funkcionalit\u0101ti. T\u0101 modernais dizains ar minim\u0101lisma l\u012bnij\u0101m un stil\u012bgu ...","breadcrumb":{"@id":"https:\/\/brilune.eu\/lv\/product\/kafijas-galdins-2\/#breadcrumb"},"inLanguage":"lv-LV","potentialAction":[{"@type":"ReadAction","target":["https:\/\/brilune.eu\/lv\/product\/kafijas-galdins-2\/"]}]},{"@type":"ImageObject","inLanguage":"lv-LV","@id":"https:\/\/brilune.eu\/lv\/product\/kafijas-galdins-2\/#primaryimage","url":"https:\/\/brilune.eu\/wp-content\/uploads\/2025\/01\/paolo-coffee-table-collection-751048_2048x2048.jpg","contentUrl":"https:\/\/brilune.eu\/wp-content\/uploads\/2025\/01\/paolo-coffee-table-collection-751048_2048x2048.jpg","width":2048,"height":2048},{"@type":"BreadcrumbList","@id":"https:\/\/brilune.eu\/lv\/product\/kafijas-galdins-2\/#breadcrumb","itemListElement":[{"@type":"ListItem","position":1,"name":"S\u0101kums","item":"https:\/\/brilune.eu\/lv\/brilune-mebeles\/"},{"@type":"ListItem","position":2,"name":"Visi produkti","item":"https:\/\/brilune.eu\/lv\/shop\/"},{"@type":"ListItem","position":3,"name":"Kafijas galdi\u0146\u0161"}]},{"@type":"WebSite","@id":"https:\/\/brilune.eu\/lv\/#website","url":"https:\/\/brilune.eu\/lv\/","name":"Brilune","description":"M\u0113s pied\u0101v\u0101jam unik\u0101lus un nebiju\u0161us dizainus, kas apvieno eleganci, funkcionalit\u0101ti un rado\u0161umu.","potentialAction":[{"@type":"SearchAction","target":{"@type":"EntryPoint","urlTemplate":"https:\/\/brilune.eu\/lv\/?s={search_term_string}"},"query-input":{"@type":"PropertyValueSpecification","valueRequired":true,"valueName":"search_term_string"}}],"inLanguage":"lv-LV"}]}},"jetpack_sharing_enabled":true,"_links":{"self":[{"href":"https:\/\/brilune.eu\/lv\/wp-json\/wp\/v2\/product\/37599","targetHints":{"allow":["GET"]}}],"collection":[{"href":"https:\/\/brilune.eu\/lv\/wp-json\/wp\/v2\/product"}],"about":[{"href":"https:\/\/brilune.eu\/lv\/wp-json\/wp\/v2\/types\/product"}],"replies":[{"embeddable":true,"href":"https:\/\/brilune.eu\/lv\/wp-json\/wp\/v2\/comments?post=37599"}],"version-history":[{"count":1,"href":"https:\/\/brilune.eu\/lv\/wp-json\/wp\/v2\/product\/37599\/revisions"}],"predecessor-version":[{"id":37653,"href":"https:\/\/brilune.eu\/lv\/wp-json\/wp\/v2\/product\/37599\/revisions\/37653"}],"wp:featuredmedia":[{"embeddable":true,"href":"https:\/\/brilune.eu\/lv\/wp-json\/wp\/v2\/media\/7807"}],"wp:attachment":[{"href":"https:\/\/brilune.eu\/lv\/wp-json\/wp\/v2\/media?parent=37599"}],"wp:term":[{"taxonomy":"product_brand","embeddable":true,"href":"https:\/\/brilune.eu\/lv\/wp-json\/wp\/v2\/product_brand?post=37599"},{"taxonomy":"product_cat","embeddable":true,"href":"https:\/\/brilune.eu\/lv\/wp-json\/wp\/v2\/product_cat?post=37599"},{"taxonomy":"product_tag","embeddable":true,"href":"https:\/\/brilune.eu\/lv\/wp-json\/wp\/v2\/product_tag?post=37599"}],"curies":[{"name":"wp","href":"https:\/\/api.w.org\/{rel}","templated":true}]}}