{"id":37596,"date":"2025-02-19T12:23:55","date_gmt":"2025-02-19T10:23:55","guid":{"rendered":"https:\/\/brilune.eu\/?post_type=product&#038;p=37596"},"modified":"2025-02-19T12:41:30","modified_gmt":"2025-02-19T10:41:30","slug":"kafijas-galdins","status":"publish","type":"product","link":"https:\/\/brilune.eu\/lv\/product\/kafijas-galdins\/","title":{"rendered":"Kafijas galdi\u0146\u0161"},"content":{"rendered":"<p>\u0160is elegantais s\u0101nu galds b\u016bs ide\u0101ls papildin\u0101jums j\u016bsu interjeram. P\u0101rkl\u0101ts ar eko-\u0101du un apr\u012bkots ar koka v\u0101ku, tas atveras, lai pied\u0101v\u0101tu papildu vietu uzglab\u0101\u0161anai. T\u0101 modernais, minim\u0101listiskais dizains padara to par ide\u0101lu akcentu jebkurai dz\u012bvojamai telpai, savuk\u0101rt praktiskums \u013cauj \u0113rti sak\u0101rtot un uztur\u0113t lietas k\u0101rt\u012bb\u0101. \u0160is galds pie\u0161\u0137irs j\u016bsu m\u0101jai stilu un komfortu.<br \/>\nIzm\u0113rs: 66\u00d766\u00d746 cm.<br \/>\nMateri\u0101ls: koks, eko \u0101da.<\/p>\n","protected":false},"excerpt":{"rendered":"<p>\u0160is elegantais s\u0101nu galds b\u016bs ide\u0101ls papildin\u0101jums j\u016bsu interjeram. P\u0101rkl\u0101ts ar eko-\u0101du un apr\u012bkots ar koka v\u0101ku, tas atveras, lai pied\u0101v\u0101tu papildu&#8230;<\/p>\n","protected":false},"featured_media":7807,"comment_status":"open","ping_status":"closed","template":"","meta":[],"product_brand":[],"product_cat":[5405,5610,5495,5609,1586],"product_tag":[],"class_list":{"0":"post-37596","1":"product","2":"type-product","3":"status-publish","4":"has-post-thumbnail","6":"product_cat-galdi-4","7":"product_cat-galds-galdi-4-2","8":"product_cat-kafijas-galdini-galdi-4-2","9":"product_cat-kafijas-galdins-galdi-4-2","10":"product_cat-tabula","12":"first","13":"instock","14":"shipping-taxable","15":"purchasable","16":"product-type-simple"},"yoast_head":"<!-- This site is optimized with the Yoast SEO plugin v26.0 - https:\/\/yoast.com\/wordpress\/plugins\/seo\/ -->\n<title>Kafijas galdi\u0146\u0161<\/title>\n<meta name=\"description\" content=\"\u0160is elegantais s\u0101nu galds b\u016bs ide\u0101ls papildin\u0101jums j\u016bsu interjeram. P\u0101rkl\u0101ts ar eko-\u0101du un apr\u012bkots ar koka v\u0101ku, tas atveras, lai pied\u0101v\u0101tu papildu...\" \/>\n<meta name=\"robots\" content=\"index, follow, max-snippet:-1, max-image-preview:large, max-video-preview:-1\" \/>\n<link rel=\"canonical\" href=\"https:\/\/brilune.eu\/lv\/product\/kafijas-galdins\/\" \/>\n<meta property=\"og:locale\" content=\"lv_LV\" \/>\n<meta property=\"og:type\" content=\"article\" \/>\n<meta property=\"og:title\" content=\"Kafijas galdi\u0146\u0161\" \/>\n<meta property=\"og:description\" content=\"\u0160is elegantais s\u0101nu galds b\u016bs ide\u0101ls papildin\u0101jums j\u016bsu interjeram. P\u0101rkl\u0101ts ar eko-\u0101du un apr\u012bkots ar koka v\u0101ku, tas atveras, lai pied\u0101v\u0101tu papildu...\" \/>\n<meta property=\"og:url\" content=\"https:\/\/brilune.eu\/lv\/product\/kafijas-galdins\/\" \/>\n<meta property=\"og:site_name\" content=\"Brilune\" \/>\n<meta property=\"article:modified_time\" content=\"2025-02-19T10:41:30+00:00\" \/>\n<meta property=\"og:image\" content=\"https:\/\/brilune.eu\/wp-content\/uploads\/2025\/01\/paolo-coffee-table-collection-751048_2048x2048.jpg\" \/>\n\t<meta property=\"og:image:width\" content=\"2048\" \/>\n\t<meta property=\"og:image:height\" content=\"2048\" \/>\n\t<meta property=\"og:image:type\" content=\"image\/jpeg\" \/>\n<meta name=\"twitter:card\" content=\"summary_large_image\" \/>\n<script type=\"application\/ld+json\" class=\"yoast-schema-graph\">{\"@context\":\"https:\/\/schema.org\",\"@graph\":[{\"@type\":\"WebPage\",\"@id\":\"https:\/\/brilune.eu\/lv\/product\/kafijas-galdins\/\",\"url\":\"https:\/\/brilune.eu\/lv\/product\/kafijas-galdins\/\",\"name\":\"Kafijas galdi\u0146\u0161\",\"isPartOf\":{\"@id\":\"https:\/\/brilune.eu\/lv\/#website\"},\"primaryImageOfPage\":{\"@id\":\"https:\/\/brilune.eu\/lv\/product\/kafijas-galdins\/#primaryimage\"},\"image\":{\"@id\":\"https:\/\/brilune.eu\/lv\/product\/kafijas-galdins\/#primaryimage\"},\"thumbnailUrl\":\"https:\/\/brilune.eu\/wp-content\/uploads\/2025\/01\/paolo-coffee-table-collection-751048_2048x2048.jpg\",\"datePublished\":\"2025-02-19T10:23:55+00:00\",\"dateModified\":\"2025-02-19T10:41:30+00:00\",\"description\":\"\u0160is elegantais s\u0101nu galds b\u016bs ide\u0101ls papildin\u0101jums j\u016bsu interjeram. P\u0101rkl\u0101ts ar eko-\u0101du un apr\u012bkots ar koka v\u0101ku, tas atveras, lai pied\u0101v\u0101tu papildu...\",\"breadcrumb\":{\"@id\":\"https:\/\/brilune.eu\/lv\/product\/kafijas-galdins\/#breadcrumb\"},\"inLanguage\":\"lv-LV\",\"potentialAction\":[{\"@type\":\"ReadAction\",\"target\":[\"https:\/\/brilune.eu\/lv\/product\/kafijas-galdins\/\"]}]},{\"@type\":\"ImageObject\",\"inLanguage\":\"lv-LV\",\"@id\":\"https:\/\/brilune.eu\/lv\/product\/kafijas-galdins\/#primaryimage\",\"url\":\"https:\/\/brilune.eu\/wp-content\/uploads\/2025\/01\/paolo-coffee-table-collection-751048_2048x2048.jpg\",\"contentUrl\":\"https:\/\/brilune.eu\/wp-content\/uploads\/2025\/01\/paolo-coffee-table-collection-751048_2048x2048.jpg\",\"width\":2048,\"height\":2048},{\"@type\":\"BreadcrumbList\",\"@id\":\"https:\/\/brilune.eu\/lv\/product\/kafijas-galdins\/#breadcrumb\",\"itemListElement\":[{\"@type\":\"ListItem\",\"position\":1,\"name\":\"S\u0101kums\",\"item\":\"https:\/\/brilune.eu\/lv\/brilune-mebeles\/\"},{\"@type\":\"ListItem\",\"position\":2,\"name\":\"Visi produkti\",\"item\":\"https:\/\/brilune.eu\/lv\/shop\/\"},{\"@type\":\"ListItem\",\"position\":3,\"name\":\"Kafijas galdi\u0146\u0161\"}]},{\"@type\":\"WebSite\",\"@id\":\"https:\/\/brilune.eu\/lv\/#website\",\"url\":\"https:\/\/brilune.eu\/lv\/\",\"name\":\"Brilune\",\"description\":\"M\u0113s pied\u0101v\u0101jam unik\u0101lus un nebiju\u0161us dizainus, kas apvieno eleganci, funkcionalit\u0101ti un rado\u0161umu.\",\"potentialAction\":[{\"@type\":\"SearchAction\",\"target\":{\"@type\":\"EntryPoint\",\"urlTemplate\":\"https:\/\/brilune.eu\/lv\/?s={search_term_string}\"},\"query-input\":{\"@type\":\"PropertyValueSpecification\",\"valueRequired\":true,\"valueName\":\"search_term_string\"}}],\"inLanguage\":\"lv-LV\"}]}<\/script>\n<!-- \/ Yoast SEO plugin. -->","yoast_head_json":{"title":"Kafijas galdi\u0146\u0161","description":"\u0160is elegantais s\u0101nu galds b\u016bs ide\u0101ls papildin\u0101jums j\u016bsu interjeram. P\u0101rkl\u0101ts ar eko-\u0101du un apr\u012bkots ar koka v\u0101ku, tas atveras, lai pied\u0101v\u0101tu papildu...","robots":{"index":"index","follow":"follow","max-snippet":"max-snippet:-1","max-image-preview":"max-image-preview:large","max-video-preview":"max-video-preview:-1"},"canonical":"https:\/\/brilune.eu\/lv\/product\/kafijas-galdins\/","og_locale":"lv_LV","og_type":"article","og_title":"Kafijas galdi\u0146\u0161","og_description":"\u0160is elegantais s\u0101nu galds b\u016bs ide\u0101ls papildin\u0101jums j\u016bsu interjeram. P\u0101rkl\u0101ts ar eko-\u0101du un apr\u012bkots ar koka v\u0101ku, tas atveras, lai pied\u0101v\u0101tu papildu...","og_url":"https:\/\/brilune.eu\/lv\/product\/kafijas-galdins\/","og_site_name":"Brilune","article_modified_time":"2025-02-19T10:41:30+00:00","og_image":[{"width":2048,"height":2048,"url":"https:\/\/brilune.eu\/wp-content\/uploads\/2025\/01\/paolo-coffee-table-collection-751048_2048x2048.jpg","type":"image\/jpeg"}],"twitter_card":"summary_large_image","schema":{"@context":"https:\/\/schema.org","@graph":[{"@type":"WebPage","@id":"https:\/\/brilune.eu\/lv\/product\/kafijas-galdins\/","url":"https:\/\/brilune.eu\/lv\/product\/kafijas-galdins\/","name":"Kafijas galdi\u0146\u0161","isPartOf":{"@id":"https:\/\/brilune.eu\/lv\/#website"},"primaryImageOfPage":{"@id":"https:\/\/brilune.eu\/lv\/product\/kafijas-galdins\/#primaryimage"},"image":{"@id":"https:\/\/brilune.eu\/lv\/product\/kafijas-galdins\/#primaryimage"},"thumbnailUrl":"https:\/\/brilune.eu\/wp-content\/uploads\/2025\/01\/paolo-coffee-table-collection-751048_2048x2048.jpg","datePublished":"2025-02-19T10:23:55+00:00","dateModified":"2025-02-19T10:41:30+00:00","description":"\u0160is elegantais s\u0101nu galds b\u016bs ide\u0101ls papildin\u0101jums j\u016bsu interjeram. P\u0101rkl\u0101ts ar eko-\u0101du un apr\u012bkots ar koka v\u0101ku, tas atveras, lai pied\u0101v\u0101tu papildu...","breadcrumb":{"@id":"https:\/\/brilune.eu\/lv\/product\/kafijas-galdins\/#breadcrumb"},"inLanguage":"lv-LV","potentialAction":[{"@type":"ReadAction","target":["https:\/\/brilune.eu\/lv\/product\/kafijas-galdins\/"]}]},{"@type":"ImageObject","inLanguage":"lv-LV","@id":"https:\/\/brilune.eu\/lv\/product\/kafijas-galdins\/#primaryimage","url":"https:\/\/brilune.eu\/wp-content\/uploads\/2025\/01\/paolo-coffee-table-collection-751048_2048x2048.jpg","contentUrl":"https:\/\/brilune.eu\/wp-content\/uploads\/2025\/01\/paolo-coffee-table-collection-751048_2048x2048.jpg","width":2048,"height":2048},{"@type":"BreadcrumbList","@id":"https:\/\/brilune.eu\/lv\/product\/kafijas-galdins\/#breadcrumb","itemListElement":[{"@type":"ListItem","position":1,"name":"S\u0101kums","item":"https:\/\/brilune.eu\/lv\/brilune-mebeles\/"},{"@type":"ListItem","position":2,"name":"Visi produkti","item":"https:\/\/brilune.eu\/lv\/shop\/"},{"@type":"ListItem","position":3,"name":"Kafijas galdi\u0146\u0161"}]},{"@type":"WebSite","@id":"https:\/\/brilune.eu\/lv\/#website","url":"https:\/\/brilune.eu\/lv\/","name":"Brilune","description":"M\u0113s pied\u0101v\u0101jam unik\u0101lus un nebiju\u0161us dizainus, kas apvieno eleganci, funkcionalit\u0101ti un rado\u0161umu.","potentialAction":[{"@type":"SearchAction","target":{"@type":"EntryPoint","urlTemplate":"https:\/\/brilune.eu\/lv\/?s={search_term_string}"},"query-input":{"@type":"PropertyValueSpecification","valueRequired":true,"valueName":"search_term_string"}}],"inLanguage":"lv-LV"}]}},"jetpack_sharing_enabled":true,"_links":{"self":[{"href":"https:\/\/brilune.eu\/lv\/wp-json\/wp\/v2\/product\/37596","targetHints":{"allow":["GET"]}}],"collection":[{"href":"https:\/\/brilune.eu\/lv\/wp-json\/wp\/v2\/product"}],"about":[{"href":"https:\/\/brilune.eu\/lv\/wp-json\/wp\/v2\/types\/product"}],"replies":[{"embeddable":true,"href":"https:\/\/brilune.eu\/lv\/wp-json\/wp\/v2\/comments?post=37596"}],"version-history":[{"count":1,"href":"https:\/\/brilune.eu\/lv\/wp-json\/wp\/v2\/product\/37596\/revisions"}],"predecessor-version":[{"id":37650,"href":"https:\/\/brilune.eu\/lv\/wp-json\/wp\/v2\/product\/37596\/revisions\/37650"}],"wp:featuredmedia":[{"embeddable":true,"href":"https:\/\/brilune.eu\/lv\/wp-json\/wp\/v2\/media\/7807"}],"wp:attachment":[{"href":"https:\/\/brilune.eu\/lv\/wp-json\/wp\/v2\/media?parent=37596"}],"wp:term":[{"taxonomy":"product_brand","embeddable":true,"href":"https:\/\/brilune.eu\/lv\/wp-json\/wp\/v2\/product_brand?post=37596"},{"taxonomy":"product_cat","embeddable":true,"href":"https:\/\/brilune.eu\/lv\/wp-json\/wp\/v2\/product_cat?post=37596"},{"taxonomy":"product_tag","embeddable":true,"href":"https:\/\/brilune.eu\/lv\/wp-json\/wp\/v2\/product_tag?post=37596"}],"curies":[{"name":"wp","href":"https:\/\/api.w.org\/{rel}","templated":true}]}}