{"id":37566,"date":"2025-02-19T12:23:28","date_gmt":"2025-02-19T10:23:28","guid":{"rendered":"https:\/\/brilune.eu\/?post_type=product&#038;p=37566"},"modified":"2025-02-19T12:41:17","modified_gmt":"2025-02-19T10:41:17","slug":"travertina-kafijas-galdins","status":"publish","type":"product","link":"https:\/\/brilune.eu\/lv\/product\/travertina-kafijas-galdins\/","title":{"rendered":"Travert\u012bna kafijas galdi\u0146\u0161"},"content":{"rendered":"<p>Satrieco\u0161a dabiskas elegances un moderna dizaina kombin\u0101cija. \u0160is apa\u013cais kafijas galdi\u0146\u0161 ir izgatavots no izsmalcin\u0101ta travert\u012bna akmens, un tam ir unik\u0101li dabiski raksti, kas padara katru gabalu unik\u0101lu. Gludo, pul\u0113to travert\u012bna galda virsmu lieliski papildina skaistas koka k\u0101jas, radot harmonisku tekst\u016bras un siltuma kombin\u0101ciju.<br \/>\nKafijas galdi\u0146\u0161 ir lieliski piem\u0113rots jebkurai dz\u012bves telpai, un tas pied\u0101v\u0101 m\u016b\u017e\u012bgu skaistumu un iztur\u012bbu, nodro\u0161inot, ka tas b\u016bs izcils j\u016bsu m\u0101jas elements ar\u012b turpm\u0101kajos gados. Uzlabojiet savu interjeru ar travert\u012bna kafijas galdi\u0146a grezno izsmalcin\u0101t\u012bbu.<br \/>\nIzm\u0113rs: 50x50x45 cm<br \/>\nMateri\u0101ls: travert\u012bns, koka k\u0101jas.<\/p>\n","protected":false},"excerpt":{"rendered":"<p>Satrieco\u0161a dabiskas elegances un moderna dizaina kombin\u0101cija. Izgatavots no izsmalcin\u0101ta travert\u012bna akmens, \u0161is apa\u013cais kafijas galdi\u0146\u0161 lepojas ar unik\u0101liem dabiskiem rakstiem&#8230;<\/p>\n","protected":false},"featured_media":7765,"comment_status":"open","ping_status":"closed","template":"","meta":[],"product_brand":[],"product_cat":[1586,5584],"product_tag":[],"class_list":{"0":"post-37566","1":"product","2":"type-product","3":"status-publish","4":"has-post-thumbnail","6":"product_cat-tabula","7":"product_cat-tabula-tabulas-4-3","9":"first","10":"instock","11":"shipping-taxable","12":"purchasable","13":"product-type-simple"},"yoast_head":"<!-- This site is optimized with the Yoast SEO plugin v26.0 - https:\/\/yoast.com\/wordpress\/plugins\/seo\/ -->\n<title>Travert\u012bna kafijas galdi\u0146\u0161<\/title>\n<meta name=\"description\" content=\"Satrieco\u0161a dabiskas elegances un moderna dizaina kombin\u0101cija. Izgatavots no izsmalcin\u0101ta travert\u012bna akmens, \u0161is apa\u013cais kafijas galdi\u0146\u0161 lepojas ar unik\u0101liem dabiskiem rakstiem...\" \/>\n<meta name=\"robots\" content=\"index, follow, max-snippet:-1, max-image-preview:large, max-video-preview:-1\" \/>\n<link rel=\"canonical\" href=\"https:\/\/brilune.eu\/lv\/product\/travertina-kafijas-galdins\/\" \/>\n<meta property=\"og:locale\" content=\"lv_LV\" \/>\n<meta property=\"og:type\" content=\"article\" \/>\n<meta property=\"og:title\" content=\"Travert\u012bna kafijas galdi\u0146\u0161\" \/>\n<meta property=\"og:description\" content=\"Satrieco\u0161a dabiskas elegances un moderna dizaina kombin\u0101cija. Izgatavots no izsmalcin\u0101ta travert\u012bna akmens, \u0161is apa\u013cais kafijas galdi\u0146\u0161 lepojas ar unik\u0101liem dabiskiem rakstiem...\" \/>\n<meta property=\"og:url\" content=\"https:\/\/brilune.eu\/lv\/product\/travertina-kafijas-galdins\/\" \/>\n<meta property=\"og:site_name\" content=\"Brilune\" \/>\n<meta property=\"article:modified_time\" content=\"2025-02-19T10:41:17+00:00\" \/>\n<meta property=\"og:image\" content=\"https:\/\/brilune.eu\/wp-content\/uploads\/2025\/01\/yolande-travertine-coffee-table-walnut-50cm-side-table-419841_2048x2048.jpg\" \/>\n\t<meta property=\"og:image:width\" content=\"2048\" \/>\n\t<meta property=\"og:image:height\" content=\"2048\" \/>\n\t<meta property=\"og:image:type\" content=\"image\/jpeg\" \/>\n<meta name=\"twitter:card\" content=\"summary_large_image\" \/>\n<meta name=\"twitter:label1\" content=\"Est. reading time\" \/>\n\t<meta name=\"twitter:data1\" content=\"1 minute\" \/>\n<script type=\"application\/ld+json\" class=\"yoast-schema-graph\">{\"@context\":\"https:\/\/schema.org\",\"@graph\":[{\"@type\":\"WebPage\",\"@id\":\"https:\/\/brilune.eu\/lv\/product\/travertina-kafijas-galdins\/\",\"url\":\"https:\/\/brilune.eu\/lv\/product\/travertina-kafijas-galdins\/\",\"name\":\"Travert\u012bna kafijas galdi\u0146\u0161\",\"isPartOf\":{\"@id\":\"https:\/\/brilune.eu\/lv\/#website\"},\"primaryImageOfPage\":{\"@id\":\"https:\/\/brilune.eu\/lv\/product\/travertina-kafijas-galdins\/#primaryimage\"},\"image\":{\"@id\":\"https:\/\/brilune.eu\/lv\/product\/travertina-kafijas-galdins\/#primaryimage\"},\"thumbnailUrl\":\"https:\/\/brilune.eu\/wp-content\/uploads\/2025\/01\/yolande-travertine-coffee-table-walnut-50cm-side-table-419841_2048x2048.jpg\",\"datePublished\":\"2025-02-19T10:23:28+00:00\",\"dateModified\":\"2025-02-19T10:41:17+00:00\",\"description\":\"Satrieco\u0161a dabiskas elegances un moderna dizaina kombin\u0101cija. Izgatavots no izsmalcin\u0101ta travert\u012bna akmens, \u0161is apa\u013cais kafijas galdi\u0146\u0161 lepojas ar unik\u0101liem dabiskiem rakstiem...\",\"breadcrumb\":{\"@id\":\"https:\/\/brilune.eu\/lv\/product\/travertina-kafijas-galdins\/#breadcrumb\"},\"inLanguage\":\"lv-LV\",\"potentialAction\":[{\"@type\":\"ReadAction\",\"target\":[\"https:\/\/brilune.eu\/lv\/product\/travertina-kafijas-galdins\/\"]}]},{\"@type\":\"ImageObject\",\"inLanguage\":\"lv-LV\",\"@id\":\"https:\/\/brilune.eu\/lv\/product\/travertina-kafijas-galdins\/#primaryimage\",\"url\":\"https:\/\/brilune.eu\/wp-content\/uploads\/2025\/01\/yolande-travertine-coffee-table-walnut-50cm-side-table-419841_2048x2048.jpg\",\"contentUrl\":\"https:\/\/brilune.eu\/wp-content\/uploads\/2025\/01\/yolande-travertine-coffee-table-walnut-50cm-side-table-419841_2048x2048.jpg\",\"width\":2048,\"height\":2048},{\"@type\":\"BreadcrumbList\",\"@id\":\"https:\/\/brilune.eu\/lv\/product\/travertina-kafijas-galdins\/#breadcrumb\",\"itemListElement\":[{\"@type\":\"ListItem\",\"position\":1,\"name\":\"S\u0101kums\",\"item\":\"https:\/\/brilune.eu\/lv\/brilune-mebeles\/\"},{\"@type\":\"ListItem\",\"position\":2,\"name\":\"Visi produkti\",\"item\":\"https:\/\/brilune.eu\/lv\/shop\/\"},{\"@type\":\"ListItem\",\"position\":3,\"name\":\"Travert\u012bna kafijas galdi\u0146\u0161\"}]},{\"@type\":\"WebSite\",\"@id\":\"https:\/\/brilune.eu\/lv\/#website\",\"url\":\"https:\/\/brilune.eu\/lv\/\",\"name\":\"Brilune\",\"description\":\"M\u0113s pied\u0101v\u0101jam unik\u0101lus un nebiju\u0161us dizainus, kas apvieno eleganci, funkcionalit\u0101ti un rado\u0161umu.\",\"potentialAction\":[{\"@type\":\"SearchAction\",\"target\":{\"@type\":\"EntryPoint\",\"urlTemplate\":\"https:\/\/brilune.eu\/lv\/?s={search_term_string}\"},\"query-input\":{\"@type\":\"PropertyValueSpecification\",\"valueRequired\":true,\"valueName\":\"search_term_string\"}}],\"inLanguage\":\"lv-LV\"}]}<\/script>\n<!-- \/ Yoast SEO plugin. -->","yoast_head_json":{"title":"Travert\u012bna kafijas galdi\u0146\u0161","description":"Satrieco\u0161a dabiskas elegances un moderna dizaina kombin\u0101cija. Izgatavots no izsmalcin\u0101ta travert\u012bna akmens, \u0161is apa\u013cais kafijas galdi\u0146\u0161 lepojas ar unik\u0101liem dabiskiem rakstiem...","robots":{"index":"index","follow":"follow","max-snippet":"max-snippet:-1","max-image-preview":"max-image-preview:large","max-video-preview":"max-video-preview:-1"},"canonical":"https:\/\/brilune.eu\/lv\/product\/travertina-kafijas-galdins\/","og_locale":"lv_LV","og_type":"article","og_title":"Travert\u012bna kafijas galdi\u0146\u0161","og_description":"Satrieco\u0161a dabiskas elegances un moderna dizaina kombin\u0101cija. Izgatavots no izsmalcin\u0101ta travert\u012bna akmens, \u0161is apa\u013cais kafijas galdi\u0146\u0161 lepojas ar unik\u0101liem dabiskiem rakstiem...","og_url":"https:\/\/brilune.eu\/lv\/product\/travertina-kafijas-galdins\/","og_site_name":"Brilune","article_modified_time":"2025-02-19T10:41:17+00:00","og_image":[{"width":2048,"height":2048,"url":"https:\/\/brilune.eu\/wp-content\/uploads\/2025\/01\/yolande-travertine-coffee-table-walnut-50cm-side-table-419841_2048x2048.jpg","type":"image\/jpeg"}],"twitter_card":"summary_large_image","twitter_misc":{"Est. reading time":"1 minute"},"schema":{"@context":"https:\/\/schema.org","@graph":[{"@type":"WebPage","@id":"https:\/\/brilune.eu\/lv\/product\/travertina-kafijas-galdins\/","url":"https:\/\/brilune.eu\/lv\/product\/travertina-kafijas-galdins\/","name":"Travert\u012bna kafijas galdi\u0146\u0161","isPartOf":{"@id":"https:\/\/brilune.eu\/lv\/#website"},"primaryImageOfPage":{"@id":"https:\/\/brilune.eu\/lv\/product\/travertina-kafijas-galdins\/#primaryimage"},"image":{"@id":"https:\/\/brilune.eu\/lv\/product\/travertina-kafijas-galdins\/#primaryimage"},"thumbnailUrl":"https:\/\/brilune.eu\/wp-content\/uploads\/2025\/01\/yolande-travertine-coffee-table-walnut-50cm-side-table-419841_2048x2048.jpg","datePublished":"2025-02-19T10:23:28+00:00","dateModified":"2025-02-19T10:41:17+00:00","description":"Satrieco\u0161a dabiskas elegances un moderna dizaina kombin\u0101cija. Izgatavots no izsmalcin\u0101ta travert\u012bna akmens, \u0161is apa\u013cais kafijas galdi\u0146\u0161 lepojas ar unik\u0101liem dabiskiem rakstiem...","breadcrumb":{"@id":"https:\/\/brilune.eu\/lv\/product\/travertina-kafijas-galdins\/#breadcrumb"},"inLanguage":"lv-LV","potentialAction":[{"@type":"ReadAction","target":["https:\/\/brilune.eu\/lv\/product\/travertina-kafijas-galdins\/"]}]},{"@type":"ImageObject","inLanguage":"lv-LV","@id":"https:\/\/brilune.eu\/lv\/product\/travertina-kafijas-galdins\/#primaryimage","url":"https:\/\/brilune.eu\/wp-content\/uploads\/2025\/01\/yolande-travertine-coffee-table-walnut-50cm-side-table-419841_2048x2048.jpg","contentUrl":"https:\/\/brilune.eu\/wp-content\/uploads\/2025\/01\/yolande-travertine-coffee-table-walnut-50cm-side-table-419841_2048x2048.jpg","width":2048,"height":2048},{"@type":"BreadcrumbList","@id":"https:\/\/brilune.eu\/lv\/product\/travertina-kafijas-galdins\/#breadcrumb","itemListElement":[{"@type":"ListItem","position":1,"name":"S\u0101kums","item":"https:\/\/brilune.eu\/lv\/brilune-mebeles\/"},{"@type":"ListItem","position":2,"name":"Visi produkti","item":"https:\/\/brilune.eu\/lv\/shop\/"},{"@type":"ListItem","position":3,"name":"Travert\u012bna kafijas galdi\u0146\u0161"}]},{"@type":"WebSite","@id":"https:\/\/brilune.eu\/lv\/#website","url":"https:\/\/brilune.eu\/lv\/","name":"Brilune","description":"M\u0113s pied\u0101v\u0101jam unik\u0101lus un nebiju\u0161us dizainus, kas apvieno eleganci, funkcionalit\u0101ti un rado\u0161umu.","potentialAction":[{"@type":"SearchAction","target":{"@type":"EntryPoint","urlTemplate":"https:\/\/brilune.eu\/lv\/?s={search_term_string}"},"query-input":{"@type":"PropertyValueSpecification","valueRequired":true,"valueName":"search_term_string"}}],"inLanguage":"lv-LV"}]}},"jetpack_sharing_enabled":true,"_links":{"self":[{"href":"https:\/\/brilune.eu\/lv\/wp-json\/wp\/v2\/product\/37566","targetHints":{"allow":["GET"]}}],"collection":[{"href":"https:\/\/brilune.eu\/lv\/wp-json\/wp\/v2\/product"}],"about":[{"href":"https:\/\/brilune.eu\/lv\/wp-json\/wp\/v2\/types\/product"}],"replies":[{"embeddable":true,"href":"https:\/\/brilune.eu\/lv\/wp-json\/wp\/v2\/comments?post=37566"}],"version-history":[{"count":1,"href":"https:\/\/brilune.eu\/lv\/wp-json\/wp\/v2\/product\/37566\/revisions"}],"predecessor-version":[{"id":37608,"href":"https:\/\/brilune.eu\/lv\/wp-json\/wp\/v2\/product\/37566\/revisions\/37608"}],"wp:featuredmedia":[{"embeddable":true,"href":"https:\/\/brilune.eu\/lv\/wp-json\/wp\/v2\/media\/7765"}],"wp:attachment":[{"href":"https:\/\/brilune.eu\/lv\/wp-json\/wp\/v2\/media?parent=37566"}],"wp:term":[{"taxonomy":"product_brand","embeddable":true,"href":"https:\/\/brilune.eu\/lv\/wp-json\/wp\/v2\/product_brand?post=37566"},{"taxonomy":"product_cat","embeddable":true,"href":"https:\/\/brilune.eu\/lv\/wp-json\/wp\/v2\/product_cat?post=37566"},{"taxonomy":"product_tag","embeddable":true,"href":"https:\/\/brilune.eu\/lv\/wp-json\/wp\/v2\/product_tag?post=37566"}],"curies":[{"name":"wp","href":"https:\/\/api.w.org\/{rel}","templated":true}]}}