{"id":37518,"date":"2025-02-19T12:22:14","date_gmt":"2025-02-19T10:22:14","guid":{"rendered":"https:\/\/brilune.eu\/?post_type=product&#038;p=37518"},"modified":"2025-04-09T11:20:45","modified_gmt":"2025-04-09T09:20:45","slug":"divans-no-flanela-auduma","status":"publish","type":"product","link":"https:\/\/brilune.eu\/lv\/product\/divans-no-flanela-auduma\/","title":{"rendered":"D\u012bv\u0101ns no flane\u013ca auduma"},"content":{"rendered":"<p>Satrieco\u0161s m\u016bsdienu dizaina iemiesojums. Ar savu valdzino\u0161o izliekto atzveltni un graciozi izliekto pamatni \u0161is d\u012bv\u0101ns lieliski apvieno m\u0101kslinieciskumu un komfortu, pied\u0101v\u0101jot unik\u0101lu est\u0113tikas un relaks\u0101cijas sajaukumu. \u0160is d\u012bv\u0101ns nav tikai m\u0113bele; tas ir m\u0101kslas darbs, kas p\u0101rv\u0113r\u0161 j\u016bsu istabu par elegances ostu. Maigi izliekt\u0101 atzveltne nodro\u0161ina komfortu, savuk\u0101rt pamatnes izsmalcin\u0101t\u0101s l\u012bnijas rada vizu\u0101lu ritmu, kas piesaista uzman\u012bbu no jebkura le\u0146\u0137a.<br \/>\nMateri\u0101ls: flane\u013ca audums, mas\u012bvkoka konstrukcija<br \/>\nIzm\u0113rs: 240cm x 90cm x 75cm<\/p>\n","protected":false},"excerpt":{"rendered":"<p>Satrieco\u0161s m\u016bsdienu dizaina iemiesojums. Ar savu valdzino\u0161o izliekto atzveltni un graciozi izliekto pamatni \u0161is d\u012bv\u0101ns lieliski apvieno m\u0101kslinieciskumu un komfortu, pied\u0101v\u0101jot&#8230;<\/p>\n","protected":false},"featured_media":7650,"comment_status":"open","ping_status":"closed","template":"","meta":[],"product_brand":[],"product_cat":[1998,5598],"product_tag":[],"class_list":{"0":"post-37518","1":"product","2":"type-product","3":"status-publish","4":"has-post-thumbnail","6":"product_cat-divans-divani-2-2","7":"product_cat-divans-divani-7-5","9":"first","10":"instock","11":"shipping-taxable","12":"purchasable","13":"product-type-simple"},"yoast_head":"<!-- This site is optimized with the Yoast SEO plugin v26.0 - https:\/\/yoast.com\/wordpress\/plugins\/seo\/ -->\n<title>D\u012bv\u0101ns no flane\u013ca auduma<\/title>\n<meta name=\"description\" content=\"Satrieco\u0161s m\u016bsdienu dizaina iemiesojums. Ar savu valdzino\u0161o izliekto atzveltni un graciozi izliekto pamatni \u0161is d\u012bv\u0101ns lieliski apvieno m\u0101kslinieciskumu un komfortu, pied\u0101v\u0101jot...\" \/>\n<meta name=\"robots\" content=\"index, follow, max-snippet:-1, max-image-preview:large, max-video-preview:-1\" \/>\n<link rel=\"canonical\" href=\"https:\/\/brilune.eu\/lv\/product\/divans-no-flanela-auduma\/\" \/>\n<meta property=\"og:locale\" content=\"lv_LV\" \/>\n<meta property=\"og:type\" content=\"article\" \/>\n<meta property=\"og:title\" content=\"D\u012bv\u0101ns no flane\u013ca auduma\" \/>\n<meta property=\"og:description\" content=\"Satrieco\u0161s m\u016bsdienu dizaina iemiesojums. Ar savu valdzino\u0161o izliekto atzveltni un graciozi izliekto pamatni \u0161is d\u012bv\u0101ns lieliski apvieno m\u0101kslinieciskumu un komfortu, pied\u0101v\u0101jot...\" \/>\n<meta property=\"og:url\" content=\"https:\/\/brilune.eu\/lv\/product\/divans-no-flanela-auduma\/\" \/>\n<meta property=\"og:site_name\" content=\"Brilune\" \/>\n<meta property=\"article:modified_time\" content=\"2025-04-09T09:20:45+00:00\" \/>\n<meta property=\"og:image\" content=\"https:\/\/brilune.eu\/wp-content\/uploads\/2025\/01\/lea-sofa-sofa-203678_2048x2048.jpg\" \/>\n\t<meta property=\"og:image:width\" content=\"2048\" \/>\n\t<meta property=\"og:image:height\" content=\"2048\" \/>\n\t<meta property=\"og:image:type\" content=\"image\/jpeg\" \/>\n<meta name=\"twitter:card\" content=\"summary_large_image\" \/>\n<meta name=\"twitter:label1\" content=\"Est. reading time\" \/>\n\t<meta name=\"twitter:data1\" content=\"1 minute\" \/>\n<script type=\"application\/ld+json\" class=\"yoast-schema-graph\">{\"@context\":\"https:\/\/schema.org\",\"@graph\":[{\"@type\":\"WebPage\",\"@id\":\"https:\/\/brilune.eu\/lv\/product\/divans-no-flanela-auduma\/\",\"url\":\"https:\/\/brilune.eu\/lv\/product\/divans-no-flanela-auduma\/\",\"name\":\"D\u012bv\u0101ns no flane\u013ca auduma\",\"isPartOf\":{\"@id\":\"https:\/\/brilune.eu\/lv\/#website\"},\"primaryImageOfPage\":{\"@id\":\"https:\/\/brilune.eu\/lv\/product\/divans-no-flanela-auduma\/#primaryimage\"},\"image\":{\"@id\":\"https:\/\/brilune.eu\/lv\/product\/divans-no-flanela-auduma\/#primaryimage\"},\"thumbnailUrl\":\"https:\/\/brilune.eu\/wp-content\/uploads\/2025\/01\/lea-sofa-sofa-203678_2048x2048.jpg\",\"datePublished\":\"2025-02-19T10:22:14+00:00\",\"dateModified\":\"2025-04-09T09:20:45+00:00\",\"description\":\"Satrieco\u0161s m\u016bsdienu dizaina iemiesojums. Ar savu valdzino\u0161o izliekto atzveltni un graciozi izliekto pamatni \u0161is d\u012bv\u0101ns lieliski apvieno m\u0101kslinieciskumu un komfortu, pied\u0101v\u0101jot...\",\"breadcrumb\":{\"@id\":\"https:\/\/brilune.eu\/lv\/product\/divans-no-flanela-auduma\/#breadcrumb\"},\"inLanguage\":\"lv-LV\",\"potentialAction\":[{\"@type\":\"ReadAction\",\"target\":[\"https:\/\/brilune.eu\/lv\/product\/divans-no-flanela-auduma\/\"]}]},{\"@type\":\"ImageObject\",\"inLanguage\":\"lv-LV\",\"@id\":\"https:\/\/brilune.eu\/lv\/product\/divans-no-flanela-auduma\/#primaryimage\",\"url\":\"https:\/\/brilune.eu\/wp-content\/uploads\/2025\/01\/lea-sofa-sofa-203678_2048x2048.jpg\",\"contentUrl\":\"https:\/\/brilune.eu\/wp-content\/uploads\/2025\/01\/lea-sofa-sofa-203678_2048x2048.jpg\",\"width\":2048,\"height\":2048},{\"@type\":\"BreadcrumbList\",\"@id\":\"https:\/\/brilune.eu\/lv\/product\/divans-no-flanela-auduma\/#breadcrumb\",\"itemListElement\":[{\"@type\":\"ListItem\",\"position\":1,\"name\":\"S\u0101kums\",\"item\":\"https:\/\/brilune.eu\/lv\/brilune-mebeles\/\"},{\"@type\":\"ListItem\",\"position\":2,\"name\":\"Visi produkti\",\"item\":\"https:\/\/brilune.eu\/lv\/shop\/\"},{\"@type\":\"ListItem\",\"position\":3,\"name\":\"D\u012bv\u0101ns no flane\u013ca auduma\"}]},{\"@type\":\"WebSite\",\"@id\":\"https:\/\/brilune.eu\/lv\/#website\",\"url\":\"https:\/\/brilune.eu\/lv\/\",\"name\":\"Brilune\",\"description\":\"M\u0113s pied\u0101v\u0101jam unik\u0101lus un nebiju\u0161us dizainus, kas apvieno eleganci, funkcionalit\u0101ti un rado\u0161umu.\",\"potentialAction\":[{\"@type\":\"SearchAction\",\"target\":{\"@type\":\"EntryPoint\",\"urlTemplate\":\"https:\/\/brilune.eu\/lv\/?s={search_term_string}\"},\"query-input\":{\"@type\":\"PropertyValueSpecification\",\"valueRequired\":true,\"valueName\":\"search_term_string\"}}],\"inLanguage\":\"lv-LV\"}]}<\/script>\n<!-- \/ Yoast SEO plugin. -->","yoast_head_json":{"title":"D\u012bv\u0101ns no flane\u013ca auduma","description":"Satrieco\u0161s m\u016bsdienu dizaina iemiesojums. Ar savu valdzino\u0161o izliekto atzveltni un graciozi izliekto pamatni \u0161is d\u012bv\u0101ns lieliski apvieno m\u0101kslinieciskumu un komfortu, pied\u0101v\u0101jot...","robots":{"index":"index","follow":"follow","max-snippet":"max-snippet:-1","max-image-preview":"max-image-preview:large","max-video-preview":"max-video-preview:-1"},"canonical":"https:\/\/brilune.eu\/lv\/product\/divans-no-flanela-auduma\/","og_locale":"lv_LV","og_type":"article","og_title":"D\u012bv\u0101ns no flane\u013ca auduma","og_description":"Satrieco\u0161s m\u016bsdienu dizaina iemiesojums. Ar savu valdzino\u0161o izliekto atzveltni un graciozi izliekto pamatni \u0161is d\u012bv\u0101ns lieliski apvieno m\u0101kslinieciskumu un komfortu, pied\u0101v\u0101jot...","og_url":"https:\/\/brilune.eu\/lv\/product\/divans-no-flanela-auduma\/","og_site_name":"Brilune","article_modified_time":"2025-04-09T09:20:45+00:00","og_image":[{"width":2048,"height":2048,"url":"https:\/\/brilune.eu\/wp-content\/uploads\/2025\/01\/lea-sofa-sofa-203678_2048x2048.jpg","type":"image\/jpeg"}],"twitter_card":"summary_large_image","twitter_misc":{"Est. reading time":"1 minute"},"schema":{"@context":"https:\/\/schema.org","@graph":[{"@type":"WebPage","@id":"https:\/\/brilune.eu\/lv\/product\/divans-no-flanela-auduma\/","url":"https:\/\/brilune.eu\/lv\/product\/divans-no-flanela-auduma\/","name":"D\u012bv\u0101ns no flane\u013ca auduma","isPartOf":{"@id":"https:\/\/brilune.eu\/lv\/#website"},"primaryImageOfPage":{"@id":"https:\/\/brilune.eu\/lv\/product\/divans-no-flanela-auduma\/#primaryimage"},"image":{"@id":"https:\/\/brilune.eu\/lv\/product\/divans-no-flanela-auduma\/#primaryimage"},"thumbnailUrl":"https:\/\/brilune.eu\/wp-content\/uploads\/2025\/01\/lea-sofa-sofa-203678_2048x2048.jpg","datePublished":"2025-02-19T10:22:14+00:00","dateModified":"2025-04-09T09:20:45+00:00","description":"Satrieco\u0161s m\u016bsdienu dizaina iemiesojums. Ar savu valdzino\u0161o izliekto atzveltni un graciozi izliekto pamatni \u0161is d\u012bv\u0101ns lieliski apvieno m\u0101kslinieciskumu un komfortu, pied\u0101v\u0101jot...","breadcrumb":{"@id":"https:\/\/brilune.eu\/lv\/product\/divans-no-flanela-auduma\/#breadcrumb"},"inLanguage":"lv-LV","potentialAction":[{"@type":"ReadAction","target":["https:\/\/brilune.eu\/lv\/product\/divans-no-flanela-auduma\/"]}]},{"@type":"ImageObject","inLanguage":"lv-LV","@id":"https:\/\/brilune.eu\/lv\/product\/divans-no-flanela-auduma\/#primaryimage","url":"https:\/\/brilune.eu\/wp-content\/uploads\/2025\/01\/lea-sofa-sofa-203678_2048x2048.jpg","contentUrl":"https:\/\/brilune.eu\/wp-content\/uploads\/2025\/01\/lea-sofa-sofa-203678_2048x2048.jpg","width":2048,"height":2048},{"@type":"BreadcrumbList","@id":"https:\/\/brilune.eu\/lv\/product\/divans-no-flanela-auduma\/#breadcrumb","itemListElement":[{"@type":"ListItem","position":1,"name":"S\u0101kums","item":"https:\/\/brilune.eu\/lv\/brilune-mebeles\/"},{"@type":"ListItem","position":2,"name":"Visi produkti","item":"https:\/\/brilune.eu\/lv\/shop\/"},{"@type":"ListItem","position":3,"name":"D\u012bv\u0101ns no flane\u013ca auduma"}]},{"@type":"WebSite","@id":"https:\/\/brilune.eu\/lv\/#website","url":"https:\/\/brilune.eu\/lv\/","name":"Brilune","description":"M\u0113s pied\u0101v\u0101jam unik\u0101lus un nebiju\u0161us dizainus, kas apvieno eleganci, funkcionalit\u0101ti un rado\u0161umu.","potentialAction":[{"@type":"SearchAction","target":{"@type":"EntryPoint","urlTemplate":"https:\/\/brilune.eu\/lv\/?s={search_term_string}"},"query-input":{"@type":"PropertyValueSpecification","valueRequired":true,"valueName":"search_term_string"}}],"inLanguage":"lv-LV"}]}},"jetpack_sharing_enabled":true,"_links":{"self":[{"href":"https:\/\/brilune.eu\/lv\/wp-json\/wp\/v2\/product\/37518","targetHints":{"allow":["GET"]}}],"collection":[{"href":"https:\/\/brilune.eu\/lv\/wp-json\/wp\/v2\/product"}],"about":[{"href":"https:\/\/brilune.eu\/lv\/wp-json\/wp\/v2\/types\/product"}],"replies":[{"embeddable":true,"href":"https:\/\/brilune.eu\/lv\/wp-json\/wp\/v2\/comments?post=37518"}],"version-history":[{"count":1,"href":"https:\/\/brilune.eu\/lv\/wp-json\/wp\/v2\/product\/37518\/revisions"}],"predecessor-version":[{"id":37559,"href":"https:\/\/brilune.eu\/lv\/wp-json\/wp\/v2\/product\/37518\/revisions\/37559"}],"wp:featuredmedia":[{"embeddable":true,"href":"https:\/\/brilune.eu\/lv\/wp-json\/wp\/v2\/media\/7650"}],"wp:attachment":[{"href":"https:\/\/brilune.eu\/lv\/wp-json\/wp\/v2\/media?parent=37518"}],"wp:term":[{"taxonomy":"product_brand","embeddable":true,"href":"https:\/\/brilune.eu\/lv\/wp-json\/wp\/v2\/product_brand?post=37518"},{"taxonomy":"product_cat","embeddable":true,"href":"https:\/\/brilune.eu\/lv\/wp-json\/wp\/v2\/product_cat?post=37518"},{"taxonomy":"product_tag","embeddable":true,"href":"https:\/\/brilune.eu\/lv\/wp-json\/wp\/v2\/product_tag?post=37518"}],"curies":[{"name":"wp","href":"https:\/\/api.w.org\/{rel}","templated":true}]}}