{"id":37342,"date":"2025-02-19T12:07:29","date_gmt":"2025-02-19T10:07:29","guid":{"rendered":"https:\/\/brilune.eu\/?post_type=product&#038;p=37342"},"modified":"2025-02-19T12:15:07","modified_gmt":"2025-02-19T10:15:07","slug":"praktisks-naktsgaldins-2","status":"publish","type":"product","link":"https:\/\/brilune.eu\/lv\/product\/praktisks-naktsgaldins-2\/","title":{"rendered":"Praktisks naktsgaldi\u0146\u0161"},"content":{"rendered":"<p>Izbaudiet perfektu formas un funkcijas sajaukumu ar \u0161o naktsgaldi\u0146u. T\u0101 minim\u0101listiskais dizains un t\u012br\u0101s l\u012bnijas pie\u0161\u0137irs j\u016bsu gu\u013camistabas interjeram m\u016bsdien\u012bgas elegances piesk\u0101rienu, vienlaikus nodro\u0161inot pietiekami daudz vietas, lai j\u016bsu svar\u012bg\u0101k\u0101s lietas b\u016btu viegli sasniedzamas. Neatkar\u012bgi no t\u0101, vai glab\u0101jat gr\u0101matas, s\u012bkr\u012bkus vai personiskas lietas, p\u0101rdom\u0101tais dizains nodro\u0161ina \u0113rtu piek\u013cuvi un organiz\u0113\u0161anu.<br \/>\nMateri\u0101ls: koks, stikls, met\u0101ls<br \/>\nIzm\u0113rs: 50\u00a0cm garums x 40\u00a0cm platums x 50\u00a0cm augstums<\/p>\n","protected":false},"excerpt":{"rendered":"<p>Izbaudiet perfektu formas un funkcijas sajaukumu ar \u0161o naktsgaldi\u0146u. T\u0101 minim\u0101listiskais dizains un t\u012br\u0101s l\u012bnijas pie\u0161\u0137irs j\u016bsu gu\u013camistabai modernas elegances piesk\u0101rienu&#8230;<\/p>\n","protected":false},"featured_media":7159,"comment_status":"open","ping_status":"closed","template":"","meta":[],"product_brand":[],"product_cat":[5485,1586],"product_tag":[],"class_list":{"0":"post-37342","1":"product","2":"type-product","3":"status-publish","4":"has-post-thumbnail","6":"product_cat-tabula-tabulas-4-2","7":"product_cat-tabula","9":"first","10":"instock","11":"shipping-taxable","12":"purchasable","13":"product-type-simple"},"yoast_head":"<!-- This site is optimized with the Yoast SEO plugin v26.0 - https:\/\/yoast.com\/wordpress\/plugins\/seo\/ -->\n<title>Praktisks naktsgaldi\u0146\u0161<\/title>\n<meta name=\"description\" content=\"Izbaudiet perfektu formas un funkcijas sajaukumu ar \u0161o naktsgaldi\u0146u. T\u0101 minim\u0101listiskais dizains un t\u012br\u0101s l\u012bnijas pie\u0161\u0137irs j\u016bsu gu\u013camistabai modernas elegances piesk\u0101rienu...\" \/>\n<meta name=\"robots\" content=\"index, follow, max-snippet:-1, max-image-preview:large, max-video-preview:-1\" \/>\n<link rel=\"canonical\" href=\"https:\/\/brilune.eu\/lv\/product\/praktisks-naktsgaldins-2\/\" \/>\n<meta property=\"og:locale\" content=\"lv_LV\" \/>\n<meta property=\"og:type\" content=\"article\" \/>\n<meta property=\"og:title\" content=\"Praktisks naktsgaldi\u0146\u0161\" \/>\n<meta property=\"og:description\" content=\"Izbaudiet perfektu formas un funkcijas sajaukumu ar \u0161o naktsgaldi\u0146u. T\u0101 minim\u0101listiskais dizains un t\u012br\u0101s l\u012bnijas pie\u0161\u0137irs j\u016bsu gu\u013camistabai modernas elegances piesk\u0101rienu...\" \/>\n<meta property=\"og:url\" content=\"https:\/\/brilune.eu\/lv\/product\/praktisks-naktsgaldins-2\/\" \/>\n<meta property=\"og:site_name\" content=\"Brilune\" \/>\n<meta property=\"article:modified_time\" content=\"2025-02-19T10:15:07+00:00\" \/>\n<meta property=\"og:image\" content=\"https:\/\/brilune.eu\/wp-content\/uploads\/2025\/01\/magali-bedside-table-686804_2048x2048.jpg\" \/>\n\t<meta property=\"og:image:width\" content=\"2048\" \/>\n\t<meta property=\"og:image:height\" content=\"2048\" \/>\n\t<meta property=\"og:image:type\" content=\"image\/jpeg\" \/>\n<meta name=\"twitter:card\" content=\"summary_large_image\" \/>\n<script type=\"application\/ld+json\" class=\"yoast-schema-graph\">{\"@context\":\"https:\/\/schema.org\",\"@graph\":[{\"@type\":\"WebPage\",\"@id\":\"https:\/\/brilune.eu\/lv\/product\/praktisks-naktsgaldins-2\/\",\"url\":\"https:\/\/brilune.eu\/lv\/product\/praktisks-naktsgaldins-2\/\",\"name\":\"Praktisks naktsgaldi\u0146\u0161\",\"isPartOf\":{\"@id\":\"https:\/\/brilune.eu\/lv\/#website\"},\"primaryImageOfPage\":{\"@id\":\"https:\/\/brilune.eu\/lv\/product\/praktisks-naktsgaldins-2\/#primaryimage\"},\"image\":{\"@id\":\"https:\/\/brilune.eu\/lv\/product\/praktisks-naktsgaldins-2\/#primaryimage\"},\"thumbnailUrl\":\"https:\/\/brilune.eu\/wp-content\/uploads\/2025\/01\/magali-bedside-table-686804_2048x2048.jpg\",\"datePublished\":\"2025-02-19T10:07:29+00:00\",\"dateModified\":\"2025-02-19T10:15:07+00:00\",\"description\":\"Izbaudiet perfektu formas un funkcijas sajaukumu ar \u0161o naktsgaldi\u0146u. T\u0101 minim\u0101listiskais dizains un t\u012br\u0101s l\u012bnijas pie\u0161\u0137irs j\u016bsu gu\u013camistabai modernas elegances piesk\u0101rienu...\",\"breadcrumb\":{\"@id\":\"https:\/\/brilune.eu\/lv\/product\/praktisks-naktsgaldins-2\/#breadcrumb\"},\"inLanguage\":\"lv-LV\",\"potentialAction\":[{\"@type\":\"ReadAction\",\"target\":[\"https:\/\/brilune.eu\/lv\/product\/praktisks-naktsgaldins-2\/\"]}]},{\"@type\":\"ImageObject\",\"inLanguage\":\"lv-LV\",\"@id\":\"https:\/\/brilune.eu\/lv\/product\/praktisks-naktsgaldins-2\/#primaryimage\",\"url\":\"https:\/\/brilune.eu\/wp-content\/uploads\/2025\/01\/magali-bedside-table-686804_2048x2048.jpg\",\"contentUrl\":\"https:\/\/brilune.eu\/wp-content\/uploads\/2025\/01\/magali-bedside-table-686804_2048x2048.jpg\",\"width\":2048,\"height\":2048},{\"@type\":\"BreadcrumbList\",\"@id\":\"https:\/\/brilune.eu\/lv\/product\/praktisks-naktsgaldins-2\/#breadcrumb\",\"itemListElement\":[{\"@type\":\"ListItem\",\"position\":1,\"name\":\"S\u0101kums\",\"item\":\"https:\/\/brilune.eu\/lv\/brilune-mebeles\/\"},{\"@type\":\"ListItem\",\"position\":2,\"name\":\"Visi produkti\",\"item\":\"https:\/\/brilune.eu\/lv\/shop\/\"},{\"@type\":\"ListItem\",\"position\":3,\"name\":\"Praktisks naktsgaldi\u0146\u0161\"}]},{\"@type\":\"WebSite\",\"@id\":\"https:\/\/brilune.eu\/lv\/#website\",\"url\":\"https:\/\/brilune.eu\/lv\/\",\"name\":\"Brilune\",\"description\":\"M\u0113s pied\u0101v\u0101jam unik\u0101lus un nebiju\u0161us dizainus, kas apvieno eleganci, funkcionalit\u0101ti un rado\u0161umu.\",\"potentialAction\":[{\"@type\":\"SearchAction\",\"target\":{\"@type\":\"EntryPoint\",\"urlTemplate\":\"https:\/\/brilune.eu\/lv\/?s={search_term_string}\"},\"query-input\":{\"@type\":\"PropertyValueSpecification\",\"valueRequired\":true,\"valueName\":\"search_term_string\"}}],\"inLanguage\":\"lv-LV\"}]}<\/script>\n<!-- \/ Yoast SEO plugin. -->","yoast_head_json":{"title":"Praktisks naktsgaldi\u0146\u0161","description":"Izbaudiet perfektu formas un funkcijas sajaukumu ar \u0161o naktsgaldi\u0146u. T\u0101 minim\u0101listiskais dizains un t\u012br\u0101s l\u012bnijas pie\u0161\u0137irs j\u016bsu gu\u013camistabai modernas elegances piesk\u0101rienu...","robots":{"index":"index","follow":"follow","max-snippet":"max-snippet:-1","max-image-preview":"max-image-preview:large","max-video-preview":"max-video-preview:-1"},"canonical":"https:\/\/brilune.eu\/lv\/product\/praktisks-naktsgaldins-2\/","og_locale":"lv_LV","og_type":"article","og_title":"Praktisks naktsgaldi\u0146\u0161","og_description":"Izbaudiet perfektu formas un funkcijas sajaukumu ar \u0161o naktsgaldi\u0146u. T\u0101 minim\u0101listiskais dizains un t\u012br\u0101s l\u012bnijas pie\u0161\u0137irs j\u016bsu gu\u013camistabai modernas elegances piesk\u0101rienu...","og_url":"https:\/\/brilune.eu\/lv\/product\/praktisks-naktsgaldins-2\/","og_site_name":"Brilune","article_modified_time":"2025-02-19T10:15:07+00:00","og_image":[{"width":2048,"height":2048,"url":"https:\/\/brilune.eu\/wp-content\/uploads\/2025\/01\/magali-bedside-table-686804_2048x2048.jpg","type":"image\/jpeg"}],"twitter_card":"summary_large_image","schema":{"@context":"https:\/\/schema.org","@graph":[{"@type":"WebPage","@id":"https:\/\/brilune.eu\/lv\/product\/praktisks-naktsgaldins-2\/","url":"https:\/\/brilune.eu\/lv\/product\/praktisks-naktsgaldins-2\/","name":"Praktisks naktsgaldi\u0146\u0161","isPartOf":{"@id":"https:\/\/brilune.eu\/lv\/#website"},"primaryImageOfPage":{"@id":"https:\/\/brilune.eu\/lv\/product\/praktisks-naktsgaldins-2\/#primaryimage"},"image":{"@id":"https:\/\/brilune.eu\/lv\/product\/praktisks-naktsgaldins-2\/#primaryimage"},"thumbnailUrl":"https:\/\/brilune.eu\/wp-content\/uploads\/2025\/01\/magali-bedside-table-686804_2048x2048.jpg","datePublished":"2025-02-19T10:07:29+00:00","dateModified":"2025-02-19T10:15:07+00:00","description":"Izbaudiet perfektu formas un funkcijas sajaukumu ar \u0161o naktsgaldi\u0146u. T\u0101 minim\u0101listiskais dizains un t\u012br\u0101s l\u012bnijas pie\u0161\u0137irs j\u016bsu gu\u013camistabai modernas elegances piesk\u0101rienu...","breadcrumb":{"@id":"https:\/\/brilune.eu\/lv\/product\/praktisks-naktsgaldins-2\/#breadcrumb"},"inLanguage":"lv-LV","potentialAction":[{"@type":"ReadAction","target":["https:\/\/brilune.eu\/lv\/product\/praktisks-naktsgaldins-2\/"]}]},{"@type":"ImageObject","inLanguage":"lv-LV","@id":"https:\/\/brilune.eu\/lv\/product\/praktisks-naktsgaldins-2\/#primaryimage","url":"https:\/\/brilune.eu\/wp-content\/uploads\/2025\/01\/magali-bedside-table-686804_2048x2048.jpg","contentUrl":"https:\/\/brilune.eu\/wp-content\/uploads\/2025\/01\/magali-bedside-table-686804_2048x2048.jpg","width":2048,"height":2048},{"@type":"BreadcrumbList","@id":"https:\/\/brilune.eu\/lv\/product\/praktisks-naktsgaldins-2\/#breadcrumb","itemListElement":[{"@type":"ListItem","position":1,"name":"S\u0101kums","item":"https:\/\/brilune.eu\/lv\/brilune-mebeles\/"},{"@type":"ListItem","position":2,"name":"Visi produkti","item":"https:\/\/brilune.eu\/lv\/shop\/"},{"@type":"ListItem","position":3,"name":"Praktisks naktsgaldi\u0146\u0161"}]},{"@type":"WebSite","@id":"https:\/\/brilune.eu\/lv\/#website","url":"https:\/\/brilune.eu\/lv\/","name":"Brilune","description":"M\u0113s pied\u0101v\u0101jam unik\u0101lus un nebiju\u0161us dizainus, kas apvieno eleganci, funkcionalit\u0101ti un rado\u0161umu.","potentialAction":[{"@type":"SearchAction","target":{"@type":"EntryPoint","urlTemplate":"https:\/\/brilune.eu\/lv\/?s={search_term_string}"},"query-input":{"@type":"PropertyValueSpecification","valueRequired":true,"valueName":"search_term_string"}}],"inLanguage":"lv-LV"}]}},"jetpack_sharing_enabled":true,"_links":{"self":[{"href":"https:\/\/brilune.eu\/lv\/wp-json\/wp\/v2\/product\/37342","targetHints":{"allow":["GET"]}}],"collection":[{"href":"https:\/\/brilune.eu\/lv\/wp-json\/wp\/v2\/product"}],"about":[{"href":"https:\/\/brilune.eu\/lv\/wp-json\/wp\/v2\/types\/product"}],"replies":[{"embeddable":true,"href":"https:\/\/brilune.eu\/lv\/wp-json\/wp\/v2\/comments?post=37342"}],"version-history":[{"count":1,"href":"https:\/\/brilune.eu\/lv\/wp-json\/wp\/v2\/product\/37342\/revisions"}],"predecessor-version":[{"id":37371,"href":"https:\/\/brilune.eu\/lv\/wp-json\/wp\/v2\/product\/37342\/revisions\/37371"}],"wp:featuredmedia":[{"embeddable":true,"href":"https:\/\/brilune.eu\/lv\/wp-json\/wp\/v2\/media\/7159"}],"wp:attachment":[{"href":"https:\/\/brilune.eu\/lv\/wp-json\/wp\/v2\/media?parent=37342"}],"wp:term":[{"taxonomy":"product_brand","embeddable":true,"href":"https:\/\/brilune.eu\/lv\/wp-json\/wp\/v2\/product_brand?post=37342"},{"taxonomy":"product_cat","embeddable":true,"href":"https:\/\/brilune.eu\/lv\/wp-json\/wp\/v2\/product_cat?post=37342"},{"taxonomy":"product_tag","embeddable":true,"href":"https:\/\/brilune.eu\/lv\/wp-json\/wp\/v2\/product_tag?post=37342"}],"curies":[{"name":"wp","href":"https:\/\/api.w.org\/{rel}","templated":true}]}}