{"id":37319,"date":"2025-02-19T12:07:03","date_gmt":"2025-02-19T10:07:03","guid":{"rendered":"https:\/\/brilune.eu\/?post_type=product&#038;p=37319"},"modified":"2025-02-19T12:14:59","modified_gmt":"2025-02-19T10:14:59","slug":"atzveltnes-kresls-ar-atzveltni","status":"publish","type":"product","link":"https:\/\/brilune.eu\/lv\/product\/atzveltnes-kresls-ar-atzveltni\/","title":{"rendered":"Atzveltnes kr\u0113sls ar atzveltni"},"content":{"rendered":"<p>\u0160is kr\u0113sls ir gan m\u0101ksla, gan komforts, aicinot j\u016bs atp\u016bsties jaun\u0101 veid\u0101. Neatkar\u012bgi no t\u0101, vai tas atrodas dz\u012bvojam\u0101 istab\u0101 vai jebkur\u0101 st\u016br\u012b, \u0161is kr\u0113sls apvieno rado\u0161umu un komfortu. Papildiniet savu m\u0101ju ar m\u016bsu eleganto kr\u0113slu.<br \/>\nMateri\u0101ls: augsta bl\u012bvuma atmi\u0146as putu spilvens, samts<br \/>\nIzm\u0113rs: 90\u00a0cm x 75\u00a0cm x 86\u00a0cm<br \/>\nAugsta bl\u012bvuma elast\u012bgas atmi\u0146as putas (45% &#8211; 65%)<\/p>\n","protected":false},"excerpt":{"rendered":"<p>\u0160is kr\u0113sls ir gan m\u0101ksla, gan komforts, aicinot j\u016bs atp\u016bsties jaun\u0101 veid\u0101. Neatkar\u012bgi no t\u0101, vai tas atrodas dz\u012bvojam\u0101 istab\u0101 vai jebkur\u0101 st\u016br\u012b, \u0161is kr\u0113sls apvieno rado\u0161umu un komfortu&#8230;.<\/p>\n","protected":false},"featured_media":7053,"comment_status":"open","ping_status":"closed","template":"","meta":[],"product_brand":[],"product_cat":[1583,5575],"product_tag":[],"class_list":{"0":"post-37319","1":"product","2":"type-product","3":"status-publish","4":"has-post-thumbnail","6":"product_cat-kresls-kresli-2","7":"product_cat-kresls-kresli-4","9":"first","10":"instock","11":"shipping-taxable","12":"purchasable","13":"product-type-simple"},"yoast_head":"<!-- This site is optimized with the Yoast SEO plugin v26.0 - https:\/\/yoast.com\/wordpress\/plugins\/seo\/ -->\n<title>Atzveltnes kr\u0113sls ar atzveltni<\/title>\n<meta name=\"description\" content=\"\u0160is kr\u0113sls ir gan m\u0101ksla, gan komforts, aicinot j\u016bs atp\u016bsties jaun\u0101 veid\u0101. Neatkar\u012bgi no t\u0101, vai tas atrodas dz\u012bvojam\u0101 istab\u0101 vai jebkur\u0101 st\u016br\u012b, \u0161is kr\u0113sls apvieno rado\u0161umu un komfortu....\" \/>\n<meta name=\"robots\" content=\"index, follow, max-snippet:-1, max-image-preview:large, max-video-preview:-1\" \/>\n<link rel=\"canonical\" href=\"https:\/\/brilune.eu\/lv\/product\/atzveltnes-kresls-ar-atzveltni\/\" \/>\n<meta property=\"og:locale\" content=\"lv_LV\" \/>\n<meta property=\"og:type\" content=\"article\" \/>\n<meta property=\"og:title\" content=\"Atzveltnes kr\u0113sls ar atzveltni\" \/>\n<meta property=\"og:description\" content=\"\u0160is kr\u0113sls ir gan m\u0101ksla, gan komforts, aicinot j\u016bs atp\u016bsties jaun\u0101 veid\u0101. Neatkar\u012bgi no t\u0101, vai tas atrodas dz\u012bvojam\u0101 istab\u0101 vai jebkur\u0101 st\u016br\u012b, \u0161is kr\u0113sls apvieno rado\u0161umu un komfortu....\" \/>\n<meta property=\"og:url\" content=\"https:\/\/brilune.eu\/lv\/product\/atzveltnes-kresls-ar-atzveltni\/\" \/>\n<meta property=\"og:site_name\" content=\"Brilune\" \/>\n<meta property=\"article:modified_time\" content=\"2025-02-19T10:14:59+00:00\" \/>\n<meta property=\"og:image\" content=\"https:\/\/brilune.eu\/wp-content\/uploads\/2025\/01\/charles-occasional-chair-occasional-chair-605012_2048x2048.jpg\" \/>\n\t<meta property=\"og:image:width\" content=\"2048\" \/>\n\t<meta property=\"og:image:height\" content=\"2048\" \/>\n\t<meta property=\"og:image:type\" content=\"image\/jpeg\" \/>\n<meta name=\"twitter:card\" content=\"summary_large_image\" \/>\n<script type=\"application\/ld+json\" class=\"yoast-schema-graph\">{\"@context\":\"https:\/\/schema.org\",\"@graph\":[{\"@type\":\"WebPage\",\"@id\":\"https:\/\/brilune.eu\/lv\/product\/atzveltnes-kresls-ar-atzveltni\/\",\"url\":\"https:\/\/brilune.eu\/lv\/product\/atzveltnes-kresls-ar-atzveltni\/\",\"name\":\"Atzveltnes kr\u0113sls ar atzveltni\",\"isPartOf\":{\"@id\":\"https:\/\/brilune.eu\/lv\/#website\"},\"primaryImageOfPage\":{\"@id\":\"https:\/\/brilune.eu\/lv\/product\/atzveltnes-kresls-ar-atzveltni\/#primaryimage\"},\"image\":{\"@id\":\"https:\/\/brilune.eu\/lv\/product\/atzveltnes-kresls-ar-atzveltni\/#primaryimage\"},\"thumbnailUrl\":\"https:\/\/brilune.eu\/wp-content\/uploads\/2025\/01\/charles-occasional-chair-occasional-chair-605012_2048x2048.jpg\",\"datePublished\":\"2025-02-19T10:07:03+00:00\",\"dateModified\":\"2025-02-19T10:14:59+00:00\",\"description\":\"\u0160is kr\u0113sls ir gan m\u0101ksla, gan komforts, aicinot j\u016bs atp\u016bsties jaun\u0101 veid\u0101. Neatkar\u012bgi no t\u0101, vai tas atrodas dz\u012bvojam\u0101 istab\u0101 vai jebkur\u0101 st\u016br\u012b, \u0161is kr\u0113sls apvieno rado\u0161umu un komfortu....\",\"breadcrumb\":{\"@id\":\"https:\/\/brilune.eu\/lv\/product\/atzveltnes-kresls-ar-atzveltni\/#breadcrumb\"},\"inLanguage\":\"lv-LV\",\"potentialAction\":[{\"@type\":\"ReadAction\",\"target\":[\"https:\/\/brilune.eu\/lv\/product\/atzveltnes-kresls-ar-atzveltni\/\"]}]},{\"@type\":\"ImageObject\",\"inLanguage\":\"lv-LV\",\"@id\":\"https:\/\/brilune.eu\/lv\/product\/atzveltnes-kresls-ar-atzveltni\/#primaryimage\",\"url\":\"https:\/\/brilune.eu\/wp-content\/uploads\/2025\/01\/charles-occasional-chair-occasional-chair-605012_2048x2048.jpg\",\"contentUrl\":\"https:\/\/brilune.eu\/wp-content\/uploads\/2025\/01\/charles-occasional-chair-occasional-chair-605012_2048x2048.jpg\",\"width\":2048,\"height\":2048},{\"@type\":\"BreadcrumbList\",\"@id\":\"https:\/\/brilune.eu\/lv\/product\/atzveltnes-kresls-ar-atzveltni\/#breadcrumb\",\"itemListElement\":[{\"@type\":\"ListItem\",\"position\":1,\"name\":\"S\u0101kums\",\"item\":\"https:\/\/brilune.eu\/lv\/brilune-mebeles\/\"},{\"@type\":\"ListItem\",\"position\":2,\"name\":\"Visi produkti\",\"item\":\"https:\/\/brilune.eu\/lv\/shop\/\"},{\"@type\":\"ListItem\",\"position\":3,\"name\":\"Atzveltnes kr\u0113sls ar atzveltni\"}]},{\"@type\":\"WebSite\",\"@id\":\"https:\/\/brilune.eu\/lv\/#website\",\"url\":\"https:\/\/brilune.eu\/lv\/\",\"name\":\"Brilune\",\"description\":\"M\u0113s pied\u0101v\u0101jam unik\u0101lus un nebiju\u0161us dizainus, kas apvieno eleganci, funkcionalit\u0101ti un rado\u0161umu.\",\"potentialAction\":[{\"@type\":\"SearchAction\",\"target\":{\"@type\":\"EntryPoint\",\"urlTemplate\":\"https:\/\/brilune.eu\/lv\/?s={search_term_string}\"},\"query-input\":{\"@type\":\"PropertyValueSpecification\",\"valueRequired\":true,\"valueName\":\"search_term_string\"}}],\"inLanguage\":\"lv-LV\"}]}<\/script>\n<!-- \/ Yoast SEO plugin. -->","yoast_head_json":{"title":"Atzveltnes kr\u0113sls ar atzveltni","description":"\u0160is kr\u0113sls ir gan m\u0101ksla, gan komforts, aicinot j\u016bs atp\u016bsties jaun\u0101 veid\u0101. Neatkar\u012bgi no t\u0101, vai tas atrodas dz\u012bvojam\u0101 istab\u0101 vai jebkur\u0101 st\u016br\u012b, \u0161is kr\u0113sls apvieno rado\u0161umu un komfortu....","robots":{"index":"index","follow":"follow","max-snippet":"max-snippet:-1","max-image-preview":"max-image-preview:large","max-video-preview":"max-video-preview:-1"},"canonical":"https:\/\/brilune.eu\/lv\/product\/atzveltnes-kresls-ar-atzveltni\/","og_locale":"lv_LV","og_type":"article","og_title":"Atzveltnes kr\u0113sls ar atzveltni","og_description":"\u0160is kr\u0113sls ir gan m\u0101ksla, gan komforts, aicinot j\u016bs atp\u016bsties jaun\u0101 veid\u0101. Neatkar\u012bgi no t\u0101, vai tas atrodas dz\u012bvojam\u0101 istab\u0101 vai jebkur\u0101 st\u016br\u012b, \u0161is kr\u0113sls apvieno rado\u0161umu un komfortu....","og_url":"https:\/\/brilune.eu\/lv\/product\/atzveltnes-kresls-ar-atzveltni\/","og_site_name":"Brilune","article_modified_time":"2025-02-19T10:14:59+00:00","og_image":[{"width":2048,"height":2048,"url":"https:\/\/brilune.eu\/wp-content\/uploads\/2025\/01\/charles-occasional-chair-occasional-chair-605012_2048x2048.jpg","type":"image\/jpeg"}],"twitter_card":"summary_large_image","schema":{"@context":"https:\/\/schema.org","@graph":[{"@type":"WebPage","@id":"https:\/\/brilune.eu\/lv\/product\/atzveltnes-kresls-ar-atzveltni\/","url":"https:\/\/brilune.eu\/lv\/product\/atzveltnes-kresls-ar-atzveltni\/","name":"Atzveltnes kr\u0113sls ar atzveltni","isPartOf":{"@id":"https:\/\/brilune.eu\/lv\/#website"},"primaryImageOfPage":{"@id":"https:\/\/brilune.eu\/lv\/product\/atzveltnes-kresls-ar-atzveltni\/#primaryimage"},"image":{"@id":"https:\/\/brilune.eu\/lv\/product\/atzveltnes-kresls-ar-atzveltni\/#primaryimage"},"thumbnailUrl":"https:\/\/brilune.eu\/wp-content\/uploads\/2025\/01\/charles-occasional-chair-occasional-chair-605012_2048x2048.jpg","datePublished":"2025-02-19T10:07:03+00:00","dateModified":"2025-02-19T10:14:59+00:00","description":"\u0160is kr\u0113sls ir gan m\u0101ksla, gan komforts, aicinot j\u016bs atp\u016bsties jaun\u0101 veid\u0101. Neatkar\u012bgi no t\u0101, vai tas atrodas dz\u012bvojam\u0101 istab\u0101 vai jebkur\u0101 st\u016br\u012b, \u0161is kr\u0113sls apvieno rado\u0161umu un komfortu....","breadcrumb":{"@id":"https:\/\/brilune.eu\/lv\/product\/atzveltnes-kresls-ar-atzveltni\/#breadcrumb"},"inLanguage":"lv-LV","potentialAction":[{"@type":"ReadAction","target":["https:\/\/brilune.eu\/lv\/product\/atzveltnes-kresls-ar-atzveltni\/"]}]},{"@type":"ImageObject","inLanguage":"lv-LV","@id":"https:\/\/brilune.eu\/lv\/product\/atzveltnes-kresls-ar-atzveltni\/#primaryimage","url":"https:\/\/brilune.eu\/wp-content\/uploads\/2025\/01\/charles-occasional-chair-occasional-chair-605012_2048x2048.jpg","contentUrl":"https:\/\/brilune.eu\/wp-content\/uploads\/2025\/01\/charles-occasional-chair-occasional-chair-605012_2048x2048.jpg","width":2048,"height":2048},{"@type":"BreadcrumbList","@id":"https:\/\/brilune.eu\/lv\/product\/atzveltnes-kresls-ar-atzveltni\/#breadcrumb","itemListElement":[{"@type":"ListItem","position":1,"name":"S\u0101kums","item":"https:\/\/brilune.eu\/lv\/brilune-mebeles\/"},{"@type":"ListItem","position":2,"name":"Visi produkti","item":"https:\/\/brilune.eu\/lv\/shop\/"},{"@type":"ListItem","position":3,"name":"Atzveltnes kr\u0113sls ar atzveltni"}]},{"@type":"WebSite","@id":"https:\/\/brilune.eu\/lv\/#website","url":"https:\/\/brilune.eu\/lv\/","name":"Brilune","description":"M\u0113s pied\u0101v\u0101jam unik\u0101lus un nebiju\u0161us dizainus, kas apvieno eleganci, funkcionalit\u0101ti un rado\u0161umu.","potentialAction":[{"@type":"SearchAction","target":{"@type":"EntryPoint","urlTemplate":"https:\/\/brilune.eu\/lv\/?s={search_term_string}"},"query-input":{"@type":"PropertyValueSpecification","valueRequired":true,"valueName":"search_term_string"}}],"inLanguage":"lv-LV"}]}},"jetpack_sharing_enabled":true,"_links":{"self":[{"href":"https:\/\/brilune.eu\/lv\/wp-json\/wp\/v2\/product\/37319","targetHints":{"allow":["GET"]}}],"collection":[{"href":"https:\/\/brilune.eu\/lv\/wp-json\/wp\/v2\/product"}],"about":[{"href":"https:\/\/brilune.eu\/lv\/wp-json\/wp\/v2\/types\/product"}],"replies":[{"embeddable":true,"href":"https:\/\/brilune.eu\/lv\/wp-json\/wp\/v2\/comments?post=37319"}],"version-history":[{"count":1,"href":"https:\/\/brilune.eu\/lv\/wp-json\/wp\/v2\/product\/37319\/revisions"}],"predecessor-version":[{"id":37359,"href":"https:\/\/brilune.eu\/lv\/wp-json\/wp\/v2\/product\/37319\/revisions\/37359"}],"wp:featuredmedia":[{"embeddable":true,"href":"https:\/\/brilune.eu\/lv\/wp-json\/wp\/v2\/media\/7053"}],"wp:attachment":[{"href":"https:\/\/brilune.eu\/lv\/wp-json\/wp\/v2\/media?parent=37319"}],"wp:term":[{"taxonomy":"product_brand","embeddable":true,"href":"https:\/\/brilune.eu\/lv\/wp-json\/wp\/v2\/product_brand?post=37319"},{"taxonomy":"product_cat","embeddable":true,"href":"https:\/\/brilune.eu\/lv\/wp-json\/wp\/v2\/product_cat?post=37319"},{"taxonomy":"product_tag","embeddable":true,"href":"https:\/\/brilune.eu\/lv\/wp-json\/wp\/v2\/product_tag?post=37319"}],"curies":[{"name":"wp","href":"https:\/\/api.w.org\/{rel}","templated":true}]}}