{"id":37299,"date":"2025-02-19T12:06:38","date_gmt":"2025-02-19T10:06:38","guid":{"rendered":"https:\/\/brilune.eu\/?post_type=product&#038;p=37299"},"modified":"2025-02-19T12:14:54","modified_gmt":"2025-02-19T10:14:54","slug":"miksts-atputas-kresls-3","status":"publish","type":"product","link":"https:\/\/brilune.eu\/lv\/product\/miksts-atputas-kresls-3\/","title":{"rendered":"M\u012bksts atp\u016btas kr\u0113sls"},"content":{"rendered":"<p>Izstr\u0101d\u0101ts, r\u016bp\u012bgi piev\u0113r\u0161ot uzman\u012bbu deta\u013c\u0101m, \u0161is kr\u0113sls izstaro perfektu m\u0101j\u012bguma un stila sajaukumu. T\u0101 \u012bpa\u0161i p\u016bkainais polster\u0113jums pied\u0101v\u0101 t\u0101du taustes pieredzi k\u0101 neviens cits, aicinot j\u016bs izb\u0113gt no dienas steigas un ieiet relaks\u0101cijas valst\u012bb\u0101. Tas ir vair\u0101k nek\u0101 tikai kr\u0113sls, tas ir komforta osta, kas p\u0101rv\u0113r\u0161 jebkuru telpu par pl\u012b\u0161a o\u0101zi. Neatkar\u012bgi no t\u0101, vai tas rot\u0101 klusu las\u012b\u0161anas kakti\u0146u vai ie\u0146em centr\u0101lo vietu j\u016bsu istab\u0101, \u012bpa\u0161i pl\u012b\u0161a kr\u0113sls pie\u0161\u0137irs j\u016bsu interjeram grezn\u012bbas piesk\u0101rienu.<br \/>\nMateri\u0101ls: bambusa s\u016bklis, pl\u012b\u0161a poliesters<br \/>\nIzm\u0113rs: 130\u00a0cm x 110\u00a0cm x 80\u00a0cm<\/p>\n","protected":false},"excerpt":{"rendered":"<p>Izstr\u0101d\u0101ts, r\u016bp\u012bgi piev\u0113r\u0161ot uzman\u012bbu deta\u013c\u0101m, \u0161is kr\u0113sls izstaro perfektu m\u0101j\u012bguma un stila sajaukumu. T\u0101 \u012bpa\u0161i p\u016bkainais polster\u0113jums pied\u0101v\u0101 taustes pieredzi&#8230;<\/p>\n","protected":false},"featured_media":6975,"comment_status":"open","ping_status":"closed","template":"","meta":[],"product_brand":[],"product_cat":[1583,5575],"product_tag":[],"class_list":{"0":"post-37299","1":"product","2":"type-product","3":"status-publish","4":"has-post-thumbnail","6":"product_cat-kresls-kresli-2","7":"product_cat-kresls-kresli-4","9":"first","10":"instock","11":"shipping-taxable","12":"purchasable","13":"product-type-simple"},"yoast_head":"<!-- This site is optimized with the Yoast SEO plugin v26.0 - https:\/\/yoast.com\/wordpress\/plugins\/seo\/ -->\n<title>M\u012bksts atp\u016btas kr\u0113sls<\/title>\n<meta name=\"description\" content=\"Izstr\u0101d\u0101ts, r\u016bp\u012bgi piev\u0113r\u0161ot uzman\u012bbu deta\u013c\u0101m, \u0161is kr\u0113sls izstaro perfektu m\u0101j\u012bguma un stila sajaukumu. T\u0101 \u012bpa\u0161i p\u016bkainais polster\u0113jums pied\u0101v\u0101 taustes pieredzi...\" \/>\n<meta name=\"robots\" content=\"index, follow, max-snippet:-1, max-image-preview:large, max-video-preview:-1\" \/>\n<link rel=\"canonical\" href=\"https:\/\/brilune.eu\/lv\/product\/miksts-atputas-kresls-3\/\" \/>\n<meta property=\"og:locale\" content=\"lv_LV\" \/>\n<meta property=\"og:type\" content=\"article\" \/>\n<meta property=\"og:title\" content=\"M\u012bksts atp\u016btas kr\u0113sls\" \/>\n<meta property=\"og:description\" content=\"Izstr\u0101d\u0101ts, r\u016bp\u012bgi piev\u0113r\u0161ot uzman\u012bbu deta\u013c\u0101m, \u0161is kr\u0113sls izstaro perfektu m\u0101j\u012bguma un stila sajaukumu. T\u0101 \u012bpa\u0161i p\u016bkainais polster\u0113jums pied\u0101v\u0101 taustes pieredzi...\" \/>\n<meta property=\"og:url\" content=\"https:\/\/brilune.eu\/lv\/product\/miksts-atputas-kresls-3\/\" \/>\n<meta property=\"og:site_name\" content=\"Brilune\" \/>\n<meta property=\"article:modified_time\" content=\"2025-02-19T10:14:54+00:00\" \/>\n<meta property=\"og:image\" content=\"https:\/\/brilune.eu\/wp-content\/uploads\/2025\/01\/olivia-occasional-chair-occasional-chair-196082_2048x2048.jpg\" \/>\n\t<meta property=\"og:image:width\" content=\"2048\" \/>\n\t<meta property=\"og:image:height\" content=\"2048\" \/>\n\t<meta property=\"og:image:type\" content=\"image\/jpeg\" \/>\n<meta name=\"twitter:card\" content=\"summary_large_image\" \/>\n<meta name=\"twitter:label1\" content=\"Est. reading time\" \/>\n\t<meta name=\"twitter:data1\" content=\"1 minute\" \/>\n<script type=\"application\/ld+json\" class=\"yoast-schema-graph\">{\"@context\":\"https:\/\/schema.org\",\"@graph\":[{\"@type\":\"WebPage\",\"@id\":\"https:\/\/brilune.eu\/lv\/product\/miksts-atputas-kresls-3\/\",\"url\":\"https:\/\/brilune.eu\/lv\/product\/miksts-atputas-kresls-3\/\",\"name\":\"M\u012bksts atp\u016btas kr\u0113sls\",\"isPartOf\":{\"@id\":\"https:\/\/brilune.eu\/lv\/#website\"},\"primaryImageOfPage\":{\"@id\":\"https:\/\/brilune.eu\/lv\/product\/miksts-atputas-kresls-3\/#primaryimage\"},\"image\":{\"@id\":\"https:\/\/brilune.eu\/lv\/product\/miksts-atputas-kresls-3\/#primaryimage\"},\"thumbnailUrl\":\"https:\/\/brilune.eu\/wp-content\/uploads\/2025\/01\/olivia-occasional-chair-occasional-chair-196082_2048x2048.jpg\",\"datePublished\":\"2025-02-19T10:06:38+00:00\",\"dateModified\":\"2025-02-19T10:14:54+00:00\",\"description\":\"Izstr\u0101d\u0101ts, r\u016bp\u012bgi piev\u0113r\u0161ot uzman\u012bbu deta\u013c\u0101m, \u0161is kr\u0113sls izstaro perfektu m\u0101j\u012bguma un stila sajaukumu. T\u0101 \u012bpa\u0161i p\u016bkainais polster\u0113jums pied\u0101v\u0101 taustes pieredzi...\",\"breadcrumb\":{\"@id\":\"https:\/\/brilune.eu\/lv\/product\/miksts-atputas-kresls-3\/#breadcrumb\"},\"inLanguage\":\"lv-LV\",\"potentialAction\":[{\"@type\":\"ReadAction\",\"target\":[\"https:\/\/brilune.eu\/lv\/product\/miksts-atputas-kresls-3\/\"]}]},{\"@type\":\"ImageObject\",\"inLanguage\":\"lv-LV\",\"@id\":\"https:\/\/brilune.eu\/lv\/product\/miksts-atputas-kresls-3\/#primaryimage\",\"url\":\"https:\/\/brilune.eu\/wp-content\/uploads\/2025\/01\/olivia-occasional-chair-occasional-chair-196082_2048x2048.jpg\",\"contentUrl\":\"https:\/\/brilune.eu\/wp-content\/uploads\/2025\/01\/olivia-occasional-chair-occasional-chair-196082_2048x2048.jpg\",\"width\":2048,\"height\":2048},{\"@type\":\"BreadcrumbList\",\"@id\":\"https:\/\/brilune.eu\/lv\/product\/miksts-atputas-kresls-3\/#breadcrumb\",\"itemListElement\":[{\"@type\":\"ListItem\",\"position\":1,\"name\":\"S\u0101kums\",\"item\":\"https:\/\/brilune.eu\/lv\/brilune-mebeles\/\"},{\"@type\":\"ListItem\",\"position\":2,\"name\":\"Visi produkti\",\"item\":\"https:\/\/brilune.eu\/lv\/shop\/\"},{\"@type\":\"ListItem\",\"position\":3,\"name\":\"M\u012bksts atp\u016btas kr\u0113sls\"}]},{\"@type\":\"WebSite\",\"@id\":\"https:\/\/brilune.eu\/lv\/#website\",\"url\":\"https:\/\/brilune.eu\/lv\/\",\"name\":\"Brilune\",\"description\":\"M\u0113s pied\u0101v\u0101jam unik\u0101lus un nebiju\u0161us dizainus, kas apvieno eleganci, funkcionalit\u0101ti un rado\u0161umu.\",\"potentialAction\":[{\"@type\":\"SearchAction\",\"target\":{\"@type\":\"EntryPoint\",\"urlTemplate\":\"https:\/\/brilune.eu\/lv\/?s={search_term_string}\"},\"query-input\":{\"@type\":\"PropertyValueSpecification\",\"valueRequired\":true,\"valueName\":\"search_term_string\"}}],\"inLanguage\":\"lv-LV\"}]}<\/script>\n<!-- \/ Yoast SEO plugin. -->","yoast_head_json":{"title":"M\u012bksts atp\u016btas kr\u0113sls","description":"Izstr\u0101d\u0101ts, r\u016bp\u012bgi piev\u0113r\u0161ot uzman\u012bbu deta\u013c\u0101m, \u0161is kr\u0113sls izstaro perfektu m\u0101j\u012bguma un stila sajaukumu. T\u0101 \u012bpa\u0161i p\u016bkainais polster\u0113jums pied\u0101v\u0101 taustes pieredzi...","robots":{"index":"index","follow":"follow","max-snippet":"max-snippet:-1","max-image-preview":"max-image-preview:large","max-video-preview":"max-video-preview:-1"},"canonical":"https:\/\/brilune.eu\/lv\/product\/miksts-atputas-kresls-3\/","og_locale":"lv_LV","og_type":"article","og_title":"M\u012bksts atp\u016btas kr\u0113sls","og_description":"Izstr\u0101d\u0101ts, r\u016bp\u012bgi piev\u0113r\u0161ot uzman\u012bbu deta\u013c\u0101m, \u0161is kr\u0113sls izstaro perfektu m\u0101j\u012bguma un stila sajaukumu. T\u0101 \u012bpa\u0161i p\u016bkainais polster\u0113jums pied\u0101v\u0101 taustes pieredzi...","og_url":"https:\/\/brilune.eu\/lv\/product\/miksts-atputas-kresls-3\/","og_site_name":"Brilune","article_modified_time":"2025-02-19T10:14:54+00:00","og_image":[{"width":2048,"height":2048,"url":"https:\/\/brilune.eu\/wp-content\/uploads\/2025\/01\/olivia-occasional-chair-occasional-chair-196082_2048x2048.jpg","type":"image\/jpeg"}],"twitter_card":"summary_large_image","twitter_misc":{"Est. reading time":"1 minute"},"schema":{"@context":"https:\/\/schema.org","@graph":[{"@type":"WebPage","@id":"https:\/\/brilune.eu\/lv\/product\/miksts-atputas-kresls-3\/","url":"https:\/\/brilune.eu\/lv\/product\/miksts-atputas-kresls-3\/","name":"M\u012bksts atp\u016btas kr\u0113sls","isPartOf":{"@id":"https:\/\/brilune.eu\/lv\/#website"},"primaryImageOfPage":{"@id":"https:\/\/brilune.eu\/lv\/product\/miksts-atputas-kresls-3\/#primaryimage"},"image":{"@id":"https:\/\/brilune.eu\/lv\/product\/miksts-atputas-kresls-3\/#primaryimage"},"thumbnailUrl":"https:\/\/brilune.eu\/wp-content\/uploads\/2025\/01\/olivia-occasional-chair-occasional-chair-196082_2048x2048.jpg","datePublished":"2025-02-19T10:06:38+00:00","dateModified":"2025-02-19T10:14:54+00:00","description":"Izstr\u0101d\u0101ts, r\u016bp\u012bgi piev\u0113r\u0161ot uzman\u012bbu deta\u013c\u0101m, \u0161is kr\u0113sls izstaro perfektu m\u0101j\u012bguma un stila sajaukumu. T\u0101 \u012bpa\u0161i p\u016bkainais polster\u0113jums pied\u0101v\u0101 taustes pieredzi...","breadcrumb":{"@id":"https:\/\/brilune.eu\/lv\/product\/miksts-atputas-kresls-3\/#breadcrumb"},"inLanguage":"lv-LV","potentialAction":[{"@type":"ReadAction","target":["https:\/\/brilune.eu\/lv\/product\/miksts-atputas-kresls-3\/"]}]},{"@type":"ImageObject","inLanguage":"lv-LV","@id":"https:\/\/brilune.eu\/lv\/product\/miksts-atputas-kresls-3\/#primaryimage","url":"https:\/\/brilune.eu\/wp-content\/uploads\/2025\/01\/olivia-occasional-chair-occasional-chair-196082_2048x2048.jpg","contentUrl":"https:\/\/brilune.eu\/wp-content\/uploads\/2025\/01\/olivia-occasional-chair-occasional-chair-196082_2048x2048.jpg","width":2048,"height":2048},{"@type":"BreadcrumbList","@id":"https:\/\/brilune.eu\/lv\/product\/miksts-atputas-kresls-3\/#breadcrumb","itemListElement":[{"@type":"ListItem","position":1,"name":"S\u0101kums","item":"https:\/\/brilune.eu\/lv\/brilune-mebeles\/"},{"@type":"ListItem","position":2,"name":"Visi produkti","item":"https:\/\/brilune.eu\/lv\/shop\/"},{"@type":"ListItem","position":3,"name":"M\u012bksts atp\u016btas kr\u0113sls"}]},{"@type":"WebSite","@id":"https:\/\/brilune.eu\/lv\/#website","url":"https:\/\/brilune.eu\/lv\/","name":"Brilune","description":"M\u0113s pied\u0101v\u0101jam unik\u0101lus un nebiju\u0161us dizainus, kas apvieno eleganci, funkcionalit\u0101ti un rado\u0161umu.","potentialAction":[{"@type":"SearchAction","target":{"@type":"EntryPoint","urlTemplate":"https:\/\/brilune.eu\/lv\/?s={search_term_string}"},"query-input":{"@type":"PropertyValueSpecification","valueRequired":true,"valueName":"search_term_string"}}],"inLanguage":"lv-LV"}]}},"jetpack_sharing_enabled":true,"_links":{"self":[{"href":"https:\/\/brilune.eu\/lv\/wp-json\/wp\/v2\/product\/37299","targetHints":{"allow":["GET"]}}],"collection":[{"href":"https:\/\/brilune.eu\/lv\/wp-json\/wp\/v2\/product"}],"about":[{"href":"https:\/\/brilune.eu\/lv\/wp-json\/wp\/v2\/types\/product"}],"replies":[{"embeddable":true,"href":"https:\/\/brilune.eu\/lv\/wp-json\/wp\/v2\/comments?post=37299"}],"version-history":[{"count":1,"href":"https:\/\/brilune.eu\/lv\/wp-json\/wp\/v2\/product\/37299\/revisions"}],"predecessor-version":[{"id":37350,"href":"https:\/\/brilune.eu\/lv\/wp-json\/wp\/v2\/product\/37299\/revisions\/37350"}],"wp:featuredmedia":[{"embeddable":true,"href":"https:\/\/brilune.eu\/lv\/wp-json\/wp\/v2\/media\/6975"}],"wp:attachment":[{"href":"https:\/\/brilune.eu\/lv\/wp-json\/wp\/v2\/media?parent=37299"}],"wp:term":[{"taxonomy":"product_brand","embeddable":true,"href":"https:\/\/brilune.eu\/lv\/wp-json\/wp\/v2\/product_brand?post=37299"},{"taxonomy":"product_cat","embeddable":true,"href":"https:\/\/brilune.eu\/lv\/wp-json\/wp\/v2\/product_cat?post=37299"},{"taxonomy":"product_tag","embeddable":true,"href":"https:\/\/brilune.eu\/lv\/wp-json\/wp\/v2\/product_tag?post=37299"}],"curies":[{"name":"wp","href":"https:\/\/api.w.org\/{rel}","templated":true}]}}