{"id":37127,"date":"2025-02-19T12:03:18","date_gmt":"2025-02-19T10:03:18","guid":{"rendered":"https:\/\/brilune.eu\/?post_type=product&#038;p=37127"},"modified":"2025-03-06T18:06:39","modified_gmt":"2025-03-06T16:06:39","slug":"kresls-viesistabai","status":"publish","type":"product","link":"https:\/\/brilune.eu\/lv\/product\/kresls-viesistabai\/","title":{"rendered":"Kr\u0113sls viesistabai"},"content":{"rendered":"<p>\u0160is mas\u012bvkoka kr\u0113sls ir retro dizaina iedvesmots \u0161edevrs, kas rad\u012bts modern\u0101m m\u0101j\u0101m. \u0160is mas\u012bvkoka kr\u0113sls ienes\u012bs j\u016bsu viesistab\u0101 nostal\u0123iju un izsmalcin\u0101t\u012bbu. \u0160\u012b vienviet\u012bg\u0101 atp\u016btas kr\u0113sla minim\u0101listiskais, ta\u010du elegantais dizains lieliski atspogu\u013co Wabi-sabi stila skaistumu. Neatkar\u012bgi no t\u0101, vai atp\u016b\u0161aties p\u0113c garas dienas vai izklaid\u0113jat viesus, \u0161is mas\u012bvkoka kr\u0113sls pied\u0101v\u0101s nep\u0101rsp\u0113jamu komfortu un stilu. T\u0101 iztur\u012bg\u0101 konstrukcija nodro\u0161ina ilgtsp\u0113j\u012bbu, savuk\u0101rt satrieco\u0161ais dizains nodro\u0161ina, ka t\u0101 b\u016bs j\u016bsu m\u0101jas centr\u0101lais punkts turpm\u0101kajos gados. Pievienojiet sav\u0101m m\u0101j\u0101m m\u016bsu kr\u0113sla \u0161armu un valdzin\u0101jumu un iegremd\u0113jieties retro dizaina un mas\u012bvkoka meistar\u012bbas m\u016b\u017e\u012bgaj\u0101 skaistum\u0101.<br \/>\n\u2022 Virsma: samts<br \/>\n\u2022 Pild\u012bjums: augsta bl\u012bvuma putas<br \/>\n\u2022 R\u0101mis: ozols<br \/>\n\u2022 K\u0101jas: ozols<br \/>\nIzm\u0113ri: 74x52x76 cm. <\/p>\n","protected":false},"excerpt":{"rendered":"<p>\u0160is mas\u012bvkoka kr\u0113sls ir retro dizaina iedvesmots \u0161edevrs, kas rad\u012bts modern\u0101m m\u0101j\u0101m. \u0160is mas\u012bvkoka kr\u0113sls rad\u012bs nostal\u0123ijas un izsmalcin\u0101t\u012bbas piesk\u0101rienu&#8230;<\/p>\n","protected":false},"featured_media":6386,"comment_status":"open","ping_status":"closed","template":"","meta":[],"product_brand":[],"product_cat":[1512,5514],"product_tag":[],"class_list":{"0":"post-37127","1":"product","2":"type-product","3":"status-publish","4":"has-post-thumbnail","6":"product_cat-koka-kresls-kresli-2","7":"product_cat-koka-kresls-kresli-4","9":"first","10":"instock","11":"shipping-taxable","12":"purchasable","13":"product-type-simple"},"yoast_head":"<!-- This site is optimized with the Yoast SEO plugin v26.0 - https:\/\/yoast.com\/wordpress\/plugins\/seo\/ -->\n<title>Kr\u0113sls viesistabai<\/title>\n<meta name=\"description\" content=\"\u0160is mas\u012bvkoka kr\u0113sls ir retro dizaina iedvesmots \u0161edevrs, kas rad\u012bts modern\u0101m m\u0101j\u0101m. \u0160is mas\u012bvkoka kr\u0113sls rad\u012bs nostal\u0123ijas un izsmalcin\u0101t\u012bbas piesk\u0101rienu...\" \/>\n<meta name=\"robots\" content=\"index, follow, max-snippet:-1, max-image-preview:large, max-video-preview:-1\" \/>\n<link rel=\"canonical\" href=\"https:\/\/brilune.eu\/lv\/product\/kresls-viesistabai\/\" \/>\n<meta property=\"og:locale\" content=\"lv_LV\" \/>\n<meta property=\"og:type\" content=\"article\" \/>\n<meta property=\"og:title\" content=\"Kr\u0113sls viesistabai\" \/>\n<meta property=\"og:description\" content=\"\u0160is mas\u012bvkoka kr\u0113sls ir retro dizaina iedvesmots \u0161edevrs, kas rad\u012bts modern\u0101m m\u0101j\u0101m. \u0160is mas\u012bvkoka kr\u0113sls rad\u012bs nostal\u0123ijas un izsmalcin\u0101t\u012bbas piesk\u0101rienu...\" \/>\n<meta property=\"og:url\" content=\"https:\/\/brilune.eu\/lv\/product\/kresls-viesistabai\/\" \/>\n<meta property=\"og:site_name\" content=\"Brilune\" \/>\n<meta property=\"article:modified_time\" content=\"2025-03-06T16:06:39+00:00\" \/>\n<meta property=\"og:image\" content=\"https:\/\/brilune.eu\/wp-content\/uploads\/2025\/01\/BirgitWabi-SabiDesignerRetroSolidWoodChair_4.png\" \/>\n\t<meta property=\"og:image:width\" content=\"1549\" \/>\n\t<meta property=\"og:image:height\" content=\"1549\" \/>\n\t<meta property=\"og:image:type\" content=\"image\/png\" \/>\n<meta name=\"twitter:card\" content=\"summary_large_image\" \/>\n<meta name=\"twitter:label1\" content=\"Est. reading time\" \/>\n\t<meta name=\"twitter:data1\" content=\"1 minute\" \/>\n<script type=\"application\/ld+json\" class=\"yoast-schema-graph\">{\"@context\":\"https:\/\/schema.org\",\"@graph\":[{\"@type\":\"WebPage\",\"@id\":\"https:\/\/brilune.eu\/lv\/product\/kresls-viesistabai\/\",\"url\":\"https:\/\/brilune.eu\/lv\/product\/kresls-viesistabai\/\",\"name\":\"Kr\u0113sls viesistabai\",\"isPartOf\":{\"@id\":\"https:\/\/brilune.eu\/lv\/#website\"},\"primaryImageOfPage\":{\"@id\":\"https:\/\/brilune.eu\/lv\/product\/kresls-viesistabai\/#primaryimage\"},\"image\":{\"@id\":\"https:\/\/brilune.eu\/lv\/product\/kresls-viesistabai\/#primaryimage\"},\"thumbnailUrl\":\"https:\/\/brilune.eu\/wp-content\/uploads\/2025\/01\/BirgitWabi-SabiDesignerRetroSolidWoodChair_4.png\",\"datePublished\":\"2025-02-19T10:03:18+00:00\",\"dateModified\":\"2025-03-06T16:06:39+00:00\",\"description\":\"\u0160is mas\u012bvkoka kr\u0113sls ir retro dizaina iedvesmots \u0161edevrs, kas rad\u012bts modern\u0101m m\u0101j\u0101m. \u0160is mas\u012bvkoka kr\u0113sls rad\u012bs nostal\u0123ijas un izsmalcin\u0101t\u012bbas piesk\u0101rienu...\",\"breadcrumb\":{\"@id\":\"https:\/\/brilune.eu\/lv\/product\/kresls-viesistabai\/#breadcrumb\"},\"inLanguage\":\"lv-LV\",\"potentialAction\":[{\"@type\":\"ReadAction\",\"target\":[\"https:\/\/brilune.eu\/lv\/product\/kresls-viesistabai\/\"]}]},{\"@type\":\"ImageObject\",\"inLanguage\":\"lv-LV\",\"@id\":\"https:\/\/brilune.eu\/lv\/product\/kresls-viesistabai\/#primaryimage\",\"url\":\"https:\/\/brilune.eu\/wp-content\/uploads\/2025\/01\/BirgitWabi-SabiDesignerRetroSolidWoodChair_4.png\",\"contentUrl\":\"https:\/\/brilune.eu\/wp-content\/uploads\/2025\/01\/BirgitWabi-SabiDesignerRetroSolidWoodChair_4.png\",\"width\":1549,\"height\":1549},{\"@type\":\"BreadcrumbList\",\"@id\":\"https:\/\/brilune.eu\/lv\/product\/kresls-viesistabai\/#breadcrumb\",\"itemListElement\":[{\"@type\":\"ListItem\",\"position\":1,\"name\":\"S\u0101kums\",\"item\":\"https:\/\/brilune.eu\/lv\/brilune-mebeles\/\"},{\"@type\":\"ListItem\",\"position\":2,\"name\":\"Visi produkti\",\"item\":\"https:\/\/brilune.eu\/lv\/shop\/\"},{\"@type\":\"ListItem\",\"position\":3,\"name\":\"Kr\u0113sls viesistabai\"}]},{\"@type\":\"WebSite\",\"@id\":\"https:\/\/brilune.eu\/lv\/#website\",\"url\":\"https:\/\/brilune.eu\/lv\/\",\"name\":\"Brilune\",\"description\":\"M\u0113s pied\u0101v\u0101jam unik\u0101lus un nebiju\u0161us dizainus, kas apvieno eleganci, funkcionalit\u0101ti un rado\u0161umu.\",\"potentialAction\":[{\"@type\":\"SearchAction\",\"target\":{\"@type\":\"EntryPoint\",\"urlTemplate\":\"https:\/\/brilune.eu\/lv\/?s={search_term_string}\"},\"query-input\":{\"@type\":\"PropertyValueSpecification\",\"valueRequired\":true,\"valueName\":\"search_term_string\"}}],\"inLanguage\":\"lv-LV\"}]}<\/script>\n<!-- \/ Yoast SEO plugin. -->","yoast_head_json":{"title":"Kr\u0113sls viesistabai","description":"\u0160is mas\u012bvkoka kr\u0113sls ir retro dizaina iedvesmots \u0161edevrs, kas rad\u012bts modern\u0101m m\u0101j\u0101m. \u0160is mas\u012bvkoka kr\u0113sls rad\u012bs nostal\u0123ijas un izsmalcin\u0101t\u012bbas piesk\u0101rienu...","robots":{"index":"index","follow":"follow","max-snippet":"max-snippet:-1","max-image-preview":"max-image-preview:large","max-video-preview":"max-video-preview:-1"},"canonical":"https:\/\/brilune.eu\/lv\/product\/kresls-viesistabai\/","og_locale":"lv_LV","og_type":"article","og_title":"Kr\u0113sls viesistabai","og_description":"\u0160is mas\u012bvkoka kr\u0113sls ir retro dizaina iedvesmots \u0161edevrs, kas rad\u012bts modern\u0101m m\u0101j\u0101m. \u0160is mas\u012bvkoka kr\u0113sls rad\u012bs nostal\u0123ijas un izsmalcin\u0101t\u012bbas piesk\u0101rienu...","og_url":"https:\/\/brilune.eu\/lv\/product\/kresls-viesistabai\/","og_site_name":"Brilune","article_modified_time":"2025-03-06T16:06:39+00:00","og_image":[{"width":1549,"height":1549,"url":"https:\/\/brilune.eu\/wp-content\/uploads\/2025\/01\/BirgitWabi-SabiDesignerRetroSolidWoodChair_4.png","type":"image\/png"}],"twitter_card":"summary_large_image","twitter_misc":{"Est. reading time":"1 minute"},"schema":{"@context":"https:\/\/schema.org","@graph":[{"@type":"WebPage","@id":"https:\/\/brilune.eu\/lv\/product\/kresls-viesistabai\/","url":"https:\/\/brilune.eu\/lv\/product\/kresls-viesistabai\/","name":"Kr\u0113sls viesistabai","isPartOf":{"@id":"https:\/\/brilune.eu\/lv\/#website"},"primaryImageOfPage":{"@id":"https:\/\/brilune.eu\/lv\/product\/kresls-viesistabai\/#primaryimage"},"image":{"@id":"https:\/\/brilune.eu\/lv\/product\/kresls-viesistabai\/#primaryimage"},"thumbnailUrl":"https:\/\/brilune.eu\/wp-content\/uploads\/2025\/01\/BirgitWabi-SabiDesignerRetroSolidWoodChair_4.png","datePublished":"2025-02-19T10:03:18+00:00","dateModified":"2025-03-06T16:06:39+00:00","description":"\u0160is mas\u012bvkoka kr\u0113sls ir retro dizaina iedvesmots \u0161edevrs, kas rad\u012bts modern\u0101m m\u0101j\u0101m. \u0160is mas\u012bvkoka kr\u0113sls rad\u012bs nostal\u0123ijas un izsmalcin\u0101t\u012bbas piesk\u0101rienu...","breadcrumb":{"@id":"https:\/\/brilune.eu\/lv\/product\/kresls-viesistabai\/#breadcrumb"},"inLanguage":"lv-LV","potentialAction":[{"@type":"ReadAction","target":["https:\/\/brilune.eu\/lv\/product\/kresls-viesistabai\/"]}]},{"@type":"ImageObject","inLanguage":"lv-LV","@id":"https:\/\/brilune.eu\/lv\/product\/kresls-viesistabai\/#primaryimage","url":"https:\/\/brilune.eu\/wp-content\/uploads\/2025\/01\/BirgitWabi-SabiDesignerRetroSolidWoodChair_4.png","contentUrl":"https:\/\/brilune.eu\/wp-content\/uploads\/2025\/01\/BirgitWabi-SabiDesignerRetroSolidWoodChair_4.png","width":1549,"height":1549},{"@type":"BreadcrumbList","@id":"https:\/\/brilune.eu\/lv\/product\/kresls-viesistabai\/#breadcrumb","itemListElement":[{"@type":"ListItem","position":1,"name":"S\u0101kums","item":"https:\/\/brilune.eu\/lv\/brilune-mebeles\/"},{"@type":"ListItem","position":2,"name":"Visi produkti","item":"https:\/\/brilune.eu\/lv\/shop\/"},{"@type":"ListItem","position":3,"name":"Kr\u0113sls viesistabai"}]},{"@type":"WebSite","@id":"https:\/\/brilune.eu\/lv\/#website","url":"https:\/\/brilune.eu\/lv\/","name":"Brilune","description":"M\u0113s pied\u0101v\u0101jam unik\u0101lus un nebiju\u0161us dizainus, kas apvieno eleganci, funkcionalit\u0101ti un rado\u0161umu.","potentialAction":[{"@type":"SearchAction","target":{"@type":"EntryPoint","urlTemplate":"https:\/\/brilune.eu\/lv\/?s={search_term_string}"},"query-input":{"@type":"PropertyValueSpecification","valueRequired":true,"valueName":"search_term_string"}}],"inLanguage":"lv-LV"}]}},"jetpack_sharing_enabled":true,"_links":{"self":[{"href":"https:\/\/brilune.eu\/lv\/wp-json\/wp\/v2\/product\/37127","targetHints":{"allow":["GET"]}}],"collection":[{"href":"https:\/\/brilune.eu\/lv\/wp-json\/wp\/v2\/product"}],"about":[{"href":"https:\/\/brilune.eu\/lv\/wp-json\/wp\/v2\/types\/product"}],"replies":[{"embeddable":true,"href":"https:\/\/brilune.eu\/lv\/wp-json\/wp\/v2\/comments?post=37127"}],"version-history":[{"count":1,"href":"https:\/\/brilune.eu\/lv\/wp-json\/wp\/v2\/product\/37127\/revisions"}],"predecessor-version":[{"id":37185,"href":"https:\/\/brilune.eu\/lv\/wp-json\/wp\/v2\/product\/37127\/revisions\/37185"}],"wp:featuredmedia":[{"embeddable":true,"href":"https:\/\/brilune.eu\/lv\/wp-json\/wp\/v2\/media\/6386"}],"wp:attachment":[{"href":"https:\/\/brilune.eu\/lv\/wp-json\/wp\/v2\/media?parent=37127"}],"wp:term":[{"taxonomy":"product_brand","embeddable":true,"href":"https:\/\/brilune.eu\/lv\/wp-json\/wp\/v2\/product_brand?post=37127"},{"taxonomy":"product_cat","embeddable":true,"href":"https:\/\/brilune.eu\/lv\/wp-json\/wp\/v2\/product_cat?post=37127"},{"taxonomy":"product_tag","embeddable":true,"href":"https:\/\/brilune.eu\/lv\/wp-json\/wp\/v2\/product_tag?post=37127"}],"curies":[{"name":"wp","href":"https:\/\/api.w.org\/{rel}","templated":true}]}}