{"id":37084,"date":"2025-02-19T12:02:51","date_gmt":"2025-02-19T10:02:51","guid":{"rendered":"https:\/\/brilune.eu\/?post_type=product&#038;p=37084"},"modified":"2025-02-19T12:13:45","modified_gmt":"2025-02-19T10:13:45","slug":"trisvietigs-divans-ar-vilnas-apdari","status":"publish","type":"product","link":"https:\/\/brilune.eu\/lv\/product\/trisvietigs-divans-ar-vilnas-apdari\/","title":{"rendered":"Tr\u012bsviet\u012bgs d\u012bv\u0101ns ar vilnas apdari"},"content":{"rendered":"<p>J\u016bsu mazaj\u0101 m\u0101jokl\u012b var b\u016bt moderns un pla\u0161s d\u012bv\u0101ns. Tr\u012bsviet\u012bgs d\u012bv\u0101ns ar vilnas apdari pie\u0161\u0137ir modernu formu maz\u0101m dz\u012bvojam\u0101m telp\u0101m. \u0160is Ploum d\u012bv\u0101ns ir piln\u012bb\u0101 samont\u0113ts, t\u0101p\u0113c to ir viegli nest pa \u0161aur\u0101m k\u0101pn\u0113m un pa maz\u0101m durv\u012bm. Centr\u0101l\u0101s k\u0101jas, kas nav redzamas no st\u0101v\u0113\u0161anas augstuma, nodro\u0161ina papildu atbalstu. Funkcion\u0101ls un stil\u012bgs, d\u012bv\u0101ns b\u016bs lieliska izv\u0113le gan dz\u012bvoklim 11.st\u0101v\u0101, gan pla\u0161ai m\u0101jai.<br \/>\nIzm\u0113ri: 210\u00d790\u00d765cm<br \/>\nMateri\u0101li: samts, porolona, \u200b\u200bkoka k\u0101jas.<\/p>\n","protected":false},"excerpt":{"rendered":"<p>J\u016bsu mazaj\u0101 m\u0101jokl\u012b var b\u016bt moderns un pla\u0161s d\u012bv\u0101ns. Tr\u012bsviet\u012bgs d\u012bv\u0101ns ar vilnas apdari pie\u0161\u0137ir modernu formu maz\u0101m dz\u012bvojam\u0101m telp\u0101m. \u0160is Ploum d\u012bv\u0101ns&#8230;<\/p>\n","protected":false},"featured_media":6262,"comment_status":"open","ping_status":"closed","template":"","meta":[],"product_brand":[],"product_cat":[1482,5489],"product_tag":[],"class_list":{"0":"post-37084","1":"product","2":"type-product","3":"status-publish","4":"has-post-thumbnail","6":"product_cat-divans","7":"product_cat-divans-divani-7-4","9":"first","10":"instock","11":"shipping-taxable","12":"purchasable","13":"product-type-simple"},"yoast_head":"<!-- This site is optimized with the Yoast SEO plugin v26.0 - https:\/\/yoast.com\/wordpress\/plugins\/seo\/ -->\n<title>Tr\u012bsviet\u012bgs d\u012bv\u0101ns ar vilnas apdari<\/title>\n<meta name=\"description\" content=\"J\u016bsu mazaj\u0101 m\u0101jokl\u012b var b\u016bt moderns un pla\u0161s d\u012bv\u0101ns. Tr\u012bsviet\u012bgs d\u012bv\u0101ns ar vilnas apdari pie\u0161\u0137ir modernu formu maz\u0101m dz\u012bvojam\u0101m telp\u0101m. \u0160is Ploum d\u012bv\u0101ns...\" \/>\n<meta name=\"robots\" content=\"index, follow, max-snippet:-1, max-image-preview:large, max-video-preview:-1\" \/>\n<link rel=\"canonical\" href=\"https:\/\/brilune.eu\/lv\/product\/trisvietigs-divans-ar-vilnas-apdari\/\" \/>\n<meta property=\"og:locale\" content=\"lv_LV\" \/>\n<meta property=\"og:type\" content=\"article\" \/>\n<meta property=\"og:title\" content=\"Tr\u012bsviet\u012bgs d\u012bv\u0101ns ar vilnas apdari\" \/>\n<meta property=\"og:description\" content=\"J\u016bsu mazaj\u0101 m\u0101jokl\u012b var b\u016bt moderns un pla\u0161s d\u012bv\u0101ns. Tr\u012bsviet\u012bgs d\u012bv\u0101ns ar vilnas apdari pie\u0161\u0137ir modernu formu maz\u0101m dz\u012bvojam\u0101m telp\u0101m. \u0160is Ploum d\u012bv\u0101ns...\" \/>\n<meta property=\"og:url\" content=\"https:\/\/brilune.eu\/lv\/product\/trisvietigs-divans-ar-vilnas-apdari\/\" \/>\n<meta property=\"og:site_name\" content=\"Brilune\" \/>\n<meta property=\"article:modified_time\" content=\"2025-02-19T10:13:45+00:00\" \/>\n<meta property=\"og:image\" content=\"https:\/\/brilune.eu\/wp-content\/uploads\/2025\/01\/1-1-3.jpg\" \/>\n\t<meta property=\"og:image:width\" content=\"800\" \/>\n\t<meta property=\"og:image:height\" content=\"800\" \/>\n\t<meta property=\"og:image:type\" content=\"image\/jpeg\" \/>\n<meta name=\"twitter:card\" content=\"summary_large_image\" \/>\n<meta name=\"twitter:label1\" content=\"Est. reading time\" \/>\n\t<meta name=\"twitter:data1\" content=\"1 minute\" \/>\n<script type=\"application\/ld+json\" class=\"yoast-schema-graph\">{\"@context\":\"https:\/\/schema.org\",\"@graph\":[{\"@type\":\"WebPage\",\"@id\":\"https:\/\/brilune.eu\/lv\/product\/trisvietigs-divans-ar-vilnas-apdari\/\",\"url\":\"https:\/\/brilune.eu\/lv\/product\/trisvietigs-divans-ar-vilnas-apdari\/\",\"name\":\"Tr\u012bsviet\u012bgs d\u012bv\u0101ns ar vilnas apdari\",\"isPartOf\":{\"@id\":\"https:\/\/brilune.eu\/lv\/#website\"},\"primaryImageOfPage\":{\"@id\":\"https:\/\/brilune.eu\/lv\/product\/trisvietigs-divans-ar-vilnas-apdari\/#primaryimage\"},\"image\":{\"@id\":\"https:\/\/brilune.eu\/lv\/product\/trisvietigs-divans-ar-vilnas-apdari\/#primaryimage\"},\"thumbnailUrl\":\"https:\/\/brilune.eu\/wp-content\/uploads\/2025\/01\/1-1-3.jpg\",\"datePublished\":\"2025-02-19T10:02:51+00:00\",\"dateModified\":\"2025-02-19T10:13:45+00:00\",\"description\":\"J\u016bsu mazaj\u0101 m\u0101jokl\u012b var b\u016bt moderns un pla\u0161s d\u012bv\u0101ns. Tr\u012bsviet\u012bgs d\u012bv\u0101ns ar vilnas apdari pie\u0161\u0137ir modernu formu maz\u0101m dz\u012bvojam\u0101m telp\u0101m. \u0160is Ploum d\u012bv\u0101ns...\",\"breadcrumb\":{\"@id\":\"https:\/\/brilune.eu\/lv\/product\/trisvietigs-divans-ar-vilnas-apdari\/#breadcrumb\"},\"inLanguage\":\"lv-LV\",\"potentialAction\":[{\"@type\":\"ReadAction\",\"target\":[\"https:\/\/brilune.eu\/lv\/product\/trisvietigs-divans-ar-vilnas-apdari\/\"]}]},{\"@type\":\"ImageObject\",\"inLanguage\":\"lv-LV\",\"@id\":\"https:\/\/brilune.eu\/lv\/product\/trisvietigs-divans-ar-vilnas-apdari\/#primaryimage\",\"url\":\"https:\/\/brilune.eu\/wp-content\/uploads\/2025\/01\/1-1-3.jpg\",\"contentUrl\":\"https:\/\/brilune.eu\/wp-content\/uploads\/2025\/01\/1-1-3.jpg\",\"width\":800,\"height\":800},{\"@type\":\"BreadcrumbList\",\"@id\":\"https:\/\/brilune.eu\/lv\/product\/trisvietigs-divans-ar-vilnas-apdari\/#breadcrumb\",\"itemListElement\":[{\"@type\":\"ListItem\",\"position\":1,\"name\":\"S\u0101kums\",\"item\":\"https:\/\/brilune.eu\/lv\/brilune-mebeles\/\"},{\"@type\":\"ListItem\",\"position\":2,\"name\":\"Visi produkti\",\"item\":\"https:\/\/brilune.eu\/lv\/shop\/\"},{\"@type\":\"ListItem\",\"position\":3,\"name\":\"Tr\u012bsviet\u012bgs d\u012bv\u0101ns ar vilnas apdari\"}]},{\"@type\":\"WebSite\",\"@id\":\"https:\/\/brilune.eu\/lv\/#website\",\"url\":\"https:\/\/brilune.eu\/lv\/\",\"name\":\"Brilune\",\"description\":\"M\u0113s pied\u0101v\u0101jam unik\u0101lus un nebiju\u0161us dizainus, kas apvieno eleganci, funkcionalit\u0101ti un rado\u0161umu.\",\"potentialAction\":[{\"@type\":\"SearchAction\",\"target\":{\"@type\":\"EntryPoint\",\"urlTemplate\":\"https:\/\/brilune.eu\/lv\/?s={search_term_string}\"},\"query-input\":{\"@type\":\"PropertyValueSpecification\",\"valueRequired\":true,\"valueName\":\"search_term_string\"}}],\"inLanguage\":\"lv-LV\"}]}<\/script>\n<!-- \/ Yoast SEO plugin. -->","yoast_head_json":{"title":"Tr\u012bsviet\u012bgs d\u012bv\u0101ns ar vilnas apdari","description":"J\u016bsu mazaj\u0101 m\u0101jokl\u012b var b\u016bt moderns un pla\u0161s d\u012bv\u0101ns. Tr\u012bsviet\u012bgs d\u012bv\u0101ns ar vilnas apdari pie\u0161\u0137ir modernu formu maz\u0101m dz\u012bvojam\u0101m telp\u0101m. \u0160is Ploum d\u012bv\u0101ns...","robots":{"index":"index","follow":"follow","max-snippet":"max-snippet:-1","max-image-preview":"max-image-preview:large","max-video-preview":"max-video-preview:-1"},"canonical":"https:\/\/brilune.eu\/lv\/product\/trisvietigs-divans-ar-vilnas-apdari\/","og_locale":"lv_LV","og_type":"article","og_title":"Tr\u012bsviet\u012bgs d\u012bv\u0101ns ar vilnas apdari","og_description":"J\u016bsu mazaj\u0101 m\u0101jokl\u012b var b\u016bt moderns un pla\u0161s d\u012bv\u0101ns. Tr\u012bsviet\u012bgs d\u012bv\u0101ns ar vilnas apdari pie\u0161\u0137ir modernu formu maz\u0101m dz\u012bvojam\u0101m telp\u0101m. \u0160is Ploum d\u012bv\u0101ns...","og_url":"https:\/\/brilune.eu\/lv\/product\/trisvietigs-divans-ar-vilnas-apdari\/","og_site_name":"Brilune","article_modified_time":"2025-02-19T10:13:45+00:00","og_image":[{"width":800,"height":800,"url":"https:\/\/brilune.eu\/wp-content\/uploads\/2025\/01\/1-1-3.jpg","type":"image\/jpeg"}],"twitter_card":"summary_large_image","twitter_misc":{"Est. reading time":"1 minute"},"schema":{"@context":"https:\/\/schema.org","@graph":[{"@type":"WebPage","@id":"https:\/\/brilune.eu\/lv\/product\/trisvietigs-divans-ar-vilnas-apdari\/","url":"https:\/\/brilune.eu\/lv\/product\/trisvietigs-divans-ar-vilnas-apdari\/","name":"Tr\u012bsviet\u012bgs d\u012bv\u0101ns ar vilnas apdari","isPartOf":{"@id":"https:\/\/brilune.eu\/lv\/#website"},"primaryImageOfPage":{"@id":"https:\/\/brilune.eu\/lv\/product\/trisvietigs-divans-ar-vilnas-apdari\/#primaryimage"},"image":{"@id":"https:\/\/brilune.eu\/lv\/product\/trisvietigs-divans-ar-vilnas-apdari\/#primaryimage"},"thumbnailUrl":"https:\/\/brilune.eu\/wp-content\/uploads\/2025\/01\/1-1-3.jpg","datePublished":"2025-02-19T10:02:51+00:00","dateModified":"2025-02-19T10:13:45+00:00","description":"J\u016bsu mazaj\u0101 m\u0101jokl\u012b var b\u016bt moderns un pla\u0161s d\u012bv\u0101ns. Tr\u012bsviet\u012bgs d\u012bv\u0101ns ar vilnas apdari pie\u0161\u0137ir modernu formu maz\u0101m dz\u012bvojam\u0101m telp\u0101m. \u0160is Ploum d\u012bv\u0101ns...","breadcrumb":{"@id":"https:\/\/brilune.eu\/lv\/product\/trisvietigs-divans-ar-vilnas-apdari\/#breadcrumb"},"inLanguage":"lv-LV","potentialAction":[{"@type":"ReadAction","target":["https:\/\/brilune.eu\/lv\/product\/trisvietigs-divans-ar-vilnas-apdari\/"]}]},{"@type":"ImageObject","inLanguage":"lv-LV","@id":"https:\/\/brilune.eu\/lv\/product\/trisvietigs-divans-ar-vilnas-apdari\/#primaryimage","url":"https:\/\/brilune.eu\/wp-content\/uploads\/2025\/01\/1-1-3.jpg","contentUrl":"https:\/\/brilune.eu\/wp-content\/uploads\/2025\/01\/1-1-3.jpg","width":800,"height":800},{"@type":"BreadcrumbList","@id":"https:\/\/brilune.eu\/lv\/product\/trisvietigs-divans-ar-vilnas-apdari\/#breadcrumb","itemListElement":[{"@type":"ListItem","position":1,"name":"S\u0101kums","item":"https:\/\/brilune.eu\/lv\/brilune-mebeles\/"},{"@type":"ListItem","position":2,"name":"Visi produkti","item":"https:\/\/brilune.eu\/lv\/shop\/"},{"@type":"ListItem","position":3,"name":"Tr\u012bsviet\u012bgs d\u012bv\u0101ns ar vilnas apdari"}]},{"@type":"WebSite","@id":"https:\/\/brilune.eu\/lv\/#website","url":"https:\/\/brilune.eu\/lv\/","name":"Brilune","description":"M\u0113s pied\u0101v\u0101jam unik\u0101lus un nebiju\u0161us dizainus, kas apvieno eleganci, funkcionalit\u0101ti un rado\u0161umu.","potentialAction":[{"@type":"SearchAction","target":{"@type":"EntryPoint","urlTemplate":"https:\/\/brilune.eu\/lv\/?s={search_term_string}"},"query-input":{"@type":"PropertyValueSpecification","valueRequired":true,"valueName":"search_term_string"}}],"inLanguage":"lv-LV"}]}},"jetpack_sharing_enabled":true,"_links":{"self":[{"href":"https:\/\/brilune.eu\/lv\/wp-json\/wp\/v2\/product\/37084","targetHints":{"allow":["GET"]}}],"collection":[{"href":"https:\/\/brilune.eu\/lv\/wp-json\/wp\/v2\/product"}],"about":[{"href":"https:\/\/brilune.eu\/lv\/wp-json\/wp\/v2\/types\/product"}],"replies":[{"embeddable":true,"href":"https:\/\/brilune.eu\/lv\/wp-json\/wp\/v2\/comments?post=37084"}],"version-history":[{"count":1,"href":"https:\/\/brilune.eu\/lv\/wp-json\/wp\/v2\/product\/37084\/revisions"}],"predecessor-version":[{"id":37130,"href":"https:\/\/brilune.eu\/lv\/wp-json\/wp\/v2\/product\/37084\/revisions\/37130"}],"wp:featuredmedia":[{"embeddable":true,"href":"https:\/\/brilune.eu\/lv\/wp-json\/wp\/v2\/media\/6262"}],"wp:attachment":[{"href":"https:\/\/brilune.eu\/lv\/wp-json\/wp\/v2\/media?parent=37084"}],"wp:term":[{"taxonomy":"product_brand","embeddable":true,"href":"https:\/\/brilune.eu\/lv\/wp-json\/wp\/v2\/product_brand?post=37084"},{"taxonomy":"product_cat","embeddable":true,"href":"https:\/\/brilune.eu\/lv\/wp-json\/wp\/v2\/product_cat?post=37084"},{"taxonomy":"product_tag","embeddable":true,"href":"https:\/\/brilune.eu\/lv\/wp-json\/wp\/v2\/product_tag?post=37084"}],"curies":[{"name":"wp","href":"https:\/\/api.w.org\/{rel}","templated":true}]}}