{"id":37062,"date":"2025-02-19T12:02:26","date_gmt":"2025-02-19T10:02:26","guid":{"rendered":"https:\/\/brilune.eu\/?post_type=product&#038;p=37062"},"modified":"2025-02-19T12:13:41","modified_gmt":"2025-02-19T10:13:41","slug":"pupmaisu-kresls","status":"publish","type":"product","link":"https:\/\/brilune.eu\/lv\/product\/pupmaisu-kresls\/","title":{"rendered":"Pupmaisu kr\u0113sls"},"content":{"rendered":"<p>Kr\u0113sls ir rad\u012bts nep\u0101rsp\u0113jamam komfortam un atp\u016btai. T\u0101 unik\u0101lais dizains un kvalitat\u012bvie materi\u0101li ir ide\u0101li piem\u0113roti las\u012b\u0161anai, filmu skat\u012b\u0161anai vai gul\u0113\u0161anai. Ergonomisk\u0101 forma un m\u012bkstie spilveni nodro\u0161ina lielisku atbalstu, padarot to ide\u0101li piem\u0113rotu ilgsto\u0161ai s\u0113d\u0113\u0161anai. Kr\u0113sla vieglais svars \u013cauj \u0113rti p\u0101rvietoties pa m\u0101j\u0101m vai biroju.<br \/>\nIzm\u0113ri: 87\u00d7102\u00d774cm<br \/>\nMateri\u0101li: m\u0101ksl\u012bg\u0101 \u0101da, audums.<\/p>\n","protected":false},"excerpt":{"rendered":"<p>Kr\u0113sls ir rad\u012bts nep\u0101rsp\u0113jamam komfortam un atp\u016btai. T\u0101 unik\u0101lais dizains un kvalitat\u012bvie materi\u0101li ir ide\u0101li piem\u0113roti las\u012b\u0161anai, filmu skat\u012b\u0161anai vai gul\u0113\u0161anai. er&#8230;<\/p>\n","protected":false},"featured_media":6232,"comment_status":"open","ping_status":"closed","template":"","meta":[],"product_brand":[],"product_cat":[1391,5513],"product_tag":[],"class_list":{"0":"post-37062","1":"product","2":"type-product","3":"status-publish","4":"has-post-thumbnail","6":"product_cat-atputas-kresls","7":"product_cat-atputas-kresls-kresli-4","9":"first","10":"instock","11":"shipping-taxable","12":"purchasable","13":"product-type-simple"},"yoast_head":"<!-- This site is optimized with the Yoast SEO plugin v26.0 - https:\/\/yoast.com\/wordpress\/plugins\/seo\/ -->\n<title>Pupmaisu kr\u0113sls<\/title>\n<meta name=\"description\" content=\"Kr\u0113sls ir rad\u012bts nep\u0101rsp\u0113jamam komfortam un atp\u016btai. T\u0101 unik\u0101lais dizains un kvalitat\u012bvie materi\u0101li ir ide\u0101li piem\u0113roti las\u012b\u0161anai, filmu skat\u012b\u0161anai vai gul\u0113\u0161anai. er...\" \/>\n<meta name=\"robots\" content=\"index, follow, max-snippet:-1, max-image-preview:large, max-video-preview:-1\" \/>\n<link rel=\"canonical\" href=\"https:\/\/brilune.eu\/lv\/product\/pupmaisu-kresls\/\" \/>\n<meta property=\"og:locale\" content=\"lv_LV\" \/>\n<meta property=\"og:type\" content=\"article\" \/>\n<meta property=\"og:title\" content=\"Pupmaisu kr\u0113sls\" \/>\n<meta property=\"og:description\" content=\"Kr\u0113sls ir rad\u012bts nep\u0101rsp\u0113jamam komfortam un atp\u016btai. T\u0101 unik\u0101lais dizains un kvalitat\u012bvie materi\u0101li ir ide\u0101li piem\u0113roti las\u012b\u0161anai, filmu skat\u012b\u0161anai vai gul\u0113\u0161anai. er...\" \/>\n<meta property=\"og:url\" content=\"https:\/\/brilune.eu\/lv\/product\/pupmaisu-kresls\/\" \/>\n<meta property=\"og:site_name\" content=\"Brilune\" \/>\n<meta property=\"article:modified_time\" content=\"2025-02-19T10:13:41+00:00\" \/>\n<meta property=\"og:image\" content=\"https:\/\/brilune.eu\/wp-content\/uploads\/2025\/01\/22.png\" \/>\n\t<meta property=\"og:image:width\" content=\"778\" \/>\n\t<meta property=\"og:image:height\" content=\"681\" \/>\n\t<meta property=\"og:image:type\" content=\"image\/png\" \/>\n<meta name=\"twitter:card\" content=\"summary_large_image\" \/>\n<script type=\"application\/ld+json\" class=\"yoast-schema-graph\">{\"@context\":\"https:\/\/schema.org\",\"@graph\":[{\"@type\":\"WebPage\",\"@id\":\"https:\/\/brilune.eu\/lv\/product\/pupmaisu-kresls\/\",\"url\":\"https:\/\/brilune.eu\/lv\/product\/pupmaisu-kresls\/\",\"name\":\"Pupmaisu kr\u0113sls\",\"isPartOf\":{\"@id\":\"https:\/\/brilune.eu\/lv\/#website\"},\"primaryImageOfPage\":{\"@id\":\"https:\/\/brilune.eu\/lv\/product\/pupmaisu-kresls\/#primaryimage\"},\"image\":{\"@id\":\"https:\/\/brilune.eu\/lv\/product\/pupmaisu-kresls\/#primaryimage\"},\"thumbnailUrl\":\"https:\/\/brilune.eu\/wp-content\/uploads\/2025\/01\/22.png\",\"datePublished\":\"2025-02-19T10:02:26+00:00\",\"dateModified\":\"2025-02-19T10:13:41+00:00\",\"description\":\"Kr\u0113sls ir rad\u012bts nep\u0101rsp\u0113jamam komfortam un atp\u016btai. T\u0101 unik\u0101lais dizains un kvalitat\u012bvie materi\u0101li ir ide\u0101li piem\u0113roti las\u012b\u0161anai, filmu skat\u012b\u0161anai vai gul\u0113\u0161anai. er...\",\"breadcrumb\":{\"@id\":\"https:\/\/brilune.eu\/lv\/product\/pupmaisu-kresls\/#breadcrumb\"},\"inLanguage\":\"lv-LV\",\"potentialAction\":[{\"@type\":\"ReadAction\",\"target\":[\"https:\/\/brilune.eu\/lv\/product\/pupmaisu-kresls\/\"]}]},{\"@type\":\"ImageObject\",\"inLanguage\":\"lv-LV\",\"@id\":\"https:\/\/brilune.eu\/lv\/product\/pupmaisu-kresls\/#primaryimage\",\"url\":\"https:\/\/brilune.eu\/wp-content\/uploads\/2025\/01\/22.png\",\"contentUrl\":\"https:\/\/brilune.eu\/wp-content\/uploads\/2025\/01\/22.png\",\"width\":778,\"height\":681},{\"@type\":\"BreadcrumbList\",\"@id\":\"https:\/\/brilune.eu\/lv\/product\/pupmaisu-kresls\/#breadcrumb\",\"itemListElement\":[{\"@type\":\"ListItem\",\"position\":1,\"name\":\"S\u0101kums\",\"item\":\"https:\/\/brilune.eu\/lv\/brilune-mebeles\/\"},{\"@type\":\"ListItem\",\"position\":2,\"name\":\"Visi produkti\",\"item\":\"https:\/\/brilune.eu\/lv\/shop\/\"},{\"@type\":\"ListItem\",\"position\":3,\"name\":\"Pupmaisu kr\u0113sls\"}]},{\"@type\":\"WebSite\",\"@id\":\"https:\/\/brilune.eu\/lv\/#website\",\"url\":\"https:\/\/brilune.eu\/lv\/\",\"name\":\"Brilune\",\"description\":\"M\u0113s pied\u0101v\u0101jam unik\u0101lus un nebiju\u0161us dizainus, kas apvieno eleganci, funkcionalit\u0101ti un rado\u0161umu.\",\"potentialAction\":[{\"@type\":\"SearchAction\",\"target\":{\"@type\":\"EntryPoint\",\"urlTemplate\":\"https:\/\/brilune.eu\/lv\/?s={search_term_string}\"},\"query-input\":{\"@type\":\"PropertyValueSpecification\",\"valueRequired\":true,\"valueName\":\"search_term_string\"}}],\"inLanguage\":\"lv-LV\"}]}<\/script>\n<!-- \/ Yoast SEO plugin. -->","yoast_head_json":{"title":"Pupmaisu kr\u0113sls","description":"Kr\u0113sls ir rad\u012bts nep\u0101rsp\u0113jamam komfortam un atp\u016btai. T\u0101 unik\u0101lais dizains un kvalitat\u012bvie materi\u0101li ir ide\u0101li piem\u0113roti las\u012b\u0161anai, filmu skat\u012b\u0161anai vai gul\u0113\u0161anai. er...","robots":{"index":"index","follow":"follow","max-snippet":"max-snippet:-1","max-image-preview":"max-image-preview:large","max-video-preview":"max-video-preview:-1"},"canonical":"https:\/\/brilune.eu\/lv\/product\/pupmaisu-kresls\/","og_locale":"lv_LV","og_type":"article","og_title":"Pupmaisu kr\u0113sls","og_description":"Kr\u0113sls ir rad\u012bts nep\u0101rsp\u0113jamam komfortam un atp\u016btai. T\u0101 unik\u0101lais dizains un kvalitat\u012bvie materi\u0101li ir ide\u0101li piem\u0113roti las\u012b\u0161anai, filmu skat\u012b\u0161anai vai gul\u0113\u0161anai. er...","og_url":"https:\/\/brilune.eu\/lv\/product\/pupmaisu-kresls\/","og_site_name":"Brilune","article_modified_time":"2025-02-19T10:13:41+00:00","og_image":[{"width":778,"height":681,"url":"https:\/\/brilune.eu\/wp-content\/uploads\/2025\/01\/22.png","type":"image\/png"}],"twitter_card":"summary_large_image","schema":{"@context":"https:\/\/schema.org","@graph":[{"@type":"WebPage","@id":"https:\/\/brilune.eu\/lv\/product\/pupmaisu-kresls\/","url":"https:\/\/brilune.eu\/lv\/product\/pupmaisu-kresls\/","name":"Pupmaisu kr\u0113sls","isPartOf":{"@id":"https:\/\/brilune.eu\/lv\/#website"},"primaryImageOfPage":{"@id":"https:\/\/brilune.eu\/lv\/product\/pupmaisu-kresls\/#primaryimage"},"image":{"@id":"https:\/\/brilune.eu\/lv\/product\/pupmaisu-kresls\/#primaryimage"},"thumbnailUrl":"https:\/\/brilune.eu\/wp-content\/uploads\/2025\/01\/22.png","datePublished":"2025-02-19T10:02:26+00:00","dateModified":"2025-02-19T10:13:41+00:00","description":"Kr\u0113sls ir rad\u012bts nep\u0101rsp\u0113jamam komfortam un atp\u016btai. T\u0101 unik\u0101lais dizains un kvalitat\u012bvie materi\u0101li ir ide\u0101li piem\u0113roti las\u012b\u0161anai, filmu skat\u012b\u0161anai vai gul\u0113\u0161anai. er...","breadcrumb":{"@id":"https:\/\/brilune.eu\/lv\/product\/pupmaisu-kresls\/#breadcrumb"},"inLanguage":"lv-LV","potentialAction":[{"@type":"ReadAction","target":["https:\/\/brilune.eu\/lv\/product\/pupmaisu-kresls\/"]}]},{"@type":"ImageObject","inLanguage":"lv-LV","@id":"https:\/\/brilune.eu\/lv\/product\/pupmaisu-kresls\/#primaryimage","url":"https:\/\/brilune.eu\/wp-content\/uploads\/2025\/01\/22.png","contentUrl":"https:\/\/brilune.eu\/wp-content\/uploads\/2025\/01\/22.png","width":778,"height":681},{"@type":"BreadcrumbList","@id":"https:\/\/brilune.eu\/lv\/product\/pupmaisu-kresls\/#breadcrumb","itemListElement":[{"@type":"ListItem","position":1,"name":"S\u0101kums","item":"https:\/\/brilune.eu\/lv\/brilune-mebeles\/"},{"@type":"ListItem","position":2,"name":"Visi produkti","item":"https:\/\/brilune.eu\/lv\/shop\/"},{"@type":"ListItem","position":3,"name":"Pupmaisu kr\u0113sls"}]},{"@type":"WebSite","@id":"https:\/\/brilune.eu\/lv\/#website","url":"https:\/\/brilune.eu\/lv\/","name":"Brilune","description":"M\u0113s pied\u0101v\u0101jam unik\u0101lus un nebiju\u0161us dizainus, kas apvieno eleganci, funkcionalit\u0101ti un rado\u0161umu.","potentialAction":[{"@type":"SearchAction","target":{"@type":"EntryPoint","urlTemplate":"https:\/\/brilune.eu\/lv\/?s={search_term_string}"},"query-input":{"@type":"PropertyValueSpecification","valueRequired":true,"valueName":"search_term_string"}}],"inLanguage":"lv-LV"}]}},"jetpack_sharing_enabled":true,"_links":{"self":[{"href":"https:\/\/brilune.eu\/lv\/wp-json\/wp\/v2\/product\/37062","targetHints":{"allow":["GET"]}}],"collection":[{"href":"https:\/\/brilune.eu\/lv\/wp-json\/wp\/v2\/product"}],"about":[{"href":"https:\/\/brilune.eu\/lv\/wp-json\/wp\/v2\/types\/product"}],"replies":[{"embeddable":true,"href":"https:\/\/brilune.eu\/lv\/wp-json\/wp\/v2\/comments?post=37062"}],"version-history":[{"count":1,"href":"https:\/\/brilune.eu\/lv\/wp-json\/wp\/v2\/product\/37062\/revisions"}],"predecessor-version":[{"id":37108,"href":"https:\/\/brilune.eu\/lv\/wp-json\/wp\/v2\/product\/37062\/revisions\/37108"}],"wp:featuredmedia":[{"embeddable":true,"href":"https:\/\/brilune.eu\/lv\/wp-json\/wp\/v2\/media\/6232"}],"wp:attachment":[{"href":"https:\/\/brilune.eu\/lv\/wp-json\/wp\/v2\/media?parent=37062"}],"wp:term":[{"taxonomy":"product_brand","embeddable":true,"href":"https:\/\/brilune.eu\/lv\/wp-json\/wp\/v2\/product_brand?post=37062"},{"taxonomy":"product_cat","embeddable":true,"href":"https:\/\/brilune.eu\/lv\/wp-json\/wp\/v2\/product_cat?post=37062"},{"taxonomy":"product_tag","embeddable":true,"href":"https:\/\/brilune.eu\/lv\/wp-json\/wp\/v2\/product_tag?post=37062"}],"curies":[{"name":"wp","href":"https:\/\/api.w.org\/{rel}","templated":true}]}}